{"id":7208,"date":"2025-07-11T09:47:39","date_gmt":"2025-07-11T09:47:39","guid":{"rendered":"https:\/\/www.ceramicbasin.com\/?post_type=product&#038;p=7208"},"modified":"2025-07-19T01:57:54","modified_gmt":"2025-07-19T01:57:54","slug":"basin-custom","status":"publish","type":"product","link":"https:\/\/www.ceramicbasin.com\/fr\/produit\/basin-custom\/","title":{"rendered":"Nouveau design bassin brillant sur mesure, bassin en c\u00e9ramique blanche en gros"},"content":{"rendered":"<div class=\"wp-block-columns is-layout-flex wp-container-core-columns-is-layout-9d6595d7 wp-block-columns-is-layout-flex\">\n<div class=\"wp-block-column is-layout-flow wp-block-column-is-layout-flow\">\n<h2 class=\"wp-block-heading\">Cuvette brillante de premi\u00e8re qualit\u00e9 Caract\u00e9ristiques personnalis\u00e9es :<\/h2>\n\n\n\n<ul class=\"wp-block-list\">\n<li><strong>Design moderne et de mode :<\/strong> Le design moderne, simple et \u00e9l\u00e9gant, blanc brillant, s'adapte \u00e0 tous les styles de salle de bains.<\/li>\n\n\n\n<li><strong>R\u00e9sistant \u00e0 la pression et durable : <\/strong>La fabrication de haute qualit\u00e9 permet \u00e0 chaque \u00e9vier en c\u00e9ramique d'avoir une r\u00e9sistance \u00e0 la pression et une durabilit\u00e9 extr\u00eamement \u00e9lev\u00e9es, et de conserver sa stabilit\u00e9 m\u00eame en cas d'utilisation fr\u00e9quente.<\/li>\n\n\n\n<li><strong>Plusieurs options de taille : <\/strong>Le bassin brillant personnalis\u00e9 offre des options de taille personnalisables pour s'adapter \u00e0 diff\u00e9rents besoins d'espace, r\u00e9pondant ainsi aux besoins des achats en vrac.<\/li>\n\n\n\n<li><strong>Avantage de prix : <\/strong>Nous fournissons des services de commande en gros pour les \u00e9viers en c\u00e9ramique, qui sont non seulement abordables mais aussi livr\u00e9s rapidement, adapt\u00e9s aux projets commerciaux et \u00e0 la d\u00e9coration r\u00e9sidentielle \u00e0 grande \u00e9chelle, r\u00e9pondant aux besoins de haute efficacit\u00e9 et de faible co\u00fbt.<\/li>\n<\/ul>\n<\/div>\n\n\n\n<div class=\"wp-block-column is-layout-flow wp-block-column-is-layout-flow\">\n<figure class=\"wp-block-image size-full\"><img fetchpriority=\"high\" decoding=\"async\" width=\"980\" height=\"1352\" src=\"https:\/\/www.ceramicbasin.com\/wp-content\/uploads\/2025\/07\/wholesales-basin-factory-5.webp\" alt=\"nouveau-design-bassin-lustr\u00e9-customis\u00e9-bassin-c\u00e9ramique-blanc-wholesale-5\" class=\"wp-image-7209\" srcset=\"https:\/\/www.ceramicbasin.com\/wp-content\/uploads\/2025\/07\/wholesales-basin-factory-5.webp 980w, https:\/\/www.ceramicbasin.com\/wp-content\/uploads\/2025\/07\/wholesales-basin-factory-5-217x300.webp 217w, https:\/\/www.ceramicbasin.com\/wp-content\/uploads\/2025\/07\/wholesales-basin-factory-5-768x1060.webp 768w, https:\/\/www.ceramicbasin.com\/wp-content\/uploads\/2025\/07\/wholesales-basin-factory-5-9x12.webp 9w, https:\/\/www.ceramicbasin.com\/wp-content\/uploads\/2025\/07\/wholesales-basin-factory-5-285x393.webp 285w, https:\/\/www.ceramicbasin.com\/wp-content\/uploads\/2025\/07\/wholesales-basin-factory-5-478x660.webp 478w, https:\/\/www.ceramicbasin.com\/wp-content\/uploads\/2025\/07\/wholesales-basin-factory-5-109x150.webp 109w\" sizes=\"(max-width: 980px) 100vw, 980px\" \/><\/figure>\n<\/div>\n<\/div>","protected":false},"excerpt":{"rendered":"<p>Bienvenue sur le site d'achat de l'\u00e9vier brillant personnalis\u00e9. Cet \u00e9l\u00e9gant lavabo en c\u00e9ramique blanche combine un design avanc\u00e9 et une fonctionnalit\u00e9 de premier ordre. Il est fabriqu\u00e9 \u00e0 partir d'un mat\u00e9riau c\u00e9ramique durable et de haute qualit\u00e9, avec une finition polie et brillante qui est facile \u00e0 nettoyer. Il est id\u00e9al pour les salles de bains des particuliers et des h\u00f4tels, et convient aux achats en gros.<\/p>\n<table style=\"border-collapse: collapse; width: 311.02pt;\" border=\"0\" width=\"311\" cellspacing=\"0\" cellpadding=\"0\">\n<tbody>\n<tr style=\"height: 17.60pt;\">\n<td class=\"et3\" style=\"height: 17.60pt; width: 108.35pt;\" width=\"108\" height=\"17\">Fabricant<\/td>\n<td class=\"et3\" style=\"width: 202.95pt;\" width=\"202\">HanYu<\/td>\n<\/tr>\n<tr style=\"height: 17.60pt;\">\n<td class=\"et3\" style=\"height: 17.60pt;\" height=\"17\">Num\u00e9ro de mod\u00e8le.<\/td>\n<td class=\"et4\">HY-8025H<\/td>\n<\/tr>\n<tr style=\"height: 17.60pt;\">\n<td class=\"et3\" style=\"height: 17.60pt;\" height=\"17\">Type<\/td>\n<td class=\"et3\">Bassin de comptoir<\/td>\n<\/tr>\n<tr style=\"height: 17.60pt;\">\n<td class=\"et3\" style=\"height: 17.60pt;\" height=\"17\">Forme<\/td>\n<td class=\"et3\">Forme rectangulaire<\/td>\n<\/tr>\n<tr style=\"height: 17.60pt;\">\n<td class=\"et4\" style=\"height: 17.60pt;\" height=\"17\">Couleur<\/td>\n<td class=\"et3\">Blanc<\/td>\n<\/tr>\n<tr style=\"height: 18.00pt;\">\n<td class=\"et3\" style=\"height: 18.00pt;\" height=\"18\">Dimension<\/td>\n<td class=\"et5\" style=\"width: 202.95pt;\" width=\"202\">38.5*38.5*13<\/td>\n<\/tr>\n<tr style=\"height: 17.60pt;\">\n<td class=\"et3\" style=\"height: 17.60pt;\" height=\"17\">N.W \/SET<\/td>\n<td class=\"et3\">11KGS\/PCS<\/td>\n<\/tr>\n<tr style=\"height: 17.60pt;\">\n<td class=\"et3\" style=\"height: 17.60pt;\" height=\"17\">MOQ<\/td>\n<td class=\"et3\">20pcs<\/td>\n<\/tr>\n<tr style=\"height: 17.60pt;\">\n<td class=\"et3\" style=\"height: 17.60pt;\" height=\"17\">Option personnalis\u00e9e<\/td>\n<td class=\"et3\">Couleur\/Pattenue\/Taille\/Logo\/Emballage<\/td>\n<\/tr>\n<\/tbody>\n<\/table>","protected":false},"featured_media":7210,"comment_status":"closed","ping_status":"closed","template":"","meta":{"_acf_changed":false},"product_brand":[],"product_cat":[50],"product_tag":[],"class_list":{"0":"post-7208","1":"product","2":"type-product","3":"status-publish","4":"has-post-thumbnail","6":"product_cat-wholesale-countertop-sinks","8":"first","9":"instock","10":"shipping-taxable","11":"product-type-simple"},"acf":[],"_links":{"self":[{"href":"https:\/\/www.ceramicbasin.com\/fr\/wp-json\/wp\/v2\/product\/7208","targetHints":{"allow":["GET"]}}],"collection":[{"href":"https:\/\/www.ceramicbasin.com\/fr\/wp-json\/wp\/v2\/product"}],"about":[{"href":"https:\/\/www.ceramicbasin.com\/fr\/wp-json\/wp\/v2\/types\/product"}],"replies":[{"embeddable":true,"href":"https:\/\/www.ceramicbasin.com\/fr\/wp-json\/wp\/v2\/comments?post=7208"}],"wp:featuredmedia":[{"embeddable":true,"href":"https:\/\/www.ceramicbasin.com\/fr\/wp-json\/wp\/v2\/media\/7210"}],"wp:attachment":[{"href":"https:\/\/www.ceramicbasin.com\/fr\/wp-json\/wp\/v2\/media?parent=7208"}],"wp:term":[{"taxonomy":"product_brand","embeddable":true,"href":"https:\/\/www.ceramicbasin.com\/fr\/wp-json\/wp\/v2\/product_brand?post=7208"},{"taxonomy":"product_cat","embeddable":true,"href":"https:\/\/www.ceramicbasin.com\/fr\/wp-json\/wp\/v2\/product_cat?post=7208"},{"taxonomy":"product_tag","embeddable":true,"href":"https:\/\/www.ceramicbasin.com\/fr\/wp-json\/wp\/v2\/product_tag?post=7208"}],"curies":[{"name":"wp","href":"https:\/\/api.w.org\/{rel}","templated":true}]}}