{"id":7258,"date":"2025-07-25T01:20:56","date_gmt":"2025-07-25T01:20:56","guid":{"rendered":"https:\/\/www.ceramicbasin.com\/?post_type=product&#038;p=7258"},"modified":"2025-11-03T07:28:40","modified_gmt":"2025-11-03T07:28:40","slug":"porcelain-bathroom-basins-wholesale","status":"publish","type":"product","link":"https:\/\/www.ceramicbasin.com\/fr\/produit\/porcelain-bathroom-basins-wholesale\/","title":{"rendered":"Vasques de salle de bains en porcelaine avec impression de marbre (grossiste)"},"content":{"rendered":"<div class=\"wp-block-columns is-layout-flex wp-container-core-columns-is-layout-9d6595d7 wp-block-columns-is-layout-flex\">\n<div class=\"wp-block-column is-layout-flow wp-block-column-is-layout-flow\">\n<h2 class=\"wp-block-heading\">Bassins de salle de bains en porcelaine de qualit\u00e9 sup\u00e9rieure Caract\u00e9ristiques :<\/h2>\n\n\n\n<ul class=\"wp-block-list\">\n<li><strong>Aspect \u00e9l\u00e9gant : <\/strong>Ces vasques de salle de bains en porcelaine au design ovale, simple et moderne, conviennent \u00e0 diff\u00e9rents styles de salles de bains, surtout lorsqu'elles sont associ\u00e9es \u00e0 des tons classiques de marbre, ce qui leur conf\u00e8re une certaine \u00e9l\u00e9gance.<\/li>\n\n\n\n<li><strong>Motif de marbre r\u00e9aliste :<\/strong>&nbsp;Ces \u00e9viers de salle de bains de couleur marbre utilisent une technologie avanc\u00e9e de transfert d'eau pour reproduire avec pr\u00e9cision la texture et la couleur naturelles du marbre, apportant un charme visuel unique au bassin.<\/li>\n\n\n\n<li><strong>Antifouling et facile \u00e0 nettoyer :\u00a0<\/strong>La surface de ces lavabos en porcelaine est lisse et dense. Par cons\u00e9quent, il n'est pas facile d'absorber beaucoup d'eau ou de salet\u00e9, ce qui explique \u00e9galement pourquoi l'\u00e9vier en c\u00e9ramique est facile \u00e0 nettoyer au quotidien. Normalement, il suffit d'essuyer doucement avec un d\u00e9tergent ordinaire pour garder l'\u00e9vier propre et brillant afin de faciliter votre confort d'utilisation.<\/li>\n\n\n\n<li><strong>Color\u00e9e :&nbsp;<\/strong>La couleur marbr\u00e9e de ce lavabo de salle de bain en gros est r\u00e9alis\u00e9e par impression par transfert d'eau sur la base d'un lavabo blanc brillant ordinaire, qui est beau et durable. Nous proposons plus de 100 couleurs et motifs au choix, et tous les mod\u00e8les de lavabos en gros peuvent \u00eatre personnalis\u00e9s en termes de couleur et de texture.<\/li>\n<\/ul>\n<\/div>\n\n\n\n<div class=\"wp-block-column is-layout-flow wp-block-column-is-layout-flow\">\n<figure class=\"wp-block-image size-full\"><img fetchpriority=\"high\" decoding=\"async\" width=\"592\" height=\"798\" src=\"https:\/\/www.ceramicbasin.com\/wp-content\/uploads\/2025\/07\/Oval-shape-porcelain-sink-factorymarble-color-hand-washing-basin-5.webp\" alt=\"oval-shape-porcelain-bathroom-basin-wholesale-marble-color-ceramic-sinks-wholesale-5\" class=\"wp-image-7250\" srcset=\"https:\/\/www.ceramicbasin.com\/wp-content\/uploads\/2025\/07\/Oval-shape-porcelain-sink-factorymarble-color-hand-washing-basin-5.webp 592w, https:\/\/www.ceramicbasin.com\/wp-content\/uploads\/2025\/07\/Oval-shape-porcelain-sink-factorymarble-color-hand-washing-basin-5-223x300.webp 223w, https:\/\/www.ceramicbasin.com\/wp-content\/uploads\/2025\/07\/Oval-shape-porcelain-sink-factorymarble-color-hand-washing-basin-5-9x12.webp 9w, https:\/\/www.ceramicbasin.com\/wp-content\/uploads\/2025\/07\/Oval-shape-porcelain-sink-factorymarble-color-hand-washing-basin-5-285x384.webp 285w, https:\/\/www.ceramicbasin.com\/wp-content\/uploads\/2025\/07\/Oval-shape-porcelain-sink-factorymarble-color-hand-washing-basin-5-490x660.webp 490w, https:\/\/www.ceramicbasin.com\/wp-content\/uploads\/2025\/07\/Oval-shape-porcelain-sink-factorymarble-color-hand-washing-basin-5-111x150.webp 111w\" sizes=\"(max-width: 592px) 100vw, 592px\" \/><\/figure>\n<\/div>\n<\/div>\n\n\n\n<p><\/p>","protected":false},"excerpt":{"rendered":"<p>Bienvenue pour acheter en gros des lavabos de salle de bain en porcelaine. Le lavabo en porcelaine couleur marbre est fabriqu\u00e9 par impression par transfert d'eau. Il combine la texture du marbre avec un design moderne et simple, il est parfait pour divers environnements de salle de bain, il offre une grande durabilit\u00e9 et un sens de la mode, c'est un choix id\u00e9al pour votre maison et vos lieux commerciaux.<\/p>\n<table style=\"border-collapse: collapse; width: 358.52pt;\" border=\"0\" width=\"478\" cellspacing=\"0\" cellpadding=\"0\">\n<tbody>\n<tr style=\"height: 17.25pt;\">\n<td class=\"et3\" style=\"height: 17.25pt; width: 125.00pt;\" width=\"166\" height=\"23\">Fabricant<\/td>\n<td class=\"et3\" style=\"width: 234.15pt;\" width=\"312\">HanYu<\/td>\n<\/tr>\n<tr style=\"height: 17.25pt;\">\n<td class=\"et3\" style=\"height: 17.25pt;\" height=\"23\">Num\u00e9ro de mod\u00e8le.<\/td>\n<td class=\"et4\">HY-5006D13<\/td>\n<\/tr>\n<tr style=\"height: 17.25pt;\">\n<td class=\"et3\" style=\"height: 17.25pt;\" height=\"23\">Type<\/td>\n<td class=\"et5\" style=\"width: 234.15pt;\" width=\"312\">\u00c9viers en marbre<\/td>\n<\/tr>\n<tr style=\"height: 18.00pt;\">\n<td class=\"et3\" style=\"height: 18.00pt;\" height=\"24\">Forme<\/td>\n<td class=\"et3\">Forme ovale<\/td>\n<\/tr>\n<tr style=\"height: 34.50pt;\">\n<td class=\"et4\" style=\"height: 34.50pt;\" height=\"46\">Couleur<\/td>\n<td class=\"et5\" style=\"width: 234.15pt;\" width=\"312\">noir\/blanc\/bleu\/gris\/rose\/vert\/marron\/kaki<\/td>\n<\/tr>\n<tr style=\"height: 18.00pt;\">\n<td class=\"et3\" style=\"height: 18.00pt;\" height=\"24\">Dimension<\/td>\n<td class=\"et5\" style=\"width: 234.15pt;\" width=\"312\">59*42*14<\/td>\n<\/tr>\n<tr style=\"height: 17.25pt;\">\n<td class=\"et3\" style=\"height: 17.25pt;\" height=\"23\">N.W \/SET<\/td>\n<td class=\"et3\">9KGS\/PCS<\/td>\n<\/tr>\n<tr style=\"height: 17.25pt;\">\n<td class=\"et3\" style=\"height: 17.25pt;\" height=\"23\">MOQ<\/td>\n<td class=\"et3\">20pcs<\/td>\n<\/tr>\n<tr style=\"height: 17.25pt;\">\n<td class=\"et3\" style=\"height: 17.25pt;\" height=\"23\">Option personnalis\u00e9e<\/td>\n<td class=\"et3\">Couleur\/Pattenue\/Taille\/Logo\/Emballage<\/td>\n<\/tr>\n<\/tbody>\n<\/table>","protected":false},"featured_media":7249,"comment_status":"closed","ping_status":"closed","template":"","meta":{"_acf_changed":false},"product_brand":[],"product_cat":[54,50],"product_tag":[],"class_list":{"0":"post-7258","1":"product","2":"type-product","3":"status-publish","4":"has-post-thumbnail","6":"product_cat-wholesale-marble-sinks","7":"product_cat-wholesale-countertop-sinks","9":"first","10":"instock","11":"shipping-taxable","12":"product-type-simple"},"acf":[],"_links":{"self":[{"href":"https:\/\/www.ceramicbasin.com\/fr\/wp-json\/wp\/v2\/product\/7258","targetHints":{"allow":["GET"]}}],"collection":[{"href":"https:\/\/www.ceramicbasin.com\/fr\/wp-json\/wp\/v2\/product"}],"about":[{"href":"https:\/\/www.ceramicbasin.com\/fr\/wp-json\/wp\/v2\/types\/product"}],"replies":[{"embeddable":true,"href":"https:\/\/www.ceramicbasin.com\/fr\/wp-json\/wp\/v2\/comments?post=7258"}],"wp:featuredmedia":[{"embeddable":true,"href":"https:\/\/www.ceramicbasin.com\/fr\/wp-json\/wp\/v2\/media\/7249"}],"wp:attachment":[{"href":"https:\/\/www.ceramicbasin.com\/fr\/wp-json\/wp\/v2\/media?parent=7258"}],"wp:term":[{"taxonomy":"product_brand","embeddable":true,"href":"https:\/\/www.ceramicbasin.com\/fr\/wp-json\/wp\/v2\/product_brand?post=7258"},{"taxonomy":"product_cat","embeddable":true,"href":"https:\/\/www.ceramicbasin.com\/fr\/wp-json\/wp\/v2\/product_cat?post=7258"},{"taxonomy":"product_tag","embeddable":true,"href":"https:\/\/www.ceramicbasin.com\/fr\/wp-json\/wp\/v2\/product_tag?post=7258"}],"curies":[{"name":"wp","href":"https:\/\/api.w.org\/{rel}","templated":true}]}}