{"id":7259,"date":"2025-07-25T02:28:00","date_gmt":"2025-07-25T02:28:00","guid":{"rendered":"https:\/\/www.ceramicbasin.com\/?post_type=product&#038;p=7259"},"modified":"2025-07-25T02:28:53","modified_gmt":"2025-07-25T02:28:53","slug":"oval-bathroom-sink-wholesale","status":"publish","type":"product","link":"https:\/\/www.ceramicbasin.com\/fr\/produit\/oval-bathroom-sink-wholesale\/","title":{"rendered":"Lavabo de salle de bain ovale grossiste, lavabo sur mesure grossiste"},"content":{"rendered":"<div class=\"wp-block-columns is-layout-flex wp-container-core-columns-is-layout-9d6595d7 wp-block-columns-is-layout-flex\">\n<div class=\"wp-block-column is-layout-flow wp-block-column-is-layout-flow\">\n<h2 class=\"wp-block-heading\">Premium Oval Bathroom Sink Wholesale Caract\u00e9ristiques :<\/h2>\n\n\n\n<ul class=\"wp-block-list\">\n<li><strong>Motif classique de marbre :<\/strong> Ce lavabo de salle de bain ovale a un design unique en marbre ; chacun d'entre eux est une \u0153uvre d'art en soi, rayonnant de luxe et d'\u00e9l\u00e9gance naturelle.<\/li>\n\n\n\n<li><strong>Mode et commodit\u00e9 :<\/strong> Ce lavabo de salle de bain en gros est d'un style ovale \u00e0 la mode, simple et moderne, et peut \u00eatre parfaitement associ\u00e9 \u00e0 divers environnements de salle de bain, \u00e0 la fois \u00e9l\u00e9gant et pratique.<\/li>\n\n\n\n<li><strong>Anti-salissures et durable :<\/strong> Cet \u00e9vier de salle de bain ovale est fabriqu\u00e9 en c\u00e9ramique de haute qualit\u00e9, avec une surface lisse, anti-salissures et facile \u00e0 nettoyer, pour rester neuf pendant longtemps.<\/li>\n\n\n\n<li><strong>D\u00e9bit d'eau r\u00e9gulier :<\/strong> Le design concave du lavabo personnalis\u00e9 est exquis, l'\u00e9coulement est r\u00e9gulier, \u00e9vite l'accumulation d'eau et am\u00e9liore la commodit\u00e9 d'utilisation.<\/li>\n<\/ul>\n<\/div>\n\n\n\n<div class=\"wp-block-column is-layout-flow wp-block-column-is-layout-flow\">\n<figure class=\"wp-block-image size-full\"><img fetchpriority=\"high\" decoding=\"async\" width=\"700\" height=\"950\" src=\"https:\/\/www.ceramicbasin.com\/wp-content\/uploads\/2025\/07\/Bathroom-ceramic-basin-suppliercustom-washbasin-wholesale-5_\u526f\u672c.jpg\" alt=\"oval-bathroom-sink-wholesale-custom-washbasin-wholesale-5\" class=\"wp-image-7260\" srcset=\"https:\/\/www.ceramicbasin.com\/wp-content\/uploads\/2025\/07\/Bathroom-ceramic-basin-suppliercustom-washbasin-wholesale-5_\u526f\u672c.jpg 700w, https:\/\/www.ceramicbasin.com\/wp-content\/uploads\/2025\/07\/Bathroom-ceramic-basin-suppliercustom-washbasin-wholesale-5_\u526f\u672c-221x300.jpg 221w, https:\/\/www.ceramicbasin.com\/wp-content\/uploads\/2025\/07\/Bathroom-ceramic-basin-suppliercustom-washbasin-wholesale-5_\u526f\u672c-9x12.jpg 9w, https:\/\/www.ceramicbasin.com\/wp-content\/uploads\/2025\/07\/Bathroom-ceramic-basin-suppliercustom-washbasin-wholesale-5_\u526f\u672c-285x387.jpg 285w, https:\/\/www.ceramicbasin.com\/wp-content\/uploads\/2025\/07\/Bathroom-ceramic-basin-suppliercustom-washbasin-wholesale-5_\u526f\u672c-486x660.jpg 486w, https:\/\/www.ceramicbasin.com\/wp-content\/uploads\/2025\/07\/Bathroom-ceramic-basin-suppliercustom-washbasin-wholesale-5_\u526f\u672c-111x150.jpg 111w\" sizes=\"(max-width: 700px) 100vw, 700px\" \/><\/figure>\n<\/div>\n<\/div>\n\n\n\n<p><\/p>","protected":false},"excerpt":{"rendered":"<p>Nous vous invitons \u00e0 acheter en gros notre lavabo ovale pour salle de bains. Ce lavabo en c\u00e9ramique \u00e0 la texture marbr\u00e9e, avec son joli design ovale, est l'incarnation parfaite du style moderne et minimaliste. Le bord profil\u00e9 et la texture naturelle du marbre ajoutent une touche de nature et d'\u00e9l\u00e9gance \u00e0 la salle de bains. Il peut apporter de la dignit\u00e9 et une sensation de style \u00e0 la salle de bain de la maison ainsi qu'\u00e0 la salle de bain de l'h\u00f4tel.<\/p>\n<table style=\"border-collapse: collapse; width: 358.52pt;\" border=\"0\" width=\"478\" cellspacing=\"0\" cellpadding=\"0\">\n<tbody>\n<tr style=\"height: 17.25pt;\">\n<td class=\"et3\" style=\"height: 17.25pt; width: 125.00pt;\" width=\"166\" height=\"23\">Fabricant<\/td>\n<td class=\"et3\" style=\"width: 234.15pt;\" width=\"312\">HanYu<\/td>\n<\/tr>\n<tr style=\"height: 17.25pt;\">\n<td class=\"et3\" style=\"height: 17.25pt;\" height=\"23\">Num\u00e9ro de mod\u00e8le.<\/td>\n<td class=\"et4\">HY-5061D62<\/td>\n<\/tr>\n<tr style=\"height: 17.25pt;\">\n<td class=\"et3\" style=\"height: 17.25pt;\" height=\"23\">Type<\/td>\n<td class=\"et5\" style=\"width: 234.15pt;\" width=\"312\">\u00c9viers en marbre<\/td>\n<\/tr>\n<tr style=\"height: 18.00pt;\">\n<td class=\"et3\" style=\"height: 18.00pt;\" height=\"24\">Forme<\/td>\n<td class=\"et3\">Forme ovale<\/td>\n<\/tr>\n<tr style=\"height: 34.50pt;\">\n<td class=\"et4\" style=\"height: 34.50pt;\" height=\"46\">Couleur<\/td>\n<td class=\"et5\" style=\"width: 234.15pt;\" width=\"312\">noir\/blanc\/bleu\/gris\/rose\/vert\/marron\/kaki<\/td>\n<\/tr>\n<tr style=\"height: 18.00pt;\">\n<td class=\"et3\" style=\"height: 18.00pt;\" height=\"24\">Dimension<\/td>\n<td class=\"et5\" style=\"width: 234.15pt;\" width=\"312\">59*41*17<\/td>\n<\/tr>\n<tr style=\"height: 17.25pt;\">\n<td class=\"et3\" style=\"height: 17.25pt;\" height=\"23\">N.W \/SET<\/td>\n<td class=\"et3\">8.5KGS\/PCS<\/td>\n<\/tr>\n<tr style=\"height: 17.25pt;\">\n<td class=\"et3\" style=\"height: 17.25pt;\" height=\"23\">MOQ<\/td>\n<td class=\"et3\">20pcs<\/td>\n<\/tr>\n<tr style=\"height: 17.25pt;\">\n<td class=\"et3\" style=\"height: 17.25pt;\" height=\"23\">Option personnalis\u00e9e<\/td>\n<td class=\"et3\">Couleur\/Pattenue\/Taille\/Logo\/Emballage<\/td>\n<\/tr>\n<\/tbody>\n<\/table>","protected":false},"featured_media":7244,"comment_status":"closed","ping_status":"closed","template":"","meta":{"_acf_changed":false},"product_brand":[],"product_cat":[54,50],"product_tag":[],"class_list":{"0":"post-7259","1":"product","2":"type-product","3":"status-publish","4":"has-post-thumbnail","6":"product_cat-wholesale-marble-sinks","7":"product_cat-wholesale-countertop-sinks","9":"first","10":"instock","11":"shipping-taxable","12":"product-type-simple"},"acf":[],"_links":{"self":[{"href":"https:\/\/www.ceramicbasin.com\/fr\/wp-json\/wp\/v2\/product\/7259","targetHints":{"allow":["GET"]}}],"collection":[{"href":"https:\/\/www.ceramicbasin.com\/fr\/wp-json\/wp\/v2\/product"}],"about":[{"href":"https:\/\/www.ceramicbasin.com\/fr\/wp-json\/wp\/v2\/types\/product"}],"replies":[{"embeddable":true,"href":"https:\/\/www.ceramicbasin.com\/fr\/wp-json\/wp\/v2\/comments?post=7259"}],"wp:featuredmedia":[{"embeddable":true,"href":"https:\/\/www.ceramicbasin.com\/fr\/wp-json\/wp\/v2\/media\/7244"}],"wp:attachment":[{"href":"https:\/\/www.ceramicbasin.com\/fr\/wp-json\/wp\/v2\/media?parent=7259"}],"wp:term":[{"taxonomy":"product_brand","embeddable":true,"href":"https:\/\/www.ceramicbasin.com\/fr\/wp-json\/wp\/v2\/product_brand?post=7259"},{"taxonomy":"product_cat","embeddable":true,"href":"https:\/\/www.ceramicbasin.com\/fr\/wp-json\/wp\/v2\/product_cat?post=7259"},{"taxonomy":"product_tag","embeddable":true,"href":"https:\/\/www.ceramicbasin.com\/fr\/wp-json\/wp\/v2\/product_tag?post=7259"}],"curies":[{"name":"wp","href":"https:\/\/api.w.org\/{rel}","templated":true}]}}