{"id":7261,"date":"2025-07-25T06:06:54","date_gmt":"2025-07-25T06:06:54","guid":{"rendered":"https:\/\/www.ceramicbasin.com\/?post_type=product&#038;p=7261"},"modified":"2025-07-25T06:06:59","modified_gmt":"2025-07-25T06:06:59","slug":"custom-marble-color-basin","status":"publish","type":"product","link":"https:\/\/www.ceramicbasin.com\/fr\/produit\/custom-marble-color-basin\/","title":{"rendered":"Cuvette en marbre sur mesure, \u00e9viers de salle de bain en c\u00e9ramique de grande taille Wholesale"},"content":{"rendered":"<div class=\"wp-block-columns is-layout-flex wp-container-core-columns-is-layout-9d6595d7 wp-block-columns-is-layout-flex\">\n<div class=\"wp-block-column is-layout-flow wp-block-column-is-layout-flow\">\n<h2 class=\"wp-block-heading\">Couleur de marbre personnalis\u00e9e de premi\u00e8re qualit\u00e9 Caract\u00e9ristiques du bassin :<\/h2>\n\n\n\n<ul class=\"wp-block-list\">\n<li><strong>Color\u00e9e :<\/strong>\u00a0La couleur marbr\u00e9e de ce lavabo de salle de bain en c\u00e9ramique est r\u00e9alis\u00e9e par impression par transfert d'eau sur la base d'un lavabo ordinaire blanc brillant, qui est beau et durable. Nous proposons plus de 100 couleurs et motifs au choix, et tous les mod\u00e8les de lavabos peuvent \u00eatre personnalis\u00e9s en termes de couleur et de texture.<\/li>\n\n\n\n<li><strong>Durabilit\u00e9 sup\u00e9rieure :\u00a0<\/strong>Nos vasques en marbre personnalis\u00e9es sont fabriqu\u00e9es en c\u00e9ramique de haute qualit\u00e9, qui pr\u00e9sente une excellente r\u00e9sistance aux rayures et une grande long\u00e9vit\u00e9. Il pr\u00e9sente une excellente r\u00e9sistance chimique et peut \u00eatre nettoy\u00e9 avec n'importe quel d\u00e9tergent.<\/li>\n\n\n\n<li><strong>Installation sur le comptoir, installation facile :<\/strong>\u00a0Ce bassin de couleur marbre personnalis\u00e9 adopte une structure de comptoir, qui est facile \u00e0 installer et s'adapte \u00e0 divers mat\u00e9riaux de comptoir. Il convient \u00e0 un large \u00e9ventail d'applications dans les h\u00f4tels, les projets r\u00e9sidentiels et commerciaux.<\/li>\n\n\n\n<li><strong>Approvisionnement en vrac, soutien \u00e0 la personnalisation et coop\u00e9ration avec les fabricants d'\u00e9quipement d'origine :\u00a0<\/strong>Nous proposons une vari\u00e9t\u00e9 de tailles et de textures pour les lavabos de salle de bain en gros, nous prenons en charge la personnalisation en vrac des LOGO et des solutions d'emballage, et nous r\u00e9pondons aux divers besoins des propri\u00e9taires de marques et des clients de l'ing\u00e9nierie.<\/li>\n<\/ul>\n<\/div>\n\n\n\n<div class=\"wp-block-column is-layout-flow wp-block-column-is-layout-flow\">\n<figure class=\"wp-block-image size-full\"><img fetchpriority=\"high\" decoding=\"async\" width=\"826\" height=\"1091\" src=\"https:\/\/www.ceramicbasin.com\/wp-content\/uploads\/2025\/07\/Big-size-ceramic-custom-color-basin-with-wholesale-price-1.webp\" alt=\"custom-marble-color-basin-big-size-ceramic-bathroom-sinks-wholesale-1\" class=\"wp-image-7238\" srcset=\"https:\/\/www.ceramicbasin.com\/wp-content\/uploads\/2025\/07\/Big-size-ceramic-custom-color-basin-with-wholesale-price-1.webp 826w, https:\/\/www.ceramicbasin.com\/wp-content\/uploads\/2025\/07\/Big-size-ceramic-custom-color-basin-with-wholesale-price-1-227x300.webp 227w, https:\/\/www.ceramicbasin.com\/wp-content\/uploads\/2025\/07\/Big-size-ceramic-custom-color-basin-with-wholesale-price-1-768x1014.webp 768w, https:\/\/www.ceramicbasin.com\/wp-content\/uploads\/2025\/07\/Big-size-ceramic-custom-color-basin-with-wholesale-price-1-9x12.webp 9w, https:\/\/www.ceramicbasin.com\/wp-content\/uploads\/2025\/07\/Big-size-ceramic-custom-color-basin-with-wholesale-price-1-285x376.webp 285w, https:\/\/www.ceramicbasin.com\/wp-content\/uploads\/2025\/07\/Big-size-ceramic-custom-color-basin-with-wholesale-price-1-500x660.webp 500w, https:\/\/www.ceramicbasin.com\/wp-content\/uploads\/2025\/07\/Big-size-ceramic-custom-color-basin-with-wholesale-price-1-114x150.webp 114w\" sizes=\"(max-width: 826px) 100vw, 826px\" \/><\/figure>\n<\/div>\n<\/div>","protected":false},"excerpt":{"rendered":"<p>Nous vous invitons \u00e0 acheter notre bassin en marbre personnalis\u00e9. Cet \u00e9vier en c\u00e9ramique de grande taille adopte une structure de comptoir et est facile \u00e0 installer. Le design unique en marbre donne \u00e0 la salle de bain une apparence attrayante, et avec les robinets \u00e0 la mode, il est largement adapt\u00e9 au style g\u00e9n\u00e9ral. Il convient \u00e0 un large \u00e9ventail d'applications dans les h\u00f4tels, les projets r\u00e9sidentiels et commerciaux.<\/p>\n<table style=\"border-collapse: collapse; width: 358.52pt;\" border=\"0\" width=\"478\" cellspacing=\"0\" cellpadding=\"0\">\n<tbody>\n<tr style=\"height: 17.25pt;\">\n<td class=\"et3\" style=\"height: 17.25pt; width: 125.00pt;\" width=\"166\" height=\"23\">Fabricant<\/td>\n<td class=\"et3\" style=\"width: 234.15pt;\" width=\"312\">HanYu<\/td>\n<\/tr>\n<tr style=\"height: 17.25pt;\">\n<td class=\"et3\" style=\"height: 17.25pt;\" height=\"23\">Num\u00e9ro de mod\u00e8le.<\/td>\n<td class=\"et4\">HY-5106D59<\/td>\n<\/tr>\n<tr style=\"height: 17.25pt;\">\n<td class=\"et3\" style=\"height: 17.25pt;\" height=\"23\">Type<\/td>\n<td class=\"et5\" style=\"width: 234.15pt;\" width=\"312\">\u00c9viers en marbre<\/td>\n<\/tr>\n<tr style=\"height: 18.00pt;\">\n<td class=\"et3\" style=\"height: 18.00pt;\" height=\"24\">Forme<\/td>\n<td class=\"et3\">Forme rectangulaire<\/td>\n<\/tr>\n<tr style=\"height: 34.50pt;\">\n<td class=\"et4\" style=\"height: 34.50pt;\" height=\"46\">Couleur<\/td>\n<td class=\"et5\" style=\"width: 234.15pt;\" width=\"312\">noir\/blanc\/bleu\/gris\/rose\/vert\/marron\/kaki<\/td>\n<\/tr>\n<tr style=\"height: 18.00pt;\">\n<td class=\"et3\" style=\"height: 18.00pt;\" height=\"24\">Dimension<\/td>\n<td class=\"et5\" style=\"width: 234.15pt;\" width=\"312\">71.5*41*14.5<\/td>\n<\/tr>\n<tr style=\"height: 17.25pt;\">\n<td class=\"et3\" style=\"height: 17.25pt;\" height=\"23\">N.W \/SET<\/td>\n<td class=\"et3\">12KGS\/PCS<\/td>\n<\/tr>\n<tr style=\"height: 17.25pt;\">\n<td class=\"et3\" style=\"height: 17.25pt;\" height=\"23\">MOQ<\/td>\n<td class=\"et3\">20pcs<\/td>\n<\/tr>\n<tr style=\"height: 17.25pt;\">\n<td class=\"et3\" style=\"height: 17.25pt;\" height=\"23\">Option personnalis\u00e9e<\/td>\n<td class=\"et3\">Couleur\/Pattenue\/Taille\/Logo\/Emballage<\/td>\n<\/tr>\n<\/tbody>\n<\/table>","protected":false},"featured_media":7262,"comment_status":"closed","ping_status":"closed","template":"","meta":{"_acf_changed":false},"product_brand":[],"product_cat":[54,50],"product_tag":[],"class_list":{"0":"post-7261","1":"product","2":"type-product","3":"status-publish","4":"has-post-thumbnail","6":"product_cat-wholesale-marble-sinks","7":"product_cat-wholesale-countertop-sinks","9":"first","10":"instock","11":"shipping-taxable","12":"product-type-simple"},"acf":[],"_links":{"self":[{"href":"https:\/\/www.ceramicbasin.com\/fr\/wp-json\/wp\/v2\/product\/7261","targetHints":{"allow":["GET"]}}],"collection":[{"href":"https:\/\/www.ceramicbasin.com\/fr\/wp-json\/wp\/v2\/product"}],"about":[{"href":"https:\/\/www.ceramicbasin.com\/fr\/wp-json\/wp\/v2\/types\/product"}],"replies":[{"embeddable":true,"href":"https:\/\/www.ceramicbasin.com\/fr\/wp-json\/wp\/v2\/comments?post=7261"}],"wp:featuredmedia":[{"embeddable":true,"href":"https:\/\/www.ceramicbasin.com\/fr\/wp-json\/wp\/v2\/media\/7262"}],"wp:attachment":[{"href":"https:\/\/www.ceramicbasin.com\/fr\/wp-json\/wp\/v2\/media?parent=7261"}],"wp:term":[{"taxonomy":"product_brand","embeddable":true,"href":"https:\/\/www.ceramicbasin.com\/fr\/wp-json\/wp\/v2\/product_brand?post=7261"},{"taxonomy":"product_cat","embeddable":true,"href":"https:\/\/www.ceramicbasin.com\/fr\/wp-json\/wp\/v2\/product_cat?post=7261"},{"taxonomy":"product_tag","embeddable":true,"href":"https:\/\/www.ceramicbasin.com\/fr\/wp-json\/wp\/v2\/product_tag?post=7261"}],"curies":[{"name":"wp","href":"https:\/\/api.w.org\/{rel}","templated":true}]}}