{"id":7263,"date":"2025-07-25T06:37:59","date_gmt":"2025-07-25T06:37:59","guid":{"rendered":"https:\/\/www.ceramicbasin.com\/?post_type=product&#038;p=7263"},"modified":"2025-11-03T07:26:46","modified_gmt":"2025-11-03T07:26:46","slug":"custom-ceramic-counter-top-basin","status":"publish","type":"product","link":"https:\/\/www.ceramicbasin.com\/fr\/produit\/custom-ceramic-counter-top-basin\/","title":{"rendered":"Vasque de comptoir en c\u00e9ramique personnalis\u00e9e en vrac avec motifs de marbre"},"content":{"rendered":"<div class=\"wp-block-columns is-layout-flex wp-container-core-columns-is-layout-9d6595d7 wp-block-columns-is-layout-flex\">\n<div class=\"wp-block-column is-layout-flow wp-block-column-is-layout-flow\">\n<h2 class=\"wp-block-heading\">Comptoir en c\u00e9ramique personnalis\u00e9 de premi\u00e8re qualit\u00e9 Caract\u00e9ristique du bassin :<\/h2>\n\n\n\n<ul class=\"wp-block-list\">\n<li><strong>Texture de marbre unique : <\/strong>La texture classique du marbre noir du plan de travail en c\u00e9ramique personnalis\u00e9 ajoute une touche haut de gamme et un impact visuel, s'adaptant parfaitement \u00e0 la conception moderne de la salle de bains.<\/li>\n\n\n\n<li><strong>Mat\u00e9riau c\u00e9ramique de haute qualit\u00e9 : <\/strong>Le bassin de comptoir en c\u00e9ramique personnalis\u00e9 est fabriqu\u00e9 en c\u00e9ramique de haute qualit\u00e9, avec une surface lisse, une grande durabilit\u00e9, une excellente r\u00e9sistance aux taches et un nettoyage facile.<\/li>\n\n\n\n<li><strong>Design rectangulaire exquis :<\/strong> L'aspect rectangulaire \u00e9pur\u00e9 des lavabos de salle de bains en gros est simple et g\u00e9n\u00e9reux, et la conception concave am\u00e9liore efficacement la vitesse d'\u00e9coulement et \u00e9vite les probl\u00e8mes d'accumulation d'eau, ce qui convient \u00e0 diff\u00e9rents styles de salle de bains.<\/li>\n\n\n\n<li><strong>Application multifonctionnelle :<\/strong> Les \u00e9viers de salle de bains en gros conviennent \u00e0 la maison, \u00e0 l'h\u00f4tel, aux salles de bains commerciales et \u00e0 d'autres endroits pour r\u00e9pondre \u00e0 diff\u00e9rents besoins d'espace.<\/li>\n<\/ul>\n<\/div>\n\n\n\n<div class=\"wp-block-column is-layout-flow wp-block-column-is-layout-flow\">\n<figure class=\"wp-block-image size-full\"><img fetchpriority=\"high\" decoding=\"async\" width=\"733\" height=\"981\" src=\"https:\/\/www.ceramicbasin.com\/wp-content\/uploads\/2025\/07\/Customized-color-ceramic-basin-manufacturerhigh-quality-coiuntertop-sink-bowl-5.webp\" alt=\"custom-ceramic-counter-top-basin-marble-color-bathroom-sinks-wholesale-5\" class=\"wp-image-7237\" srcset=\"https:\/\/www.ceramicbasin.com\/wp-content\/uploads\/2025\/07\/Customized-color-ceramic-basin-manufacturerhigh-quality-coiuntertop-sink-bowl-5.webp 733w, https:\/\/www.ceramicbasin.com\/wp-content\/uploads\/2025\/07\/Customized-color-ceramic-basin-manufacturerhigh-quality-coiuntertop-sink-bowl-5-224x300.webp 224w, https:\/\/www.ceramicbasin.com\/wp-content\/uploads\/2025\/07\/Customized-color-ceramic-basin-manufacturerhigh-quality-coiuntertop-sink-bowl-5-9x12.webp 9w, https:\/\/www.ceramicbasin.com\/wp-content\/uploads\/2025\/07\/Customized-color-ceramic-basin-manufacturerhigh-quality-coiuntertop-sink-bowl-5-285x381.webp 285w, https:\/\/www.ceramicbasin.com\/wp-content\/uploads\/2025\/07\/Customized-color-ceramic-basin-manufacturerhigh-quality-coiuntertop-sink-bowl-5-493x660.webp 493w, https:\/\/www.ceramicbasin.com\/wp-content\/uploads\/2025\/07\/Customized-color-ceramic-basin-manufacturerhigh-quality-coiuntertop-sink-bowl-5-112x150.webp 112w\" sizes=\"(max-width: 733px) 100vw, 733px\" \/><\/figure>\n<\/div>\n<\/div>\n\n\n\n<p><\/p>","protected":false},"excerpt":{"rendered":"<p>Nous vous invitons \u00e0 acheter notre vasque de comptoir en c\u00e9ramique personnalis\u00e9e. Ce lavabo de salle de bain en c\u00e9ramique \u00e0 texture de marbre noir pr\u00e9sente un design rectangulaire \u00e9l\u00e9gant et moderne et un mat\u00e9riau c\u00e9ramique de qualit\u00e9 sup\u00e9rieure, qui convient parfaitement \u00e0 tout environnement de salle de bain haut de gamme. Sa r\u00e9sistance aux taches et son drainage efficace lui permettent d'\u00eatre utilis\u00e9 dans les lavabos domestiques et commerciaux.<\/p>\n<table style=\"border-collapse: collapse; width: 358.52pt;\" border=\"0\" width=\"478\" cellspacing=\"0\" cellpadding=\"0\">\n<tbody>\n<tr style=\"height: 17.25pt;\">\n<td class=\"et3\" style=\"height: 17.25pt; width: 125.00pt;\" width=\"166\" height=\"23\">Fabricant<\/td>\n<td class=\"et3\" style=\"width: 234.15pt;\" width=\"312\">HanYu<\/td>\n<\/tr>\n<tr style=\"height: 17.25pt;\">\n<td class=\"et3\" style=\"height: 17.25pt;\" height=\"23\">Num\u00e9ro de mod\u00e8le.<\/td>\n<td class=\"et4\">HY-8064-65D91<\/td>\n<\/tr>\n<tr style=\"height: 17.25pt;\">\n<td class=\"et3\" style=\"height: 17.25pt;\" height=\"23\">Type<\/td>\n<td class=\"et5\" style=\"width: 234.15pt;\" width=\"312\">\u00c9viers en marbre<\/td>\n<\/tr>\n<tr style=\"height: 18.00pt;\">\n<td class=\"et3\" style=\"height: 18.00pt;\" height=\"24\">Forme<\/td>\n<td class=\"et3\">Forme rectangulaire<\/td>\n<\/tr>\n<tr style=\"height: 34.50pt;\">\n<td class=\"et4\" style=\"height: 34.50pt;\" height=\"46\">Couleur<\/td>\n<td class=\"et5\" style=\"width: 234.15pt;\" width=\"312\">noir\/blanc\/bleu\/gris\/rose\/vert\/marron\/kaki<\/td>\n<\/tr>\n<tr style=\"height: 18.00pt;\">\n<td class=\"et3\" style=\"height: 18.00pt;\" height=\"24\">Dimension<\/td>\n<td class=\"et5\" style=\"width: 234.15pt;\" width=\"312\">65*38*11<\/td>\n<\/tr>\n<tr style=\"height: 17.25pt;\">\n<td class=\"et3\" style=\"height: 17.25pt;\" height=\"23\">N.W \/SET<\/td>\n<td class=\"et3\">10KGS\/PCS<\/td>\n<\/tr>\n<tr style=\"height: 17.25pt;\">\n<td class=\"et3\" style=\"height: 17.25pt;\" height=\"23\">MOQ<\/td>\n<td class=\"et3\">20pcs<\/td>\n<\/tr>\n<tr style=\"height: 17.25pt;\">\n<td class=\"et3\" style=\"height: 17.25pt;\" height=\"23\">Option personnalis\u00e9e<\/td>\n<td class=\"et3\">Couleur\/Pattenue\/Taille\/Logo\/Emballage<\/td>\n<\/tr>\n<\/tbody>\n<\/table>","protected":false},"featured_media":7236,"comment_status":"closed","ping_status":"closed","template":"","meta":{"_acf_changed":false},"product_brand":[],"product_cat":[54,50],"product_tag":[],"class_list":{"0":"post-7263","1":"product","2":"type-product","3":"status-publish","4":"has-post-thumbnail","6":"product_cat-wholesale-marble-sinks","7":"product_cat-wholesale-countertop-sinks","9":"first","10":"instock","11":"shipping-taxable","12":"product-type-simple"},"acf":[],"_links":{"self":[{"href":"https:\/\/www.ceramicbasin.com\/fr\/wp-json\/wp\/v2\/product\/7263","targetHints":{"allow":["GET"]}}],"collection":[{"href":"https:\/\/www.ceramicbasin.com\/fr\/wp-json\/wp\/v2\/product"}],"about":[{"href":"https:\/\/www.ceramicbasin.com\/fr\/wp-json\/wp\/v2\/types\/product"}],"replies":[{"embeddable":true,"href":"https:\/\/www.ceramicbasin.com\/fr\/wp-json\/wp\/v2\/comments?post=7263"}],"wp:featuredmedia":[{"embeddable":true,"href":"https:\/\/www.ceramicbasin.com\/fr\/wp-json\/wp\/v2\/media\/7236"}],"wp:attachment":[{"href":"https:\/\/www.ceramicbasin.com\/fr\/wp-json\/wp\/v2\/media?parent=7263"}],"wp:term":[{"taxonomy":"product_brand","embeddable":true,"href":"https:\/\/www.ceramicbasin.com\/fr\/wp-json\/wp\/v2\/product_brand?post=7263"},{"taxonomy":"product_cat","embeddable":true,"href":"https:\/\/www.ceramicbasin.com\/fr\/wp-json\/wp\/v2\/product_cat?post=7263"},{"taxonomy":"product_tag","embeddable":true,"href":"https:\/\/www.ceramicbasin.com\/fr\/wp-json\/wp\/v2\/product_tag?post=7263"}],"curies":[{"name":"wp","href":"https:\/\/api.w.org\/{rel}","templated":true}]}}