{"id":7271,"date":"2025-07-23T08:39:25","date_gmt":"2025-07-23T08:39:25","guid":{"rendered":"https:\/\/www.ceramicbasin.com\/?post_type=product&#038;p=7271"},"modified":"2025-11-05T03:15:23","modified_gmt":"2025-11-05T03:15:23","slug":"wholesale-square-bowl-bathroom-sink","status":"publish","type":"product","link":"https:\/\/www.ceramicbasin.com\/fr\/produit\/wholesale-square-bowl-bathroom-sink\/","title":{"rendered":"Wholesale Square Bowl Bathroom Sink, Matte Ceramic Basins (lavabos en c\u00e9ramique mate)"},"content":{"rendered":"<div class=\"wp-block-columns is-layout-flex wp-container-core-columns-is-layout-9d6595d7 wp-block-columns-is-layout-flex\">\n<div class=\"wp-block-column is-layout-flow wp-block-column-is-layout-flow\">\n<h2 class=\"wp-block-heading\">Premium Wholesale Square Bowl Bathroom Sink Features :<\/h2>\n\n\n\n<ul class=\"wp-block-list\">\n<li><strong>Design gris fonc\u00e9 mat :<\/strong> Avec son aspect moderne gris fonc\u00e9 mat, l'\u00e9vier de salle de bains \u00e0 cuve carr\u00e9e est discret et luxueux, et peut \u00eatre parfaitement int\u00e9gr\u00e9 \u00e0 diff\u00e9rents styles de d\u00e9coration de salle de bains.<\/li>\n\n\n\n<li><strong>Forme carr\u00e9e simple : <\/strong>La forme carr\u00e9e simple des lavabos mats est tr\u00e8s moderne avec ses lignes minimalistes et son aspect \u00e9pur\u00e9. Elle convient \u00e0 de nombreux styles de salles de bains, apportant une sophistication g\u00e9n\u00e9rale et une note de qualit\u00e9 \u00e0 la pi\u00e8ce.<\/li>\n\n\n\n<li><strong>Mat\u00e9riau c\u00e9ramique de haute qualit\u00e9 :<\/strong> L'\u00e9vier de salle de bains \u00e0 cuve carr\u00e9e est fabriqu\u00e9 en c\u00e9ramique de qualit\u00e9 sup\u00e9rieure, qui pr\u00e9sente une surface lisse et plate et r\u00e9siste \u00e0 l'usure et aux taches. Il est facile \u00e0 nettoyer et \u00e0 entretenir et a une longue dur\u00e9e de vie.<\/li>\n\n\n\n<li><strong>Syst\u00e8me de drainage efficace :<\/strong> La conception concave des bassins en gros permet \u00e0 l'eau de s'\u00e9couler rapidement pour \u00e9viter l'accumulation d'eau et garantir le confort et la commodit\u00e9.<\/li>\n<\/ul>\n<\/div>\n\n\n\n<div class=\"wp-block-column is-layout-flow wp-block-column-is-layout-flow\">\n<figure class=\"wp-block-image size-full\"><img fetchpriority=\"high\" decoding=\"async\" width=\"800\" height=\"800\" src=\"https:\/\/www.ceramicbasin.com\/wp-content\/uploads\/2025\/07\/bathroom-sink-wholesale\uff0ccustom-bath-vanity-top\uff0cporcelin-bathroom-sink6.webp\" alt=\"wholesale-square-bowl-bathroom-sink-modern-dark-gray-matt-basins-wholesale-6\" class=\"wp-image-7277\" srcset=\"https:\/\/www.ceramicbasin.com\/wp-content\/uploads\/2025\/07\/bathroom-sink-wholesale\uff0ccustom-bath-vanity-top\uff0cporcelin-bathroom-sink6.webp 800w, https:\/\/www.ceramicbasin.com\/wp-content\/uploads\/2025\/07\/bathroom-sink-wholesale\uff0ccustom-bath-vanity-top\uff0cporcelin-bathroom-sink6-300x300.webp 300w, https:\/\/www.ceramicbasin.com\/wp-content\/uploads\/2025\/07\/bathroom-sink-wholesale\uff0ccustom-bath-vanity-top\uff0cporcelin-bathroom-sink6-150x150.webp 150w, https:\/\/www.ceramicbasin.com\/wp-content\/uploads\/2025\/07\/bathroom-sink-wholesale\uff0ccustom-bath-vanity-top\uff0cporcelin-bathroom-sink6-768x768.webp 768w, https:\/\/www.ceramicbasin.com\/wp-content\/uploads\/2025\/07\/bathroom-sink-wholesale\uff0ccustom-bath-vanity-top\uff0cporcelin-bathroom-sink6-12x12.webp 12w, https:\/\/www.ceramicbasin.com\/wp-content\/uploads\/2025\/07\/bathroom-sink-wholesale\uff0ccustom-bath-vanity-top\uff0cporcelin-bathroom-sink6-285x285.webp 285w, https:\/\/www.ceramicbasin.com\/wp-content\/uploads\/2025\/07\/bathroom-sink-wholesale\uff0ccustom-bath-vanity-top\uff0cporcelin-bathroom-sink6-270x270.webp 270w, https:\/\/www.ceramicbasin.com\/wp-content\/uploads\/2025\/07\/bathroom-sink-wholesale\uff0ccustom-bath-vanity-top\uff0cporcelin-bathroom-sink6-540x540.webp 540w, https:\/\/www.ceramicbasin.com\/wp-content\/uploads\/2025\/07\/bathroom-sink-wholesale\uff0ccustom-bath-vanity-top\uff0cporcelin-bathroom-sink6-660x660.webp 660w\" sizes=\"(max-width: 800px) 100vw, 800px\" \/><\/figure>\n<\/div>\n<\/div>","protected":false},"excerpt":{"rendered":"<div class=\"highlights-border-container\" data-v-df95d256=\"\"><span class=\"highlights\" data-v-df95d256=\"\">Bienvenue sur notre site de vente en gros de lavabos mats. Ce lavabo carr\u00e9 gris fonc\u00e9 mat, avec son design carr\u00e9 simple et moderne et son mat\u00e9riau c\u00e9ramique de haute qualit\u00e9, d\u00e9montre la fonctionnalit\u00e9 et l'esth\u00e9tique ultimes. La surface mate n'est pas seulement plus moderne visuellement, ce qui en fait un choix id\u00e9al pour la maison et les lieux commerciaux. <\/span><\/div>\n<div class=\"text-stats\" data-v-df95d256=\"\">\u00a0<\/div>\n<table style=\"border-collapse: collapse; width: 311.02pt;\" border=\"0\" width=\"311\" cellspacing=\"0\" cellpadding=\"0\">\n<tbody>\n<tr style=\"height: 17.60pt;\">\n<td class=\"et3\" style=\"height: 17.60pt; width: 108.35pt;\" width=\"108\" height=\"17\">Fabricant<\/td>\n<td class=\"et3\" style=\"width: 202.95pt;\" width=\"202\">HanYu<\/td>\n<\/tr>\n<tr style=\"height: 17.60pt;\">\n<td class=\"et3\" style=\"height: 17.60pt;\" height=\"17\">Num\u00e9ro de mod\u00e8le.<\/td>\n<td class=\"et4\">HY-8012AMH<\/td>\n<\/tr>\n<tr style=\"height: 18.00pt;\">\n<td class=\"et3\" style=\"height: 18.00pt;\" height=\"18\">Type<\/td>\n<td class=\"et5\" style=\"width: 202.95pt;\" width=\"202\">Cuvette mate, cuvette de comptoir<\/td>\n<\/tr>\n<tr style=\"height: 17.60pt;\">\n<td class=\"et3\" style=\"height: 17.60pt;\" height=\"17\">Forme<\/td>\n<td class=\"et3\">Forme rectangulaire<\/td>\n<\/tr>\n<tr style=\"height: 36.00pt;\">\n<td class=\"et4\" style=\"height: 36.00pt;\" height=\"36\">Couleur<\/td>\n<td class=\"et5\" style=\"width: 202.95pt;\" width=\"202\">Noir\/Blanc\/Bleu\/Gris\/Rose\/Vert\/Marron\/Kaki......<\/td>\n<\/tr>\n<tr style=\"height: 18.00pt;\">\n<td class=\"et3\" style=\"height: 18.00pt;\" height=\"18\">Dimension<\/td>\n<td class=\"et5\" style=\"width: 202.95pt;\" width=\"202\">37*37*13<\/td>\n<\/tr>\n<tr style=\"height: 17.60pt;\">\n<td class=\"et3\" style=\"height: 17.60pt;\" height=\"17\">N.W \/SET<\/td>\n<td class=\"et3\">9KGS\/PCS<\/td>\n<\/tr>\n<tr style=\"height: 17.60pt;\">\n<td class=\"et3\" style=\"height: 17.60pt;\" height=\"17\">MOQ<\/td>\n<td class=\"et3\">20pcs<\/td>\n<\/tr>\n<tr style=\"height: 17.60pt;\">\n<td class=\"et3\" style=\"height: 17.60pt;\" height=\"17\">Option personnalis\u00e9e<\/td>\n<td class=\"et3\">Couleur\/mod\u00e8le\/taille\/logo\/emballage<\/td>\n<\/tr>\n<\/tbody>\n<\/table>","protected":false},"featured_media":7274,"comment_status":"closed","ping_status":"closed","template":"","meta":{"_acf_changed":false},"product_brand":[],"product_cat":[55,50],"product_tag":[],"class_list":{"0":"post-7271","1":"product","2":"type-product","3":"status-publish","4":"has-post-thumbnail","6":"product_cat-wholesale-matte-sinks","7":"product_cat-wholesale-countertop-sinks","9":"first","10":"instock","11":"shipping-taxable","12":"product-type-simple"},"acf":[],"_links":{"self":[{"href":"https:\/\/www.ceramicbasin.com\/fr\/wp-json\/wp\/v2\/product\/7271","targetHints":{"allow":["GET"]}}],"collection":[{"href":"https:\/\/www.ceramicbasin.com\/fr\/wp-json\/wp\/v2\/product"}],"about":[{"href":"https:\/\/www.ceramicbasin.com\/fr\/wp-json\/wp\/v2\/types\/product"}],"replies":[{"embeddable":true,"href":"https:\/\/www.ceramicbasin.com\/fr\/wp-json\/wp\/v2\/comments?post=7271"}],"wp:featuredmedia":[{"embeddable":true,"href":"https:\/\/www.ceramicbasin.com\/fr\/wp-json\/wp\/v2\/media\/7274"}],"wp:attachment":[{"href":"https:\/\/www.ceramicbasin.com\/fr\/wp-json\/wp\/v2\/media?parent=7271"}],"wp:term":[{"taxonomy":"product_brand","embeddable":true,"href":"https:\/\/www.ceramicbasin.com\/fr\/wp-json\/wp\/v2\/product_brand?post=7271"},{"taxonomy":"product_cat","embeddable":true,"href":"https:\/\/www.ceramicbasin.com\/fr\/wp-json\/wp\/v2\/product_cat?post=7271"},{"taxonomy":"product_tag","embeddable":true,"href":"https:\/\/www.ceramicbasin.com\/fr\/wp-json\/wp\/v2\/product_tag?post=7271"}],"curies":[{"name":"wp","href":"https:\/\/api.w.org\/{rel}","templated":true}]}}