{"id":7293,"date":"2025-07-23T09:46:04","date_gmt":"2025-07-23T09:46:04","guid":{"rendered":"https:\/\/www.ceramicbasin.com\/?post_type=product&#038;p=7293"},"modified":"2025-11-03T07:30:43","modified_gmt":"2025-11-03T07:30:43","slug":"custom-bathroom-sink-bowls","status":"publish","type":"product","link":"https:\/\/www.ceramicbasin.com\/fr\/produit\/custom-bathroom-sink-bowls\/","title":{"rendered":"Bols d'\u00e9vier de salle de bain sur mesure, Bassin noir mat Wholesale"},"content":{"rendered":"<div class=\"wp-block-columns is-layout-flex wp-container-core-columns-is-layout-9d6595d7 wp-block-columns-is-layout-flex\">\n<div class=\"wp-block-column is-layout-flow wp-block-column-is-layout-flow\">\n<h2 class=\"wp-block-heading\">Caract\u00e9ristiques des cuvettes d'\u00e9vier de salle de bain personnalis\u00e9es de qualit\u00e9 sup\u00e9rieure<\/h2>\n\n\n\n<ul class=\"wp-block-list\">\n<li><strong>Mat\u00e9riau c\u00e9ramique de haute qualit\u00e9 :<\/strong> Le bassin de comptoir de gros est fabriqu\u00e9 en c\u00e9ramique de haute qualit\u00e9, qui ne se tache pas facilement et est durable pour une utilisation de longue dur\u00e9e sans perdre sa couleur, et est facile \u00e0 nettoyer.<\/li>\n\n\n\n<li><strong>Cr\u00e9ation de mode :<\/strong> Nos cuvettes d'\u00e9vier de salle de bains personnalis\u00e9es ont un design moderne et \u00e0 la mode avec des lignes douces, conviennent \u00e0 divers agencements de salle de bains et rehaussent la beaut\u00e9 et la qualit\u00e9 g\u00e9n\u00e9rales de l'espace.<\/li>\n\n\n\n<li><strong>Conception \u00e0 grande capacit\u00e9 :<\/strong> Ces cuvettes d'\u00e9vier de salle de bains personnalis\u00e9es offrent un plus grand espace de lavage. La profondeur du bassin est scientifiquement con\u00e7ue, ce qui convient \u00e0 un usage domestique ou commercial et permet d'\u00e9viter efficacement les \u00e9claboussures d'eau.<\/li>\n\n\n\n<li><strong>Service personnalis\u00e9 haut de gamme :\u00a0<\/strong>Nous fournissons un service de vente en gros d'\u00e9viers en c\u00e9ramique personnalis\u00e9s afin de garantir que chaque \u00e9vier de salle de bain r\u00e9ponde au design de votre salle de bain et cr\u00e9e un style exclusif.<\/li>\n<\/ul>\n<\/div>\n\n\n\n<div class=\"wp-block-column is-layout-flow wp-block-column-is-layout-flow\">\n<figure class=\"wp-block-image size-full\"><img fetchpriority=\"high\" decoding=\"async\" width=\"800\" height=\"800\" src=\"https:\/\/www.ceramicbasin.com\/wp-content\/uploads\/2025\/07\/sink-matte-finish\uff0cmatte-black-bathroom-sink\uff0cbathroom-sink-in-countertop5.webp\" alt=\"black-custom-bathroom-sink-bowls-large-ceramic-countertop-basin-wholesale-5\" class=\"wp-image-7298\" srcset=\"https:\/\/www.ceramicbasin.com\/wp-content\/uploads\/2025\/07\/sink-matte-finish\uff0cmatte-black-bathroom-sink\uff0cbathroom-sink-in-countertop5.webp 800w, https:\/\/www.ceramicbasin.com\/wp-content\/uploads\/2025\/07\/sink-matte-finish\uff0cmatte-black-bathroom-sink\uff0cbathroom-sink-in-countertop5-300x300.webp 300w, https:\/\/www.ceramicbasin.com\/wp-content\/uploads\/2025\/07\/sink-matte-finish\uff0cmatte-black-bathroom-sink\uff0cbathroom-sink-in-countertop5-150x150.webp 150w, https:\/\/www.ceramicbasin.com\/wp-content\/uploads\/2025\/07\/sink-matte-finish\uff0cmatte-black-bathroom-sink\uff0cbathroom-sink-in-countertop5-768x768.webp 768w, https:\/\/www.ceramicbasin.com\/wp-content\/uploads\/2025\/07\/sink-matte-finish\uff0cmatte-black-bathroom-sink\uff0cbathroom-sink-in-countertop5-12x12.webp 12w, https:\/\/www.ceramicbasin.com\/wp-content\/uploads\/2025\/07\/sink-matte-finish\uff0cmatte-black-bathroom-sink\uff0cbathroom-sink-in-countertop5-285x285.webp 285w, https:\/\/www.ceramicbasin.com\/wp-content\/uploads\/2025\/07\/sink-matte-finish\uff0cmatte-black-bathroom-sink\uff0cbathroom-sink-in-countertop5-270x270.webp 270w, https:\/\/www.ceramicbasin.com\/wp-content\/uploads\/2025\/07\/sink-matte-finish\uff0cmatte-black-bathroom-sink\uff0cbathroom-sink-in-countertop5-540x540.webp 540w, https:\/\/www.ceramicbasin.com\/wp-content\/uploads\/2025\/07\/sink-matte-finish\uff0cmatte-black-bathroom-sink\uff0cbathroom-sink-in-countertop5-660x660.webp 660w\" sizes=\"(max-width: 800px) 100vw, 800px\" \/><\/figure>\n<\/div>\n<\/div>\n\n\n\n<p><\/p>","protected":false},"excerpt":{"rendered":"<div class=\"highlights-border-container\" data-v-df95d256=\"\"><span class=\"highlights\" data-v-df95d256=\"\">Bienvenue \u00e0 l'achat de nos bols d'\u00e9vier de salle de bain personnalis\u00e9s. Hanyu factory direct sales of black ceramic custom bathroom countertop basin is made of high-quality ceramic material, durable and easy to clean. Convient \u00e0 la maison et \u00e0 l'utilisation commerciale, prend en charge la conception personnalis\u00e9e, et offre des prix de gros pr\u00e9f\u00e9rentiels.<\/span><\/div>\n<div class=\"text-stats\" data-v-df95d256=\"\">\u00a0<\/div>\n<table style=\"border-collapse: collapse; width: 311.02pt;\" border=\"0\" width=\"311\" cellspacing=\"0\" cellpadding=\"0\">\n<tbody>\n<tr style=\"height: 17.60pt;\">\n<td class=\"et3\" style=\"height: 17.60pt; width: 108.35pt;\" width=\"108\" height=\"17\">Fabricant<\/td>\n<td class=\"et3\" style=\"width: 202.95pt;\" width=\"202\">HanYu<\/td>\n<\/tr>\n<tr style=\"height: 17.60pt;\">\n<td class=\"et3\" style=\"height: 17.60pt;\" height=\"17\">Num\u00e9ro de mod\u00e8le.<\/td>\n<td class=\"et4\">HY8058MB<\/td>\n<\/tr>\n<tr style=\"height: 36.00pt;\">\n<td class=\"et3\" style=\"height: 36.00pt;\" height=\"36\">Type<\/td>\n<td class=\"et5\" style=\"width: 202.95pt;\" width=\"202\">\u00a0Cuvette mate, cuvette de comptoir<\/td>\n<\/tr>\n<tr style=\"height: 17.60pt;\">\n<td class=\"et3\" style=\"height: 17.60pt;\" height=\"17\">Forme<\/td>\n<td class=\"et3\">Forme ovale<\/td>\n<\/tr>\n<tr style=\"height: 18.00pt;\">\n<td class=\"et4\" style=\"height: 18.00pt;\" height=\"18\">Couleur<\/td>\n<td class=\"et5\" style=\"width: 202.95pt;\" width=\"202\">Noir mat<\/td>\n<\/tr>\n<tr style=\"height: 18.00pt;\">\n<td class=\"et3\" style=\"height: 18.00pt;\" height=\"18\">Dimension<\/td>\n<td class=\"et5\" style=\"width: 202.95pt;\" width=\"202\">80.5*40.5*13.5<\/td>\n<\/tr>\n<tr style=\"height: 17.60pt;\">\n<td class=\"et3\" style=\"height: 17.60pt;\" height=\"17\">N.W \/SET<\/td>\n<td class=\"et3\">20KGS\/PCS<\/td>\n<\/tr>\n<tr style=\"height: 17.60pt;\">\n<td class=\"et3\" style=\"height: 17.60pt;\" height=\"17\">MOQ<\/td>\n<td class=\"et3\">20pcs<\/td>\n<\/tr>\n<tr style=\"height: 17.60pt;\">\n<td class=\"et3\" style=\"height: 17.60pt;\" height=\"17\">Option personnalis\u00e9e<\/td>\n<td class=\"et3\">Couleur\/Pattenue\/Taille\/Logo\/Emballage<\/td>\n<\/tr>\n<\/tbody>\n<\/table>","protected":false},"featured_media":7297,"comment_status":"closed","ping_status":"closed","template":"","meta":{"_acf_changed":false},"product_brand":[],"product_cat":[50,55],"product_tag":[],"class_list":{"0":"post-7293","1":"product","2":"type-product","3":"status-publish","4":"has-post-thumbnail","6":"product_cat-wholesale-countertop-sinks","7":"product_cat-wholesale-matte-sinks","9":"first","10":"instock","11":"shipping-taxable","12":"product-type-simple"},"acf":[],"_links":{"self":[{"href":"https:\/\/www.ceramicbasin.com\/fr\/wp-json\/wp\/v2\/product\/7293","targetHints":{"allow":["GET"]}}],"collection":[{"href":"https:\/\/www.ceramicbasin.com\/fr\/wp-json\/wp\/v2\/product"}],"about":[{"href":"https:\/\/www.ceramicbasin.com\/fr\/wp-json\/wp\/v2\/types\/product"}],"replies":[{"embeddable":true,"href":"https:\/\/www.ceramicbasin.com\/fr\/wp-json\/wp\/v2\/comments?post=7293"}],"wp:featuredmedia":[{"embeddable":true,"href":"https:\/\/www.ceramicbasin.com\/fr\/wp-json\/wp\/v2\/media\/7297"}],"wp:attachment":[{"href":"https:\/\/www.ceramicbasin.com\/fr\/wp-json\/wp\/v2\/media?parent=7293"}],"wp:term":[{"taxonomy":"product_brand","embeddable":true,"href":"https:\/\/www.ceramicbasin.com\/fr\/wp-json\/wp\/v2\/product_brand?post=7293"},{"taxonomy":"product_cat","embeddable":true,"href":"https:\/\/www.ceramicbasin.com\/fr\/wp-json\/wp\/v2\/product_cat?post=7293"},{"taxonomy":"product_tag","embeddable":true,"href":"https:\/\/www.ceramicbasin.com\/fr\/wp-json\/wp\/v2\/product_tag?post=7293"}],"curies":[{"name":"wp","href":"https:\/\/api.w.org\/{rel}","templated":true}]}}