{"id":7334,"date":"2025-08-01T03:23:44","date_gmt":"2025-08-01T03:23:44","guid":{"rendered":"https:\/\/www.ceramicbasin.com\/?post_type=product&#038;p=7334"},"modified":"2025-08-01T03:23:46","modified_gmt":"2025-08-01T03:23:46","slug":"wholesale-wall-mounted-basin","status":"publish","type":"product","link":"https:\/\/www.ceramicbasin.com\/fr\/produit\/wholesale-wall-mounted-basin\/","title":{"rendered":"Wholesale Wall Mounted Basins, European Style Ceramic Sinks (lavabos en c\u00e9ramique de style europ\u00e9en)"},"content":{"rendered":"<div class=\"wp-block-columns is-layout-flex wp-container-core-columns-is-layout-9d6595d7 wp-block-columns-is-layout-flex\">\n<div class=\"wp-block-column is-layout-flow wp-block-column-is-layout-flow\">\n<h2 class=\"wp-block-heading\">Premium Wholesale Wall Mounted Basin Caract\u00e9ristiques :<\/h2>\n\n\n\n<ul class=\"wp-block-list\">\n<li><strong>Design classique :\u00a0<\/strong>Notre vasque murale en gros pr\u00e9sente un design classique intemporel avec des lignes \u00e9pur\u00e9es qui s'int\u00e8grent parfaitement \u00e0 tout style de salle de bains moderne ou traditionnel.<\/li>\n\n\n\n<li><strong>Fabrication de premi\u00e8re qualit\u00e9 :<\/strong>\u00a0Cet \u00e9vier en c\u00e9ramique suspendu utilise des mat\u00e9riaux s\u00e9lectionn\u00e9s et des processus de production de pr\u00e9cision pour garantir une construction solide, lisse, facile \u00e0 nettoyer et durable.<\/li>\n\n\n\n<li><strong>Directement de l'usine :\u00a0<\/strong>Les vasques murales en gros de HanYu sont directement vendues en gros par l'usine, ce qui \u00e9limine les interm\u00e9diaires et vous garantit des vasques murales de haute qualit\u00e9 au prix le plus bas.<\/li>\n\n\n\n<li><strong>Stock suffisant :\u00a0<\/strong>Notre usine de fourniture de lavabos suspendus en c\u00e9ramique dispose d'un stock important pour r\u00e9pondre \u00e0 vos commandes urgentes ou \u00e0 vos besoins en grandes quantit\u00e9s, r\u00e9duire le temps d'attente et r\u00e9pondre rapidement aux besoins de votre projet.<\/li>\n<\/ul>\n<\/div>\n\n\n\n<div class=\"wp-block-column is-layout-flow wp-block-column-is-layout-flow\">\n<figure class=\"wp-block-image size-full\"><img fetchpriority=\"high\" decoding=\"async\" width=\"866\" height=\"866\" src=\"https:\/\/www.ceramicbasin.com\/wp-content\/uploads\/2025\/07\/European-Style-Ceramic-Vanity-SinksWall-Mounted-Sink-Wholesale-5.webp\" alt=\"Wholesale Wall Mounted Basins, European Style Ceramic Sinks-1\" class=\"wp-image-7339\" srcset=\"https:\/\/www.ceramicbasin.com\/wp-content\/uploads\/2025\/07\/European-Style-Ceramic-Vanity-SinksWall-Mounted-Sink-Wholesale-5.webp 866w, https:\/\/www.ceramicbasin.com\/wp-content\/uploads\/2025\/07\/European-Style-Ceramic-Vanity-SinksWall-Mounted-Sink-Wholesale-5-300x300.webp 300w, https:\/\/www.ceramicbasin.com\/wp-content\/uploads\/2025\/07\/European-Style-Ceramic-Vanity-SinksWall-Mounted-Sink-Wholesale-5-150x150.webp 150w, https:\/\/www.ceramicbasin.com\/wp-content\/uploads\/2025\/07\/European-Style-Ceramic-Vanity-SinksWall-Mounted-Sink-Wholesale-5-768x768.webp 768w, https:\/\/www.ceramicbasin.com\/wp-content\/uploads\/2025\/07\/European-Style-Ceramic-Vanity-SinksWall-Mounted-Sink-Wholesale-5-12x12.webp 12w, https:\/\/www.ceramicbasin.com\/wp-content\/uploads\/2025\/07\/European-Style-Ceramic-Vanity-SinksWall-Mounted-Sink-Wholesale-5-285x285.webp 285w, https:\/\/www.ceramicbasin.com\/wp-content\/uploads\/2025\/07\/European-Style-Ceramic-Vanity-SinksWall-Mounted-Sink-Wholesale-5-270x270.webp 270w, https:\/\/www.ceramicbasin.com\/wp-content\/uploads\/2025\/07\/European-Style-Ceramic-Vanity-SinksWall-Mounted-Sink-Wholesale-5-540x540.webp 540w, https:\/\/www.ceramicbasin.com\/wp-content\/uploads\/2025\/07\/European-Style-Ceramic-Vanity-SinksWall-Mounted-Sink-Wholesale-5-660x660.webp 660w\" sizes=\"(max-width: 866px) 100vw, 866px\" \/><\/figure>\n<\/div>\n<\/div>\n\n\n\n<p><\/p>","protected":false},"excerpt":{"rendered":"<p>Bienvenue pour l'achat en gros de lavabos suspendus. Notre usine fournit des \u00e9viers muraux en c\u00e9ramique qui utilisent des mat\u00e9riaux de haute qualit\u00e9 et un artisanat exquis pour assurer la durabilit\u00e9 et la facilit\u00e9 de nettoyage de l'\u00e9vier. Nous fournissons des services personnalis\u00e9s pour r\u00e9pondre aux besoins des projets.<\/p>\n<table style=\"border-collapse: collapse; width: 358.52pt;\" border=\"0\" width=\"478\" cellspacing=\"0\" cellpadding=\"0\">\n<tbody>\n<tr style=\"height: 17.25pt;\">\n<td class=\"et3\" style=\"height: 17.25pt; width: 125.00pt;\" width=\"166\" height=\"23\">Fabricant<\/td>\n<td class=\"et3\" style=\"width: 234.15pt;\" width=\"312\">HanYu<\/td>\n<\/tr>\n<tr style=\"height: 17.25pt;\">\n<td class=\"et3\" style=\"height: 17.25pt;\" height=\"23\">Num\u00e9ro de mod\u00e8le.<\/td>\n<td class=\"et4\">HY-3058L_R<\/td>\n<\/tr>\n<tr style=\"height: 17.25pt;\">\n<td class=\"et3\" style=\"height: 17.25pt;\" height=\"23\">Type<\/td>\n<td class=\"et5\" style=\"width: 234.15pt;\" width=\"312\">\u00c9viers muraux<\/td>\n<\/tr>\n<tr style=\"height: 18.00pt;\">\n<td class=\"et3\" style=\"height: 18.00pt;\" height=\"24\">Forme<\/td>\n<td class=\"et3\">Forme carr\u00e9e<\/td>\n<\/tr>\n<tr style=\"height: 34.50pt;\">\n<td class=\"et4\" style=\"height: 34.50pt;\" height=\"46\">Couleur<\/td>\n<td class=\"et5\" style=\"width: 234.15pt;\" width=\"312\">noir\/blanc\/bleu\/gris\/rose\/vert\/marron\/kaki<\/td>\n<\/tr>\n<tr style=\"height: 18.00pt;\">\n<td class=\"et3\" style=\"height: 18.00pt;\" height=\"24\">Dimension<\/td>\n<td class=\"et5\" style=\"width: 234.15pt;\" width=\"312\">50.5*27*21<\/td>\n<\/tr>\n<tr style=\"height: 17.25pt;\">\n<td class=\"et3\" style=\"height: 17.25pt;\" height=\"23\">N.W \/SET<\/td>\n<td class=\"et3\">10KGS\/PCS<\/td>\n<\/tr>\n<tr style=\"height: 17.25pt;\">\n<td class=\"et3\" style=\"height: 17.25pt;\" height=\"23\">MOQ<\/td>\n<td class=\"et3\">20pcs<\/td>\n<\/tr>\n<tr style=\"height: 17.25pt;\">\n<td class=\"et3\" style=\"height: 17.25pt;\" height=\"23\">Option personnalis\u00e9e<\/td>\n<td class=\"et3\">Couleur\/Pattenue\/Taille\/Logo\/Emballage<\/td>\n<\/tr>\n<\/tbody>\n<\/table>","protected":false},"featured_media":7336,"comment_status":"closed","ping_status":"closed","template":"","meta":{"_acf_changed":false},"product_brand":[],"product_cat":[57],"product_tag":[],"class_list":{"0":"post-7334","1":"product","2":"type-product","3":"status-publish","4":"has-post-thumbnail","6":"product_cat-wholesale-wall-mounted-sinks","8":"first","9":"instock","10":"shipping-taxable","11":"product-type-simple"},"acf":[],"_links":{"self":[{"href":"https:\/\/www.ceramicbasin.com\/fr\/wp-json\/wp\/v2\/product\/7334","targetHints":{"allow":["GET"]}}],"collection":[{"href":"https:\/\/www.ceramicbasin.com\/fr\/wp-json\/wp\/v2\/product"}],"about":[{"href":"https:\/\/www.ceramicbasin.com\/fr\/wp-json\/wp\/v2\/types\/product"}],"replies":[{"embeddable":true,"href":"https:\/\/www.ceramicbasin.com\/fr\/wp-json\/wp\/v2\/comments?post=7334"}],"wp:featuredmedia":[{"embeddable":true,"href":"https:\/\/www.ceramicbasin.com\/fr\/wp-json\/wp\/v2\/media\/7336"}],"wp:attachment":[{"href":"https:\/\/www.ceramicbasin.com\/fr\/wp-json\/wp\/v2\/media?parent=7334"}],"wp:term":[{"taxonomy":"product_brand","embeddable":true,"href":"https:\/\/www.ceramicbasin.com\/fr\/wp-json\/wp\/v2\/product_brand?post=7334"},{"taxonomy":"product_cat","embeddable":true,"href":"https:\/\/www.ceramicbasin.com\/fr\/wp-json\/wp\/v2\/product_cat?post=7334"},{"taxonomy":"product_tag","embeddable":true,"href":"https:\/\/www.ceramicbasin.com\/fr\/wp-json\/wp\/v2\/product_tag?post=7334"}],"curies":[{"name":"wp","href":"https:\/\/api.w.org\/{rel}","templated":true}]}}