{"id":7349,"date":"2025-08-01T03:05:12","date_gmt":"2025-08-01T03:05:12","guid":{"rendered":"https:\/\/www.ceramicbasin.com\/?post_type=product&#038;p=7349"},"modified":"2025-08-01T03:05:15","modified_gmt":"2025-08-01T03:05:15","slug":"wholesale-wall-mounted-sinks","status":"publish","type":"product","link":"https:\/\/www.ceramicbasin.com\/fr\/produit\/wholesale-wall-mounted-sinks\/","title":{"rendered":"Factory Wholesale Wall Mounted Sinks, Porcelain Wash Basins (lavabos en porcelaine)"},"content":{"rendered":"<div class=\"wp-block-columns is-layout-flex wp-container-core-columns-is-layout-9d6595d7 wp-block-columns-is-layout-flex\">\n<div class=\"wp-block-column is-layout-flow wp-block-column-is-layout-flow\">\n<h2 class=\"wp-block-heading\">Premium Wholesale Wall Mounted Sinks Caract\u00e9ristiques :<\/h2>\n\n\n\n<ul class=\"wp-block-list\">\n<li><strong>Nouvelle conception :<\/strong> Ce lavabo mural est un lavabo en c\u00e9ramique personnalis\u00e9 OEM ODM, dont les lignes \u00e9pur\u00e9es s'int\u00e8grent parfaitement \u00e0 tout environnement moderne.<\/li>\n\n\n\n<li><strong>Fabriqu\u00e9 en porcelaine de haute qualit\u00e9 :<\/strong> Nos vasques suspendues s\u00e9lectionnent en gros de l'argile porcelaine de haute qualit\u00e9 et sont cuites \u00e0 haute temp\u00e9rature pour garantir que les vasques ont une texture solide, une surface lisse, sont faciles \u00e0 nettoyer et brillent durablement.<\/li>\n\n\n\n<li><strong>Installation murale :<\/strong> La conception de notre \u00e9vier mural en gros permet non seulement d'\u00e9conomiser de l'espace, mais aussi de faciliter le nettoyage du sol en dessous, ce qui permet de garder la salle de bains propre et de cr\u00e9er un environnement d'utilisation rafra\u00eechissant.<\/li>\n\n\n\n<li><strong>\u00c9conomies sur les achats en gros : <\/strong>HanYu peut fournir des bassins suspendus en gros avec des prix d'achat comp\u00e9titifs pour vous aider \u00e0 contr\u00f4ler efficacement les co\u00fbts de d\u00e9coration sans sacrifier la qualit\u00e9.<\/li>\n<\/ul>\n<\/div>\n\n\n\n<div class=\"wp-block-column is-layout-flow wp-block-column-is-layout-flow\">\n<figure class=\"wp-block-image size-full\"><img fetchpriority=\"high\" decoding=\"async\" width=\"880\" height=\"880\" src=\"https:\/\/www.ceramicbasin.com\/wp-content\/uploads\/2025\/07\/Porcelain-Washbasin-FactoryWall-Mounted-Wash-Basin-Supplier-2.webp\" alt=\"Factory Wholesale Wall Mounted Sinks, Porcelain Wash Basins-1\" class=\"wp-image-7351\" srcset=\"https:\/\/www.ceramicbasin.com\/wp-content\/uploads\/2025\/07\/Porcelain-Washbasin-FactoryWall-Mounted-Wash-Basin-Supplier-2.webp 880w, https:\/\/www.ceramicbasin.com\/wp-content\/uploads\/2025\/07\/Porcelain-Washbasin-FactoryWall-Mounted-Wash-Basin-Supplier-2-300x300.webp 300w, https:\/\/www.ceramicbasin.com\/wp-content\/uploads\/2025\/07\/Porcelain-Washbasin-FactoryWall-Mounted-Wash-Basin-Supplier-2-150x150.webp 150w, https:\/\/www.ceramicbasin.com\/wp-content\/uploads\/2025\/07\/Porcelain-Washbasin-FactoryWall-Mounted-Wash-Basin-Supplier-2-768x768.webp 768w, https:\/\/www.ceramicbasin.com\/wp-content\/uploads\/2025\/07\/Porcelain-Washbasin-FactoryWall-Mounted-Wash-Basin-Supplier-2-12x12.webp 12w, https:\/\/www.ceramicbasin.com\/wp-content\/uploads\/2025\/07\/Porcelain-Washbasin-FactoryWall-Mounted-Wash-Basin-Supplier-2-285x285.webp 285w, https:\/\/www.ceramicbasin.com\/wp-content\/uploads\/2025\/07\/Porcelain-Washbasin-FactoryWall-Mounted-Wash-Basin-Supplier-2-270x270.webp 270w, https:\/\/www.ceramicbasin.com\/wp-content\/uploads\/2025\/07\/Porcelain-Washbasin-FactoryWall-Mounted-Wash-Basin-Supplier-2-540x540.webp 540w, https:\/\/www.ceramicbasin.com\/wp-content\/uploads\/2025\/07\/Porcelain-Washbasin-FactoryWall-Mounted-Wash-Basin-Supplier-2-660x660.webp 660w\" sizes=\"(max-width: 880px) 100vw, 880px\" \/><\/figure>\n<\/div>\n<\/div>\n\n\n\n<p><\/p>","protected":false},"excerpt":{"rendered":"<p>Bienvenue pour acheter en gros des lavabos suspendus. Notre livraison rapide de lavabos suspendus en gros peut r\u00e9pondre aux besoins urgents des projets. Nous fournissons \u00e9galement des services personnalis\u00e9s, de sorte que vous pouvez ajuster les d\u00e9tails du produit en fonction des besoins du projet pour obtenir une correspondance parfaite dans le design.<\/p>\n<table style=\"border-collapse: collapse; width: 358.52pt;\" border=\"0\" width=\"478\" cellspacing=\"0\" cellpadding=\"0\">\n<tbody>\n<tr style=\"height: 17.25pt;\">\n<td class=\"et3\" style=\"height: 17.25pt; width: 125.00pt;\" width=\"166\" height=\"23\">Fabricant<\/td>\n<td class=\"et3\" style=\"width: 234.15pt;\" width=\"312\">HanYu<\/td>\n<\/tr>\n<tr style=\"height: 17.25pt;\">\n<td class=\"et3\" style=\"height: 17.25pt;\" height=\"23\">Num\u00e9ro de mod\u00e8le.<\/td>\n<td class=\"et4\">HY-3060<\/td>\n<\/tr>\n<tr style=\"height: 17.25pt;\">\n<td class=\"et3\" style=\"height: 17.25pt;\" height=\"23\">Type<\/td>\n<td class=\"et5\" style=\"width: 234.15pt;\" width=\"312\">\u00c9viers muraux<\/td>\n<\/tr>\n<tr style=\"height: 18.00pt;\">\n<td class=\"et3\" style=\"height: 18.00pt;\" height=\"24\">Forme<\/td>\n<td class=\"et3\">Forme rectangulaire<\/td>\n<\/tr>\n<tr style=\"height: 34.50pt;\">\n<td class=\"et4\" style=\"height: 34.50pt;\" height=\"46\">Couleur<\/td>\n<td class=\"et5\" style=\"width: 234.15pt;\" width=\"312\">noir\/blanc\/bleu\/gris\/rose\/vert\/marron\/kaki<\/td>\n<\/tr>\n<tr style=\"height: 18.00pt;\">\n<td class=\"et3\" style=\"height: 18.00pt;\" height=\"24\">Dimension<\/td>\n<td class=\"et5\" style=\"width: 234.15pt;\" width=\"312\">46*33*21<\/td>\n<\/tr>\n<tr style=\"height: 17.25pt;\">\n<td class=\"et3\" style=\"height: 17.25pt;\" height=\"23\">N.W \/SET<\/td>\n<td class=\"et3\">8.5KGS\/PCS<\/td>\n<\/tr>\n<tr style=\"height: 17.25pt;\">\n<td class=\"et3\" style=\"height: 17.25pt;\" height=\"23\">MOQ<\/td>\n<td class=\"et3\">20pcs<\/td>\n<\/tr>\n<tr style=\"height: 17.25pt;\">\n<td class=\"et3\" style=\"height: 17.25pt;\" height=\"23\">Option personnalis\u00e9e<\/td>\n<td class=\"et3\">Couleur\/Pattenue\/Taille\/Logo\/Emballage<\/td>\n<\/tr>\n<\/tbody>\n<\/table>","protected":false},"featured_media":7353,"comment_status":"closed","ping_status":"closed","template":"","meta":{"_acf_changed":false},"product_brand":[],"product_cat":[57],"product_tag":[],"class_list":{"0":"post-7349","1":"product","2":"type-product","3":"status-publish","4":"has-post-thumbnail","6":"product_cat-wholesale-wall-mounted-sinks","8":"first","9":"instock","10":"shipping-taxable","11":"product-type-simple"},"acf":[],"_links":{"self":[{"href":"https:\/\/www.ceramicbasin.com\/fr\/wp-json\/wp\/v2\/product\/7349","targetHints":{"allow":["GET"]}}],"collection":[{"href":"https:\/\/www.ceramicbasin.com\/fr\/wp-json\/wp\/v2\/product"}],"about":[{"href":"https:\/\/www.ceramicbasin.com\/fr\/wp-json\/wp\/v2\/types\/product"}],"replies":[{"embeddable":true,"href":"https:\/\/www.ceramicbasin.com\/fr\/wp-json\/wp\/v2\/comments?post=7349"}],"wp:featuredmedia":[{"embeddable":true,"href":"https:\/\/www.ceramicbasin.com\/fr\/wp-json\/wp\/v2\/media\/7353"}],"wp:attachment":[{"href":"https:\/\/www.ceramicbasin.com\/fr\/wp-json\/wp\/v2\/media?parent=7349"}],"wp:term":[{"taxonomy":"product_brand","embeddable":true,"href":"https:\/\/www.ceramicbasin.com\/fr\/wp-json\/wp\/v2\/product_brand?post=7349"},{"taxonomy":"product_cat","embeddable":true,"href":"https:\/\/www.ceramicbasin.com\/fr\/wp-json\/wp\/v2\/product_cat?post=7349"},{"taxonomy":"product_tag","embeddable":true,"href":"https:\/\/www.ceramicbasin.com\/fr\/wp-json\/wp\/v2\/product_tag?post=7349"}],"curies":[{"name":"wp","href":"https:\/\/api.w.org\/{rel}","templated":true}]}}