{"id":7356,"date":"2025-08-01T02:59:03","date_gmt":"2025-08-01T02:59:03","guid":{"rendered":"https:\/\/www.ceramicbasin.com\/?post_type=product&#038;p=7356"},"modified":"2025-08-01T02:59:06","modified_gmt":"2025-08-01T02:59:06","slug":"wholesale-wall-mount-corner-sink","status":"publish","type":"product","link":"https:\/\/www.ceramicbasin.com\/fr\/produit\/wholesale-wall-mount-corner-sink\/","title":{"rendered":"Wholesale Wall Mount Corner Sinks, Classical Design Basins (\u00e9viers d'angle \u00e0 montage mural)"},"content":{"rendered":"<div class=\"wp-block-columns is-layout-flex wp-container-core-columns-is-layout-9d6595d7 wp-block-columns-is-layout-flex\">\n<div class=\"wp-block-column is-layout-flow wp-block-column-is-layout-flow\">\n<h2 class=\"wp-block-heading\">Premium Wholesale Wall Mount Corner Sink Caract\u00e9ristiques :<\/h2>\n\n\n\n<ul class=\"wp-block-list\">\n<li><strong>Traitement de l'\u00e9mail facile \u00e0 nettoyer :<\/strong>\u00a0La surface de cette vasque murale en c\u00e9ramique adopte une technologie sp\u00e9ciale de gla\u00e7age facile \u00e0 nettoyer, qui est lisse et d\u00e9licate, les taches n'adh\u00e8rent pas facilement et sont faciles \u00e0 nettoyer.<\/li>\n\n\n\n<li><strong>Haute qualit\u00e9 et durabilit\u00e9 : <\/strong>Nos \u00e9viers d'angle \u00e0 montage mural sont fabriqu\u00e9s en c\u00e9ramique de haute qualit\u00e9, et leur surface est r\u00e9sistante aux rayures et aux taches. La surface est r\u00e9sistante aux rayures et aux taches. Elle n'accumule pas l'eau et ne laisse pas de taches r\u00e9siduelles facilement.<\/li>\n\n\n\n<li><strong>Facile \u00e0 installer :<\/strong> Ce bassin en c\u00e9ramique \u00e0 suspendre est livr\u00e9 en gros avec des accessoires et des \u00e9tapes d'installation simplifi\u00e9es. Ils conviennent aux espaces r\u00e9sidentiels, h\u00f4teliers et commerciaux, et r\u00e9pondent aux diff\u00e9rents besoins d'am\u00e9nagement et de d\u00e9coration des salles de bains.<\/li>\n\n\n\n<li><strong>Optimise l'agencement de la salle de bains : <\/strong>Notre lavabo d'angle \u00e0 montage mural optimise l'agencement de la salle de bains gr\u00e2ce \u00e0 une structure murale triangulaire peu encombrante. Le design moderne et simple s'adapte \u00e0 une vari\u00e9t\u00e9 de styles d\u00e9coratifs et constitue un choix id\u00e9al pour les espaces compacts.<\/li>\n<\/ul>\n<\/div>\n\n\n\n<div class=\"wp-block-column is-layout-flow wp-block-column-is-layout-flow\">\n<figure class=\"wp-block-image size-full\"><img fetchpriority=\"high\" decoding=\"async\" width=\"912\" height=\"912\" src=\"https:\/\/www.ceramicbasin.com\/wp-content\/uploads\/2025\/07\/Classical-Design-Sanitary-Corner-Wall-Hung-Basin-Triangle-Shape-Basin-6.webp\" alt=\"Wholesale Wall Mount Corner Sinks, Classical Design Basins-1\" class=\"wp-image-7362\" srcset=\"https:\/\/www.ceramicbasin.com\/wp-content\/uploads\/2025\/07\/Classical-Design-Sanitary-Corner-Wall-Hung-Basin-Triangle-Shape-Basin-6.webp 912w, https:\/\/www.ceramicbasin.com\/wp-content\/uploads\/2025\/07\/Classical-Design-Sanitary-Corner-Wall-Hung-Basin-Triangle-Shape-Basin-6-300x300.webp 300w, https:\/\/www.ceramicbasin.com\/wp-content\/uploads\/2025\/07\/Classical-Design-Sanitary-Corner-Wall-Hung-Basin-Triangle-Shape-Basin-6-150x150.webp 150w, https:\/\/www.ceramicbasin.com\/wp-content\/uploads\/2025\/07\/Classical-Design-Sanitary-Corner-Wall-Hung-Basin-Triangle-Shape-Basin-6-768x768.webp 768w, https:\/\/www.ceramicbasin.com\/wp-content\/uploads\/2025\/07\/Classical-Design-Sanitary-Corner-Wall-Hung-Basin-Triangle-Shape-Basin-6-12x12.webp 12w, https:\/\/www.ceramicbasin.com\/wp-content\/uploads\/2025\/07\/Classical-Design-Sanitary-Corner-Wall-Hung-Basin-Triangle-Shape-Basin-6-285x285.webp 285w, https:\/\/www.ceramicbasin.com\/wp-content\/uploads\/2025\/07\/Classical-Design-Sanitary-Corner-Wall-Hung-Basin-Triangle-Shape-Basin-6-270x270.webp 270w, https:\/\/www.ceramicbasin.com\/wp-content\/uploads\/2025\/07\/Classical-Design-Sanitary-Corner-Wall-Hung-Basin-Triangle-Shape-Basin-6-540x540.webp 540w, https:\/\/www.ceramicbasin.com\/wp-content\/uploads\/2025\/07\/Classical-Design-Sanitary-Corner-Wall-Hung-Basin-Triangle-Shape-Basin-6-660x660.webp 660w\" sizes=\"(max-width: 912px) 100vw, 912px\" \/><\/figure>\n<\/div>\n<\/div>","protected":false},"excerpt":{"rendered":"<p>Bienvenue sur le site de vente en gros de lavabos en c\u00e9ramique. Notre lavabo d'angle \u00e0 montage mural optimise l'agencement de la salle de bains gr\u00e2ce \u00e0 une structure murale triangulaire peu encombrante. Le style moderne et simple convient \u00e0 une vari\u00e9t\u00e9 de styles d\u00e9coratifs et constitue un choix id\u00e9al pour les espaces compacts.<\/p>\n<table style=\"border-collapse: collapse; width: 311.02pt;\" border=\"0\" width=\"311\" cellspacing=\"0\" cellpadding=\"0\">\n<tbody>\n<tr style=\"height: 17.60pt;\">\n<td class=\"et3\" style=\"height: 17.60pt; width: 108.35pt;\" width=\"108\" height=\"17\">Fabricant<\/td>\n<td class=\"et3\" style=\"width: 202.95pt;\" width=\"202\">HanYu<\/td>\n<\/tr>\n<tr style=\"height: 17.60pt;\">\n<td class=\"et3\" style=\"height: 17.60pt;\" height=\"17\">Num\u00e9ro de mod\u00e8le.<\/td>\n<td class=\"et4\">HY3061<\/td>\n<\/tr>\n<tr style=\"height: 17.60pt;\">\n<td class=\"et3\" style=\"height: 17.60pt;\" height=\"17\">Type<\/td>\n<td class=\"et3\">Cuvette murale<\/td>\n<\/tr>\n<tr style=\"height: 17.60pt;\">\n<td class=\"et3\" style=\"height: 17.60pt;\" height=\"17\">Forme<\/td>\n<td class=\"et2\">Forme de triangle<\/td>\n<\/tr>\n<tr style=\"height: 17.60pt;\">\n<td class=\"et4\" style=\"height: 17.60pt;\" height=\"17\">Couleur<\/td>\n<td class=\"et3\">Blanc<\/td>\n<\/tr>\n<tr style=\"height: 18.00pt;\">\n<td class=\"et3\" style=\"height: 18.00pt;\" height=\"18\">Dimension<\/td>\n<td class=\"et5\" style=\"width: 202.95pt;\" width=\"202\">31*31*19.5<\/td>\n<\/tr>\n<tr style=\"height: 17.60pt;\">\n<td class=\"et3\" style=\"height: 17.60pt;\" height=\"17\">N.W \/SET<\/td>\n<td class=\"et3\">7.5KGS\/PCS<\/td>\n<\/tr>\n<tr style=\"height: 17.60pt;\">\n<td class=\"et3\" style=\"height: 17.60pt;\" height=\"17\">MOQ<\/td>\n<td class=\"et3\">20pcs<\/td>\n<\/tr>\n<tr style=\"height: 17.60pt;\">\n<td class=\"et3\" style=\"height: 17.60pt;\" height=\"17\">Option personnalis\u00e9e<\/td>\n<td class=\"et3\">Couleur\/Pattenue\/Taille\/Logo\/Emballage<\/td>\n<\/tr>\n<\/tbody>\n<\/table>","protected":false},"featured_media":7361,"comment_status":"closed","ping_status":"closed","template":"","meta":{"_acf_changed":false},"product_brand":[],"product_cat":[57],"product_tag":[],"class_list":{"0":"post-7356","1":"product","2":"type-product","3":"status-publish","4":"has-post-thumbnail","6":"product_cat-wholesale-wall-mounted-sinks","8":"first","9":"instock","10":"shipping-taxable","11":"product-type-simple"},"acf":[],"_links":{"self":[{"href":"https:\/\/www.ceramicbasin.com\/fr\/wp-json\/wp\/v2\/product\/7356","targetHints":{"allow":["GET"]}}],"collection":[{"href":"https:\/\/www.ceramicbasin.com\/fr\/wp-json\/wp\/v2\/product"}],"about":[{"href":"https:\/\/www.ceramicbasin.com\/fr\/wp-json\/wp\/v2\/types\/product"}],"replies":[{"embeddable":true,"href":"https:\/\/www.ceramicbasin.com\/fr\/wp-json\/wp\/v2\/comments?post=7356"}],"wp:featuredmedia":[{"embeddable":true,"href":"https:\/\/www.ceramicbasin.com\/fr\/wp-json\/wp\/v2\/media\/7361"}],"wp:attachment":[{"href":"https:\/\/www.ceramicbasin.com\/fr\/wp-json\/wp\/v2\/media?parent=7356"}],"wp:term":[{"taxonomy":"product_brand","embeddable":true,"href":"https:\/\/www.ceramicbasin.com\/fr\/wp-json\/wp\/v2\/product_brand?post=7356"},{"taxonomy":"product_cat","embeddable":true,"href":"https:\/\/www.ceramicbasin.com\/fr\/wp-json\/wp\/v2\/product_cat?post=7356"},{"taxonomy":"product_tag","embeddable":true,"href":"https:\/\/www.ceramicbasin.com\/fr\/wp-json\/wp\/v2\/product_tag?post=7356"}],"curies":[{"name":"wp","href":"https:\/\/api.w.org\/{rel}","templated":true}]}}