{"id":7373,"date":"2025-08-07T08:58:46","date_gmt":"2025-08-07T08:58:46","guid":{"rendered":"https:\/\/www.ceramicbasin.com\/?post_type=product&#038;p=7373"},"modified":"2025-11-05T03:11:39","modified_gmt":"2025-11-05T03:11:39","slug":"wholesale-modern-countertop-basin","status":"publish","type":"product","link":"https:\/\/www.ceramicbasin.com\/fr\/produit\/wholesale-modern-countertop-basin\/","title":{"rendered":"Wholesale Modern Countertop Basin, Rectangular Vanity Sink"},"content":{"rendered":"<div class=\"wp-block-columns is-layout-flex wp-container-core-columns-is-layout-9d6595d7 wp-block-columns-is-layout-flex\">\n<div class=\"wp-block-column is-layout-flow wp-block-column-is-layout-flow\">\n<h2 class=\"wp-block-heading\">Premium Wholesale Modern Countertop Basin Caract\u00e9ristiques :<\/h2>\n\n\n\n<ul class=\"wp-block-list\">\n<li><strong>Design rectangulaire classique : <\/strong>Cet \u00e9vier de comptoir de salle de bains personnalis\u00e9 adopte un design rectangulaire classique, avec des lignes simples et \u00e9l\u00e9gantes et une forme classique et polyvalente, adapt\u00e9e \u00e0 diff\u00e9rents styles de salle de bains, ajoutant un temp\u00e9rament moderne et \u00e9l\u00e9gant \u00e0 l'espace de la salle de bains.<\/li>\n\n\n\n<li><strong>Mat\u00e9riau de haute qualit\u00e9 : <\/strong>Fabriqu\u00e9 \u00e0 partir de mat\u00e9riaux c\u00e9ramiques de premi\u00e8re qualit\u00e9, cuit \u00e0 haute temp\u00e9rature, pour rendre notre vasque de comptoir moderne robuste, r\u00e9sistante, \u00e0 l'\u00e9preuve des taches et des rayures. La surface transparente est non seulement facile \u00e0 nettoyer, mais elle est \u00e9galement durable et brillante pendant tr\u00e8s longtemps, ce qui conf\u00e8re \u00e0 la salle de bain un temp\u00e9rament haut de gamme.<\/li>\n\n\n\n<li><strong>Design moderne et minimaliste : <\/strong>Ces \u00e9viers en c\u00e9ramique magnifiquement fabriqu\u00e9s \u00e0 la main ont des bords droits, nets et carr\u00e9s qui cr\u00e9ent une image claire et nette, adapt\u00e9e aux styles moderne, nordique et minimaliste, ainsi qu'\u00e0 d'autres styles de salles de bains. L'\u00e9mail de la surface est plat, uniforme, r\u00e9sistant aux rayures et aux taches, facile \u00e0 nettoyer, et conserve sa finition blanche et brillante apr\u00e8s une utilisation prolong\u00e9e.<\/li>\n\n\n\n<li><strong>Personnalisation professionnelle :<\/strong> Hanyu fournit une vari\u00e9t\u00e9 d'options de personnalisation pour les bassins de comptoir modernes en gros. Qu'il s'agisse de la couleur, de la forme ou de la texture, nous pouvons r\u00e9pondre \u00e0 vos besoins et vous fournir des produits de bassin en c\u00e9ramique plus comp\u00e9titifs.<\/li>\n<\/ul>\n<\/div>\n\n\n\n<div class=\"wp-block-column is-layout-flow wp-block-column-is-layout-flow\">\n<figure class=\"wp-block-image size-full\"><img fetchpriority=\"high\" decoding=\"async\" width=\"634\" height=\"855\" src=\"https:\/\/www.ceramicbasin.com\/wp-content\/uploads\/2025\/08\/Wholesales-Sanitary-Ware-Basin-5.webp\" alt=\"wholesale-modern-countertop-basin-hotel-ceramic-bathroom-sink-custom-5\" class=\"wp-image-7418\" srcset=\"https:\/\/www.ceramicbasin.com\/wp-content\/uploads\/2025\/08\/Wholesales-Sanitary-Ware-Basin-5.webp 634w, https:\/\/www.ceramicbasin.com\/wp-content\/uploads\/2025\/08\/Wholesales-Sanitary-Ware-Basin-5-222x300.webp 222w, https:\/\/www.ceramicbasin.com\/wp-content\/uploads\/2025\/08\/Wholesales-Sanitary-Ware-Basin-5-9x12.webp 9w, https:\/\/www.ceramicbasin.com\/wp-content\/uploads\/2025\/08\/Wholesales-Sanitary-Ware-Basin-5-285x384.webp 285w, https:\/\/www.ceramicbasin.com\/wp-content\/uploads\/2025\/08\/Wholesales-Sanitary-Ware-Basin-5-489x660.webp 489w, https:\/\/www.ceramicbasin.com\/wp-content\/uploads\/2025\/08\/Wholesales-Sanitary-Ware-Basin-5-111x150.webp 111w\" sizes=\"(max-width: 634px) 100vw, 634px\" \/><\/figure>\n<\/div>\n<\/div>","protected":false},"excerpt":{"rendered":"<div class=\"highlights-border-container\" data-v-944c06bb=\"\"><span class=\"highlights\" data-v-944c06bb=\"\">Bienvenue sur le site de HanYu pour l'achat en gros d'un \u00e9vier de comptoir moderne. Cet \u00e9vier carr\u00e9 en c\u00e9ramique blanche est fabriqu\u00e9 \u00e0 l'aide d'une technologie de cuisson \u00e0 haute temp\u00e9rature, avec une surface glac\u00e9e lisse et d\u00e9licate qui offre une excellente r\u00e9sistance aux taches et aux rayures, ce qui le rend facile \u00e0 nettoyer et lui permet de garder son aspect neuf pendant longtemps. Nous offrons des prix tr\u00e8s comp\u00e9titifs pour r\u00e9pondre \u00e0 vos besoins d'achat d'\u00e9vier de salle de bain.<\/span><\/div>\n<div class=\"text-stats\" data-v-944c06bb=\"\">\n<div class=\"stats\" data-v-944c06bb=\"\"><span class=\"highlights-note\" data-v-944c06bb=\"\">\u00a0<\/span><\/div>\n<\/div>\n<table style=\"border-collapse: collapse; width: 311.02pt;\" border=\"0\" width=\"311\" cellspacing=\"0\" cellpadding=\"0\">\n<tbody>\n<tr style=\"height: 17.60pt;\">\n<td class=\"et3\" style=\"height: 17.60pt; width: 108.35pt;\" width=\"108\" height=\"17\">Fabricant<\/td>\n<td class=\"et3\" style=\"width: 202.95pt;\" width=\"202\">HanYu<\/td>\n<\/tr>\n<tr style=\"height: 17.60pt;\">\n<td class=\"et3\" style=\"height: 17.60pt;\" height=\"17\">Num\u00e9ro de mod\u00e8le.<\/td>\n<td class=\"et4\">HY-8064-45<\/td>\n<\/tr>\n<tr style=\"height: 17.60pt;\">\n<td class=\"et3\" style=\"height: 17.60pt;\" height=\"17\">Type<\/td>\n<td class=\"et3\">Bassin de comptoir<\/td>\n<\/tr>\n<tr style=\"height: 17.60pt;\">\n<td class=\"et3\" style=\"height: 17.60pt;\" height=\"17\">Forme<\/td>\n<td class=\"et3\">Forme rectangulaire<\/td>\n<\/tr>\n<tr style=\"height: 17.60pt;\">\n<td class=\"et4\" style=\"height: 17.60pt;\" height=\"17\">Couleur<\/td>\n<td class=\"et3\">Blanc<\/td>\n<\/tr>\n<tr style=\"height: 18.00pt;\">\n<td class=\"et3\" style=\"height: 18.00pt;\" height=\"18\">Dimension<\/td>\n<td class=\"et5\" style=\"width: 202.95pt;\" width=\"202\">45*38*11<\/td>\n<\/tr>\n<tr style=\"height: 17.60pt;\">\n<td class=\"et3\" style=\"height: 17.60pt;\" height=\"17\">N.W \/SET<\/td>\n<td class=\"et3\">8KGS\/PCS<\/td>\n<\/tr>\n<tr style=\"height: 17.60pt;\">\n<td class=\"et3\" style=\"height: 17.60pt;\" height=\"17\">MOQ<\/td>\n<td class=\"et3\">20pcs<\/td>\n<\/tr>\n<tr style=\"height: 17.60pt;\">\n<td class=\"et3\" style=\"height: 17.60pt;\" height=\"17\">Option personnalis\u00e9e<\/td>\n<td class=\"et3\">Couleur\/Pattenue\/Taille\/Logo\/Emballage<\/td>\n<\/tr>\n<\/tbody>\n<\/table>","protected":false},"featured_media":7419,"comment_status":"closed","ping_status":"closed","template":"","meta":{"_acf_changed":false},"product_brand":[],"product_cat":[50],"product_tag":[],"class_list":{"0":"post-7373","1":"product","2":"type-product","3":"status-publish","4":"has-post-thumbnail","6":"product_cat-wholesale-countertop-sinks","8":"first","9":"instock","10":"shipping-taxable","11":"product-type-simple"},"acf":[],"_links":{"self":[{"href":"https:\/\/www.ceramicbasin.com\/fr\/wp-json\/wp\/v2\/product\/7373","targetHints":{"allow":["GET"]}}],"collection":[{"href":"https:\/\/www.ceramicbasin.com\/fr\/wp-json\/wp\/v2\/product"}],"about":[{"href":"https:\/\/www.ceramicbasin.com\/fr\/wp-json\/wp\/v2\/types\/product"}],"replies":[{"embeddable":true,"href":"https:\/\/www.ceramicbasin.com\/fr\/wp-json\/wp\/v2\/comments?post=7373"}],"wp:featuredmedia":[{"embeddable":true,"href":"https:\/\/www.ceramicbasin.com\/fr\/wp-json\/wp\/v2\/media\/7419"}],"wp:attachment":[{"href":"https:\/\/www.ceramicbasin.com\/fr\/wp-json\/wp\/v2\/media?parent=7373"}],"wp:term":[{"taxonomy":"product_brand","embeddable":true,"href":"https:\/\/www.ceramicbasin.com\/fr\/wp-json\/wp\/v2\/product_brand?post=7373"},{"taxonomy":"product_cat","embeddable":true,"href":"https:\/\/www.ceramicbasin.com\/fr\/wp-json\/wp\/v2\/product_cat?post=7373"},{"taxonomy":"product_tag","embeddable":true,"href":"https:\/\/www.ceramicbasin.com\/fr\/wp-json\/wp\/v2\/product_tag?post=7373"}],"curies":[{"name":"wp","href":"https:\/\/api.w.org\/{rel}","templated":true}]}}