{"id":7381,"date":"2025-08-07T09:21:35","date_gmt":"2025-08-07T09:21:35","guid":{"rendered":"https:\/\/www.ceramicbasin.com\/?post_type=product&#038;p=7381"},"modified":"2025-11-03T07:24:19","modified_gmt":"2025-11-03T07:24:19","slug":"custom-modern-countertop-basin","status":"publish","type":"product","link":"https:\/\/www.ceramicbasin.com\/fr\/produit\/custom-modern-countertop-basin\/","title":{"rendered":"Custom Modern Countertop Basin, Wholesale Ceramic Sinks (lavabos en c\u00e9ramique)"},"content":{"rendered":"<div class=\"wp-block-columns is-layout-flex wp-container-core-columns-is-layout-9d6595d7 wp-block-columns-is-layout-flex\">\n<div class=\"wp-block-column is-layout-flow wp-block-column-is-layout-flow\">\n<h2 class=\"wp-block-heading\">Premium Custom Modern Countertop Basin Features :<\/h2>\n\n\n\n<ul class=\"wp-block-list\">\n<li><strong>Design rectangulaire moderne :<\/strong> Cette vasque \u00e0 poser moderne et personnalis\u00e9e adopte un design rectangulaire simple et \u00e9l\u00e9gant, avec des lignes douces et un style moderne. Elle s'int\u00e8gre parfaitement dans les diff\u00e9rents styles de d\u00e9coration de la salle de bains, ajoutant \u00e9l\u00e9gance et modernit\u00e9 \u00e0 l'espace de la salle de bains.<\/li>\n\n\n\n<li><strong>Conception de grande taille : <\/strong>L'\u00e9vier de grande taille \u00e0 poser sur le comptoir r\u00e9pond \u00e0 la demande d'espace de lavabo spacieux. Il est non seulement pratique, mais il peut \u00e9galement am\u00e9liorer la qualit\u00e9 et le confort de la salle de bains. Il convient aux maisons et aux h\u00f4tels de luxe.<\/li>\n\n\n\n<li><strong>Options personnalis\u00e9es : <\/strong>HanYu propose des services de vasques modernes personnalis\u00e9es, offrant une vari\u00e9t\u00e9 de tailles, de couleurs et de textures en fonction des besoins du client, r\u00e9pondant aux diff\u00e9rents designs de salle de bain et aux pr\u00e9f\u00e9rences personnelles, et cr\u00e9ant un espace de salle de bain unique pour vous.<\/li>\n\n\n\n<li><strong>Prix de gros : <\/strong>Notre \u00e9vier de cuve personnalis\u00e9 en vrac est vendu au prix de gros direct de l'usine afin d'augmenter l'espace de profit pour les clients. Bienvenue aux acheteurs B2B pour l'achat en gros.<\/li>\n<\/ul>\n<\/div>\n\n\n\n<div class=\"wp-block-column is-layout-flow wp-block-column-is-layout-flow\">\n<figure class=\"wp-block-image size-full\"><img fetchpriority=\"high\" decoding=\"async\" width=\"757\" height=\"857\" src=\"https:\/\/www.ceramicbasin.com\/wp-content\/uploads\/2025\/08\/Table-Top-Hand-Wash-Basin-5.webp\" alt=\"custom-modern-countertop-basin-rectangular-wholesale-ceramic-sinks-for-sale-5\" class=\"wp-image-7412\" srcset=\"https:\/\/www.ceramicbasin.com\/wp-content\/uploads\/2025\/08\/Table-Top-Hand-Wash-Basin-5.webp 757w, https:\/\/www.ceramicbasin.com\/wp-content\/uploads\/2025\/08\/Table-Top-Hand-Wash-Basin-5-265x300.webp 265w, https:\/\/www.ceramicbasin.com\/wp-content\/uploads\/2025\/08\/Table-Top-Hand-Wash-Basin-5-11x12.webp 11w, https:\/\/www.ceramicbasin.com\/wp-content\/uploads\/2025\/08\/Table-Top-Hand-Wash-Basin-5-285x323.webp 285w, https:\/\/www.ceramicbasin.com\/wp-content\/uploads\/2025\/08\/Table-Top-Hand-Wash-Basin-5-583x660.webp 583w, https:\/\/www.ceramicbasin.com\/wp-content\/uploads\/2025\/08\/Table-Top-Hand-Wash-Basin-5-132x150.webp 132w\" sizes=\"(max-width: 757px) 100vw, 757px\" \/><\/figure>\n<\/div>\n<\/div>","protected":false},"excerpt":{"rendered":"<p>Bienvenue dans l'achat de ces vasques de comptoir modernes personnalis\u00e9es. Ce grand \u00e9vier rectangulaire personnalis\u00e9 est durable et beau, parfaitement adapt\u00e9 aux diff\u00e9rents styles de salle de bain, et est vendu en gros \u00e0 un prix tr\u00e8s comp\u00e9titif. Il n'est pas seulement pratique, mais il peut \u00e9galement am\u00e9liorer la qualit\u00e9 g\u00e9n\u00e9rale et le confort de la salle de bain. Il convient \u00e0 la maison et aux h\u00f4tels haut de gamme.<\/p>\n<table style=\"border-collapse: collapse; width: 311.02pt;\" border=\"0\" width=\"311\" cellspacing=\"0\" cellpadding=\"0\">\n<tbody>\n<tr style=\"height: 17.60pt;\">\n<td class=\"et3\" style=\"height: 17.60pt; width: 108.35pt;\" width=\"108\" height=\"17\">Fabricant<\/td>\n<td class=\"et3\" style=\"width: 202.95pt;\" width=\"202\">HanYu<\/td>\n<\/tr>\n<tr style=\"height: 17.60pt;\">\n<td class=\"et3\" style=\"height: 17.60pt;\" height=\"17\">Num\u00e9ro de mod\u00e8le.<\/td>\n<td class=\"et4\">HY-8064-65<\/td>\n<\/tr>\n<tr style=\"height: 17.60pt;\">\n<td class=\"et3\" style=\"height: 17.60pt;\" height=\"17\">Type<\/td>\n<td class=\"et3\">Bassin de comptoir<\/td>\n<\/tr>\n<tr style=\"height: 17.60pt;\">\n<td class=\"et3\" style=\"height: 17.60pt;\" height=\"17\">Forme<\/td>\n<td class=\"et3\">Forme rectangulaire<\/td>\n<\/tr>\n<tr style=\"height: 17.60pt;\">\n<td class=\"et4\" style=\"height: 17.60pt;\" height=\"17\">Couleur<\/td>\n<td class=\"et3\">Blanc<\/td>\n<\/tr>\n<tr style=\"height: 18.00pt;\">\n<td class=\"et3\" style=\"height: 18.00pt;\" height=\"18\">Dimension<\/td>\n<td class=\"et5\" style=\"width: 202.95pt;\" width=\"202\">65*38*11<\/td>\n<\/tr>\n<tr style=\"height: 17.60pt;\">\n<td class=\"et3\" style=\"height: 17.60pt;\" height=\"17\">N.W \/SET<\/td>\n<td class=\"et3\">12KG\/PCS<\/td>\n<\/tr>\n<tr style=\"height: 17.60pt;\">\n<td class=\"et3\" style=\"height: 17.60pt;\" height=\"17\">MOQ<\/td>\n<td class=\"et3\">20pcs<\/td>\n<\/tr>\n<tr style=\"height: 17.60pt;\">\n<td class=\"et3\" style=\"height: 17.60pt;\" height=\"17\">Option personnalis\u00e9e<\/td>\n<td class=\"et3\">Couleur\/Pattenue\/Taille\/Logo\/Emballage<\/td>\n<\/tr>\n<\/tbody>\n<\/table>","protected":false},"featured_media":7413,"comment_status":"closed","ping_status":"closed","template":"","meta":{"_acf_changed":false},"product_brand":[],"product_cat":[50],"product_tag":[],"class_list":{"0":"post-7381","1":"product","2":"type-product","3":"status-publish","4":"has-post-thumbnail","6":"product_cat-wholesale-countertop-sinks","8":"first","9":"instock","10":"shipping-taxable","11":"product-type-simple"},"acf":[],"_links":{"self":[{"href":"https:\/\/www.ceramicbasin.com\/fr\/wp-json\/wp\/v2\/product\/7381","targetHints":{"allow":["GET"]}}],"collection":[{"href":"https:\/\/www.ceramicbasin.com\/fr\/wp-json\/wp\/v2\/product"}],"about":[{"href":"https:\/\/www.ceramicbasin.com\/fr\/wp-json\/wp\/v2\/types\/product"}],"replies":[{"embeddable":true,"href":"https:\/\/www.ceramicbasin.com\/fr\/wp-json\/wp\/v2\/comments?post=7381"}],"wp:featuredmedia":[{"embeddable":true,"href":"https:\/\/www.ceramicbasin.com\/fr\/wp-json\/wp\/v2\/media\/7413"}],"wp:attachment":[{"href":"https:\/\/www.ceramicbasin.com\/fr\/wp-json\/wp\/v2\/media?parent=7381"}],"wp:term":[{"taxonomy":"product_brand","embeddable":true,"href":"https:\/\/www.ceramicbasin.com\/fr\/wp-json\/wp\/v2\/product_brand?post=7381"},{"taxonomy":"product_cat","embeddable":true,"href":"https:\/\/www.ceramicbasin.com\/fr\/wp-json\/wp\/v2\/product_cat?post=7381"},{"taxonomy":"product_tag","embeddable":true,"href":"https:\/\/www.ceramicbasin.com\/fr\/wp-json\/wp\/v2\/product_tag?post=7381"}],"curies":[{"name":"wp","href":"https:\/\/api.w.org\/{rel}","templated":true}]}}