{"id":7389,"date":"2025-08-07T09:26:37","date_gmt":"2025-08-07T09:26:37","guid":{"rendered":"https:\/\/www.ceramicbasin.com\/?post_type=product&#038;p=7389"},"modified":"2025-11-03T07:23:49","modified_gmt":"2025-11-03T07:23:49","slug":"countertop-basins-wholesale","status":"publish","type":"product","link":"https:\/\/www.ceramicbasin.com\/fr\/produit\/countertop-basins-wholesale\/","title":{"rendered":"Countertop Basins Wholesale, Purchase Modern Bathroom Sinks (lavabos de comptoir)"},"content":{"rendered":"<div class=\"wp-block-columns is-layout-flex wp-container-core-columns-is-layout-9d6595d7 wp-block-columns-is-layout-flex\">\n<div class=\"wp-block-column is-layout-flow wp-block-column-is-layout-flow\">\n<h2 class=\"wp-block-heading\">Premium Countertop Basins Wholesale Caract\u00e9ristiques :<\/h2>\n\n\n\n<ul class=\"wp-block-list\">\n<li><strong>Design \u00e0 la mode : <\/strong>Ces vasques \u00e0 poser en gros sont magnifiques et adoptent un nouveau design \u00e0 la mode, combinant esth\u00e9tique moderne et fonctions pratiques pour ajouter un effet visuel unique \u00e0 la salle de bains.<\/li>\n\n\n\n<li><strong>Mat\u00e9riaux soigneusement s\u00e9lectionn\u00e9s : <\/strong>L'usine HanYu s\u00e9lectionne soigneusement des mat\u00e9riaux c\u00e9ramiques de haute qualit\u00e9 pour s'assurer que les lavabos de salle de bain en c\u00e9ramique personnalis\u00e9s sont durables, r\u00e9sistants aux taches et aux rayures. Les lavabos au-dessus du comptoir en gros ont une gla\u00e7ure lisse qui est facile \u00e0 nettoyer et peut conserver sa beaut\u00e9 et sa luminosit\u00e9 pendant longtemps.<\/li>\n\n\n\n<li><strong>Installation au-dessus du comptoir : <\/strong>Ces vasques \u00e0 poser sont con\u00e7ues pour \u00eatre install\u00e9es au-dessus du comptoir. Le processus d'installation est simple et pratique, et elles peuvent \u00eatre adapt\u00e9es \u00e0 la plupart des armoires de salle de bains standard.<\/li>\n\n\n\n<li><strong>R\u00e9duction des co\u00fbts :<\/strong> HanYu ceramic basin factory vous fournit directement des \u00e9viers de salle de bain en gros, et nos prix comp\u00e9titifs peuvent aider votre entreprise \u00e0 augmenter ses marges de profit.<\/li>\n<\/ul>\n<\/div>\n\n\n\n<div class=\"wp-block-column is-layout-flow wp-block-column-is-layout-flow\">\n<figure class=\"wp-block-image size-full\"><img fetchpriority=\"high\" decoding=\"async\" width=\"643\" height=\"873\" src=\"https:\/\/www.ceramicbasin.com\/wp-content\/uploads\/2025\/08\/Rectangular-Lavabo-Table-Top-Bathroom-Countertop-Basin-5.webp\" alt=\"rectangular-countertop-basins-wholesale-modern-custom-ceramic-bathroom-sinks-5\" class=\"wp-image-7405\" srcset=\"https:\/\/www.ceramicbasin.com\/wp-content\/uploads\/2025\/08\/Rectangular-Lavabo-Table-Top-Bathroom-Countertop-Basin-5.webp 643w, https:\/\/www.ceramicbasin.com\/wp-content\/uploads\/2025\/08\/Rectangular-Lavabo-Table-Top-Bathroom-Countertop-Basin-5-221x300.webp 221w, https:\/\/www.ceramicbasin.com\/wp-content\/uploads\/2025\/08\/Rectangular-Lavabo-Table-Top-Bathroom-Countertop-Basin-5-9x12.webp 9w, https:\/\/www.ceramicbasin.com\/wp-content\/uploads\/2025\/08\/Rectangular-Lavabo-Table-Top-Bathroom-Countertop-Basin-5-285x387.webp 285w, https:\/\/www.ceramicbasin.com\/wp-content\/uploads\/2025\/08\/Rectangular-Lavabo-Table-Top-Bathroom-Countertop-Basin-5-486x660.webp 486w, https:\/\/www.ceramicbasin.com\/wp-content\/uploads\/2025\/08\/Rectangular-Lavabo-Table-Top-Bathroom-Countertop-Basin-5-110x150.webp 110w\" sizes=\"(max-width: 643px) 100vw, 643px\" \/><\/figure>\n<\/div>\n<\/div>\n\n\n\n<p><\/p>","protected":false},"excerpt":{"rendered":"<p>Bienvenue pour acheter ces lavabos de comptoir en gros. Ce design \u00e9l\u00e9gant et innovant de lavabos de salle de bain en c\u00e9ramique personnalis\u00e9s est propos\u00e9 \u00e0 un prix comp\u00e9titif. Fabriqu\u00e9 en c\u00e9ramique de haute qualit\u00e9, il est \u00e0 la fois beau et durable, facile et efficace \u00e0 installer, et adapt\u00e9 \u00e0 diff\u00e9rents styles de salle de bain. Gr\u00e2ce \u00e0 la vente en gros directe d'usine, nous fournissons des prix tr\u00e8s comp\u00e9titifs pour aider votre entreprise \u00e0 augmenter ses marges de profit.<\/p>\n<table style=\"border-collapse: collapse; width: 311.02pt;\" border=\"0\" width=\"311\" cellspacing=\"0\" cellpadding=\"0\">\n<tbody>\n<tr style=\"height: 17.60pt;\">\n<td class=\"et3\" style=\"height: 17.60pt; width: 108.35pt;\" width=\"108\" height=\"17\">Fabricant<\/td>\n<td class=\"et3\" style=\"width: 202.95pt;\" width=\"202\">HanYu<\/td>\n<\/tr>\n<tr style=\"height: 17.60pt;\">\n<td class=\"et3\" style=\"height: 17.60pt;\" height=\"17\">Num\u00e9ro de mod\u00e8le.<\/td>\n<td class=\"et4\">HY-8025<\/td>\n<\/tr>\n<tr style=\"height: 17.60pt;\">\n<td class=\"et3\" style=\"height: 17.60pt;\" height=\"17\">Type<\/td>\n<td class=\"et3\">Bassin de comptoir<\/td>\n<\/tr>\n<tr style=\"height: 17.60pt;\">\n<td class=\"et3\" style=\"height: 17.60pt;\" height=\"17\">Forme<\/td>\n<td class=\"et3\">Forme rectangulaire<\/td>\n<\/tr>\n<tr style=\"height: 17.60pt;\">\n<td class=\"et4\" style=\"height: 17.60pt;\" height=\"17\">Couleur<\/td>\n<td class=\"et3\">Blanc<\/td>\n<\/tr>\n<tr style=\"height: 18.00pt;\">\n<td class=\"et3\" style=\"height: 18.00pt;\" height=\"18\">Dimension<\/td>\n<td class=\"et5\" style=\"width: 202.95pt;\" width=\"202\">38.5*38.5*13.5<\/td>\n<\/tr>\n<tr style=\"height: 17.60pt;\">\n<td class=\"et3\" style=\"height: 17.60pt;\" height=\"17\">N.W \/SET<\/td>\n<td class=\"et3\">9.5KGS\/PCS<\/td>\n<\/tr>\n<tr style=\"height: 17.60pt;\">\n<td class=\"et3\" style=\"height: 17.60pt;\" height=\"17\">MOQ<\/td>\n<td class=\"et3\">20pcs<\/td>\n<\/tr>\n<tr style=\"height: 17.60pt;\">\n<td class=\"et3\" style=\"height: 17.60pt;\" height=\"17\">Option personnalis\u00e9e<\/td>\n<td class=\"et3\">Couleur\/Pattenue\/Taille\/Logo\/Emballage<\/td>\n<\/tr>\n<\/tbody>\n<\/table>","protected":false},"featured_media":7407,"comment_status":"closed","ping_status":"closed","template":"","meta":{"_acf_changed":false},"product_brand":[],"product_cat":[50],"product_tag":[],"class_list":{"0":"post-7389","1":"product","2":"type-product","3":"status-publish","4":"has-post-thumbnail","6":"product_cat-wholesale-countertop-sinks","8":"first","9":"instock","10":"shipping-taxable","11":"product-type-simple"},"acf":[],"_links":{"self":[{"href":"https:\/\/www.ceramicbasin.com\/fr\/wp-json\/wp\/v2\/product\/7389","targetHints":{"allow":["GET"]}}],"collection":[{"href":"https:\/\/www.ceramicbasin.com\/fr\/wp-json\/wp\/v2\/product"}],"about":[{"href":"https:\/\/www.ceramicbasin.com\/fr\/wp-json\/wp\/v2\/types\/product"}],"replies":[{"embeddable":true,"href":"https:\/\/www.ceramicbasin.com\/fr\/wp-json\/wp\/v2\/comments?post=7389"}],"wp:featuredmedia":[{"embeddable":true,"href":"https:\/\/www.ceramicbasin.com\/fr\/wp-json\/wp\/v2\/media\/7407"}],"wp:attachment":[{"href":"https:\/\/www.ceramicbasin.com\/fr\/wp-json\/wp\/v2\/media?parent=7389"}],"wp:term":[{"taxonomy":"product_brand","embeddable":true,"href":"https:\/\/www.ceramicbasin.com\/fr\/wp-json\/wp\/v2\/product_brand?post=7389"},{"taxonomy":"product_cat","embeddable":true,"href":"https:\/\/www.ceramicbasin.com\/fr\/wp-json\/wp\/v2\/product_cat?post=7389"},{"taxonomy":"product_tag","embeddable":true,"href":"https:\/\/www.ceramicbasin.com\/fr\/wp-json\/wp\/v2\/product_tag?post=7389"}],"curies":[{"name":"wp","href":"https:\/\/api.w.org\/{rel}","templated":true}]}}