{"id":7397,"date":"2025-08-07T09:37:21","date_gmt":"2025-08-07T09:37:21","guid":{"rendered":"https:\/\/www.ceramicbasin.com\/?post_type=product&#038;p=7397"},"modified":"2025-11-03T07:21:54","modified_gmt":"2025-11-03T07:21:54","slug":"porcelain-wash-basin-wholesale","status":"publish","type":"product","link":"https:\/\/www.ceramicbasin.com\/fr\/produit\/porcelain-wash-basin-wholesale\/","title":{"rendered":"Lavabo en porcelaine blanche Wholesale, Custom Bathroom Sinks"},"content":{"rendered":"<div class=\"wp-block-columns is-layout-flex wp-container-core-columns-is-layout-9d6595d7 wp-block-columns-is-layout-flex\">\n<div class=\"wp-block-column is-layout-flow wp-block-column-is-layout-flow\">\n<h2 class=\"wp-block-heading\">Lavabo en porcelaine de qualit\u00e9 sup\u00e9rieure Caract\u00e9ristiques :<\/h2>\n\n\n\n<ul class=\"wp-block-list\">\n<li><strong>Design exquis :<\/strong> Ce lavabo en porcelaine a adopt\u00e9 un design \u00e9pur\u00e9 avec un bord rond et une ligne lisse, ce qui garantit une grande valeur esth\u00e9tique, ajoutant raffinement et \u00e9l\u00e9gance \u00e0 l'espace de la salle de bains.<\/li>\n\n\n\n<li><strong>C\u00e9ramique de haute qualit\u00e9 : <\/strong>Les mati\u00e8res premi\u00e8res c\u00e9ramiques de haute qualit\u00e9 s\u00e9lectionn\u00e9es, fritt\u00e9es \u00e0 haute temp\u00e9rature, rendent notre \u00e9vier en c\u00e9ramique solide dans sa structure, d\u00e9licat et lisse dans sa surface, facile \u00e0 nettoyer et durable comme neuf.<\/li>\n\n\n\n<li><strong>Mode d'installation par le haut :<\/strong> Ce lavabo en porcelaine s'installe par le haut, est facile \u00e0 installer et fonctionne de mani\u00e8re stable et fiable. Il permet non seulement d'\u00e9conomiser de l'espace dans la salle de bains, mais aussi de faciliter l'entretien et le nettoyage quotidiens et d'am\u00e9liorer l'exp\u00e9rience des utilisateurs.<\/li>\n\n\n\n<li><strong>Prix de gros et comp\u00e9titivit\u00e9 :<\/strong> En tant que fabricant de lavabos en gros, HanYu propose des prix tr\u00e8s comp\u00e9titifs pour les lavabos en c\u00e9ramique en gros, ce qui permet de profiter d'un lavabo en c\u00e9ramique de haute qualit\u00e9 tout en gardant les co\u00fbts sous contr\u00f4le.<\/li>\n<\/ul>\n<\/div>\n\n\n\n<div class=\"wp-block-column is-layout-flow wp-block-column-is-layout-flow\">\n<figure class=\"wp-block-image size-full\"><img fetchpriority=\"high\" decoding=\"async\" width=\"643\" height=\"873\" src=\"https:\/\/www.ceramicbasin.com\/wp-content\/uploads\/2025\/08\/HY-8064-75-1.jpg\" alt=\"white-porcelain-wash-basin-wholesale-rectangular-countertop-bathroom-sinks-custom-1\" class=\"wp-image-7398\" srcset=\"https:\/\/www.ceramicbasin.com\/wp-content\/uploads\/2025\/08\/HY-8064-75-1.jpg 643w, https:\/\/www.ceramicbasin.com\/wp-content\/uploads\/2025\/08\/HY-8064-75-1-221x300.jpg 221w, https:\/\/www.ceramicbasin.com\/wp-content\/uploads\/2025\/08\/HY-8064-75-1-9x12.jpg 9w, https:\/\/www.ceramicbasin.com\/wp-content\/uploads\/2025\/08\/HY-8064-75-1-285x387.jpg 285w, https:\/\/www.ceramicbasin.com\/wp-content\/uploads\/2025\/08\/HY-8064-75-1-486x660.jpg 486w, https:\/\/www.ceramicbasin.com\/wp-content\/uploads\/2025\/08\/HY-8064-75-1-110x150.jpg 110w\" sizes=\"(max-width: 643px) 100vw, 643px\" \/><\/figure>\n<\/div>\n<\/div>\n\n\n\n<p><\/p>","protected":false},"excerpt":{"rendered":"<p>Bienvenue pour acheter le lavabo en porcelaine en gros pour la salle de bain. Ce lavabo en c\u00e9ramique en gros a un excellent design et une grande qualit\u00e9 pour \u00eatre votre premier choix pour la d\u00e9coration de la salle de bain. Le design de l'apparence de la ligne et le traitement du bord arrondi montrent une beaut\u00e9 artistique extraordinaire. L'achat en gros vous permettra de b\u00e9n\u00e9ficier d'un meilleur rapport qualit\u00e9-prix.<\/p>\n<table style=\"border-collapse: collapse; width: 311.02pt;\" border=\"0\" width=\"311\" cellspacing=\"0\" cellpadding=\"0\">\n<tbody>\n<tr style=\"height: 17.60pt;\">\n<td class=\"et3\" style=\"height: 17.60pt; width: 108.35pt;\" width=\"108\" height=\"17\">Fabricant<\/td>\n<td class=\"et3\" style=\"width: 202.95pt;\" width=\"202\">HanYu<\/td>\n<\/tr>\n<tr style=\"height: 17.60pt;\">\n<td class=\"et3\" style=\"height: 17.60pt;\" height=\"17\">Num\u00e9ro de mod\u00e8le.<\/td>\n<td class=\"et4\">HY-8064-85<\/td>\n<\/tr>\n<tr style=\"height: 17.60pt;\">\n<td class=\"et3\" style=\"height: 17.60pt;\" height=\"17\">Type<\/td>\n<td class=\"et3\">Bassin de comptoir<\/td>\n<\/tr>\n<tr style=\"height: 17.60pt;\">\n<td class=\"et3\" style=\"height: 17.60pt;\" height=\"17\">Forme<\/td>\n<td class=\"et3\">Forme rectangulaire<\/td>\n<\/tr>\n<tr style=\"height: 17.60pt;\">\n<td class=\"et4\" style=\"height: 17.60pt;\" height=\"17\">Couleur<\/td>\n<td class=\"et3\">Blanc<\/td>\n<\/tr>\n<tr style=\"height: 18.00pt;\">\n<td class=\"et3\" style=\"height: 18.00pt;\" height=\"18\">Dimension<\/td>\n<td class=\"et5\" style=\"width: 202.95pt;\" width=\"202\">85*38*13<\/td>\n<\/tr>\n<tr style=\"height: 17.60pt;\">\n<td class=\"et3\" style=\"height: 17.60pt;\" height=\"17\">N.W \/SET<\/td>\n<td class=\"et3\">16 KGS\/PCS<\/td>\n<\/tr>\n<tr style=\"height: 17.60pt;\">\n<td class=\"et3\" style=\"height: 17.60pt;\" height=\"17\">MOQ<\/td>\n<td class=\"et3\">20pcs<\/td>\n<\/tr>\n<tr style=\"height: 17.60pt;\">\n<td class=\"et3\" style=\"height: 17.60pt;\" height=\"17\">Option personnalis\u00e9e<\/td>\n<td class=\"et3\">Couleur\/Pattenue\/Taille\/Logo\/Emballage<\/td>\n<\/tr>\n<\/tbody>\n<\/table>","protected":false},"featured_media":7399,"comment_status":"closed","ping_status":"closed","template":"","meta":{"_acf_changed":false},"product_brand":[],"product_cat":[50],"product_tag":[],"class_list":{"0":"post-7397","1":"product","2":"type-product","3":"status-publish","4":"has-post-thumbnail","6":"product_cat-wholesale-countertop-sinks","8":"first","9":"instock","10":"shipping-taxable","11":"product-type-simple"},"acf":[],"_links":{"self":[{"href":"https:\/\/www.ceramicbasin.com\/fr\/wp-json\/wp\/v2\/product\/7397","targetHints":{"allow":["GET"]}}],"collection":[{"href":"https:\/\/www.ceramicbasin.com\/fr\/wp-json\/wp\/v2\/product"}],"about":[{"href":"https:\/\/www.ceramicbasin.com\/fr\/wp-json\/wp\/v2\/types\/product"}],"replies":[{"embeddable":true,"href":"https:\/\/www.ceramicbasin.com\/fr\/wp-json\/wp\/v2\/comments?post=7397"}],"wp:featuredmedia":[{"embeddable":true,"href":"https:\/\/www.ceramicbasin.com\/fr\/wp-json\/wp\/v2\/media\/7399"}],"wp:attachment":[{"href":"https:\/\/www.ceramicbasin.com\/fr\/wp-json\/wp\/v2\/media?parent=7397"}],"wp:term":[{"taxonomy":"product_brand","embeddable":true,"href":"https:\/\/www.ceramicbasin.com\/fr\/wp-json\/wp\/v2\/product_brand?post=7397"},{"taxonomy":"product_cat","embeddable":true,"href":"https:\/\/www.ceramicbasin.com\/fr\/wp-json\/wp\/v2\/product_cat?post=7397"},{"taxonomy":"product_tag","embeddable":true,"href":"https:\/\/www.ceramicbasin.com\/fr\/wp-json\/wp\/v2\/product_tag?post=7397"}],"curies":[{"name":"wp","href":"https:\/\/api.w.org\/{rel}","templated":true}]}}