{"id":7464,"date":"2025-08-27T02:47:23","date_gmt":"2025-08-27T02:47:23","guid":{"rendered":"https:\/\/www.ceramicbasin.com\/?post_type=product&#038;p=7464"},"modified":"2025-08-27T02:47:26","modified_gmt":"2025-08-27T02:47:26","slug":"wholesale-under-counter-sinks","status":"publish","type":"product","link":"https:\/\/www.ceramicbasin.com\/fr\/produit\/wholesale-under-counter-sinks\/","title":{"rendered":"Factory Wholesale Under Counter Sinks, Oval Shape Wash Basin (lavabo de forme ovale)"},"content":{"rendered":"<div class=\"wp-block-columns is-layout-flex wp-container-core-columns-is-layout-9d6595d7 wp-block-columns-is-layout-flex\">\n<div class=\"wp-block-column is-layout-flow wp-block-column-is-layout-flow\">\n<h2 class=\"wp-block-heading\">Premium Wholesale Under Counter Sinks Caract\u00e9ristiques :<\/h2>\n\n\n\n<ul class=\"wp-block-list\">\n<li><strong>Forme ovale classique : <\/strong>Ces \u00e9viers sous comptoir sont dot\u00e9s d'un design ovale lisse, ergonomique et intemporel, parfait pour une vari\u00e9t\u00e9 de comptoirs de salle de bain.<\/li>\n\n\n\n<li><strong>Glacis lisse et facile \u00e0 nettoyer :<\/strong> Nos lavabos sous plan sont cuits \u00e0 haute temp\u00e9rature pour cr\u00e9er une finition lustr\u00e9e qui r\u00e9siste aux taches et aux rayures, facilitant ainsi le nettoyage et l'entretien.<\/li>\n\n\n\n<li><strong>Livraison rapide :<\/strong> Nos \u00e9viers sous plan en gros s'appuient sur notre syst\u00e8me de production complet et notre capacit\u00e9 de production \u00e0 grande \u00e9chelle pour garantir une livraison efficace.<\/li>\n\n\n\n<li><strong>Personnalisation : <\/strong>Nos lavabos en gros peuvent \u00eatre personnalis\u00e9s en termes de couleur, de taille et d'autres options pour r\u00e9pondre aux besoins individuels de diff\u00e9rents projets et march\u00e9s.<\/li>\n<\/ul>\n<\/div>\n\n\n\n<div class=\"wp-block-column is-layout-flow wp-block-column-is-layout-flow\">\n<figure class=\"wp-block-image size-full is-resized\"><img fetchpriority=\"high\" decoding=\"async\" width=\"621\" height=\"836\" src=\"https:\/\/www.ceramicbasin.com\/wp-content\/uploads\/2025\/08\/Oval-shape-cabinet-under-counter-hand-washing-basin-sink-factory-5.webp\" alt=\"Factory Wholesale Under Counter Sinks, Oval Shape Wash Basin-1 (lavabo de forme ovale)\" class=\"wp-image-7445\" style=\"width:361px;height:auto\" srcset=\"https:\/\/www.ceramicbasin.com\/wp-content\/uploads\/2025\/08\/Oval-shape-cabinet-under-counter-hand-washing-basin-sink-factory-5.webp 621w, https:\/\/www.ceramicbasin.com\/wp-content\/uploads\/2025\/08\/Oval-shape-cabinet-under-counter-hand-washing-basin-sink-factory-5-223x300.webp 223w, https:\/\/www.ceramicbasin.com\/wp-content\/uploads\/2025\/08\/Oval-shape-cabinet-under-counter-hand-washing-basin-sink-factory-5-9x12.webp 9w, https:\/\/www.ceramicbasin.com\/wp-content\/uploads\/2025\/08\/Oval-shape-cabinet-under-counter-hand-washing-basin-sink-factory-5-285x384.webp 285w, https:\/\/www.ceramicbasin.com\/wp-content\/uploads\/2025\/08\/Oval-shape-cabinet-under-counter-hand-washing-basin-sink-factory-5-490x660.webp 490w, https:\/\/www.ceramicbasin.com\/wp-content\/uploads\/2025\/08\/Oval-shape-cabinet-under-counter-hand-washing-basin-sink-factory-5-111x150.webp 111w\" sizes=\"(max-width: 621px) 100vw, 621px\" \/><\/figure>\n<\/div>\n<\/div>","protected":false},"excerpt":{"rendered":"<p>Bienvenue sur le site d'achat en gros de lavabos sous plan. Ce lavabo classique ovale sous plan pr\u00e9sente un design simple et \u00e9l\u00e9gant, et son \u00e9mail lisse non seulement am\u00e9liore l'esth\u00e9tique g\u00e9n\u00e9rale, mais le rend \u00e9galement facile \u00e0 nettoyer. Livraison rapide et options de personnalisation disponibles.<\/p>\n<table style=\"border-collapse: collapse; width: 358.52pt;\" border=\"0\" width=\"478\" cellspacing=\"0\" cellpadding=\"0\">\n<tbody>\n<tr style=\"height: 17.25pt;\">\n<td class=\"et3\" style=\"height: 17.25pt; width: 125.00pt;\" width=\"166\" height=\"23\">Fabricant<\/td>\n<td class=\"et3\" style=\"width: 234.15pt;\" width=\"312\">HanYu<\/td>\n<\/tr>\n<tr style=\"height: 17.25pt;\">\n<td class=\"et3\" style=\"height: 17.25pt;\" height=\"23\">Num\u00e9ro de mod\u00e8le.<\/td>\n<td class=\"et4\">HY-3025<\/td>\n<\/tr>\n<tr style=\"height: 17.25pt;\">\n<td class=\"et3\" style=\"height: 17.25pt;\" height=\"23\">Type<\/td>\n<td class=\"et5\" style=\"width: 234.15pt;\" width=\"312\">\u00c9viers sous plan<\/td>\n<\/tr>\n<tr style=\"height: 18.00pt;\">\n<td class=\"et3\" style=\"height: 18.00pt;\" height=\"24\">Forme<\/td>\n<td class=\"et3\">Forme ovale<\/td>\n<\/tr>\n<tr style=\"height: 34.50pt;\">\n<td class=\"et4\" style=\"height: 34.50pt;\" height=\"46\">Couleur<\/td>\n<td class=\"et5\" style=\"width: 234.15pt;\" width=\"312\">noir\/blanc\/bleu\/gris\/rose\/vert\/marron\/kaki<\/td>\n<\/tr>\n<tr style=\"height: 18.00pt;\">\n<td class=\"et3\" style=\"height: 18.00pt;\" height=\"24\">Dimension<\/td>\n<td class=\"et5\" style=\"width: 234.15pt;\" width=\"312\">64*46*19.5<\/td>\n<\/tr>\n<tr style=\"height: 17.25pt;\">\n<td class=\"et3\" style=\"height: 17.25pt;\" height=\"23\">N.W \/SET<\/td>\n<td class=\"et3\">6.5KGS\/PCS<\/td>\n<\/tr>\n<tr style=\"height: 17.25pt;\">\n<td class=\"et3\" style=\"height: 17.25pt;\" height=\"23\">MOQ<\/td>\n<td class=\"et3\">20pcs<\/td>\n<\/tr>\n<tr style=\"height: 17.25pt;\">\n<td class=\"et3\" style=\"height: 17.25pt;\" height=\"23\">Option personnalis\u00e9e<\/td>\n<td class=\"et3\">Couleur\/Pattenue\/Taille\/Logo\/Emballage<\/td>\n<\/tr>\n<\/tbody>\n<\/table>","protected":false},"featured_media":7441,"comment_status":"closed","ping_status":"closed","template":"","meta":{"_acf_changed":false},"product_brand":[],"product_cat":[59],"product_tag":[],"class_list":{"0":"post-7464","1":"product","2":"type-product","3":"status-publish","4":"has-post-thumbnail","6":"product_cat-wholesale-undermount-sinks","8":"first","9":"instock","10":"shipping-taxable","11":"product-type-simple"},"acf":[],"_links":{"self":[{"href":"https:\/\/www.ceramicbasin.com\/fr\/wp-json\/wp\/v2\/product\/7464","targetHints":{"allow":["GET"]}}],"collection":[{"href":"https:\/\/www.ceramicbasin.com\/fr\/wp-json\/wp\/v2\/product"}],"about":[{"href":"https:\/\/www.ceramicbasin.com\/fr\/wp-json\/wp\/v2\/types\/product"}],"replies":[{"embeddable":true,"href":"https:\/\/www.ceramicbasin.com\/fr\/wp-json\/wp\/v2\/comments?post=7464"}],"wp:featuredmedia":[{"embeddable":true,"href":"https:\/\/www.ceramicbasin.com\/fr\/wp-json\/wp\/v2\/media\/7441"}],"wp:attachment":[{"href":"https:\/\/www.ceramicbasin.com\/fr\/wp-json\/wp\/v2\/media?parent=7464"}],"wp:term":[{"taxonomy":"product_brand","embeddable":true,"href":"https:\/\/www.ceramicbasin.com\/fr\/wp-json\/wp\/v2\/product_brand?post=7464"},{"taxonomy":"product_cat","embeddable":true,"href":"https:\/\/www.ceramicbasin.com\/fr\/wp-json\/wp\/v2\/product_cat?post=7464"},{"taxonomy":"product_tag","embeddable":true,"href":"https:\/\/www.ceramicbasin.com\/fr\/wp-json\/wp\/v2\/product_tag?post=7464"}],"curies":[{"name":"wp","href":"https:\/\/api.w.org\/{rel}","templated":true}]}}