{"id":7465,"date":"2025-08-27T02:39:57","date_gmt":"2025-08-27T02:39:57","guid":{"rendered":"https:\/\/www.ceramicbasin.com\/?post_type=product&#038;p=7465"},"modified":"2025-08-27T02:39:59","modified_gmt":"2025-08-27T02:39:59","slug":"wholesale-undermount-bathroom-sinks","status":"publish","type":"product","link":"https:\/\/www.ceramicbasin.com\/fr\/produit\/wholesale-undermount-bathroom-sinks\/","title":{"rendered":"Wholesale Undermount Bathroom Sinks, Top-Quality Wash Basins (lavabos de qualit\u00e9 sup\u00e9rieure)"},"content":{"rendered":"<div class=\"wp-block-columns is-layout-flex wp-container-core-columns-is-layout-9d6595d7 wp-block-columns-is-layout-flex\">\n<div class=\"wp-block-column is-layout-flow wp-block-column-is-layout-flow\">\n<h2 class=\"wp-block-heading\">Premium Wholesale Undermount Bathroom Sinks Caract\u00e9ristiques :<\/h2>\n\n\n\n<ul class=\"wp-block-list\">\n<li><strong>Conception simple et rationalis\u00e9e :<\/strong> Ces \u00e9viers de salle de bains \u00e0 montage sous plan se caract\u00e9risent par des lignes douces et fluides, cr\u00e9ant un aspect solide et int\u00e9gr\u00e9 qui accentue la propret\u00e9 et l'\u00e9l\u00e9gance de votre salle de bains.<\/li>\n\n\n\n<li><strong>C\u00e9ramique de haute qualit\u00e9 : <\/strong>Nos lavabos sous plan sont fabriqu\u00e9s \u00e0 partir de c\u00e9ramique de haute qualit\u00e9 cuite \u00e0 haute temp\u00e9rature, ce qui donne une surface lisse et raffin\u00e9e qui offre une excellente r\u00e9sistance \u00e0 l'usure et aux taches, et un nettoyage facile.<\/li>\n\n\n\n<li><strong>Livraison rapide : <\/strong>HanYu Bathroom Sink Factory dispose d'un syst\u00e8me de production complet et d'un support d'inventaire pour assurer une livraison efficace de nos \u00e9viers de salle de bain en gros, en respectant les calendriers des projets des clients.<\/li>\n\n\n\n<li><strong>Personnalisation : <\/strong>Nos lavabos sous plan sont disponibles dans une vari\u00e9t\u00e9 de couleurs pour s'adapter \u00e0 l'espace et au style de votre salle de bain.<\/li>\n<\/ul>\n<\/div>\n\n\n\n<div class=\"wp-block-column is-layout-flow wp-block-column-is-layout-flow\">\n<figure class=\"wp-block-image size-full\"><img fetchpriority=\"high\" decoding=\"async\" width=\"629\" height=\"861\" src=\"https:\/\/www.ceramicbasin.com\/wp-content\/uploads\/2025\/08\/High-quality-bathroom-under-mounted-hand-washbasin-bowl-custom-5.webp\" alt=\"Wholesale Undermount Bathroom Sinks, Top-Quality Wash Basins-1\" class=\"wp-image-7440\" srcset=\"https:\/\/www.ceramicbasin.com\/wp-content\/uploads\/2025\/08\/High-quality-bathroom-under-mounted-hand-washbasin-bowl-custom-5.webp 629w, https:\/\/www.ceramicbasin.com\/wp-content\/uploads\/2025\/08\/High-quality-bathroom-under-mounted-hand-washbasin-bowl-custom-5-219x300.webp 219w, https:\/\/www.ceramicbasin.com\/wp-content\/uploads\/2025\/08\/High-quality-bathroom-under-mounted-hand-washbasin-bowl-custom-5-9x12.webp 9w, https:\/\/www.ceramicbasin.com\/wp-content\/uploads\/2025\/08\/High-quality-bathroom-under-mounted-hand-washbasin-bowl-custom-5-285x390.webp 285w, https:\/\/www.ceramicbasin.com\/wp-content\/uploads\/2025\/08\/High-quality-bathroom-under-mounted-hand-washbasin-bowl-custom-5-482x660.webp 482w, https:\/\/www.ceramicbasin.com\/wp-content\/uploads\/2025\/08\/High-quality-bathroom-under-mounted-hand-washbasin-bowl-custom-5-110x150.webp 110w\" sizes=\"(max-width: 629px) 100vw, 629px\" \/><\/figure>\n<\/div>\n<\/div>\n\n\n\n<p><\/p>","protected":false},"excerpt":{"rendered":"<p>Bienvenue sur le site d'achat en gros de lavabos de salle de bains sous plan. Ce lavabo sous plan en c\u00e9ramique blanche et lisse pr\u00e9sente un design \u00e9pur\u00e9, cr\u00e9ant un look simple et \u00e9l\u00e9gant qui s'int\u00e8gre parfaitement \u00e0 tout comptoir de salle de bain. Des couleurs personnalisables sont disponibles, parfaites pour les projets et les achats en gros.<\/p>\n<table style=\"border-collapse: collapse; width: 358.52pt;\" border=\"0\" width=\"478\" cellspacing=\"0\" cellpadding=\"0\">\n<tbody>\n<tr style=\"height: 17.25pt;\">\n<td class=\"et3\" style=\"height: 17.25pt; width: 125.00pt;\" width=\"166\" height=\"23\">Fabricant<\/td>\n<td class=\"et3\" style=\"width: 234.15pt;\" width=\"312\">HanYu<\/td>\n<\/tr>\n<tr style=\"height: 17.25pt;\">\n<td class=\"et3\" style=\"height: 17.25pt;\" height=\"23\">Num\u00e9ro de mod\u00e8le.<\/td>\n<td class=\"et4\">HY-3029<\/td>\n<\/tr>\n<tr style=\"height: 17.25pt;\">\n<td class=\"et3\" style=\"height: 17.25pt;\" height=\"23\">Type<\/td>\n<td class=\"et5\" style=\"width: 234.15pt;\" width=\"312\">\u00c9viers sous plan<\/td>\n<\/tr>\n<tr style=\"height: 18.00pt;\">\n<td class=\"et3\" style=\"height: 18.00pt;\" height=\"24\">Forme<\/td>\n<td class=\"et3\">Forme ovale<\/td>\n<\/tr>\n<tr style=\"height: 34.50pt;\">\n<td class=\"et4\" style=\"height: 34.50pt;\" height=\"46\">Couleur<\/td>\n<td class=\"et5\" style=\"width: 234.15pt;\" width=\"312\">noir\/blanc\/bleu\/gris\/rose\/vert\/marron\/kaki<\/td>\n<\/tr>\n<tr style=\"height: 18.00pt;\">\n<td class=\"et3\" style=\"height: 18.00pt;\" height=\"24\">Dimension<\/td>\n<td class=\"et5\" style=\"width: 234.15pt;\" width=\"312\">33*28*16.5<\/td>\n<\/tr>\n<tr style=\"height: 17.25pt;\">\n<td class=\"et3\" style=\"height: 17.25pt;\" height=\"23\">N.W \/SET<\/td>\n<td class=\"et3\">4KGS\/PCS<\/td>\n<\/tr>\n<tr style=\"height: 17.25pt;\">\n<td class=\"et3\" style=\"height: 17.25pt;\" height=\"23\">MOQ<\/td>\n<td class=\"et3\">20pcs<\/td>\n<\/tr>\n<tr style=\"height: 17.25pt;\">\n<td class=\"et3\" style=\"height: 17.25pt;\" height=\"23\">Option personnalis\u00e9e<\/td>\n<td class=\"et3\">Couleur\/Pattenue\/Taille\/Logo\/Emballage<\/td>\n<\/tr>\n<\/tbody>\n<\/table>","protected":false},"featured_media":7436,"comment_status":"closed","ping_status":"closed","template":"","meta":{"_acf_changed":false},"product_brand":[],"product_cat":[59],"product_tag":[],"class_list":{"0":"post-7465","1":"product","2":"type-product","3":"status-publish","4":"has-post-thumbnail","6":"product_cat-wholesale-undermount-sinks","8":"first","9":"instock","10":"shipping-taxable","11":"product-type-simple"},"acf":[],"_links":{"self":[{"href":"https:\/\/www.ceramicbasin.com\/fr\/wp-json\/wp\/v2\/product\/7465","targetHints":{"allow":["GET"]}}],"collection":[{"href":"https:\/\/www.ceramicbasin.com\/fr\/wp-json\/wp\/v2\/product"}],"about":[{"href":"https:\/\/www.ceramicbasin.com\/fr\/wp-json\/wp\/v2\/types\/product"}],"replies":[{"embeddable":true,"href":"https:\/\/www.ceramicbasin.com\/fr\/wp-json\/wp\/v2\/comments?post=7465"}],"wp:featuredmedia":[{"embeddable":true,"href":"https:\/\/www.ceramicbasin.com\/fr\/wp-json\/wp\/v2\/media\/7436"}],"wp:attachment":[{"href":"https:\/\/www.ceramicbasin.com\/fr\/wp-json\/wp\/v2\/media?parent=7465"}],"wp:term":[{"taxonomy":"product_brand","embeddable":true,"href":"https:\/\/www.ceramicbasin.com\/fr\/wp-json\/wp\/v2\/product_brand?post=7465"},{"taxonomy":"product_cat","embeddable":true,"href":"https:\/\/www.ceramicbasin.com\/fr\/wp-json\/wp\/v2\/product_cat?post=7465"},{"taxonomy":"product_tag","embeddable":true,"href":"https:\/\/www.ceramicbasin.com\/fr\/wp-json\/wp\/v2\/product_tag?post=7465"}],"curies":[{"name":"wp","href":"https:\/\/api.w.org\/{rel}","templated":true}]}}