{"id":7481,"date":"2025-08-18T08:11:49","date_gmt":"2025-08-18T08:11:49","guid":{"rendered":"https:\/\/www.ceramicbasin.com\/?post_type=product&#038;p=7481"},"modified":"2025-08-27T02:17:10","modified_gmt":"2025-08-27T02:17:10","slug":"wholesale-washroom-sink","status":"publish","type":"product","link":"https:\/\/www.ceramicbasin.com\/fr\/produit\/wholesale-washroom-sink\/","title":{"rendered":"Lavabo de salle de bain en gros, lavabos de salle de bain de luxe en marbre"},"content":{"rendered":"<div class=\"wp-block-columns is-layout-flex wp-container-core-columns-is-layout-9d6595d7 wp-block-columns-is-layout-flex\">\n<div class=\"wp-block-column is-layout-flow wp-block-column-is-layout-flow\">\n<h2 class=\"wp-block-heading\">Premium Wholesale Washroom Sink Features :<\/h2>\n\n\n\n<ul class=\"wp-block-list\">\n<li><strong>Marbre de luxe Texture : <\/strong>Nos \u00e9viers de salle de bains en gros pr\u00e9sentent un design marbr\u00e9 brun avec une texture r\u00e9aliste et d\u00e9licate, conf\u00e9rant \u00e0 la salle de bains une ambiance \u00e9l\u00e9gante et luxueuse, id\u00e9ale pour les espaces r\u00e9sidentiels et commerciaux haut de gamme.<\/li>\n\n\n\n<li><strong>Impression par transfert d'eau avanc\u00e9e :<\/strong> Ces vasques en gros utilisent une technologie sp\u00e9cialis\u00e9e d'impression par transfert d'eau pour obtenir une texture naturelle et transitoire, garantissant que chaque vasque est unique et exceptionnellement r\u00e9sistante \u00e0 l'usure et \u00e0 la d\u00e9coloration.<\/li>\n\n\n\n<li><strong>Cuisson c\u00e9ramique \u00e0 haute temp\u00e9rature : <\/strong>Nos lavabos en gros sont fabriqu\u00e9s \u00e0 partir de mati\u00e8res premi\u00e8res c\u00e9ramiques de premi\u00e8re qualit\u00e9 et cuits \u00e0 haute temp\u00e9rature pour cr\u00e9er une surface lisse et d\u00e9licate qui r\u00e9siste aux taches et facilite le nettoyage quotidien.<\/li>\n\n\n\n<li><strong>Approvisionnement efficace et livraison rapide : <\/strong>Nos lavabos en gros sont livr\u00e9s rapidement, ce qui permet de r\u00e9pondre avec souplesse aux commandes de gros volumes et d'apporter un soutien solide \u00e0 l'avancement des projets de nos clients et \u00e0 leurs ventes sur le march\u00e9.<\/li>\n<\/ul>\n<\/div>\n\n\n\n<div class=\"wp-block-column is-layout-flow wp-block-column-is-layout-flow\">\n<figure class=\"wp-block-image size-full\"><img fetchpriority=\"high\" decoding=\"async\" width=\"800\" height=\"800\" src=\"https:\/\/www.ceramicbasin.com\/wp-content\/uploads\/2025\/08\/sink-counter-tops\uff0csink-above-counter\uff0cmarble-stone-wash-basins5.webp\" alt=\"Lavabo de salle de bain en gros, lavabos de salle de bain de luxe en marbre-1\" class=\"wp-image-7486\" srcset=\"https:\/\/www.ceramicbasin.com\/wp-content\/uploads\/2025\/08\/sink-counter-tops\uff0csink-above-counter\uff0cmarble-stone-wash-basins5.webp 800w, https:\/\/www.ceramicbasin.com\/wp-content\/uploads\/2025\/08\/sink-counter-tops\uff0csink-above-counter\uff0cmarble-stone-wash-basins5-300x300.webp 300w, https:\/\/www.ceramicbasin.com\/wp-content\/uploads\/2025\/08\/sink-counter-tops\uff0csink-above-counter\uff0cmarble-stone-wash-basins5-150x150.webp 150w, https:\/\/www.ceramicbasin.com\/wp-content\/uploads\/2025\/08\/sink-counter-tops\uff0csink-above-counter\uff0cmarble-stone-wash-basins5-768x768.webp 768w, https:\/\/www.ceramicbasin.com\/wp-content\/uploads\/2025\/08\/sink-counter-tops\uff0csink-above-counter\uff0cmarble-stone-wash-basins5-12x12.webp 12w, https:\/\/www.ceramicbasin.com\/wp-content\/uploads\/2025\/08\/sink-counter-tops\uff0csink-above-counter\uff0cmarble-stone-wash-basins5-285x285.webp 285w, https:\/\/www.ceramicbasin.com\/wp-content\/uploads\/2025\/08\/sink-counter-tops\uff0csink-above-counter\uff0cmarble-stone-wash-basins5-270x270.webp 270w, https:\/\/www.ceramicbasin.com\/wp-content\/uploads\/2025\/08\/sink-counter-tops\uff0csink-above-counter\uff0cmarble-stone-wash-basins5-540x540.webp 540w, https:\/\/www.ceramicbasin.com\/wp-content\/uploads\/2025\/08\/sink-counter-tops\uff0csink-above-counter\uff0cmarble-stone-wash-basins5-660x660.webp 660w\" sizes=\"(max-width: 800px) 100vw, 800px\" \/><\/figure>\n<\/div>\n<\/div>\n\n\n\n<p><\/p>","protected":false},"excerpt":{"rendered":"<p>Bienvenue sur le site d'achat en gros de lavabos pour salles de bains. Cette vasque marron \u00e0 effet marbre est fabriqu\u00e9e \u00e0 l'aide d'un processus avanc\u00e9 d'impression par transfert d'eau, ce qui donne une texture naturelle et d\u00e9licate, rappelant le marbre haut de gamme. Il convient parfaitement aux r\u00e9sidences haut de gamme, aux h\u00f4tels \u00e9toil\u00e9s et aux projets commerciaux.<\/p>\n<table style=\"border-collapse: collapse; width: 311.02pt;\" border=\"0\" width=\"311\" cellspacing=\"0\" cellpadding=\"0\">\n<tbody>\n<tr style=\"height: 17.60pt;\">\n<td class=\"et3\" style=\"height: 17.60pt; width: 108.35pt;\" width=\"108\" height=\"17\">Fabricant<\/td>\n<td class=\"et3\" style=\"width: 202.95pt;\" width=\"202\">HanYu<\/td>\n<\/tr>\n<tr style=\"height: 17.60pt;\">\n<td class=\"et3\" style=\"height: 17.60pt;\" height=\"17\">Num\u00e9ro de mod\u00e8le.<\/td>\n<td class=\"et4\">HY-8011D2<\/td>\n<\/tr>\n<tr style=\"height: 36.00pt;\">\n<td class=\"et3\" style=\"height: 36.00pt;\" height=\"36\">Type<\/td>\n<td class=\"et5\" style=\"width: 202.95pt;\" width=\"202\">Cuvette en marbre, cuvette de comptoir<\/td>\n<\/tr>\n<tr style=\"height: 17.60pt;\">\n<td class=\"et3\" style=\"height: 17.60pt;\" height=\"17\">Forme<\/td>\n<td class=\"et3\">Forme ronde<\/td>\n<\/tr>\n<tr style=\"height: 18.00pt;\">\n<td class=\"et4\" style=\"height: 18.00pt;\" height=\"18\">Couleur<\/td>\n<td class=\"et5\" style=\"width: 202.95pt;\" width=\"202\">marbre<\/td>\n<\/tr>\n<tr style=\"height: 18.00pt;\">\n<td class=\"et3\" style=\"height: 18.00pt;\" height=\"18\">Dimension<\/td>\n<td class=\"et5\" style=\"width: 202.95pt;\" width=\"202\">44.5*44.5*15.5<\/td>\n<\/tr>\n<tr style=\"height: 17.60pt;\">\n<td class=\"et3\" style=\"height: 17.60pt;\" height=\"17\">N.W \/SET<\/td>\n<td class=\"et3\">15 KGS\/PCS<\/td>\n<\/tr>\n<tr style=\"height: 17.60pt;\">\n<td class=\"et3\" style=\"height: 17.60pt;\" height=\"17\">MOQ<\/td>\n<td class=\"et3\">20pcs<\/td>\n<\/tr>\n<tr style=\"height: 17.60pt;\">\n<td class=\"et3\" style=\"height: 17.60pt;\" height=\"17\">Option personnalis\u00e9e<\/td>\n<td class=\"et3\">Couleur\/Pattenue\/Taille\/Logo\/Emballage<\/td>\n<\/tr>\n<\/tbody>\n<\/table>","protected":false},"featured_media":7482,"comment_status":"closed","ping_status":"closed","template":"","meta":{"_acf_changed":false},"product_brand":[],"product_cat":[54,50],"product_tag":[],"class_list":{"0":"post-7481","1":"product","2":"type-product","3":"status-publish","4":"has-post-thumbnail","6":"product_cat-wholesale-marble-sinks","7":"product_cat-wholesale-countertop-sinks","9":"first","10":"instock","11":"shipping-taxable","12":"product-type-simple"},"acf":[],"_links":{"self":[{"href":"https:\/\/www.ceramicbasin.com\/fr\/wp-json\/wp\/v2\/product\/7481","targetHints":{"allow":["GET"]}}],"collection":[{"href":"https:\/\/www.ceramicbasin.com\/fr\/wp-json\/wp\/v2\/product"}],"about":[{"href":"https:\/\/www.ceramicbasin.com\/fr\/wp-json\/wp\/v2\/types\/product"}],"replies":[{"embeddable":true,"href":"https:\/\/www.ceramicbasin.com\/fr\/wp-json\/wp\/v2\/comments?post=7481"}],"wp:featuredmedia":[{"embeddable":true,"href":"https:\/\/www.ceramicbasin.com\/fr\/wp-json\/wp\/v2\/media\/7482"}],"wp:attachment":[{"href":"https:\/\/www.ceramicbasin.com\/fr\/wp-json\/wp\/v2\/media?parent=7481"}],"wp:term":[{"taxonomy":"product_brand","embeddable":true,"href":"https:\/\/www.ceramicbasin.com\/fr\/wp-json\/wp\/v2\/product_brand?post=7481"},{"taxonomy":"product_cat","embeddable":true,"href":"https:\/\/www.ceramicbasin.com\/fr\/wp-json\/wp\/v2\/product_cat?post=7481"},{"taxonomy":"product_tag","embeddable":true,"href":"https:\/\/www.ceramicbasin.com\/fr\/wp-json\/wp\/v2\/product_tag?post=7481"}],"curies":[{"name":"wp","href":"https:\/\/api.w.org\/{rel}","templated":true}]}}