{"id":7489,"date":"2025-08-18T08:39:28","date_gmt":"2025-08-18T08:39:28","guid":{"rendered":"https:\/\/www.ceramicbasin.com\/?post_type=product&#038;p=7489"},"modified":"2025-08-27T02:05:52","modified_gmt":"2025-08-27T02:05:52","slug":"wholesale-countertop-basins-2","status":"publish","type":"product","link":"https:\/\/www.ceramicbasin.com\/fr\/produit\/wholesale-countertop-basins-2\/","title":{"rendered":"Wholesale Countertop Basins with Black+White Crackle Pattern (Vasques de comptoir avec motif craquel\u00e9 noir et blanc)"},"content":{"rendered":"<div class=\"wp-block-columns is-layout-flex wp-container-core-columns-is-layout-9d6595d7 wp-block-columns-is-layout-flex\">\n<div class=\"wp-block-column is-layout-flow wp-block-column-is-layout-flow\">\n<h2 class=\"wp-block-heading\">Premium Wholesale Countertop Basins Caract\u00e9ristiques :<\/h2>\n\n\n\n<ul class=\"wp-block-list\">\n<li><strong>Texture craquel\u00e9e unique :<\/strong> Le design craquel\u00e9 noir et blanc de ces vasques \u00e0 poser en gros aux couleurs contrast\u00e9es est une marque de sophistication et d'unicit\u00e9, contribuant \u00e0 la beaut\u00e9 g\u00e9n\u00e9rale des salles de bains.<\/li>\n\n\n\n<li><strong>Petit et pratique : <\/strong>Nos lavabos en gros, en provenance directe de l'usine, sont petits et \u00e9conomisent de l'espace, parfaits pour les salles de bains compactes, les h\u00f4tels ou les projets commerciaux.<\/li>\n\n\n\n<li><strong>C\u00e9ramique haute temp\u00e9rature : <\/strong>Nos bassins de comptoir en gros sont durables, avec une finition fine et lisse qui r\u00e9siste aux rayures et aux taches, et qui est facile \u00e0 nettoyer et \u00e0 entretenir.<\/li>\n\n\n\n<li><strong>Polyvalent :<\/strong> Le sch\u00e9ma de couleurs classique noir et blanc de ces lavabos en gros s'int\u00e8gre facilement dans une vari\u00e9t\u00e9 de d\u00e9cors, ce qui permet de les utiliser dans une grande vari\u00e9t\u00e9 d'environnements.<\/li>\n<\/ul>\n<\/div>\n\n\n\n<div class=\"wp-block-column is-layout-flow wp-block-column-is-layout-flow\">\n<figure class=\"wp-block-image size-full\"><img fetchpriority=\"high\" decoding=\"async\" width=\"800\" height=\"800\" src=\"https:\/\/www.ceramicbasin.com\/wp-content\/uploads\/2025\/08\/custom-marble-sink\uff0cmarble-sink-countertop\uff0crectangular-above-counter-basin1.webp\" alt=\"Wholesale Countertop Basins with Black+White Crackle Pattern-1 (Vasques de comptoir avec motif craquel\u00e9 noir et blanc)\" class=\"wp-image-7490\" srcset=\"https:\/\/www.ceramicbasin.com\/wp-content\/uploads\/2025\/08\/custom-marble-sink\uff0cmarble-sink-countertop\uff0crectangular-above-counter-basin1.webp 800w, https:\/\/www.ceramicbasin.com\/wp-content\/uploads\/2025\/08\/custom-marble-sink\uff0cmarble-sink-countertop\uff0crectangular-above-counter-basin1-300x300.webp 300w, https:\/\/www.ceramicbasin.com\/wp-content\/uploads\/2025\/08\/custom-marble-sink\uff0cmarble-sink-countertop\uff0crectangular-above-counter-basin1-150x150.webp 150w, https:\/\/www.ceramicbasin.com\/wp-content\/uploads\/2025\/08\/custom-marble-sink\uff0cmarble-sink-countertop\uff0crectangular-above-counter-basin1-768x768.webp 768w, https:\/\/www.ceramicbasin.com\/wp-content\/uploads\/2025\/08\/custom-marble-sink\uff0cmarble-sink-countertop\uff0crectangular-above-counter-basin1-12x12.webp 12w, https:\/\/www.ceramicbasin.com\/wp-content\/uploads\/2025\/08\/custom-marble-sink\uff0cmarble-sink-countertop\uff0crectangular-above-counter-basin1-285x285.webp 285w, https:\/\/www.ceramicbasin.com\/wp-content\/uploads\/2025\/08\/custom-marble-sink\uff0cmarble-sink-countertop\uff0crectangular-above-counter-basin1-270x270.webp 270w, https:\/\/www.ceramicbasin.com\/wp-content\/uploads\/2025\/08\/custom-marble-sink\uff0cmarble-sink-countertop\uff0crectangular-above-counter-basin1-540x540.webp 540w, https:\/\/www.ceramicbasin.com\/wp-content\/uploads\/2025\/08\/custom-marble-sink\uff0cmarble-sink-countertop\uff0crectangular-above-counter-basin1-660x660.webp 660w\" sizes=\"(max-width: 800px) 100vw, 800px\" \/><\/figure>\n<\/div>\n<\/div>","protected":false},"excerpt":{"rendered":"<p>Bienvenue pour acheter en gros des lavabos de comptoir. Les lavabos noirs et blancs \u00e0 motifs craquel\u00e9s de HanYu factory-direct ont une apparence moderne minimaliste, convenant aux maisons modernes et aux espaces commerciaux, combinant esth\u00e9tique et fonctionnalit\u00e9.<\/p>\n<table style=\"border-collapse: collapse; width: 358.52pt;\" border=\"0\" width=\"478\" cellspacing=\"0\" cellpadding=\"0\">\n<tbody>\n<tr style=\"height: 17.25pt;\">\n<td class=\"et3\" style=\"height: 17.25pt; width: 125.00pt;\" width=\"166\" height=\"23\">Fabricant<\/td>\n<td class=\"et3\" style=\"width: 234.15pt;\" width=\"312\">HanYu<\/td>\n<\/tr>\n<tr style=\"height: 17.25pt;\">\n<td class=\"et3\" style=\"height: 17.25pt;\" height=\"23\">Num\u00e9ro de mod\u00e8le.<\/td>\n<td class=\"et4\">HY-8064-55C4<\/td>\n<\/tr>\n<tr style=\"height: 17.25pt;\">\n<td class=\"et3\" style=\"height: 17.25pt;\" height=\"23\">Type<\/td>\n<td class=\"et5\" style=\"width: 234.15pt;\" width=\"312\">\u00c9viers en marbre<\/td>\n<\/tr>\n<tr style=\"height: 18.00pt;\">\n<td class=\"et3\" style=\"height: 18.00pt;\" height=\"24\">Forme<\/td>\n<td class=\"et3\">Forme rectangulaire<\/td>\n<\/tr>\n<tr style=\"height: 34.50pt;\">\n<td class=\"et4\" style=\"height: 34.50pt;\" height=\"46\">Couleur<\/td>\n<td class=\"et5\" style=\"width: 234.15pt;\" width=\"312\">noir\/blanc\/bleu\/gris\/rose\/vert\/marron\/kaki<\/td>\n<\/tr>\n<tr style=\"height: 18.00pt;\">\n<td class=\"et3\" style=\"height: 18.00pt;\" height=\"24\">Dimension<\/td>\n<td class=\"et5\" style=\"width: 234.15pt;\" width=\"312\">55*38*11<\/td>\n<\/tr>\n<tr style=\"height: 17.25pt;\">\n<td class=\"et3\" style=\"height: 17.25pt;\" height=\"23\">N.W \/SET<\/td>\n<td class=\"et3\">18KGS\/PCS<\/td>\n<\/tr>\n<tr style=\"height: 17.25pt;\">\n<td class=\"et3\" style=\"height: 17.25pt;\" height=\"23\">MOQ<\/td>\n<td class=\"et3\">20pcs<\/td>\n<\/tr>\n<tr style=\"height: 17.25pt;\">\n<td class=\"et3\" style=\"height: 17.25pt;\" height=\"23\">Option personnalis\u00e9e<\/td>\n<td class=\"et3\">Couleur\/Pattenue\/Taille\/Logo\/Emballage<\/td>\n<\/tr>\n<\/tbody>\n<\/table>","protected":false},"featured_media":7493,"comment_status":"closed","ping_status":"closed","template":"","meta":{"_acf_changed":false},"product_brand":[],"product_cat":[50,54],"product_tag":[],"class_list":{"0":"post-7489","1":"product","2":"type-product","3":"status-publish","4":"has-post-thumbnail","6":"product_cat-wholesale-countertop-sinks","7":"product_cat-wholesale-marble-sinks","9":"first","10":"instock","11":"shipping-taxable","12":"product-type-simple"},"acf":[],"_links":{"self":[{"href":"https:\/\/www.ceramicbasin.com\/fr\/wp-json\/wp\/v2\/product\/7489","targetHints":{"allow":["GET"]}}],"collection":[{"href":"https:\/\/www.ceramicbasin.com\/fr\/wp-json\/wp\/v2\/product"}],"about":[{"href":"https:\/\/www.ceramicbasin.com\/fr\/wp-json\/wp\/v2\/types\/product"}],"replies":[{"embeddable":true,"href":"https:\/\/www.ceramicbasin.com\/fr\/wp-json\/wp\/v2\/comments?post=7489"}],"wp:featuredmedia":[{"embeddable":true,"href":"https:\/\/www.ceramicbasin.com\/fr\/wp-json\/wp\/v2\/media\/7493"}],"wp:attachment":[{"href":"https:\/\/www.ceramicbasin.com\/fr\/wp-json\/wp\/v2\/media?parent=7489"}],"wp:term":[{"taxonomy":"product_brand","embeddable":true,"href":"https:\/\/www.ceramicbasin.com\/fr\/wp-json\/wp\/v2\/product_brand?post=7489"},{"taxonomy":"product_cat","embeddable":true,"href":"https:\/\/www.ceramicbasin.com\/fr\/wp-json\/wp\/v2\/product_cat?post=7489"},{"taxonomy":"product_tag","embeddable":true,"href":"https:\/\/www.ceramicbasin.com\/fr\/wp-json\/wp\/v2\/product_tag?post=7489"}],"curies":[{"name":"wp","href":"https:\/\/api.w.org\/{rel}","templated":true}]}}