{"id":7662,"date":"2025-08-29T07:35:31","date_gmt":"2025-08-29T07:35:31","guid":{"rendered":"https:\/\/www.ceramicbasin.com\/?post_type=product&#038;p=7662"},"modified":"2025-08-29T07:35:33","modified_gmt":"2025-08-29T07:35:33","slug":"wholesale-porcelain-lavatory-sinks","status":"publish","type":"product","link":"https:\/\/www.ceramicbasin.com\/fr\/produit\/wholesale-porcelain-lavatory-sinks\/","title":{"rendered":"Wholesale Porcelain Lavatory Sinks, Luxury Matte Black Basin (lavabos en porcelaine)"},"content":{"rendered":"<div class=\"wp-block-columns is-layout-flex wp-container-core-columns-is-layout-9d6595d7 wp-block-columns-is-layout-flex\">\n<div class=\"wp-block-column is-layout-flow wp-block-column-is-layout-flow\">\n<h2 class=\"wp-block-heading\">Premium Wholesale Porcelain Lavatory Sinks (\u00e9viers de lavabo en porcelaine) Caract\u00e9ristiques :<\/h2>\n\n\n\n<ul class=\"wp-block-list\">\n<li><strong>Texture mate : <\/strong>Le traitement de surface mat de nos lavabos en porcelaine apporte une touche de modernit\u00e9 discr\u00e8te et luxueuse au comptoir de la salle de bains, cr\u00e9ant ainsi une exp\u00e9rience plus confortable dans la salle de bains.<\/li>\n\n\n\n<li><strong>Des couleurs riches : <\/strong>Notre \u00e9vier de comptoir en gros noir mat offre une vari\u00e9t\u00e9 d'options de couleurs pour r\u00e9pondre \u00e0 diff\u00e9rents styles de conception et \u00e0 des besoins personnalis\u00e9s.<\/li>\n\n\n\n<li><strong>Durable et facile \u00e0 nettoyer : <\/strong>Nos lavabos en porcelaine de couleur mate sont fabriqu\u00e9s en c\u00e9ramique de haute qualit\u00e9, ce qui garantit leur durabilit\u00e9 et la facilit\u00e9 avec laquelle il est possible d'enlever les taches pour qu'ils conservent toujours leur nouvel aspect.<\/li>\n\n\n\n<li><strong>Avantage de l'achat en gros :<\/strong> En achetant en gros notre \u00e9vier de comptoir noir mat, profitez de prix de gros imbattables, et assurez-vous d'en avoir pour votre argent en b\u00e9n\u00e9ficiant des avantages li\u00e9s aux achats \u00e0 grande \u00e9chelle.<\/li>\n<\/ul>\n<\/div>\n\n\n\n<div class=\"wp-block-column is-layout-flow wp-block-column-is-layout-flow\">\n<figure class=\"wp-block-image size-full\"><img fetchpriority=\"high\" decoding=\"async\" width=\"1024\" height=\"1024\" src=\"https:\/\/www.ceramicbasin.com\/wp-content\/uploads\/2025\/08\/Art-Hot-Sales-Bathroom-Ceramic-Triangle-Black-Matte-Wash-Hang-Sink-Countertop-Manufacturers-Basin-6.webp\" alt=\"Wholesale Porcelain Lavatory Sinks, Luxury Matte Black Basin-1 (lavabos en porcelaine)\" class=\"wp-image-7668\" srcset=\"https:\/\/www.ceramicbasin.com\/wp-content\/uploads\/2025\/08\/Art-Hot-Sales-Bathroom-Ceramic-Triangle-Black-Matte-Wash-Hang-Sink-Countertop-Manufacturers-Basin-6.webp 1024w, https:\/\/www.ceramicbasin.com\/wp-content\/uploads\/2025\/08\/Art-Hot-Sales-Bathroom-Ceramic-Triangle-Black-Matte-Wash-Hang-Sink-Countertop-Manufacturers-Basin-6-300x300.webp 300w, https:\/\/www.ceramicbasin.com\/wp-content\/uploads\/2025\/08\/Art-Hot-Sales-Bathroom-Ceramic-Triangle-Black-Matte-Wash-Hang-Sink-Countertop-Manufacturers-Basin-6-150x150.webp 150w, https:\/\/www.ceramicbasin.com\/wp-content\/uploads\/2025\/08\/Art-Hot-Sales-Bathroom-Ceramic-Triangle-Black-Matte-Wash-Hang-Sink-Countertop-Manufacturers-Basin-6-768x768.webp 768w, https:\/\/www.ceramicbasin.com\/wp-content\/uploads\/2025\/08\/Art-Hot-Sales-Bathroom-Ceramic-Triangle-Black-Matte-Wash-Hang-Sink-Countertop-Manufacturers-Basin-6-12x12.webp 12w, https:\/\/www.ceramicbasin.com\/wp-content\/uploads\/2025\/08\/Art-Hot-Sales-Bathroom-Ceramic-Triangle-Black-Matte-Wash-Hang-Sink-Countertop-Manufacturers-Basin-6-285x285.webp 285w, https:\/\/www.ceramicbasin.com\/wp-content\/uploads\/2025\/08\/Art-Hot-Sales-Bathroom-Ceramic-Triangle-Black-Matte-Wash-Hang-Sink-Countertop-Manufacturers-Basin-6-270x270.webp 270w, https:\/\/www.ceramicbasin.com\/wp-content\/uploads\/2025\/08\/Art-Hot-Sales-Bathroom-Ceramic-Triangle-Black-Matte-Wash-Hang-Sink-Countertop-Manufacturers-Basin-6-540x540.webp 540w, https:\/\/www.ceramicbasin.com\/wp-content\/uploads\/2025\/08\/Art-Hot-Sales-Bathroom-Ceramic-Triangle-Black-Matte-Wash-Hang-Sink-Countertop-Manufacturers-Basin-6-660x660.webp 660w\" sizes=\"(max-width: 1024px) 100vw, 1024px\" \/><\/figure>\n<\/div>\n<\/div>\n\n\n\n<p><\/p>","protected":false},"excerpt":{"rendered":"<div class=\"highlights-border-container\" data-v-df95d256=\"\">Achetez en gros des lavabos en porcelaine de HanYu. Notre bassin en c\u00e9ramique noir mat se distingue par son design exquis, son apparence profil\u00e9e et son traitement des bords arrondis, ce qui lui conf\u00e8re une beaut\u00e9 artistique extraordinaire.<\/div>\n<table style=\"border-collapse: collapse; width: 311.02pt;\" border=\"0\" width=\"311\" cellspacing=\"0\" cellpadding=\"0\">\n<tbody>\n<tr style=\"height: 17.60pt;\">\n<td class=\"et3\" style=\"height: 17.60pt; width: 108.35pt;\" width=\"108\" height=\"17\">Fabricant<\/td>\n<td class=\"et3\" style=\"width: 202.95pt;\" width=\"202\">HanYu<\/td>\n<\/tr>\n<tr style=\"height: 17.60pt;\">\n<td class=\"et3\" style=\"height: 17.60pt;\" height=\"17\">Num\u00e9ro de mod\u00e8le.<\/td>\n<td class=\"et4\">HY-5084MB<\/td>\n<\/tr>\n<tr style=\"height: 18.00pt;\">\n<td class=\"et3\" style=\"height: 18.00pt;\" height=\"18\">Type<\/td>\n<td class=\"et5\" style=\"width: 202.95pt;\" width=\"202\">Cuvette mate, cuvette de comptoir<\/td>\n<\/tr>\n<tr style=\"height: 17.60pt;\">\n<td class=\"et3\" style=\"height: 17.60pt;\" height=\"17\">Forme<\/td>\n<td class=\"et3\">Forme de triangle<\/td>\n<\/tr>\n<tr style=\"height: 36.00pt;\">\n<td class=\"et4\" style=\"height: 36.00pt;\" height=\"36\">Couleur<\/td>\n<td class=\"et5\" style=\"width: 202.95pt;\" width=\"202\">Noir\/Blanc\/Bleu\/Gris\/Rose\/Vert\/Marron\/Kaki......<\/td>\n<\/tr>\n<tr style=\"height: 18.00pt;\">\n<td class=\"et3\" style=\"height: 18.00pt;\" height=\"18\">Dimension<\/td>\n<td class=\"et5\" style=\"width: 202.95pt;\" width=\"202\">55*43.5*15<\/td>\n<\/tr>\n<tr style=\"height: 17.60pt;\">\n<td class=\"et3\" style=\"height: 17.60pt;\" height=\"17\">N.W \/SET<\/td>\n<td class=\"et3\">9.5KGS\/PCS<\/td>\n<\/tr>\n<tr style=\"height: 17.60pt;\">\n<td class=\"et3\" style=\"height: 17.60pt;\" height=\"17\">MOQ<\/td>\n<td class=\"et3\">20pcs<\/td>\n<\/tr>\n<tr style=\"height: 17.60pt;\">\n<td class=\"et3\" style=\"height: 17.60pt;\" height=\"17\">Option personnalis\u00e9e<\/td>\n<td class=\"et3\">Couleur\/mod\u00e8le\/taille\/logo\/emballage<\/td>\n<\/tr>\n<\/tbody>\n<\/table>","protected":false},"featured_media":7666,"comment_status":"closed","ping_status":"closed","template":"","meta":{"_acf_changed":false},"product_brand":[],"product_cat":[50,55],"product_tag":[],"class_list":{"0":"post-7662","1":"product","2":"type-product","3":"status-publish","4":"has-post-thumbnail","6":"product_cat-wholesale-countertop-sinks","7":"product_cat-wholesale-matte-sinks","9":"first","10":"instock","11":"shipping-taxable","12":"product-type-simple"},"acf":[],"_links":{"self":[{"href":"https:\/\/www.ceramicbasin.com\/fr\/wp-json\/wp\/v2\/product\/7662","targetHints":{"allow":["GET"]}}],"collection":[{"href":"https:\/\/www.ceramicbasin.com\/fr\/wp-json\/wp\/v2\/product"}],"about":[{"href":"https:\/\/www.ceramicbasin.com\/fr\/wp-json\/wp\/v2\/types\/product"}],"replies":[{"embeddable":true,"href":"https:\/\/www.ceramicbasin.com\/fr\/wp-json\/wp\/v2\/comments?post=7662"}],"wp:featuredmedia":[{"embeddable":true,"href":"https:\/\/www.ceramicbasin.com\/fr\/wp-json\/wp\/v2\/media\/7666"}],"wp:attachment":[{"href":"https:\/\/www.ceramicbasin.com\/fr\/wp-json\/wp\/v2\/media?parent=7662"}],"wp:term":[{"taxonomy":"product_brand","embeddable":true,"href":"https:\/\/www.ceramicbasin.com\/fr\/wp-json\/wp\/v2\/product_brand?post=7662"},{"taxonomy":"product_cat","embeddable":true,"href":"https:\/\/www.ceramicbasin.com\/fr\/wp-json\/wp\/v2\/product_cat?post=7662"},{"taxonomy":"product_tag","embeddable":true,"href":"https:\/\/www.ceramicbasin.com\/fr\/wp-json\/wp\/v2\/product_tag?post=7662"}],"curies":[{"name":"wp","href":"https:\/\/api.w.org\/{rel}","templated":true}]}}