{"id":7675,"date":"2025-08-29T07:10:33","date_gmt":"2025-08-29T07:10:33","guid":{"rendered":"https:\/\/www.ceramicbasin.com\/?post_type=product&#038;p=7675"},"modified":"2025-08-29T07:10:36","modified_gmt":"2025-08-29T07:10:36","slug":"wholesale-wash-basin-sink","status":"publish","type":"product","link":"https:\/\/www.ceramicbasin.com\/fr\/produit\/wholesale-wash-basin-sink\/","title":{"rendered":"Matt Brown Wholesale Wash Basin Sink, Affordable Vessel Sink"},"content":{"rendered":"<div class=\"wp-block-columns is-layout-flex wp-container-core-columns-is-layout-9d6595d7 wp-block-columns-is-layout-flex\">\n<div class=\"wp-block-column is-layout-flow wp-block-column-is-layout-flow\">\n<h2 class=\"wp-block-heading\">Premium Wholesale Wash Basin Sink Features :<\/h2>\n\n\n\n<ul class=\"wp-block-list\">\n<li><strong>Traitement de surface mat :\u00a0<\/strong>Le traitement unique de la surface mate de ce lavabo apporte une touche de douceur et de luxe au meuble de salle de bain.<\/li>\n\n\n\n<li><strong>C\u00e9ramique de haute qualit\u00e9 :<\/strong> Les mati\u00e8res premi\u00e8res c\u00e9ramiques de haute qualit\u00e9 s\u00e9lectionn\u00e9es, fritt\u00e9es \u00e0 haute temp\u00e9rature, garantissent que notre \u00e9vier en gros a une structure solide, une surface d\u00e9licate et lisse, qu'il est facile \u00e0 nettoyer et qu'il dure comme s'il \u00e9tait neuf.<\/li>\n\n\n\n<li><strong>Installation sup\u00e9rieure :<\/strong> Ce lavabo adopte une m\u00e9thode d'installation par le haut, qui est facile \u00e0 installer, stable et fiable, ce qui permet non seulement d'\u00e9conomiser de l'espace, mais aussi de faciliter l'entretien et le nettoyage quotidiens, et d'am\u00e9liorer l'exp\u00e9rience de l'utilisateur.<\/li>\n\n\n\n<li><strong>Prix avantageux : <\/strong>En tant que produit de gros, HanYu propose des prix tr\u00e8s comp\u00e9titifs pour les \u00e9viers en gros, ce qui vous permet de profiter de bassins en c\u00e9ramique de haute qualit\u00e9 tout en contr\u00f4lant les co\u00fbts.<\/li>\n<\/ul>\n<\/div>\n\n\n\n<div class=\"wp-block-column is-layout-flow wp-block-column-is-layout-flow\">\n<figure class=\"wp-block-image size-full\"><img fetchpriority=\"high\" decoding=\"async\" width=\"1024\" height=\"1024\" src=\"https:\/\/www.ceramicbasin.com\/wp-content\/uploads\/2025\/08\/Bathroom-Mount-Hotel-Color-Table-Top-Wash-Basins-Ceramic-Sale-Brown-Matt-Art-Basin-Single-Round-Sink-5.webp\" alt=\"Matt Brown Wholesale Wash Basin Sink, Affordable Vessel Sink-1\" class=\"wp-image-7680\" srcset=\"https:\/\/www.ceramicbasin.com\/wp-content\/uploads\/2025\/08\/Bathroom-Mount-Hotel-Color-Table-Top-Wash-Basins-Ceramic-Sale-Brown-Matt-Art-Basin-Single-Round-Sink-5.webp 1024w, https:\/\/www.ceramicbasin.com\/wp-content\/uploads\/2025\/08\/Bathroom-Mount-Hotel-Color-Table-Top-Wash-Basins-Ceramic-Sale-Brown-Matt-Art-Basin-Single-Round-Sink-5-300x300.webp 300w, https:\/\/www.ceramicbasin.com\/wp-content\/uploads\/2025\/08\/Bathroom-Mount-Hotel-Color-Table-Top-Wash-Basins-Ceramic-Sale-Brown-Matt-Art-Basin-Single-Round-Sink-5-150x150.webp 150w, https:\/\/www.ceramicbasin.com\/wp-content\/uploads\/2025\/08\/Bathroom-Mount-Hotel-Color-Table-Top-Wash-Basins-Ceramic-Sale-Brown-Matt-Art-Basin-Single-Round-Sink-5-768x768.webp 768w, https:\/\/www.ceramicbasin.com\/wp-content\/uploads\/2025\/08\/Bathroom-Mount-Hotel-Color-Table-Top-Wash-Basins-Ceramic-Sale-Brown-Matt-Art-Basin-Single-Round-Sink-5-12x12.webp 12w, https:\/\/www.ceramicbasin.com\/wp-content\/uploads\/2025\/08\/Bathroom-Mount-Hotel-Color-Table-Top-Wash-Basins-Ceramic-Sale-Brown-Matt-Art-Basin-Single-Round-Sink-5-285x285.webp 285w, https:\/\/www.ceramicbasin.com\/wp-content\/uploads\/2025\/08\/Bathroom-Mount-Hotel-Color-Table-Top-Wash-Basins-Ceramic-Sale-Brown-Matt-Art-Basin-Single-Round-Sink-5-270x270.webp 270w, https:\/\/www.ceramicbasin.com\/wp-content\/uploads\/2025\/08\/Bathroom-Mount-Hotel-Color-Table-Top-Wash-Basins-Ceramic-Sale-Brown-Matt-Art-Basin-Single-Round-Sink-5-540x540.webp 540w, https:\/\/www.ceramicbasin.com\/wp-content\/uploads\/2025\/08\/Bathroom-Mount-Hotel-Color-Table-Top-Wash-Basins-Ceramic-Sale-Brown-Matt-Art-Basin-Single-Round-Sink-5-660x660.webp 660w\" sizes=\"(max-width: 1024px) 100vw, 1024px\" \/><\/figure>\n<\/div>\n<\/div>\n\n\n\n<p><\/p>","protected":false},"excerpt":{"rendered":"<div class=\"highlights-border-container\" data-v-df95d256=\"\">Achetez en gros des lavabos directement aupr\u00e8s de l'usine HanYu. Nos lavabos en c\u00e9ramique sont fabriqu\u00e9s en c\u00e9ramique de haute qualit\u00e9 et cuits \u00e0 haute temp\u00e9rature. Nous offrons des remises en gros sur ce mod\u00e8le populaire pour r\u00e9pondre aux besoins des projets commerciaux ou des grandes r\u00e9novations r\u00e9sidentielles.<\/div>\n<table style=\"border-collapse: collapse; width: 311.02pt;\" border=\"0\" width=\"311\" cellspacing=\"0\" cellpadding=\"0\">\n<tbody>\n<tr style=\"height: 17.60pt;\">\n<td class=\"et3\" style=\"height: 17.60pt; width: 108.35pt;\" width=\"108\" height=\"17\">Fabricant<\/td>\n<td class=\"et3\" style=\"width: 202.95pt;\" width=\"202\">HanYu<\/td>\n<\/tr>\n<tr style=\"height: 17.60pt;\">\n<td class=\"et3\" style=\"height: 17.60pt;\" height=\"17\">Num\u00e9ro de mod\u00e8le.<\/td>\n<td class=\"et4\">HY-8002MC<\/td>\n<\/tr>\n<tr style=\"height: 18.00pt;\">\n<td class=\"et3\" style=\"height: 18.00pt;\" height=\"18\">Type<\/td>\n<td class=\"et5\" style=\"width: 202.95pt;\" width=\"202\">Cuvette mate, cuvette de comptoir<\/td>\n<\/tr>\n<tr style=\"height: 17.60pt;\">\n<td class=\"et3\" style=\"height: 17.60pt;\" height=\"17\">Forme<\/td>\n<td class=\"et3\">Forme ronde<\/td>\n<\/tr>\n<tr style=\"height: 36.00pt;\">\n<td class=\"et4\" style=\"height: 36.00pt;\" height=\"36\">Couleur<\/td>\n<td class=\"et5\" style=\"width: 202.95pt;\" width=\"202\">Noir\/Blanc\/Bleu\/Gris\/Rose\/Vert\/Marron\/Kaki......<\/td>\n<\/tr>\n<tr style=\"height: 18.00pt;\">\n<td class=\"et3\" style=\"height: 18.00pt;\" height=\"18\">Dimension<\/td>\n<td class=\"et5\" style=\"width: 202.95pt;\" width=\"202\">40*40*13<\/td>\n<\/tr>\n<tr style=\"height: 17.60pt;\">\n<td class=\"et3\" style=\"height: 17.60pt;\" height=\"17\">N.W \/SET<\/td>\n<td class=\"et3\">6KGS\/PCS<\/td>\n<\/tr>\n<tr style=\"height: 17.60pt;\">\n<td class=\"et3\" style=\"height: 17.60pt;\" height=\"17\">MOQ<\/td>\n<td class=\"et3\">20pcs<\/td>\n<\/tr>\n<tr style=\"height: 17.60pt;\">\n<td class=\"et3\" style=\"height: 17.60pt;\" height=\"17\">Option personnalis\u00e9e<\/td>\n<td class=\"et3\">Couleur\/mod\u00e8le\/taille\/logo\/emballage<\/td>\n<\/tr>\n<\/tbody>\n<\/table>","protected":false},"featured_media":7679,"comment_status":"closed","ping_status":"closed","template":"","meta":{"_acf_changed":false},"product_brand":[],"product_cat":[50,55],"product_tag":[],"class_list":{"0":"post-7675","1":"product","2":"type-product","3":"status-publish","4":"has-post-thumbnail","6":"product_cat-wholesale-countertop-sinks","7":"product_cat-wholesale-matte-sinks","9":"first","10":"instock","11":"shipping-taxable","12":"product-type-simple"},"acf":[],"_links":{"self":[{"href":"https:\/\/www.ceramicbasin.com\/fr\/wp-json\/wp\/v2\/product\/7675","targetHints":{"allow":["GET"]}}],"collection":[{"href":"https:\/\/www.ceramicbasin.com\/fr\/wp-json\/wp\/v2\/product"}],"about":[{"href":"https:\/\/www.ceramicbasin.com\/fr\/wp-json\/wp\/v2\/types\/product"}],"replies":[{"embeddable":true,"href":"https:\/\/www.ceramicbasin.com\/fr\/wp-json\/wp\/v2\/comments?post=7675"}],"wp:featuredmedia":[{"embeddable":true,"href":"https:\/\/www.ceramicbasin.com\/fr\/wp-json\/wp\/v2\/media\/7679"}],"wp:attachment":[{"href":"https:\/\/www.ceramicbasin.com\/fr\/wp-json\/wp\/v2\/media?parent=7675"}],"wp:term":[{"taxonomy":"product_brand","embeddable":true,"href":"https:\/\/www.ceramicbasin.com\/fr\/wp-json\/wp\/v2\/product_brand?post=7675"},{"taxonomy":"product_cat","embeddable":true,"href":"https:\/\/www.ceramicbasin.com\/fr\/wp-json\/wp\/v2\/product_cat?post=7675"},{"taxonomy":"product_tag","embeddable":true,"href":"https:\/\/www.ceramicbasin.com\/fr\/wp-json\/wp\/v2\/product_tag?post=7675"}],"curies":[{"name":"wp","href":"https:\/\/api.w.org\/{rel}","templated":true}]}}