{"id":7730,"date":"2025-09-03T09:25:02","date_gmt":"2025-09-03T09:25:02","guid":{"rendered":"https:\/\/www.ceramicbasin.com\/?post_type=product&#038;p=7730"},"modified":"2025-09-04T09:28:07","modified_gmt":"2025-09-04T09:28:07","slug":"wholesale-bathroom-countertop-basin","status":"publish","type":"product","link":"https:\/\/www.ceramicbasin.com\/fr\/produit\/wholesale-bathroom-countertop-basin\/","title":{"rendered":"Wholesale Bathroom Countertop Basin, Round Ceramic Sinks (lavabos ronds en c\u00e9ramique)"},"content":{"rendered":"<div class=\"wp-block-columns is-layout-flex wp-container-core-columns-is-layout-9d6595d7 wp-block-columns-is-layout-flex\">\n<div class=\"wp-block-column is-layout-flow wp-block-column-is-layout-flow\">\n<h2 class=\"wp-block-heading\">Premium Wholesale Bathroom Countertop Basin Caract\u00e9ristiques :<\/h2>\n\n\n\n<ul class=\"wp-block-list\">\n<li><strong>Design moderne :<\/strong> Cette vasque de salle de bains en gros pr\u00e9sente un design simple et moderne. Le design rond et lisse peut s'adapter \u00e0 diff\u00e9rents styles de salles de bains, ajoutant un facteur de modernit\u00e9 et de haute qualit\u00e9 \u00e0 l'espace de la salle de bains.<\/li>\n\n\n\n<li><strong>Mat\u00e9riaux de haute qualit\u00e9 :<\/strong> La c\u00e9ramique de haute qualit\u00e9 s\u00e9lectionn\u00e9e est calcin\u00e9e \u00e0 haute temp\u00e9rature pour garantir la durabilit\u00e9 du produit. En outre, r\u00e9sistant \u00e0 la salet\u00e9 et aux rayures, la surface lisse de notre comptoir d'\u00e9vier de salle de bains en gros est facile \u00e0 nettoyer et reste belle et brillante pendant longtemps.<\/li>\n\n\n\n<li><strong>Trous de robinetterie pr\u00e9-perc\u00e9s :<\/strong> Notre vasque de salle de bain en gros est livr\u00e9e avec des trous de robinet pr\u00e9perc\u00e9s pour une installation rapide et facile qui peut convenir \u00e0 la plupart des robinets standard. Le design simple est tr\u00e8s fonctionnel, esth\u00e9tique en m\u00eame temps, et assure le confort de l'utilisateur.<\/li>\n\n\n\n<li><strong>Conception du bassin de comptoir :<\/strong> nos lavabos de salle de bain sur mesure sont fournis directement par l'usine, l'installation simple compl\u00e8te les diff\u00e9rents comptoirs de salle de bain, \u00e9levant la sophistication de l'espace global.<\/li>\n<\/ul>\n<\/div>\n\n\n\n<div class=\"wp-block-column is-layout-flow wp-block-column-is-layout-flow\">\n<figure class=\"wp-block-image size-full\"><img fetchpriority=\"high\" decoding=\"async\" width=\"655\" height=\"819\" src=\"https:\/\/www.ceramicbasin.com\/wp-content\/uploads\/2025\/09\/modern-wholesale-bathroom-countertop-basin-with-faucet-hole-custom-ceramic-sinks-6.webp\" alt=\"modern-wholesale-bathroom-countertop-basin-with-faucet-hole-custom-ceramic-sinks-6\" class=\"wp-image-7766\" srcset=\"https:\/\/www.ceramicbasin.com\/wp-content\/uploads\/2025\/09\/modern-wholesale-bathroom-countertop-basin-with-faucet-hole-custom-ceramic-sinks-6.webp 655w, https:\/\/www.ceramicbasin.com\/wp-content\/uploads\/2025\/09\/modern-wholesale-bathroom-countertop-basin-with-faucet-hole-custom-ceramic-sinks-6-240x300.webp 240w, https:\/\/www.ceramicbasin.com\/wp-content\/uploads\/2025\/09\/modern-wholesale-bathroom-countertop-basin-with-faucet-hole-custom-ceramic-sinks-6-10x12.webp 10w, https:\/\/www.ceramicbasin.com\/wp-content\/uploads\/2025\/09\/modern-wholesale-bathroom-countertop-basin-with-faucet-hole-custom-ceramic-sinks-6-285x356.webp 285w, https:\/\/www.ceramicbasin.com\/wp-content\/uploads\/2025\/09\/modern-wholesale-bathroom-countertop-basin-with-faucet-hole-custom-ceramic-sinks-6-528x660.webp 528w, https:\/\/www.ceramicbasin.com\/wp-content\/uploads\/2025\/09\/modern-wholesale-bathroom-countertop-basin-with-faucet-hole-custom-ceramic-sinks-6-120x150.webp 120w\" sizes=\"(max-width: 655px) 100vw, 655px\" \/><\/figure>\n<\/div>\n<\/div>","protected":false},"excerpt":{"rendered":"<p>Bienvenue pour l'achat en gros d'un lavabo de salle de bain \u00e0 poser. L'\u00e9vier de salle de bain en gros de Hanyu est \u00e9quip\u00e9 de trous de robinet pr\u00e9perc\u00e9s, ce qui le rend beaucoup plus facile \u00e0 installer et largement compatible avec les accessoires connexes. Gr\u00e2ce \u00e0 la vente en gros directe d'usine, il est durable et facile \u00e0 nettoyer.<\/p>\n<table style=\"border-collapse: collapse; width: 311.02pt;\" border=\"0\" width=\"311\" cellspacing=\"0\" cellpadding=\"0\">\n<tbody>\n<tr style=\"height: 17.60pt;\">\n<td class=\"et3\" style=\"height: 17.60pt; width: 108.35pt;\" width=\"108\" height=\"17\">Fabricant<\/td>\n<td class=\"et3\" style=\"width: 202.95pt;\" width=\"202\">HanYu<\/td>\n<\/tr>\n<tr style=\"height: 17.60pt;\">\n<td class=\"et3\" style=\"height: 17.60pt;\" height=\"17\">Num\u00e9ro de mod\u00e8le.<\/td>\n<td class=\"et4\">HY-8127<\/td>\n<\/tr>\n<tr style=\"height: 17.60pt;\">\n<td class=\"et3\" style=\"height: 17.60pt;\" height=\"17\">Type<\/td>\n<td class=\"et3\">Bassin de comptoir<\/td>\n<\/tr>\n<tr style=\"height: 17.60pt;\">\n<td class=\"et3\" style=\"height: 17.60pt;\" height=\"17\">Forme<\/td>\n<td class=\"et3\">Rond<\/td>\n<\/tr>\n<tr style=\"height: 17.60pt;\">\n<td class=\"et4\" style=\"height: 17.60pt;\" height=\"17\">Couleur<\/td>\n<td class=\"et3\">Blanc<\/td>\n<\/tr>\n<tr style=\"height: 18.00pt;\">\n<td class=\"et3\" style=\"height: 18.00pt;\" height=\"18\">Dimension<\/td>\n<td class=\"et5\" style=\"width: 202.95pt;\" width=\"202\">40.5*40.5*13<\/td>\n<\/tr>\n<tr style=\"height: 17.60pt;\">\n<td class=\"et3\" style=\"height: 17.60pt;\" height=\"17\">N.W \/SET<\/td>\n<td class=\"et3\">8KG\/PCS<\/td>\n<\/tr>\n<tr style=\"height: 17.60pt;\">\n<td class=\"et3\" style=\"height: 17.60pt;\" height=\"17\">MOQ<\/td>\n<td class=\"et3\">20pcs<\/td>\n<\/tr>\n<tr style=\"height: 17.60pt;\">\n<td class=\"et3\" style=\"height: 17.60pt;\" height=\"17\">Option personnalis\u00e9e<\/td>\n<td class=\"et3\">Couleur\/Pattenue\/Taille\/Logo\/Emballage<\/td>\n<\/tr>\n<\/tbody>\n<\/table>\n<p>&nbsp;<\/p>","protected":false},"featured_media":7761,"comment_status":"closed","ping_status":"closed","template":"","meta":{"_acf_changed":false},"product_brand":[],"product_cat":[50],"product_tag":[],"class_list":{"0":"post-7730","1":"product","2":"type-product","3":"status-publish","4":"has-post-thumbnail","6":"product_cat-wholesale-countertop-sinks","8":"first","9":"instock","10":"shipping-taxable","11":"product-type-simple"},"acf":[],"_links":{"self":[{"href":"https:\/\/www.ceramicbasin.com\/fr\/wp-json\/wp\/v2\/product\/7730","targetHints":{"allow":["GET"]}}],"collection":[{"href":"https:\/\/www.ceramicbasin.com\/fr\/wp-json\/wp\/v2\/product"}],"about":[{"href":"https:\/\/www.ceramicbasin.com\/fr\/wp-json\/wp\/v2\/types\/product"}],"replies":[{"embeddable":true,"href":"https:\/\/www.ceramicbasin.com\/fr\/wp-json\/wp\/v2\/comments?post=7730"}],"wp:featuredmedia":[{"embeddable":true,"href":"https:\/\/www.ceramicbasin.com\/fr\/wp-json\/wp\/v2\/media\/7761"}],"wp:attachment":[{"href":"https:\/\/www.ceramicbasin.com\/fr\/wp-json\/wp\/v2\/media?parent=7730"}],"wp:term":[{"taxonomy":"product_brand","embeddable":true,"href":"https:\/\/www.ceramicbasin.com\/fr\/wp-json\/wp\/v2\/product_brand?post=7730"},{"taxonomy":"product_cat","embeddable":true,"href":"https:\/\/www.ceramicbasin.com\/fr\/wp-json\/wp\/v2\/product_cat?post=7730"},{"taxonomy":"product_tag","embeddable":true,"href":"https:\/\/www.ceramicbasin.com\/fr\/wp-json\/wp\/v2\/product_tag?post=7730"}],"curies":[{"name":"wp","href":"https:\/\/api.w.org\/{rel}","templated":true}]}}