{"id":7740,"date":"2025-09-03T09:44:09","date_gmt":"2025-09-03T09:44:09","guid":{"rendered":"https:\/\/www.ceramicbasin.com\/?post_type=product&#038;p=7740"},"modified":"2025-09-04T07:44:01","modified_gmt":"2025-09-04T07:44:01","slug":"wholesale-round-lavatory-sinks","status":"publish","type":"product","link":"https:\/\/www.ceramicbasin.com\/fr\/produit\/wholesale-round-lavatory-sinks\/","title":{"rendered":"Wholesale Round Lavatory Sinks, Custom Ceramic Countertop Basin (lavabos en c\u00e9ramique)"},"content":{"rendered":"<div class=\"wp-block-columns is-layout-flex wp-container-core-columns-is-layout-9d6595d7 wp-block-columns-is-layout-flex\">\n<div class=\"wp-block-column is-layout-flow wp-block-column-is-layout-flow\">\n<h2 class=\"wp-block-heading\">Premium Wholesale Round Lavatory Sinks Caract\u00e9ristiques :<\/h2>\n\n\n\n<ul class=\"wp-block-list\">\n<li><strong>Design simple et \u00e9l\u00e9gant : <\/strong>Nos vasques en c\u00e9ramique sur mesure ont des lignes simples et des formes \u00e9l\u00e9gantes. D'apparence exquise, ils s'int\u00e8grent parfaitement au style minimaliste d'une salle de bains moderne. En m\u00eame temps, ils d\u00e9montrent votre go\u00fbt \u00e9lev\u00e9 et peuvent ajouter du raffinement \u00e0 l'ensemble de l'espace.<\/li>\n\n\n\n<li><strong>Conception du trou du robinet : <\/strong>Tous les lavabos ronds en gros sont dot\u00e9s de trous de robinetterie. Gr\u00e2ce \u00e0 cette conception raisonnable, au moment de l'installation, les robinets peuvent \u00eatre directement adapt\u00e9s par les utilisateurs sans per\u00e7age suppl\u00e9mentaire, ce qui augmente la commodit\u00e9 et l'efficacit\u00e9 de l'installation et r\u00e9pond aux exigences de divers comptoirs de salle de bains.<\/li>\n\n\n\n<li><strong>Mat\u00e9riau c\u00e9ramique de haute qualit\u00e9 : <\/strong>Nos vasques en c\u00e9ramique sur mesure sont fabriqu\u00e9es \u00e0 partir de mat\u00e9riaux c\u00e9ramiques de haute qualit\u00e9 qui pr\u00e9sentent une surface lisse et d\u00e9licate, tr\u00e8s r\u00e9sistante \u00e0 l'usure et aux taches. M\u00eame apr\u00e8s avoir \u00e9t\u00e9 utilis\u00e9s pendant une tr\u00e8s longue p\u00e9riode, ils peuvent rester intacts et, dans la vie quotidienne, ils sont tr\u00e8s faciles \u00e0 nettoyer.<\/li>\n\n\n\n<li><strong>Diff\u00e9rentes tailles, couleurs et styles :<\/strong> Ces lavabos ronds en gros peuvent \u00eatre propos\u00e9s sous une forme personnalisable en fonction des exigences des diff\u00e9rents projets. Qu'il s'agisse de d\u00e9coration r\u00e9sidentielle ou de projets commerciaux, ils s'adaptent facilement aux diff\u00e9rents styles de salles de bains.<\/li>\n<\/ul>\n<\/div>\n\n\n\n<div class=\"wp-block-column is-layout-flow wp-block-column-is-layout-flow\">\n<figure class=\"wp-block-image size-full\"><img fetchpriority=\"high\" decoding=\"async\" width=\"683\" height=\"889\" src=\"https:\/\/www.ceramicbasin.com\/wp-content\/uploads\/2025\/09\/wholesale-round-lavatory-sinks-custom-ceramic-countertop-basin-6.webp\" alt=\"wholesale-round-lavatory-sinks-customeramic-countertop-basin-6\" class=\"wp-image-7774\" srcset=\"https:\/\/www.ceramicbasin.com\/wp-content\/uploads\/2025\/09\/wholesale-round-lavatory-sinks-custom-ceramic-countertop-basin-6.webp 683w, https:\/\/www.ceramicbasin.com\/wp-content\/uploads\/2025\/09\/wholesale-round-lavatory-sinks-custom-ceramic-countertop-basin-6-230x300.webp 230w, https:\/\/www.ceramicbasin.com\/wp-content\/uploads\/2025\/09\/wholesale-round-lavatory-sinks-custom-ceramic-countertop-basin-6-9x12.webp 9w, https:\/\/www.ceramicbasin.com\/wp-content\/uploads\/2025\/09\/wholesale-round-lavatory-sinks-custom-ceramic-countertop-basin-6-285x371.webp 285w, https:\/\/www.ceramicbasin.com\/wp-content\/uploads\/2025\/09\/wholesale-round-lavatory-sinks-custom-ceramic-countertop-basin-6-507x660.webp 507w, https:\/\/www.ceramicbasin.com\/wp-content\/uploads\/2025\/09\/wholesale-round-lavatory-sinks-custom-ceramic-countertop-basin-6-115x150.webp 115w\" sizes=\"(max-width: 683px) 100vw, 683px\" \/><\/figure>\n<\/div>\n<\/div>","protected":false},"excerpt":{"rendered":"<p>Nous vous invitons \u00e0 vous renseigner sur les lavabos ronds en gros de Hanyu. Nos vasques de comptoir en c\u00e9ramique personnalis\u00e9es avec un trou de robinet, au design simple et \u00e9l\u00e9gant, s'adaptent \u00e0 une vari\u00e9t\u00e9 de styles de d\u00e9coration de salles de bains modernes, et ont un rev\u00eatement lisse. Les mat\u00e9riaux c\u00e9ramiques de haute qualit\u00e9 utilis\u00e9s dans ce produit ont une grande durabilit\u00e9 et sont faciles \u00e0 nettoyer.<\/p>\n<table style=\"border-collapse: collapse; width: 358.52pt;\" border=\"0\" width=\"478\" cellspacing=\"0\" cellpadding=\"0\">\n<tbody>\n<tr style=\"height: 17.25pt;\">\n<td class=\"et3\" style=\"height: 17.25pt; width: 125.00pt;\" width=\"166\" height=\"23\">Fabricant<\/td>\n<td class=\"et3\" style=\"width: 234.15pt;\" width=\"312\">HanYu<\/td>\n<\/tr>\n<tr style=\"height: 17.25pt;\">\n<td class=\"et3\" style=\"height: 17.25pt;\" height=\"23\">Num\u00e9ro de mod\u00e8le.<\/td>\n<td class=\"et4\">HY-8004<\/td>\n<\/tr>\n<tr style=\"height: 17.25pt;\">\n<td class=\"et3\" style=\"height: 17.25pt;\" height=\"23\">Type<\/td>\n<td class=\"et5\" style=\"width: 234.15pt;\" width=\"312\">Bassins de comptoir<\/td>\n<\/tr>\n<tr style=\"height: 18.00pt;\">\n<td class=\"et3\" style=\"height: 18.00pt;\" height=\"24\">Forme<\/td>\n<td class=\"et3\">Forme ronde<\/td>\n<\/tr>\n<tr style=\"height: 34.50pt;\">\n<td class=\"et4\" style=\"height: 34.50pt;\" height=\"46\">Couleur<\/td>\n<td class=\"et5\" style=\"width: 234.15pt;\" width=\"312\">noir\/blanc\/bleu\/gris\/rose\/vert\/marron\/kaki<\/td>\n<\/tr>\n<tr style=\"height: 18.00pt;\">\n<td class=\"et3\" style=\"height: 18.00pt;\" height=\"24\">Dimension<\/td>\n<td class=\"et5\" style=\"width: 234.15pt;\" width=\"312\">44*44*12<\/td>\n<\/tr>\n<tr style=\"height: 17.25pt;\">\n<td class=\"et3\" style=\"height: 17.25pt;\" height=\"23\">N.W \/SET<\/td>\n<td class=\"et3\">10KGS\/PCS<\/td>\n<\/tr>\n<tr style=\"height: 17.25pt;\">\n<td class=\"et3\" style=\"height: 17.25pt;\" height=\"23\">MOQ<\/td>\n<td class=\"et3\">20pcs<\/td>\n<\/tr>\n<tr style=\"height: 17.25pt;\">\n<td class=\"et3\" style=\"height: 17.25pt;\" height=\"23\">Option personnalis\u00e9e<\/td>\n<td class=\"et3\">Couleur\/Pattenue\/Taille\/Logo\/Emballage<\/td>\n<\/tr>\n<\/tbody>\n<\/table>","protected":false},"featured_media":7769,"comment_status":"closed","ping_status":"closed","template":"","meta":{"_acf_changed":false},"product_brand":[],"product_cat":[50],"product_tag":[],"class_list":{"0":"post-7740","1":"product","2":"type-product","3":"status-publish","4":"has-post-thumbnail","6":"product_cat-wholesale-countertop-sinks","8":"first","9":"instock","10":"shipping-taxable","11":"product-type-simple"},"acf":[],"_links":{"self":[{"href":"https:\/\/www.ceramicbasin.com\/fr\/wp-json\/wp\/v2\/product\/7740","targetHints":{"allow":["GET"]}}],"collection":[{"href":"https:\/\/www.ceramicbasin.com\/fr\/wp-json\/wp\/v2\/product"}],"about":[{"href":"https:\/\/www.ceramicbasin.com\/fr\/wp-json\/wp\/v2\/types\/product"}],"replies":[{"embeddable":true,"href":"https:\/\/www.ceramicbasin.com\/fr\/wp-json\/wp\/v2\/comments?post=7740"}],"wp:featuredmedia":[{"embeddable":true,"href":"https:\/\/www.ceramicbasin.com\/fr\/wp-json\/wp\/v2\/media\/7769"}],"wp:attachment":[{"href":"https:\/\/www.ceramicbasin.com\/fr\/wp-json\/wp\/v2\/media?parent=7740"}],"wp:term":[{"taxonomy":"product_brand","embeddable":true,"href":"https:\/\/www.ceramicbasin.com\/fr\/wp-json\/wp\/v2\/product_brand?post=7740"},{"taxonomy":"product_cat","embeddable":true,"href":"https:\/\/www.ceramicbasin.com\/fr\/wp-json\/wp\/v2\/product_cat?post=7740"},{"taxonomy":"product_tag","embeddable":true,"href":"https:\/\/www.ceramicbasin.com\/fr\/wp-json\/wp\/v2\/product_tag?post=7740"}],"curies":[{"name":"wp","href":"https:\/\/api.w.org\/{rel}","templated":true}]}}