{"id":7749,"date":"2025-09-03T09:49:25","date_gmt":"2025-09-03T09:49:25","guid":{"rendered":"https:\/\/www.ceramicbasin.com\/?post_type=product&#038;p=7749"},"modified":"2025-09-04T09:19:00","modified_gmt":"2025-09-04T09:19:00","slug":"custom-countertop-hand-basin","status":"publish","type":"product","link":"https:\/\/www.ceramicbasin.com\/fr\/produit\/custom-countertop-hand-basin\/","title":{"rendered":"Vente en gros de lavabos de comptoir personnalis\u00e9s"},"content":{"rendered":"<div class=\"wp-block-columns is-layout-flex wp-container-core-columns-is-layout-9d6595d7 wp-block-columns-is-layout-flex\">\n<div class=\"wp-block-column is-layout-flow wp-block-column-is-layout-flow\">\n<h2 class=\"wp-block-heading\">Premium Countertop Hand Basin Features :<\/h2>\n\n\n\n<ul class=\"wp-block-list\">\n<li><strong>Style best-seller :<\/strong> Le lave-mains \u00e0 poser sur mesure a une forme de bol vintage et une silhouette distinctive qui ajoute une touche artistique et de la personnalit\u00e9 \u00e0 toute salle de bains.<\/li>\n\n\n\n<li><strong>C\u00e9ramique de premi\u00e8re qualit\u00e9 : <\/strong>Le lave-mains \u00e0 poser est fabriqu\u00e9 en c\u00e9ramique de haute qualit\u00e9, avec une surface lisse et dense qui r\u00e9siste aux rayures et \u00e0 l'usure, tout en permettant un nettoyage sans effort.<\/li>\n\n\n\n<li><strong>Services de personnalisation : <\/strong>Ces \u00e9viers en c\u00e9ramique de gros adaptent les dimensions, les couleurs, les gla\u00e7ures et les motifs aux divers besoins esth\u00e9tiques et fonctionnels de l'espace et s'int\u00e8grent facilement \u00e0 diverses conceptions de d\u00e9coration.<\/li>\n\n\n\n<li><strong>Installation facile :<\/strong> Ces \u00e9viers en c\u00e9ramique sont con\u00e7us pour \u00eatre install\u00e9s au-dessus du comptoir ; nos lavabos en porcelaine pour comptoir sont faciles \u00e0 installer, qu'il s'agisse d'une nouvelle construction ou de la r\u00e9novation d'une salle de bains.<\/li>\n<\/ul>\n<\/div>\n\n\n\n<div class=\"wp-block-column is-layout-flow wp-block-column-is-layout-flow\">\n<figure class=\"wp-block-image size-full\"><img fetchpriority=\"high\" decoding=\"async\" width=\"591\" height=\"765\" src=\"https:\/\/www.ceramicbasin.com\/wp-content\/uploads\/2025\/09\/Counter-Top-Wholesale-sink-6.webp\" alt=\"hot-selling-custom-countertop-hand-basin-antique-bowl-shape-design-ceramic-sink-wholesale-6\" class=\"wp-image-7750\" srcset=\"https:\/\/www.ceramicbasin.com\/wp-content\/uploads\/2025\/09\/Counter-Top-Wholesale-sink-6.webp 591w, https:\/\/www.ceramicbasin.com\/wp-content\/uploads\/2025\/09\/Counter-Top-Wholesale-sink-6-232x300.webp 232w, https:\/\/www.ceramicbasin.com\/wp-content\/uploads\/2025\/09\/Counter-Top-Wholesale-sink-6-9x12.webp 9w, https:\/\/www.ceramicbasin.com\/wp-content\/uploads\/2025\/09\/Counter-Top-Wholesale-sink-6-285x369.webp 285w, https:\/\/www.ceramicbasin.com\/wp-content\/uploads\/2025\/09\/Counter-Top-Wholesale-sink-6-510x660.webp 510w, https:\/\/www.ceramicbasin.com\/wp-content\/uploads\/2025\/09\/Counter-Top-Wholesale-sink-6-116x150.webp 116w\" sizes=\"(max-width: 591px) 100vw, 591px\" \/><\/figure>\n<\/div>\n<\/div>","protected":false},"excerpt":{"rendered":"<p>Bienvenue pour l'achat d'un lavabo \u00e0 poser sur mesure. Nos vasques \u00e0 poser en gros sont vendues directement \u00e0 l'usine, \u00e9vitant ainsi les interm\u00e9diaires, pour des lavabos de qualit\u00e9 sup\u00e9rieure au prix le plus bas. Notre s\u00e9lection vari\u00e9e comprend une vari\u00e9t\u00e9 de styles, de tailles et de couleurs qui s'adapteront \u00e0 n'importe quel design dans la salle de bain. Tr\u00e8s facile \u00e0 installer sur le comptoir, fabriqu\u00e9 en c\u00e9ramique de haute qualit\u00e9 durable, surface lisse, r\u00e9sistante aux taches et aux rayures.<\/p>\n<table style=\"border-collapse: collapse; width: 358.52pt;\" border=\"0\" width=\"478\" cellspacing=\"0\" cellpadding=\"0\">\n<tbody>\n<tr style=\"height: 17.25pt;\">\n<td class=\"et3\" style=\"height: 17.25pt; width: 125.00pt;\" width=\"166\" height=\"23\">Fabricant<\/td>\n<td class=\"et3\" style=\"width: 234.15pt;\" width=\"312\">HanYu<\/td>\n<\/tr>\n<tr style=\"height: 17.25pt;\">\n<td class=\"et3\" style=\"height: 17.25pt;\" height=\"23\">Num\u00e9ro de mod\u00e8le.\u00a0<\/td>\n<td class=\"et4\">HY-8008<\/td>\n<\/tr>\n<tr style=\"height: 17.25pt;\">\n<td class=\"et3\" style=\"height: 17.25pt;\" height=\"23\">Type<\/td>\n<td class=\"et5\" style=\"width: 234.15pt;\" width=\"312\">Bassins de comptoir<\/td>\n<\/tr>\n<tr style=\"height: 18.00pt;\">\n<td class=\"et3\" style=\"height: 18.00pt;\" height=\"24\">Forme<\/td>\n<td class=\"et3\">Forme ronde<\/td>\n<\/tr>\n<tr style=\"height: 34.50pt;\">\n<td class=\"et4\" style=\"height: 34.50pt;\" height=\"46\">Couleur<\/td>\n<td class=\"et5\" style=\"width: 234.15pt;\" width=\"312\">noir\/blanc\/bleu\/gris\/rose\/vert\/marron\/kaki<\/td>\n<\/tr>\n<tr style=\"height: 18.00pt;\">\n<td class=\"et3\" style=\"height: 18.00pt;\" height=\"24\">Dimension<\/td>\n<td class=\"et5\" style=\"width: 234.15pt;\" width=\"312\">38.5*38.5*10.5<\/td>\n<\/tr>\n<tr style=\"height: 17.25pt;\">\n<td class=\"et3\" style=\"height: 17.25pt;\" height=\"23\">N.W \/SET<\/td>\n<td class=\"et3\">12KGS\/PCS<\/td>\n<\/tr>\n<tr style=\"height: 17.25pt;\">\n<td class=\"et3\" style=\"height: 17.25pt;\" height=\"23\">MOQ<\/td>\n<td class=\"et3\">20pcs<\/td>\n<\/tr>\n<tr style=\"height: 17.25pt;\">\n<td class=\"et3\" style=\"height: 17.25pt;\" height=\"23\">Option personnalis\u00e9e<\/td>\n<td class=\"et3\">Couleur\/Pattenue\/Taille\/Logo\/Emballage<\/td>\n<\/tr>\n<\/tbody>\n<\/table>","protected":false},"featured_media":7751,"comment_status":"closed","ping_status":"closed","template":"","meta":{"_acf_changed":false},"product_brand":[],"product_cat":[50],"product_tag":[],"class_list":{"0":"post-7749","1":"product","2":"type-product","3":"status-publish","4":"has-post-thumbnail","6":"product_cat-wholesale-countertop-sinks","8":"first","9":"instock","10":"shipping-taxable","11":"product-type-simple"},"acf":[],"_links":{"self":[{"href":"https:\/\/www.ceramicbasin.com\/fr\/wp-json\/wp\/v2\/product\/7749","targetHints":{"allow":["GET"]}}],"collection":[{"href":"https:\/\/www.ceramicbasin.com\/fr\/wp-json\/wp\/v2\/product"}],"about":[{"href":"https:\/\/www.ceramicbasin.com\/fr\/wp-json\/wp\/v2\/types\/product"}],"replies":[{"embeddable":true,"href":"https:\/\/www.ceramicbasin.com\/fr\/wp-json\/wp\/v2\/comments?post=7749"}],"wp:featuredmedia":[{"embeddable":true,"href":"https:\/\/www.ceramicbasin.com\/fr\/wp-json\/wp\/v2\/media\/7751"}],"wp:attachment":[{"href":"https:\/\/www.ceramicbasin.com\/fr\/wp-json\/wp\/v2\/media?parent=7749"}],"wp:term":[{"taxonomy":"product_brand","embeddable":true,"href":"https:\/\/www.ceramicbasin.com\/fr\/wp-json\/wp\/v2\/product_brand?post=7749"},{"taxonomy":"product_cat","embeddable":true,"href":"https:\/\/www.ceramicbasin.com\/fr\/wp-json\/wp\/v2\/product_cat?post=7749"},{"taxonomy":"product_tag","embeddable":true,"href":"https:\/\/www.ceramicbasin.com\/fr\/wp-json\/wp\/v2\/product_tag?post=7749"}],"curies":[{"name":"wp","href":"https:\/\/api.w.org\/{rel}","templated":true}]}}