{"id":7782,"date":"2025-09-09T06:45:47","date_gmt":"2025-09-09T06:45:47","guid":{"rendered":"https:\/\/www.ceramicbasin.com\/?post_type=product&#038;p=7782"},"modified":"2025-09-26T06:25:44","modified_gmt":"2025-09-26T06:25:44","slug":"wholesale-basins","status":"publish","type":"product","link":"https:\/\/www.ceramicbasin.com\/fr\/produit\/wholesale-basins\/","title":{"rendered":"Factory Wholesale Basins, Green Matte Glaze Bathroom Sinks (lavabos de salle de bain)"},"content":{"rendered":"<div class=\"wp-block-columns is-layout-flex wp-container-core-columns-is-layout-9d6595d7 wp-block-columns-is-layout-flex\">\n<div class=\"wp-block-column is-layout-flow wp-block-column-is-layout-flow\">\n<h2 class=\"wp-block-heading\">Premium Wholesale Basins Caract\u00e9ristiques :<\/h2>\n\n\n\n<ul class=\"wp-block-list\">\n<li><strong>Glacis mat vert fonc\u00e9 :<\/strong> Ces vasques en gros pr\u00e9sentent un \u00e9mail vert fonc\u00e9 distinctif qui cr\u00e9e une ambiance naturelle et apaisante, id\u00e9ale pour presque toutes les salles de bains contemporaines, minimalistes et naturelles.<\/li>\n\n\n\n<li><strong>Durable et n\u00e9cessitant peu d'entretien :<\/strong> Nos \u00e9viers de salle de bains en gros mats sont r\u00e9sistants aux rayures et n\u00e9cessitent peu d'entretien. Ils dissimulent les empreintes digitales et les taches d'eau et conservent leur aspect d'origine.<\/li>\n\n\n\n<li><strong>Forme ronde classique :<\/strong> Ces vasques de gros rondes, simples et \u00e9pur\u00e9es, ont des lignes l\u00e9g\u00e8rement arrondies et apporteront un \u00e9l\u00e9ment artistique unique \u00e0 toute salle de bains.<\/li>\n\n\n\n<li><strong>Livraison rapide et prix abordables :<\/strong> Nous offrons une livraison rapide pour nos \u00e9viers de salle de bain en gros et des prix abordables, aidant les clients \u00e0 r\u00e9duire les co\u00fbts d'approvisionnement et \u00e0 atteindre l'efficacit\u00e9 commerciale.<\/li>\n<\/ul>\n<\/div>\n\n\n\n<div class=\"wp-block-column is-layout-flow wp-block-column-is-layout-flow\">\n<figure class=\"wp-block-image size-full\"><img fetchpriority=\"high\" decoding=\"async\" width=\"800\" height=\"800\" src=\"https:\/\/www.ceramicbasin.com\/wp-content\/uploads\/2025\/09\/round-counter-top-basin\uff0cmatt-green-basin\uff0ccountertop-sinks6.webp\" alt=\"\" class=\"wp-image-7788\" srcset=\"https:\/\/www.ceramicbasin.com\/wp-content\/uploads\/2025\/09\/round-counter-top-basin\uff0cmatt-green-basin\uff0ccountertop-sinks6.webp 800w, https:\/\/www.ceramicbasin.com\/wp-content\/uploads\/2025\/09\/round-counter-top-basin\uff0cmatt-green-basin\uff0ccountertop-sinks6-300x300.webp 300w, https:\/\/www.ceramicbasin.com\/wp-content\/uploads\/2025\/09\/round-counter-top-basin\uff0cmatt-green-basin\uff0ccountertop-sinks6-150x150.webp 150w, https:\/\/www.ceramicbasin.com\/wp-content\/uploads\/2025\/09\/round-counter-top-basin\uff0cmatt-green-basin\uff0ccountertop-sinks6-768x768.webp 768w, https:\/\/www.ceramicbasin.com\/wp-content\/uploads\/2025\/09\/round-counter-top-basin\uff0cmatt-green-basin\uff0ccountertop-sinks6-12x12.webp 12w, https:\/\/www.ceramicbasin.com\/wp-content\/uploads\/2025\/09\/round-counter-top-basin\uff0cmatt-green-basin\uff0ccountertop-sinks6-285x285.webp 285w, https:\/\/www.ceramicbasin.com\/wp-content\/uploads\/2025\/09\/round-counter-top-basin\uff0cmatt-green-basin\uff0ccountertop-sinks6-270x270.webp 270w, https:\/\/www.ceramicbasin.com\/wp-content\/uploads\/2025\/09\/round-counter-top-basin\uff0cmatt-green-basin\uff0ccountertop-sinks6-540x540.webp 540w, https:\/\/www.ceramicbasin.com\/wp-content\/uploads\/2025\/09\/round-counter-top-basin\uff0cmatt-green-basin\uff0ccountertop-sinks6-660x660.webp 660w\" sizes=\"(max-width: 800px) 100vw, 800px\" \/><\/figure>\n<\/div>\n<\/div>","protected":false},"excerpt":{"rendered":"<p>Bienvenue sur le site d'achat en gros de lavabos d'usine. Ce lavabo de salle de bain vert fonc\u00e9 \u00e0 gla\u00e7ure mate pr\u00e9sente un design rond classique. La combinaison de la finition mate et de l'\u00e9mail vert fonc\u00e9 en fait un objet \u00e0 la fois d\u00e9coratif et fonctionnel, parfait pour tout environnement de salle de bains moderne.<\/p>\n<table style=\"border-collapse: collapse; width: 311.02pt;\" border=\"0\" width=\"311\" cellspacing=\"0\" cellpadding=\"0\">\n<tbody>\n<tr style=\"height: 17.60pt;\">\n<td class=\"et3\" style=\"height: 17.60pt; width: 108.35pt;\" width=\"108\" height=\"17\">Fabricant<\/td>\n<td class=\"et3\" style=\"width: 202.95pt;\" width=\"202\">HanYu<\/td>\n<\/tr>\n<tr style=\"height: 17.60pt;\">\n<td class=\"et3\" style=\"height: 17.60pt;\" height=\"17\">Num\u00e9ro de mod\u00e8le.<\/td>\n<td class=\"et4\">HY-8070AYL3<\/td>\n<\/tr>\n<tr style=\"height: 17.60pt;\">\n<td class=\"et3\" style=\"height: 17.60pt;\" height=\"17\">Type<\/td>\n<td class=\"et3\">Bassin de comptoir<\/td>\n<\/tr>\n<tr style=\"height: 17.60pt;\">\n<td class=\"et3\" style=\"height: 17.60pt;\" height=\"17\">Forme<\/td>\n<td class=\"et3\">Forme ronde<\/td>\n<\/tr>\n<tr style=\"height: 17.60pt;\">\n<td class=\"et4\" style=\"height: 17.60pt;\" height=\"17\">Couleur<\/td>\n<td class=\"et3\">Bleu<\/td>\n<\/tr>\n<tr style=\"height: 18.00pt;\">\n<td class=\"et3\" style=\"height: 18.00pt;\" height=\"18\">Dimension\u00a0<\/td>\n<td class=\"et5\" style=\"width: 202.95pt;\" width=\"202\">40*40*13<\/td>\n<\/tr>\n<tr style=\"height: 17.60pt;\">\n<td class=\"et3\" style=\"height: 17.60pt;\" height=\"17\">N.W \/SET<\/td>\n<td class=\"et3\">10KGS\/PCS<\/td>\n<\/tr>\n<tr style=\"height: 17.60pt;\">\n<td class=\"et3\" style=\"height: 17.60pt;\" height=\"17\">MOQ<\/td>\n<td class=\"et3\">20pcs<\/td>\n<\/tr>\n<tr style=\"height: 17.60pt;\">\n<td class=\"et3\" style=\"height: 17.60pt;\" height=\"17\">Option personnalis\u00e9e<\/td>\n<td class=\"et3\">Color\/Patten\/Size\/Logo\/Package-<\/td>\n<\/tr>\n<\/tbody>\n<\/table>","protected":false},"featured_media":7783,"comment_status":"closed","ping_status":"closed","template":"","meta":{"_acf_changed":false},"product_brand":[],"product_cat":[50,55],"product_tag":[],"class_list":{"0":"post-7782","1":"product","2":"type-product","3":"status-publish","4":"has-post-thumbnail","6":"product_cat-wholesale-countertop-sinks","7":"product_cat-wholesale-matte-sinks","9":"first","10":"instock","11":"shipping-taxable","12":"product-type-simple"},"acf":[],"_links":{"self":[{"href":"https:\/\/www.ceramicbasin.com\/fr\/wp-json\/wp\/v2\/product\/7782","targetHints":{"allow":["GET"]}}],"collection":[{"href":"https:\/\/www.ceramicbasin.com\/fr\/wp-json\/wp\/v2\/product"}],"about":[{"href":"https:\/\/www.ceramicbasin.com\/fr\/wp-json\/wp\/v2\/types\/product"}],"replies":[{"embeddable":true,"href":"https:\/\/www.ceramicbasin.com\/fr\/wp-json\/wp\/v2\/comments?post=7782"}],"wp:featuredmedia":[{"embeddable":true,"href":"https:\/\/www.ceramicbasin.com\/fr\/wp-json\/wp\/v2\/media\/7783"}],"wp:attachment":[{"href":"https:\/\/www.ceramicbasin.com\/fr\/wp-json\/wp\/v2\/media?parent=7782"}],"wp:term":[{"taxonomy":"product_brand","embeddable":true,"href":"https:\/\/www.ceramicbasin.com\/fr\/wp-json\/wp\/v2\/product_brand?post=7782"},{"taxonomy":"product_cat","embeddable":true,"href":"https:\/\/www.ceramicbasin.com\/fr\/wp-json\/wp\/v2\/product_cat?post=7782"},{"taxonomy":"product_tag","embeddable":true,"href":"https:\/\/www.ceramicbasin.com\/fr\/wp-json\/wp\/v2\/product_tag?post=7782"}],"curies":[{"name":"wp","href":"https:\/\/api.w.org\/{rel}","templated":true}]}}