{"id":7789,"date":"2025-09-09T07:29:43","date_gmt":"2025-09-09T07:29:43","guid":{"rendered":"https:\/\/www.ceramicbasin.com\/?post_type=product&#038;p=7789"},"modified":"2025-09-11T01:50:43","modified_gmt":"2025-09-11T01:50:43","slug":"wholesale-washroom-sinks","status":"publish","type":"product","link":"https:\/\/www.ceramicbasin.com\/fr\/produit\/wholesale-washroom-sinks\/","title":{"rendered":"Factory Wholesale \u00e9viers de salle de bain avec gla\u00e7ure solide brun fonc\u00e9"},"content":{"rendered":"<div class=\"wp-block-columns is-layout-flex wp-container-core-columns-is-layout-9d6595d7 wp-block-columns-is-layout-flex\">\n<div class=\"wp-block-column is-layout-flow wp-block-column-is-layout-flow\">\n<h2 class=\"wp-block-heading\">Premium Wholesale Washroom Sinks Caract\u00e9ristiques :<\/h2>\n\n\n\n<ul class=\"wp-block-list\">\n<li><strong>Glacis brun fonc\u00e9 apaisant : <\/strong>L'\u00e9mail mat brun fonc\u00e9 conf\u00e8re aux lavabos en gros une nature sereine et discr\u00e8te, une touche de modernit\u00e9 tout en s'int\u00e9grant parfaitement \u00e0 tout int\u00e9rieur de salle de bains.<\/li>\n\n\n\n<li><strong>Mat\u00e9riaux durables de haute qualit\u00e9 : <\/strong>Nos vasques de salle de bains en gros sont fabriqu\u00e9es en c\u00e9ramique de haute qualit\u00e9, durable et r\u00e9sistante aux rayures. Elles resteront donc en excellent \u00e9tat pendant des ann\u00e9es, ce qui les rend id\u00e9ales pour une utilisation \u00e0 la maison ou dans les entreprises.<\/li>\n\n\n\n<li><strong>Surface mate facile \u00e0 nettoyer : <\/strong>L'\u00e9mail mat de nos \u00e9viers de salle de bain en gros r\u00e9siste parfaitement aux taches d'eau et aux taches, ce qui facilite le nettoyage quotidien et permet de garder votre bassin propre et frais.<\/li>\n\n\n\n<li><strong>Livraison flexible et prix comp\u00e9titifs : <\/strong>Nous offrons une livraison rapide pour nos lavabos de salle de bain en gros, garantissant que vos commandes en gros arrivent rapidement tout en offrant des prix comp\u00e9titifs pour r\u00e9pondre \u00e0 vos besoins d'achat en gros.<\/li>\n<\/ul>\n<\/div>\n\n\n\n<div class=\"wp-block-column is-layout-flow wp-block-column-is-layout-flow\">\n<figure class=\"wp-block-image size-full\"><img fetchpriority=\"high\" decoding=\"async\" width=\"673\" height=\"878\" src=\"https:\/\/www.ceramicbasin.com\/wp-content\/uploads\/2025\/09\/bathroom-countertop-sinks\uff0cmatt-color-basin\uff0csink-above-counter5.webp\" alt=\"\" class=\"wp-image-7795\" srcset=\"https:\/\/www.ceramicbasin.com\/wp-content\/uploads\/2025\/09\/bathroom-countertop-sinks\uff0cmatt-color-basin\uff0csink-above-counter5.webp 673w, https:\/\/www.ceramicbasin.com\/wp-content\/uploads\/2025\/09\/bathroom-countertop-sinks\uff0cmatt-color-basin\uff0csink-above-counter5-230x300.webp 230w, https:\/\/www.ceramicbasin.com\/wp-content\/uploads\/2025\/09\/bathroom-countertop-sinks\uff0cmatt-color-basin\uff0csink-above-counter5-9x12.webp 9w, https:\/\/www.ceramicbasin.com\/wp-content\/uploads\/2025\/09\/bathroom-countertop-sinks\uff0cmatt-color-basin\uff0csink-above-counter5-285x372.webp 285w, https:\/\/www.ceramicbasin.com\/wp-content\/uploads\/2025\/09\/bathroom-countertop-sinks\uff0cmatt-color-basin\uff0csink-above-counter5-506x660.webp 506w, https:\/\/www.ceramicbasin.com\/wp-content\/uploads\/2025\/09\/bathroom-countertop-sinks\uff0cmatt-color-basin\uff0csink-above-counter5-115x150.webp 115w\" sizes=\"(max-width: 673px) 100vw, 673px\" \/><\/figure>\n<\/div>\n<\/div>\n\n\n\n<p><\/p>","protected":false},"excerpt":{"rendered":"<p>Bienvenue sur le site d'achat en gros de lavabos de salle de bains. Cette vasque de salle de bain ronde, \u00e9maill\u00e9e brun fonc\u00e9 mat, pr\u00e9sente un design \u00e9l\u00e9gant. Son \u00e9mail brun fonc\u00e9 d\u00e9gage une atmosph\u00e8re sereine et confortable, s'int\u00e9grant harmonieusement dans tous les environnements de la salle de bains.<\/p>\n<table style=\"border-collapse: collapse; width: 311.02pt;\" border=\"0\" width=\"311\" cellspacing=\"0\" cellpadding=\"0\">\n<tbody>\n<tr style=\"height: 17.60pt;\">\n<td class=\"et3\" style=\"height: 17.60pt; width: 108.35pt;\" width=\"108\" height=\"17\">Fabricant<\/td>\n<td class=\"et3\" style=\"width: 202.95pt;\" width=\"202\">HanYu<\/td>\n<\/tr>\n<tr style=\"height: 17.60pt;\">\n<td class=\"et3\" style=\"height: 17.60pt;\" height=\"17\">Num\u00e9ro de mod\u00e8le.<\/td>\n<td class=\"et4\">HY-8070YK<\/td>\n<\/tr>\n<tr style=\"height: 17.60pt;\">\n<td class=\"et3\" style=\"height: 17.60pt;\" height=\"17\">Type<\/td>\n<td class=\"et3\">Bassin de comptoir<\/td>\n<\/tr>\n<tr style=\"height: 17.60pt;\">\n<td class=\"et3\" style=\"height: 17.60pt;\" height=\"17\">Forme<\/td>\n<td class=\"et3\">Forme ronde<\/td>\n<\/tr>\n<tr style=\"height: 17.60pt;\">\n<td class=\"et4\" style=\"height: 17.60pt;\" height=\"17\">Couleur<\/td>\n<td class=\"et3\">Bleu<\/td>\n<\/tr>\n<tr style=\"height: 18.00pt;\">\n<td class=\"et3\" style=\"height: 18.00pt;\" height=\"18\">Dimension\u00a0<\/td>\n<td class=\"et5\" style=\"width: 202.95pt;\" width=\"202\">36.5*36.5*12.5<\/td>\n<\/tr>\n<tr style=\"height: 17.60pt;\">\n<td class=\"et3\" style=\"height: 17.60pt;\" height=\"17\">N.W \/SET<\/td>\n<td class=\"et3\">8KGS\/PCS<\/td>\n<\/tr>\n<tr style=\"height: 17.60pt;\">\n<td class=\"et3\" style=\"height: 17.60pt;\" height=\"17\">MOQ<\/td>\n<td class=\"et3\">20pcs<\/td>\n<\/tr>\n<tr style=\"height: 17.60pt;\">\n<td class=\"et3\" style=\"height: 17.60pt;\" height=\"17\">Option personnalis\u00e9e<\/td>\n<td class=\"et3\">Color\/Patten\/Size\/Logo\/Package-<\/td>\n<\/tr>\n<\/tbody>\n<\/table>","protected":false},"featured_media":7790,"comment_status":"closed","ping_status":"closed","template":"","meta":{"_acf_changed":false},"product_brand":[],"product_cat":[50,55],"product_tag":[],"class_list":{"0":"post-7789","1":"product","2":"type-product","3":"status-publish","4":"has-post-thumbnail","6":"product_cat-wholesale-countertop-sinks","7":"product_cat-wholesale-matte-sinks","9":"first","10":"instock","11":"shipping-taxable","12":"product-type-simple"},"acf":[],"_links":{"self":[{"href":"https:\/\/www.ceramicbasin.com\/fr\/wp-json\/wp\/v2\/product\/7789","targetHints":{"allow":["GET"]}}],"collection":[{"href":"https:\/\/www.ceramicbasin.com\/fr\/wp-json\/wp\/v2\/product"}],"about":[{"href":"https:\/\/www.ceramicbasin.com\/fr\/wp-json\/wp\/v2\/types\/product"}],"replies":[{"embeddable":true,"href":"https:\/\/www.ceramicbasin.com\/fr\/wp-json\/wp\/v2\/comments?post=7789"}],"wp:featuredmedia":[{"embeddable":true,"href":"https:\/\/www.ceramicbasin.com\/fr\/wp-json\/wp\/v2\/media\/7790"}],"wp:attachment":[{"href":"https:\/\/www.ceramicbasin.com\/fr\/wp-json\/wp\/v2\/media?parent=7789"}],"wp:term":[{"taxonomy":"product_brand","embeddable":true,"href":"https:\/\/www.ceramicbasin.com\/fr\/wp-json\/wp\/v2\/product_brand?post=7789"},{"taxonomy":"product_cat","embeddable":true,"href":"https:\/\/www.ceramicbasin.com\/fr\/wp-json\/wp\/v2\/product_cat?post=7789"},{"taxonomy":"product_tag","embeddable":true,"href":"https:\/\/www.ceramicbasin.com\/fr\/wp-json\/wp\/v2\/product_tag?post=7789"}],"curies":[{"name":"wp","href":"https:\/\/api.w.org\/{rel}","templated":true}]}}