{"id":7796,"date":"2025-09-09T07:36:47","date_gmt":"2025-09-09T07:36:47","guid":{"rendered":"https:\/\/www.ceramicbasin.com\/?post_type=product&#038;p=7796"},"modified":"2025-09-11T01:35:24","modified_gmt":"2025-09-11T01:35:24","slug":"wholesale-bath-lavatory","status":"publish","type":"product","link":"https:\/\/www.ceramicbasin.com\/fr\/produit\/wholesale-bath-lavatory\/","title":{"rendered":"Raffin\u00e9 Matte Wholesale Bain Lavabo, Fresh Green Washbasin"},"content":{"rendered":"<div class=\"wp-block-columns is-layout-flex wp-container-core-columns-is-layout-9d6595d7 wp-block-columns-is-layout-flex\">\n<div class=\"wp-block-column is-layout-flow wp-block-column-is-layout-flow\">\n<h2 class=\"wp-block-heading\">Premium Wholesale Bath Lavatory Features :<\/h2>\n\n\n\n<ul class=\"wp-block-list\">\n<li><strong>Glacis vert fruit\u00e9 vif :<\/strong> Ce lavabo pour baignoire en gros pr\u00e9sente un \u00e9mail vert fruit unique, doux et vibrant, parfait pour un style moderne ou pour rafra\u00eechir les salles de bains traditionnelles.<\/li>\n\n\n\n<li><strong>Finition mate durable : <\/strong>Ce lavabo en gros \u00e0 l'\u00e9mail mat r\u00e9siste aux traces de doigts et aux rayures, ce qui lui permet de conserver sa fra\u00eecheur m\u00eame apr\u00e8s une utilisation prolong\u00e9e.<\/li>\n\n\n\n<li><strong>Rond Design et confort : <\/strong>Le bassin rond de ce lavabo pour baignoire en gros est \u00e9l\u00e9gamment profil\u00e9, avec des lignes nettes et douces, ajoutant une touche de modernit\u00e9 \u00e0 toute salle de bains.<\/li>\n\n\n\n<li><strong>Livraison efficace et prix raisonnable : <\/strong>Nous proposons une livraison rapide pour les achats de lavabos en gros, garantissant une livraison dans les d\u00e9lais. Nous proposons \u00e9galement des produits de haute qualit\u00e9 \u00e0 des prix raisonnables, ce qui vous permet d'\u00e9conomiser des co\u00fbts importants pour votre projet commercial.<\/li>\n<\/ul>\n<\/div>\n\n\n\n<div class=\"wp-block-column is-layout-flow wp-block-column-is-layout-flow\">\n<figure class=\"wp-block-image size-full\"><img fetchpriority=\"high\" decoding=\"async\" width=\"800\" height=\"800\" src=\"https:\/\/www.ceramicbasin.com\/wp-content\/uploads\/2025\/09\/above-counter-bathroom-sinks\uff0cmatt-green-basin\uff0cround-counter-top-basin5.webp\" alt=\"\" class=\"wp-image-7802\" srcset=\"https:\/\/www.ceramicbasin.com\/wp-content\/uploads\/2025\/09\/above-counter-bathroom-sinks\uff0cmatt-green-basin\uff0cround-counter-top-basin5.webp 800w, https:\/\/www.ceramicbasin.com\/wp-content\/uploads\/2025\/09\/above-counter-bathroom-sinks\uff0cmatt-green-basin\uff0cround-counter-top-basin5-300x300.webp 300w, https:\/\/www.ceramicbasin.com\/wp-content\/uploads\/2025\/09\/above-counter-bathroom-sinks\uff0cmatt-green-basin\uff0cround-counter-top-basin5-150x150.webp 150w, https:\/\/www.ceramicbasin.com\/wp-content\/uploads\/2025\/09\/above-counter-bathroom-sinks\uff0cmatt-green-basin\uff0cround-counter-top-basin5-768x768.webp 768w, https:\/\/www.ceramicbasin.com\/wp-content\/uploads\/2025\/09\/above-counter-bathroom-sinks\uff0cmatt-green-basin\uff0cround-counter-top-basin5-12x12.webp 12w, https:\/\/www.ceramicbasin.com\/wp-content\/uploads\/2025\/09\/above-counter-bathroom-sinks\uff0cmatt-green-basin\uff0cround-counter-top-basin5-285x285.webp 285w, https:\/\/www.ceramicbasin.com\/wp-content\/uploads\/2025\/09\/above-counter-bathroom-sinks\uff0cmatt-green-basin\uff0cround-counter-top-basin5-270x270.webp 270w, https:\/\/www.ceramicbasin.com\/wp-content\/uploads\/2025\/09\/above-counter-bathroom-sinks\uff0cmatt-green-basin\uff0cround-counter-top-basin5-540x540.webp 540w, https:\/\/www.ceramicbasin.com\/wp-content\/uploads\/2025\/09\/above-counter-bathroom-sinks\uff0cmatt-green-basin\uff0cround-counter-top-basin5-660x660.webp 660w\" sizes=\"(max-width: 800px) 100vw, 800px\" \/><\/figure>\n<\/div>\n<\/div>\n\n\n\n<p><\/p>","protected":false},"excerpt":{"rendered":"<p>Bienvenue sur le site d'achat en gros de lavabos pour le bain. Ce lavabo rond \u00e0 l'\u00e9mail mat en vert fruit pr\u00e9sente un design circulaire raffin\u00e9. Son \u00e9mail vert fruit rafra\u00eechissant et sa finition mate apportent une touche de nature et de vitalit\u00e9 \u00e0 toute salle de bains.<\/p>\n<table style=\"border-collapse: collapse; width: 311.02pt;\" border=\"0\" width=\"311\" cellspacing=\"0\" cellpadding=\"0\">\n<tbody>\n<tr style=\"height: 17.60pt;\">\n<td class=\"et3\" style=\"height: 17.60pt; width: 108.35pt;\" width=\"108\" height=\"17\">Fabricant<\/td>\n<td class=\"et3\" style=\"width: 202.95pt;\" width=\"202\">HanYu<\/td>\n<\/tr>\n<tr style=\"height: 17.60pt;\">\n<td class=\"et3\" style=\"height: 17.60pt;\" height=\"17\">Num\u00e9ro de mod\u00e8le.<\/td>\n<td class=\"et4\">HY-8070YL1<\/td>\n<\/tr>\n<tr style=\"height: 17.60pt;\">\n<td class=\"et3\" style=\"height: 17.60pt;\" height=\"17\">Type<\/td>\n<td class=\"et3\">Bassin de comptoir<\/td>\n<\/tr>\n<tr style=\"height: 17.60pt;\">\n<td class=\"et3\" style=\"height: 17.60pt;\" height=\"17\">Forme<\/td>\n<td class=\"et3\">Forme ronde<\/td>\n<\/tr>\n<tr style=\"height: 17.60pt;\">\n<td class=\"et4\" style=\"height: 17.60pt;\" height=\"17\">Couleur<\/td>\n<td class=\"et3\">Bleu<\/td>\n<\/tr>\n<tr style=\"height: 18.00pt;\">\n<td class=\"et3\" style=\"height: 18.00pt;\" height=\"18\">Dimension\u00a0<\/td>\n<td class=\"et5\" style=\"width: 202.95pt;\" width=\"202\">36.5*36.5*12.5<\/td>\n<\/tr>\n<tr style=\"height: 17.60pt;\">\n<td class=\"et3\" style=\"height: 17.60pt;\" height=\"17\">N.W \/SET<\/td>\n<td class=\"et3\">8KGS\/PCS<\/td>\n<\/tr>\n<tr style=\"height: 17.60pt;\">\n<td class=\"et3\" style=\"height: 17.60pt;\" height=\"17\">MOQ<\/td>\n<td class=\"et3\">20pcs<\/td>\n<\/tr>\n<tr style=\"height: 17.60pt;\">\n<td class=\"et3\" style=\"height: 17.60pt;\" height=\"17\">Option personnalis\u00e9e<\/td>\n<td class=\"et3\">Color\/Patten\/Size\/Logo\/Package-<\/td>\n<\/tr>\n<\/tbody>\n<\/table>","protected":false},"featured_media":7797,"comment_status":"closed","ping_status":"closed","template":"","meta":{"_acf_changed":false},"product_brand":[],"product_cat":[50,55],"product_tag":[],"class_list":{"0":"post-7796","1":"product","2":"type-product","3":"status-publish","4":"has-post-thumbnail","6":"product_cat-wholesale-countertop-sinks","7":"product_cat-wholesale-matte-sinks","9":"first","10":"instock","11":"shipping-taxable","12":"product-type-simple"},"acf":[],"_links":{"self":[{"href":"https:\/\/www.ceramicbasin.com\/fr\/wp-json\/wp\/v2\/product\/7796","targetHints":{"allow":["GET"]}}],"collection":[{"href":"https:\/\/www.ceramicbasin.com\/fr\/wp-json\/wp\/v2\/product"}],"about":[{"href":"https:\/\/www.ceramicbasin.com\/fr\/wp-json\/wp\/v2\/types\/product"}],"replies":[{"embeddable":true,"href":"https:\/\/www.ceramicbasin.com\/fr\/wp-json\/wp\/v2\/comments?post=7796"}],"wp:featuredmedia":[{"embeddable":true,"href":"https:\/\/www.ceramicbasin.com\/fr\/wp-json\/wp\/v2\/media\/7797"}],"wp:attachment":[{"href":"https:\/\/www.ceramicbasin.com\/fr\/wp-json\/wp\/v2\/media?parent=7796"}],"wp:term":[{"taxonomy":"product_brand","embeddable":true,"href":"https:\/\/www.ceramicbasin.com\/fr\/wp-json\/wp\/v2\/product_brand?post=7796"},{"taxonomy":"product_cat","embeddable":true,"href":"https:\/\/www.ceramicbasin.com\/fr\/wp-json\/wp\/v2\/product_cat?post=7796"},{"taxonomy":"product_tag","embeddable":true,"href":"https:\/\/www.ceramicbasin.com\/fr\/wp-json\/wp\/v2\/product_tag?post=7796"}],"curies":[{"name":"wp","href":"https:\/\/api.w.org\/{rel}","templated":true}]}}