{"id":7839,"date":"2025-09-18T09:48:16","date_gmt":"2025-09-18T09:48:16","guid":{"rendered":"https:\/\/www.ceramicbasin.com\/?post_type=product&#038;p=7839"},"modified":"2025-09-18T09:48:19","modified_gmt":"2025-09-18T09:48:19","slug":"wholesale-bathroom-lavatory","status":"publish","type":"product","link":"https:\/\/www.ceramicbasin.com\/fr\/produit\/wholesale-bathroom-lavatory\/","title":{"rendered":"Wholesale Bathroom Lavatory, European Style Wash Basins (Lavabos de style europ\u00e9en)"},"content":{"rendered":"<div class=\"wp-block-columns is-layout-flex wp-container-core-columns-is-layout-9d6595d7 wp-block-columns-is-layout-flex\">\n<div class=\"wp-block-column is-layout-flow wp-block-column-is-layout-flow\">\n<h2 class=\"wp-block-heading\">Premium Wholesale Bathroom Lavatory Sink Caract\u00e9ristiques :<\/h2>\n\n\n\n<ul class=\"wp-block-list\">\n<li><strong>Aspect \u00e9l\u00e9gant : <\/strong>Ces lavabos de salle de bains en porcelaine sont modernes et simples, de forme ovale, et conviennent \u00e0 diff\u00e9rents styles de salles de bains. Ils sont particuli\u00e8rement adapt\u00e9s aux tons classiques de la texture du marbre, ce qui leur conf\u00e8re de l'\u00e9l\u00e9gance.<\/li>\n\n\n\n<li><strong>Motif de marbre r\u00e9aliste :\u00a0<\/strong>Ces \u00e9viers de salle de bains de couleur marbre utilisent une technologie avanc\u00e9e de transfert d'eau pour reproduire avec pr\u00e9cision la texture et la couleur naturelles du marbre, apportant un charme visuel unique au bassin.<\/li>\n\n\n\n<li><strong>Remise sur les achats en gros : <\/strong>En tant que fabricant de lavabos de salle de bain, HanYu fournit \u00e0 ses clients des lavabos de salle de bain en gros de haute qualit\u00e9 et \u00e0 des prix pr\u00e9f\u00e9rentiels pour vous aider \u00e0 r\u00e9duire vos co\u00fbts d'approvisionnement.<\/li>\n\n\n\n<li><strong>Color\u00e9e :<\/strong>\u00a0La couleur marbr\u00e9e de ce lavabo de salle de bain en gros est r\u00e9alis\u00e9e par impression par transfert d'eau sur la base d'un lavabo blanc brillant ordinaire, qui est beau et durable. Nous proposons plus de 100 couleurs et motifs au choix, et tous les mod\u00e8les de lavabos en gros peuvent \u00eatre personnalis\u00e9s en termes de couleur et de texture.<\/li>\n<\/ul>\n<\/div>\n\n\n\n<div class=\"wp-block-column is-layout-flow wp-block-column-is-layout-flow\">\n<figure class=\"wp-block-image size-full\"><img fetchpriority=\"high\" decoding=\"async\" width=\"1024\" height=\"1024\" src=\"https:\/\/www.ceramicbasin.com\/wp-content\/uploads\/2025\/09\/European-Style-Handmade-Color-Feature-Counter-Top-Basin-Lavatory-Art-Sink-5.webp\" alt=\"Wholesale Bathroom Lavatory, European Style Wash Basins (Lavabos de style europ\u00e9en)\" class=\"wp-image-7845\" srcset=\"https:\/\/www.ceramicbasin.com\/wp-content\/uploads\/2025\/09\/European-Style-Handmade-Color-Feature-Counter-Top-Basin-Lavatory-Art-Sink-5.webp 1024w, https:\/\/www.ceramicbasin.com\/wp-content\/uploads\/2025\/09\/European-Style-Handmade-Color-Feature-Counter-Top-Basin-Lavatory-Art-Sink-5-300x300.webp 300w, https:\/\/www.ceramicbasin.com\/wp-content\/uploads\/2025\/09\/European-Style-Handmade-Color-Feature-Counter-Top-Basin-Lavatory-Art-Sink-5-150x150.webp 150w, https:\/\/www.ceramicbasin.com\/wp-content\/uploads\/2025\/09\/European-Style-Handmade-Color-Feature-Counter-Top-Basin-Lavatory-Art-Sink-5-768x768.webp 768w, https:\/\/www.ceramicbasin.com\/wp-content\/uploads\/2025\/09\/European-Style-Handmade-Color-Feature-Counter-Top-Basin-Lavatory-Art-Sink-5-12x12.webp 12w, https:\/\/www.ceramicbasin.com\/wp-content\/uploads\/2025\/09\/European-Style-Handmade-Color-Feature-Counter-Top-Basin-Lavatory-Art-Sink-5-285x285.webp 285w, https:\/\/www.ceramicbasin.com\/wp-content\/uploads\/2025\/09\/European-Style-Handmade-Color-Feature-Counter-Top-Basin-Lavatory-Art-Sink-5-270x270.webp 270w, https:\/\/www.ceramicbasin.com\/wp-content\/uploads\/2025\/09\/European-Style-Handmade-Color-Feature-Counter-Top-Basin-Lavatory-Art-Sink-5-540x540.webp 540w, https:\/\/www.ceramicbasin.com\/wp-content\/uploads\/2025\/09\/European-Style-Handmade-Color-Feature-Counter-Top-Basin-Lavatory-Art-Sink-5-660x660.webp 660w\" sizes=\"(max-width: 1024px) 100vw, 1024px\" \/><\/figure>\n<\/div>\n<\/div>\n\n\n\n<p><\/p>","protected":false},"excerpt":{"rendered":"<p>Bienvenue pour commander en gros des lavabos de salle de bains. Nos lavabos en c\u00e9ramique d'aspect marbre sont faciles \u00e0 installer, offrant une solution sans probl\u00e8me pour les nouvelles constructions et les r\u00e9novations de salles de bains.<\/p>\n<table style=\"border-collapse: collapse; width: 358.52pt;\" border=\"0\" width=\"478\" cellspacing=\"0\" cellpadding=\"0\">\n<tbody>\n<tr style=\"height: 17.25pt;\">\n<td class=\"et3\" style=\"height: 17.25pt; width: 125.00pt;\" width=\"166\" height=\"23\">Fabricant<\/td>\n<td class=\"et3\" style=\"width: 234.15pt;\" width=\"312\">HanYu<\/td>\n<\/tr>\n<tr style=\"height: 17.25pt;\">\n<td class=\"et3\" style=\"height: 17.25pt;\" height=\"23\">Num\u00e9ro de mod\u00e8le.<\/td>\n<td class=\"et4\">HY-5006D6<\/td>\n<\/tr>\n<tr style=\"height: 17.25pt;\">\n<td class=\"et3\" style=\"height: 17.25pt;\" height=\"23\">Type<\/td>\n<td class=\"et5\" style=\"width: 234.15pt;\" width=\"312\">\u00c9viers en marbre<\/td>\n<\/tr>\n<tr style=\"height: 18.00pt;\">\n<td class=\"et3\" style=\"height: 18.00pt;\" height=\"24\">Forme<\/td>\n<td class=\"et3\">Forme ovale<\/td>\n<\/tr>\n<tr style=\"height: 34.50pt;\">\n<td class=\"et4\" style=\"height: 34.50pt;\" height=\"46\">Couleur<\/td>\n<td class=\"et5\" style=\"width: 234.15pt;\" width=\"312\">noir\/blanc\/bleu\/gris\/rose\/vert\/marron\/kaki<\/td>\n<\/tr>\n<tr style=\"height: 18.00pt;\">\n<td class=\"et3\" style=\"height: 18.00pt;\" height=\"24\">Dimension<\/td>\n<td class=\"et5\" style=\"width: 234.15pt;\" width=\"312\">59*42*14<\/td>\n<\/tr>\n<tr style=\"height: 17.25pt;\">\n<td class=\"et3\" style=\"height: 17.25pt;\" height=\"23\">N.W \/SET<\/td>\n<td class=\"et3\">9KGS\/PCS<\/td>\n<\/tr>\n<tr style=\"height: 17.25pt;\">\n<td class=\"et3\" style=\"height: 17.25pt;\" height=\"23\">MOQ<\/td>\n<td class=\"et3\">20pcs<\/td>\n<\/tr>\n<tr style=\"height: 17.25pt;\">\n<td class=\"et3\" style=\"height: 17.25pt;\" height=\"23\">Option personnalis\u00e9e<\/td>\n<td class=\"et3\">Couleur\/Pattenue\/Taille\/Logo\/Emballage<\/td>\n<\/tr>\n<\/tbody>\n<\/table>","protected":false},"featured_media":7841,"comment_status":"closed","ping_status":"closed","template":"","meta":{"_acf_changed":false},"product_brand":[],"product_cat":[50,54],"product_tag":[],"class_list":{"0":"post-7839","1":"product","2":"type-product","3":"status-publish","4":"has-post-thumbnail","6":"product_cat-wholesale-countertop-sinks","7":"product_cat-wholesale-marble-sinks","9":"first","10":"instock","11":"shipping-taxable","12":"product-type-simple"},"acf":[],"_links":{"self":[{"href":"https:\/\/www.ceramicbasin.com\/fr\/wp-json\/wp\/v2\/product\/7839","targetHints":{"allow":["GET"]}}],"collection":[{"href":"https:\/\/www.ceramicbasin.com\/fr\/wp-json\/wp\/v2\/product"}],"about":[{"href":"https:\/\/www.ceramicbasin.com\/fr\/wp-json\/wp\/v2\/types\/product"}],"replies":[{"embeddable":true,"href":"https:\/\/www.ceramicbasin.com\/fr\/wp-json\/wp\/v2\/comments?post=7839"}],"wp:featuredmedia":[{"embeddable":true,"href":"https:\/\/www.ceramicbasin.com\/fr\/wp-json\/wp\/v2\/media\/7841"}],"wp:attachment":[{"href":"https:\/\/www.ceramicbasin.com\/fr\/wp-json\/wp\/v2\/media?parent=7839"}],"wp:term":[{"taxonomy":"product_brand","embeddable":true,"href":"https:\/\/www.ceramicbasin.com\/fr\/wp-json\/wp\/v2\/product_brand?post=7839"},{"taxonomy":"product_cat","embeddable":true,"href":"https:\/\/www.ceramicbasin.com\/fr\/wp-json\/wp\/v2\/product_cat?post=7839"},{"taxonomy":"product_tag","embeddable":true,"href":"https:\/\/www.ceramicbasin.com\/fr\/wp-json\/wp\/v2\/product_tag?post=7839"}],"curies":[{"name":"wp","href":"https:\/\/api.w.org\/{rel}","templated":true}]}}