{"id":7852,"date":"2025-09-18T09:32:31","date_gmt":"2025-09-18T09:32:31","guid":{"rendered":"https:\/\/www.ceramicbasin.com\/?post_type=product&#038;p=7852"},"modified":"2025-09-18T09:35:16","modified_gmt":"2025-09-18T09:35:16","slug":"wholesale-unique-bathroom-sinks","status":"publish","type":"product","link":"https:\/\/www.ceramicbasin.com\/fr\/produit\/wholesale-unique-bathroom-sinks\/","title":{"rendered":"Wholesale Unique Bathroom Sinks, Custom Marble Art Basins (lavabos en marbre)"},"content":{"rendered":"<div class=\"wp-block-columns is-layout-flex wp-container-core-columns-is-layout-9d6595d7 wp-block-columns-is-layout-flex\">\n<div class=\"wp-block-column is-layout-flow wp-block-column-is-layout-flow\">\n<h2 class=\"wp-block-heading\">Premium Wholesale Unique Bathroom Sinks Caract\u00e9ristiques :<\/h2>\n\n\n\n<ul class=\"wp-block-list\">\n<li><strong>Texture marbr\u00e9e unique : <\/strong>Ces \u00e9viers de salle de bains uniques en gros utilisent la technologie du transfert d'eau pour cr\u00e9er un motif de marbre noir clair et complexe, ajoutant une touche luxueuse \u00e0 votre salle de bains.<\/li>\n\n\n\n<li><strong>Personnalisation : <\/strong>Nos vasques d'art en gros peuvent \u00eatre personnalis\u00e9es en taille et en couleur pour compl\u00e9ter parfaitement le design de votre salle de bains.<\/li>\n\n\n\n<li><strong>C\u00e9ramique de haute qualit\u00e9 : <\/strong>Nos \u00e9viers de salle de bain uniques sont fabriqu\u00e9s en c\u00e9ramique de haute qualit\u00e9, qui est durable, facile \u00e0 nettoyer et garantie de conserver sa d\u00e9coloration au fil du temps.<\/li>\n\n\n\n<li><strong>Livraison rapide : <\/strong>Nous assurons un traitement et une exp\u00e9dition rapides des commandes de bassins d'art en vrac afin de respecter les d\u00e9lais de votre projet.<\/li>\n<\/ul>\n<\/div>\n\n\n\n<div class=\"wp-block-column is-layout-flow wp-block-column-is-layout-flow\">\n<div class=\"wp-block-columns is-layout-flex wp-container-core-columns-is-layout-9d6595d7 wp-block-columns-is-layout-flex\">\n<div class=\"wp-block-column is-layout-flow wp-block-column-is-layout-flow\"><\/div>\n\n\n\n<div class=\"wp-block-column is-layout-flow wp-block-column-is-layout-flow\"><\/div>\n<\/div>\n\n\n\n<figure class=\"wp-block-image size-full\"><img fetchpriority=\"high\" decoding=\"async\" width=\"1024\" height=\"1024\" src=\"https:\/\/www.ceramicbasin.com\/wp-content\/uploads\/2025\/09\/Custom-Marble-Pattern-Solid-Surface-Counter-Top-Sink-Factory-Wholesale-Basins-5.webp\" alt=\"\u00c9vier de comptoir \u00e0 surface solide en marbre, Factory Wholesale Basins\" class=\"wp-image-7857\" srcset=\"https:\/\/www.ceramicbasin.com\/wp-content\/uploads\/2025\/09\/Custom-Marble-Pattern-Solid-Surface-Counter-Top-Sink-Factory-Wholesale-Basins-5.webp 1024w, https:\/\/www.ceramicbasin.com\/wp-content\/uploads\/2025\/09\/Custom-Marble-Pattern-Solid-Surface-Counter-Top-Sink-Factory-Wholesale-Basins-5-300x300.webp 300w, https:\/\/www.ceramicbasin.com\/wp-content\/uploads\/2025\/09\/Custom-Marble-Pattern-Solid-Surface-Counter-Top-Sink-Factory-Wholesale-Basins-5-150x150.webp 150w, https:\/\/www.ceramicbasin.com\/wp-content\/uploads\/2025\/09\/Custom-Marble-Pattern-Solid-Surface-Counter-Top-Sink-Factory-Wholesale-Basins-5-768x768.webp 768w, https:\/\/www.ceramicbasin.com\/wp-content\/uploads\/2025\/09\/Custom-Marble-Pattern-Solid-Surface-Counter-Top-Sink-Factory-Wholesale-Basins-5-12x12.webp 12w, https:\/\/www.ceramicbasin.com\/wp-content\/uploads\/2025\/09\/Custom-Marble-Pattern-Solid-Surface-Counter-Top-Sink-Factory-Wholesale-Basins-5-285x285.webp 285w, https:\/\/www.ceramicbasin.com\/wp-content\/uploads\/2025\/09\/Custom-Marble-Pattern-Solid-Surface-Counter-Top-Sink-Factory-Wholesale-Basins-5-270x270.webp 270w, https:\/\/www.ceramicbasin.com\/wp-content\/uploads\/2025\/09\/Custom-Marble-Pattern-Solid-Surface-Counter-Top-Sink-Factory-Wholesale-Basins-5-540x540.webp 540w, https:\/\/www.ceramicbasin.com\/wp-content\/uploads\/2025\/09\/Custom-Marble-Pattern-Solid-Surface-Counter-Top-Sink-Factory-Wholesale-Basins-5-660x660.webp 660w\" sizes=\"(max-width: 1024px) 100vw, 1024px\" \/><\/figure>\n<\/div>\n<\/div>","protected":false},"excerpt":{"rendered":"<p>Bienvenue sur le site de commande en gros de lavabos d'art. Ces lavabos de salle de bain uniques en gros pr\u00e9sentent un motif de marbre noir imprim\u00e9 par transfert d'eau, cr\u00e9ant un design unique et \u00e9l\u00e9gant. Nous offrons des services personnalis\u00e9s pour r\u00e9pondre aux besoins individuels des clients et assurer une livraison rapide.<\/p>\n<table style=\"border-collapse: collapse; width: 358.52pt;\" border=\"0\" width=\"478\" cellspacing=\"0\" cellpadding=\"0\">\n<tbody>\n<tr style=\"height: 17.25pt;\">\n<td class=\"et3\" style=\"height: 17.25pt; width: 125.00pt;\" width=\"166\" height=\"23\">Fabricant<\/td>\n<td class=\"et3\" style=\"width: 234.15pt;\" width=\"312\">HanYu<\/td>\n<\/tr>\n<tr style=\"height: 17.25pt;\">\n<td class=\"et3\" style=\"height: 17.25pt;\" height=\"23\">Num\u00e9ro de mod\u00e8le.<\/td>\n<td class=\"et4\">HY-5105D5<\/td>\n<\/tr>\n<tr style=\"height: 17.25pt;\">\n<td class=\"et3\" style=\"height: 17.25pt;\" height=\"23\">Type<\/td>\n<td class=\"et5\" style=\"width: 234.15pt;\" width=\"312\">\u00c9viers en marbre<\/td>\n<\/tr>\n<tr style=\"height: 18.00pt;\">\n<td class=\"et3\" style=\"height: 18.00pt;\" height=\"24\">Forme<\/td>\n<td class=\"et3\">Forme rectangulaire<\/td>\n<\/tr>\n<tr style=\"height: 34.50pt;\">\n<td class=\"et4\" style=\"height: 34.50pt;\" height=\"46\">Couleur<\/td>\n<td class=\"et5\" style=\"width: 234.15pt;\" width=\"312\">noir\/blanc\/bleu\/gris\/rose\/vert\/marron\/kaki<\/td>\n<\/tr>\n<tr style=\"height: 18.00pt;\">\n<td class=\"et3\" style=\"height: 18.00pt;\" height=\"24\">Dimension<\/td>\n<td class=\"et5\" style=\"width: 234.15pt;\" width=\"312\">56*42*14<\/td>\n<\/tr>\n<tr style=\"height: 17.25pt;\">\n<td class=\"et3\" style=\"height: 17.25pt;\" height=\"23\">N.W \/SET<\/td>\n<td class=\"et3\">12KGS\/PCS<\/td>\n<\/tr>\n<tr style=\"height: 17.25pt;\">\n<td class=\"et3\" style=\"height: 17.25pt;\" height=\"23\">MOQ<\/td>\n<td class=\"et3\">20pcs<\/td>\n<\/tr>\n<tr style=\"height: 17.25pt;\">\n<td class=\"et3\" style=\"height: 17.25pt;\" height=\"23\">Option personnalis\u00e9e<\/td>\n<td class=\"et3\">Couleur\/mod\u00e8le\/taille\/logo\/emballage<\/td>\n<\/tr>\n<\/tbody>\n<\/table>","protected":false},"featured_media":7856,"comment_status":"closed","ping_status":"closed","template":"","meta":{"_acf_changed":false},"product_brand":[],"product_cat":[50,54],"product_tag":[],"class_list":{"0":"post-7852","1":"product","2":"type-product","3":"status-publish","4":"has-post-thumbnail","6":"product_cat-wholesale-countertop-sinks","7":"product_cat-wholesale-marble-sinks","9":"first","10":"instock","11":"shipping-taxable","12":"product-type-simple"},"acf":[],"_links":{"self":[{"href":"https:\/\/www.ceramicbasin.com\/fr\/wp-json\/wp\/v2\/product\/7852","targetHints":{"allow":["GET"]}}],"collection":[{"href":"https:\/\/www.ceramicbasin.com\/fr\/wp-json\/wp\/v2\/product"}],"about":[{"href":"https:\/\/www.ceramicbasin.com\/fr\/wp-json\/wp\/v2\/types\/product"}],"replies":[{"embeddable":true,"href":"https:\/\/www.ceramicbasin.com\/fr\/wp-json\/wp\/v2\/comments?post=7852"}],"wp:featuredmedia":[{"embeddable":true,"href":"https:\/\/www.ceramicbasin.com\/fr\/wp-json\/wp\/v2\/media\/7856"}],"wp:attachment":[{"href":"https:\/\/www.ceramicbasin.com\/fr\/wp-json\/wp\/v2\/media?parent=7852"}],"wp:term":[{"taxonomy":"product_brand","embeddable":true,"href":"https:\/\/www.ceramicbasin.com\/fr\/wp-json\/wp\/v2\/product_brand?post=7852"},{"taxonomy":"product_cat","embeddable":true,"href":"https:\/\/www.ceramicbasin.com\/fr\/wp-json\/wp\/v2\/product_cat?post=7852"},{"taxonomy":"product_tag","embeddable":true,"href":"https:\/\/www.ceramicbasin.com\/fr\/wp-json\/wp\/v2\/product_tag?post=7852"}],"curies":[{"name":"wp","href":"https:\/\/api.w.org\/{rel}","templated":true}]}}