{"id":7875,"date":"2025-09-24T06:22:00","date_gmt":"2025-09-24T06:22:00","guid":{"rendered":"https:\/\/www.ceramicbasin.com\/?post_type=product&#038;p=7875"},"modified":"2025-09-26T06:09:44","modified_gmt":"2025-09-26T06:09:44","slug":"wholesale-bathroom-sink-basin-bowl","status":"publish","type":"product","link":"https:\/\/www.ceramicbasin.com\/fr\/produit\/wholesale-bathroom-sink-basin-bowl\/","title":{"rendered":"Wholesale Bathroom Sinkin Basin Bowl, Unique Design Sink Bulk (\u00e9vier en vrac)"},"content":{"rendered":"<div class=\"wp-block-columns is-layout-flex wp-container-core-columns-is-layout-9d6595d7 wp-block-columns-is-layout-flex\">\n<div class=\"wp-block-column is-layout-flow wp-block-column-is-layout-flow\">\n<h2 class=\"wp-block-heading\">Premium Wholesale Bathroom Sink Basin Bowl Caract\u00e9ristiques :<\/h2>\n\n\n\n<ul class=\"wp-block-list\">\n<li><strong>Conception innovante :<\/strong> Cet \u00e9vier en c\u00e9ramique \u00e0 bord lisse int\u00e8gre \u00e0 la fois l'art moderne et l'aspect pratique, apportant un effet visuel in\u00e9gal\u00e9 \u00e0 la salle de bains.<\/li>\n\n\n\n<li><strong>Durabilit\u00e9 et solidit\u00e9 :<\/strong>Notre cuvette d'\u00e9vier de salle de bains en gros est fabriqu\u00e9e en c\u00e9ramique de qualit\u00e9 et cuite \u00e0 haute temp\u00e9rature, ce qui rend le produit solide, durable, r\u00e9sistant aux taches et aux rayures. La surface lisse est non seulement facile \u00e0 nettoyer, mais aussi \u00e0 garder belle et brillante pendant longtemps.<\/li>\n\n\n\n<li><strong>Installation facile :<\/strong> Cette cuvette d'\u00e9vier de salle de bain est fabriqu\u00e9e en c\u00e9ramique et est plac\u00e9e sur le comptoir. L'installation elle-m\u00eame est assez facile et pratique sans installation compliqu\u00e9e. Il s'adapte \u00e0 la plupart des armoires de salle de bains standard. Cette vasque est peu encombrante, ce qui ajoute de la hi\u00e9rarchie et de la mode \u00e0 votre salle de bain.<\/li>\n\n\n\n<li><strong>Prix comp\u00e9titif : <\/strong>En tant que fabricant principal d'\u00e9vier de salle de bain, Hanyu vous fournit des produits d'\u00e9vier de salle de bain en gros de haute qualit\u00e9 aux prix les plus comp\u00e9titifs pour augmenter vos marges de profit.<\/li>\n<\/ul>\n<\/div>\n\n\n\n<div class=\"wp-block-column is-layout-flow wp-block-column-is-layout-flow\">\n<figure class=\"wp-block-image size-full\"><img fetchpriority=\"high\" decoding=\"async\" width=\"693\" height=\"887\" src=\"https:\/\/www.ceramicbasin.com\/wp-content\/uploads\/2025\/09\/wholesale-bathroom-sink-basin-bowl-unique-design-sink-bulk-6.webp\" alt=\"wholesale-bathroom-sink-basin-bowl-unique-design-sink-bulk-6\" class=\"wp-image-7942\" srcset=\"https:\/\/www.ceramicbasin.com\/wp-content\/uploads\/2025\/09\/wholesale-bathroom-sink-basin-bowl-unique-design-sink-bulk-6.webp 693w, https:\/\/www.ceramicbasin.com\/wp-content\/uploads\/2025\/09\/wholesale-bathroom-sink-basin-bowl-unique-design-sink-bulk-6-234x300.webp 234w, https:\/\/www.ceramicbasin.com\/wp-content\/uploads\/2025\/09\/wholesale-bathroom-sink-basin-bowl-unique-design-sink-bulk-6-9x12.webp 9w, https:\/\/www.ceramicbasin.com\/wp-content\/uploads\/2025\/09\/wholesale-bathroom-sink-basin-bowl-unique-design-sink-bulk-6-285x365.webp 285w, https:\/\/www.ceramicbasin.com\/wp-content\/uploads\/2025\/09\/wholesale-bathroom-sink-basin-bowl-unique-design-sink-bulk-6-516x660.webp 516w, https:\/\/www.ceramicbasin.com\/wp-content\/uploads\/2025\/09\/wholesale-bathroom-sink-basin-bowl-unique-design-sink-bulk-6-117x150.webp 117w\" sizes=\"(max-width: 693px) 100vw, 693px\" \/><\/figure>\n<\/div>\n<\/div>\n\n\n\n<p><\/p>","protected":false},"excerpt":{"rendered":"<p>Nous vous invitons \u00e0 acheter en gros notre \u00e9vier de salle de bain avec cuvette. Hanyu fournit en gros des \u00e9viers en c\u00e9ramique de conception nouvelle \u00e0 des prix comp\u00e9titifs. Cet \u00e9vier en c\u00e9ramique est fabriqu\u00e9 en c\u00e9ramique de haute qualit\u00e9 et est \u00e0 la fois durable et beau pour tous les types de salles de bains. Il peut ajouter un niveau de modernit\u00e9 et de fonctionnalit\u00e9 \u00e0 la salle de bains.<\/p>\n<table style=\"border-collapse: collapse; width: 311.02pt;\" border=\"0\" width=\"311\" cellspacing=\"0\" cellpadding=\"0\">\n<tbody>\n<tr style=\"height: 17.60pt;\">\n<td class=\"et3\" style=\"height: 17.60pt; width: 108.35pt;\" width=\"108\" height=\"17\">Fabricant<\/td>\n<td class=\"et3\" style=\"width: 202.95pt;\" width=\"202\">HanYu<\/td>\n<\/tr>\n<tr style=\"height: 17.60pt;\">\n<td class=\"et3\" style=\"height: 17.60pt;\" height=\"17\">Num\u00e9ro de mod\u00e8le.<\/td>\n<td class=\"et4\">HY-435<\/td>\n<\/tr>\n<tr style=\"height: 17.60pt;\">\n<td class=\"et3\" style=\"height: 17.60pt;\" height=\"17\">Type<\/td>\n<td class=\"et3\">Bassin de comptoir<\/td>\n<\/tr>\n<tr style=\"height: 17.60pt;\">\n<td class=\"et3\" style=\"height: 17.60pt;\" height=\"17\">Forme<\/td>\n<td class=\"et3\">Forme rectangulaire<\/td>\n<\/tr>\n<tr style=\"height: 17.60pt;\">\n<td class=\"et4\" style=\"height: 17.60pt;\" height=\"17\">Couleur<\/td>\n<td class=\"et3\">Blanc<\/td>\n<\/tr>\n<tr style=\"height: 18.00pt;\">\n<td class=\"et3\" style=\"height: 18.00pt;\" height=\"18\">Dimension<\/td>\n<td class=\"et5\" style=\"width: 202.95pt;\" width=\"202\">40*40*12<\/td>\n<\/tr>\n<tr style=\"height: 17.60pt;\">\n<td class=\"et3\" style=\"height: 17.60pt;\" height=\"17\">N.W \/SET<\/td>\n<td class=\"et3\">8 KGS\/PCS<\/td>\n<\/tr>\n<tr style=\"height: 17.60pt;\">\n<td class=\"et3\" style=\"height: 17.60pt;\" height=\"17\">MOQ<\/td>\n<td class=\"et3\">20pcs<\/td>\n<\/tr>\n<tr style=\"height: 17.60pt;\">\n<td class=\"et3\" style=\"height: 17.60pt;\" height=\"17\">Option personnalis\u00e9e<\/td>\n<td class=\"et3\">Color\/Patten\/Size\/Logo\/Package-<\/td>\n<\/tr>\n<\/tbody>\n<\/table>","protected":false},"featured_media":7938,"comment_status":"closed","ping_status":"closed","template":"","meta":{"_acf_changed":false},"product_brand":[],"product_cat":[50],"product_tag":[],"class_list":{"0":"post-7875","1":"product","2":"type-product","3":"status-publish","4":"has-post-thumbnail","6":"product_cat-wholesale-countertop-sinks","8":"first","9":"instock","10":"shipping-taxable","11":"product-type-simple"},"acf":[],"_links":{"self":[{"href":"https:\/\/www.ceramicbasin.com\/fr\/wp-json\/wp\/v2\/product\/7875","targetHints":{"allow":["GET"]}}],"collection":[{"href":"https:\/\/www.ceramicbasin.com\/fr\/wp-json\/wp\/v2\/product"}],"about":[{"href":"https:\/\/www.ceramicbasin.com\/fr\/wp-json\/wp\/v2\/types\/product"}],"replies":[{"embeddable":true,"href":"https:\/\/www.ceramicbasin.com\/fr\/wp-json\/wp\/v2\/comments?post=7875"}],"wp:featuredmedia":[{"embeddable":true,"href":"https:\/\/www.ceramicbasin.com\/fr\/wp-json\/wp\/v2\/media\/7938"}],"wp:attachment":[{"href":"https:\/\/www.ceramicbasin.com\/fr\/wp-json\/wp\/v2\/media?parent=7875"}],"wp:term":[{"taxonomy":"product_brand","embeddable":true,"href":"https:\/\/www.ceramicbasin.com\/fr\/wp-json\/wp\/v2\/product_brand?post=7875"},{"taxonomy":"product_cat","embeddable":true,"href":"https:\/\/www.ceramicbasin.com\/fr\/wp-json\/wp\/v2\/product_cat?post=7875"},{"taxonomy":"product_tag","embeddable":true,"href":"https:\/\/www.ceramicbasin.com\/fr\/wp-json\/wp\/v2\/product_tag?post=7875"}],"curies":[{"name":"wp","href":"https:\/\/api.w.org\/{rel}","templated":true}]}}