{"id":7900,"date":"2025-09-24T07:14:17","date_gmt":"2025-09-24T07:14:17","guid":{"rendered":"https:\/\/www.ceramicbasin.com\/?post_type=product&#038;p=7900"},"modified":"2025-09-26T03:35:43","modified_gmt":"2025-09-26T03:35:43","slug":"wholesale-white-bathroom-vanity-sink","status":"publish","type":"product","link":"https:\/\/www.ceramicbasin.com\/fr\/produit\/wholesale-white-bathroom-vanity-sink\/","title":{"rendered":"In Stock Ceramic Wholesale White Bathroom Vanity Sink"},"content":{"rendered":"<div class=\"wp-block-columns is-layout-flex wp-container-core-columns-is-layout-9d6595d7 wp-block-columns-is-layout-flex\">\n<div class=\"wp-block-column is-layout-flow wp-block-column-is-layout-flow\">\n<h2 class=\"wp-block-heading\">Premium Wholesale White Bathroom Vanity Sink Caract\u00e9ristiques :<\/h2>\n\n\n\n<ul class=\"wp-block-list\">\n<li><strong>C\u00e9ramique de haute qualit\u00e9 : <\/strong>Ces lavabos blancs pour salle de bains sont cuits \u00e0 haute temp\u00e9rature pour obtenir une surface plus lisse et plus dense qui r\u00e9siste aux rayures et aux taches et qui est facile \u00e0 nettoyer.<\/li>\n\n\n\n<li><strong>Conception rectangulaire simple :<\/strong> Ces lavabos de comptoir de salle de bain personnalis\u00e9s sont des lavabos rectangulaires blancs et \u00e9l\u00e9gants qui offrent une grande polyvalence pour les m\u00e9nages modernes et les utilisations commerciales.<\/li>\n\n\n\n<li><strong>Stock en vrac :<\/strong> Ces \u00e9viers blancs de salle de bain en gros peuvent \u00eatre achet\u00e9s \u00e0 la fois en gros et en projet, r\u00e9pondant ainsi aux besoins de livraison rapide des d\u00e9taillants, des distributeurs et des clients en projet.<\/li>\n\n\n\n<li><strong>Polyvalent : <\/strong>Ces lavabos de comptoir de salle de bains personnalis\u00e9s conviennent aux vanit\u00e9s de salle de bains, aux h\u00f4tels, aux salles de bains commerciales et aux r\u00e9novations r\u00e9sidentielles, offrant \u00e0 la fois esth\u00e9tisme et praticit\u00e9.<\/li>\n<\/ul>\n<\/div>\n\n\n\n<div class=\"wp-block-column is-layout-flow wp-block-column-is-layout-flow\">\n<figure class=\"wp-block-image size-full\"><img fetchpriority=\"high\" decoding=\"async\" width=\"673\" height=\"871\" src=\"https:\/\/www.ceramicbasin.com\/wp-content\/uploads\/2025\/09\/in-stock-ceramic-wholesale-white-bathroom-vanity-sink\u200b-bulk-6.webp\" alt=\"in-stock-ceramic-wholesale-white-bathroom-vanity-sink-bulk-6\" class=\"wp-image-7935\" srcset=\"https:\/\/www.ceramicbasin.com\/wp-content\/uploads\/2025\/09\/in-stock-ceramic-wholesale-white-bathroom-vanity-sink\u200b-bulk-6.webp 673w, https:\/\/www.ceramicbasin.com\/wp-content\/uploads\/2025\/09\/in-stock-ceramic-wholesale-white-bathroom-vanity-sink\u200b-bulk-6-232x300.webp 232w, https:\/\/www.ceramicbasin.com\/wp-content\/uploads\/2025\/09\/in-stock-ceramic-wholesale-white-bathroom-vanity-sink\u200b-bulk-6-9x12.webp 9w, https:\/\/www.ceramicbasin.com\/wp-content\/uploads\/2025\/09\/in-stock-ceramic-wholesale-white-bathroom-vanity-sink\u200b-bulk-6-285x369.webp 285w, https:\/\/www.ceramicbasin.com\/wp-content\/uploads\/2025\/09\/in-stock-ceramic-wholesale-white-bathroom-vanity-sink\u200b-bulk-6-510x660.webp 510w, https:\/\/www.ceramicbasin.com\/wp-content\/uploads\/2025\/09\/in-stock-ceramic-wholesale-white-bathroom-vanity-sink\u200b-bulk-6-116x150.webp 116w\" sizes=\"(max-width: 673px) 100vw, 673px\" \/><\/figure>\n<\/div>\n<\/div>\n\n\n\n<p><\/p>","protected":false},"excerpt":{"rendered":"<p>Bienvenue \u00e0 l'achat de nos lavabos de salle de bain blancs en gros, id\u00e9aux pour les projets d'articles sanitaires. Nos \u00e9viers de comptoir en vrac sont fabriqu\u00e9s en c\u00e9ramique de haute qualit\u00e9, combinant l'artisanat traditionnel avec un design moderne, et sont faciles \u00e0 nettoyer. Nous offrons des prix avantageux et une livraison rapide pour r\u00e9pondre aux besoins de rapidit\u00e9 des projets commerciaux ou des r\u00e9novations r\u00e9sidentielles.<\/p>\n<table style=\"border-collapse: collapse; width: 311.02pt;\" border=\"0\" width=\"311\" cellspacing=\"0\" cellpadding=\"0\">\n<tbody>\n<tr style=\"height: 17.60pt;\">\n<td class=\"et3\" style=\"height: 17.60pt; width: 108.35pt;\" width=\"108\" height=\"17\">Fabricant<\/td>\n<td class=\"et3\" style=\"width: 202.95pt;\" width=\"202\">HanYu<\/td>\n<\/tr>\n<tr style=\"height: 17.60pt;\">\n<td class=\"et3\" style=\"height: 17.60pt;\" height=\"17\">Num\u00e9ro de mod\u00e8le.<\/td>\n<td class=\"et4\">HY-424<\/td>\n<\/tr>\n<tr style=\"height: 17.60pt;\">\n<td class=\"et3\" style=\"height: 17.60pt;\" height=\"17\">Type<\/td>\n<td class=\"et3\">Bassin de comptoir<\/td>\n<\/tr>\n<tr style=\"height: 17.60pt;\">\n<td class=\"et3\" style=\"height: 17.60pt;\" height=\"17\">Forme<\/td>\n<td class=\"et3\">Forme rectangulaire<\/td>\n<\/tr>\n<tr style=\"height: 17.60pt;\">\n<td class=\"et4\" style=\"height: 17.60pt;\" height=\"17\">Couleur<\/td>\n<td class=\"et3\">Blanc<\/td>\n<\/tr>\n<tr style=\"height: 18.00pt;\">\n<td class=\"et3\" style=\"height: 18.00pt;\" height=\"18\">Dimension<\/td>\n<td class=\"et5\" style=\"width: 202.95pt;\" width=\"202\">58.5*37*13<\/td>\n<\/tr>\n<tr style=\"height: 17.60pt;\">\n<td class=\"et3\" style=\"height: 17.60pt;\" height=\"17\">N.W \/SET<\/td>\n<td class=\"et3\">11 KGS\/PCS<\/td>\n<\/tr>\n<tr style=\"height: 17.60pt;\">\n<td class=\"et3\" style=\"height: 17.60pt;\" height=\"17\">MOQ<\/td>\n<td class=\"et3\">20pcs<\/td>\n<\/tr>\n<tr style=\"height: 17.60pt;\">\n<td class=\"et3\" style=\"height: 17.60pt;\" height=\"17\">Option personnalis\u00e9e<\/td>\n<td class=\"et3\">Couleur\/Pattenue\/Taille\/Logo\/Emballage<\/td>\n<\/tr>\n<\/tbody>\n<\/table>","protected":false},"featured_media":7931,"comment_status":"closed","ping_status":"closed","template":"","meta":{"_acf_changed":false},"product_brand":[],"product_cat":[50],"product_tag":[],"class_list":{"0":"post-7900","1":"product","2":"type-product","3":"status-publish","4":"has-post-thumbnail","6":"product_cat-wholesale-countertop-sinks","8":"first","9":"instock","10":"shipping-taxable","11":"product-type-simple"},"acf":[],"_links":{"self":[{"href":"https:\/\/www.ceramicbasin.com\/fr\/wp-json\/wp\/v2\/product\/7900","targetHints":{"allow":["GET"]}}],"collection":[{"href":"https:\/\/www.ceramicbasin.com\/fr\/wp-json\/wp\/v2\/product"}],"about":[{"href":"https:\/\/www.ceramicbasin.com\/fr\/wp-json\/wp\/v2\/types\/product"}],"replies":[{"embeddable":true,"href":"https:\/\/www.ceramicbasin.com\/fr\/wp-json\/wp\/v2\/comments?post=7900"}],"wp:featuredmedia":[{"embeddable":true,"href":"https:\/\/www.ceramicbasin.com\/fr\/wp-json\/wp\/v2\/media\/7931"}],"wp:attachment":[{"href":"https:\/\/www.ceramicbasin.com\/fr\/wp-json\/wp\/v2\/media?parent=7900"}],"wp:term":[{"taxonomy":"product_brand","embeddable":true,"href":"https:\/\/www.ceramicbasin.com\/fr\/wp-json\/wp\/v2\/product_brand?post=7900"},{"taxonomy":"product_cat","embeddable":true,"href":"https:\/\/www.ceramicbasin.com\/fr\/wp-json\/wp\/v2\/product_cat?post=7900"},{"taxonomy":"product_tag","embeddable":true,"href":"https:\/\/www.ceramicbasin.com\/fr\/wp-json\/wp\/v2\/product_tag?post=7900"}],"curies":[{"name":"wp","href":"https:\/\/api.w.org\/{rel}","templated":true}]}}