{"id":7902,"date":"2025-09-24T07:47:19","date_gmt":"2025-09-24T07:47:19","guid":{"rendered":"https:\/\/www.ceramicbasin.com\/?post_type=product&#038;p=7902"},"modified":"2025-09-26T02:48:49","modified_gmt":"2025-09-26T02:48:49","slug":"wholesale-unique-bathroom-sink-bowls","status":"publish","type":"product","link":"https:\/\/www.ceramicbasin.com\/fr\/produit\/wholesale-unique-bathroom-sink-bowls\/","title":{"rendered":"Wholesale Unique Bathroom Sink Bowls, Countertop Sinks Bulk (en gros)"},"content":{"rendered":"<div class=\"wp-block-columns is-layout-flex wp-container-core-columns-is-layout-9d6595d7 wp-block-columns-is-layout-flex\">\n<div class=\"wp-block-column is-layout-flow wp-block-column-is-layout-flow\">\n<h2 class=\"wp-block-heading\">Premium Wholesale Unique Bathroom Sink Bowls Caract\u00e9ristiques :<\/h2>\n\n\n\n<ul class=\"wp-block-list\">\n<li><strong>Design rectangulaire contemporain :<\/strong> La vasque en c\u00e9ramique \u00e0 poser en vrac pr\u00e9sente un design rectangulaire simple et \u00e9l\u00e9gant, des lignes douces et un style moderne. Il s'int\u00e8gre parfaitement \u00e0 tous les styles de d\u00e9coration de la salle de bains, ajoutant \u00e9l\u00e9gance et modernit\u00e9 \u00e0 la salle de bains.<\/li>\n\n\n\n<li><strong>Conception de taille g\u00e9n\u00e9reuse : <\/strong>Les vasques de salle de bain uniques en gros avec un \u00e9vier de taille g\u00e9n\u00e9reuse r\u00e9pondent au besoin d'espace dans un lavabo. Il n'est pas seulement pratique, mais il peut aussi am\u00e9liorer la qualit\u00e9 et le confort de la salle de bains. Il convient aux maisons et aux h\u00f4tels de luxe.<\/li>\n\n\n\n<li><strong>Options personnalis\u00e9es :<\/strong> HanYu propose des services de bassin de comptoir en c\u00e9ramique sur mesure, offrant une vari\u00e9t\u00e9 de tailles, de couleurs et de textures en fonction des besoins du client, r\u00e9pondant aux diff\u00e9rents designs de salle de bain et aux pr\u00e9f\u00e9rences personnelles, et cr\u00e9ant un espace de salle de bain unique pour vous.<\/li>\n\n\n\n<li><strong>Prix de gros : <\/strong>Nos bols d'\u00e9vier de salle de bain uniques en gros sont vendus au prix de gros direct de l'usine pour gagner plus d'espace de profit pour les clients. Nous souhaitons la bienvenue aux acheteurs B2B pour les achats en gros.<\/li>\n<\/ul>\n<\/div>\n\n\n\n<div class=\"wp-block-column is-layout-flow wp-block-column-is-layout-flow\">\n<figure class=\"wp-block-image size-full\"><img fetchpriority=\"high\" decoding=\"async\" width=\"683\" height=\"879\" src=\"https:\/\/www.ceramicbasin.com\/wp-content\/uploads\/2025\/09\/wholesale-unique-bathroom-sink-bowls-countertop-sinks-bulk-6.webp\" alt=\"wholesale-unique-bathroom-sink-bowls-countertop-sinks-bulk-6\" class=\"wp-image-7928\" srcset=\"https:\/\/www.ceramicbasin.com\/wp-content\/uploads\/2025\/09\/wholesale-unique-bathroom-sink-bowls-countertop-sinks-bulk-6.webp 683w, https:\/\/www.ceramicbasin.com\/wp-content\/uploads\/2025\/09\/wholesale-unique-bathroom-sink-bowls-countertop-sinks-bulk-6-233x300.webp 233w, https:\/\/www.ceramicbasin.com\/wp-content\/uploads\/2025\/09\/wholesale-unique-bathroom-sink-bowls-countertop-sinks-bulk-6-9x12.webp 9w, https:\/\/www.ceramicbasin.com\/wp-content\/uploads\/2025\/09\/wholesale-unique-bathroom-sink-bowls-countertop-sinks-bulk-6-285x367.webp 285w, https:\/\/www.ceramicbasin.com\/wp-content\/uploads\/2025\/09\/wholesale-unique-bathroom-sink-bowls-countertop-sinks-bulk-6-513x660.webp 513w, https:\/\/www.ceramicbasin.com\/wp-content\/uploads\/2025\/09\/wholesale-unique-bathroom-sink-bowls-countertop-sinks-bulk-6-117x150.webp 117w\" sizes=\"(max-width: 683px) 100vw, 683px\" \/><\/figure>\n<\/div>\n<\/div>","protected":false},"excerpt":{"rendered":"<p>Nous vous invitons \u00e0 acheter en gros nos vasques de salle de bain uniques pour la maison et les h\u00f4tels haut de gamme. Ce grand bassin rectangulaire en c\u00e9ramique est durable et beau, parfaitement adapt\u00e9 aux diff\u00e9rents styles de salle de bain, et est vendu en gros \u00e0 un prix tr\u00e8s comp\u00e9titif. Il n'est pas seulement pratique, mais peut \u00e9galement am\u00e9liorer la qualit\u00e9 et le confort de la salle de bain.<\/p>\n<table style=\"border-collapse: collapse; width: 311.02pt;\" border=\"0\" width=\"311\" cellspacing=\"0\" cellpadding=\"0\">\n<tbody>\n<tr style=\"height: 17.60pt;\">\n<td class=\"et3\" style=\"height: 17.60pt; width: 108.35pt;\" width=\"108\" height=\"17\">Fabricant<\/td>\n<td class=\"et3\" style=\"width: 202.95pt;\" width=\"202\">HanYu<\/td>\n<\/tr>\n<tr style=\"height: 17.60pt;\">\n<td class=\"et3\" style=\"height: 17.60pt;\" height=\"17\">Num\u00e9ro de mod\u00e8le.<\/td>\n<td class=\"et4\">HY-5005<\/td>\n<\/tr>\n<tr style=\"height: 17.60pt;\">\n<td class=\"et3\" style=\"height: 17.60pt;\" height=\"17\">Type<\/td>\n<td class=\"et3\">Bassin de comptoir<\/td>\n<\/tr>\n<tr style=\"height: 17.60pt;\">\n<td class=\"et3\" style=\"height: 17.60pt;\" height=\"17\">Forme<\/td>\n<td class=\"et3\">Forme rectangulaire<\/td>\n<\/tr>\n<tr style=\"height: 17.60pt;\">\n<td class=\"et4\" style=\"height: 17.60pt;\" height=\"17\">Couleur<\/td>\n<td class=\"et3\">Blanc<\/td>\n<\/tr>\n<tr style=\"height: 18.00pt;\">\n<td class=\"et3\" style=\"height: 18.00pt;\" height=\"18\">Dimension<\/td>\n<td class=\"et5\" style=\"width: 202.95pt;\" width=\"202\">59*39*16<\/td>\n<\/tr>\n<tr style=\"height: 17.60pt;\">\n<td class=\"et3\" style=\"height: 17.60pt;\" height=\"17\">N.W \/SET<\/td>\n<td class=\"et3\">14 KG\/PCS<\/td>\n<\/tr>\n<tr style=\"height: 17.60pt;\">\n<td class=\"et3\" style=\"height: 17.60pt;\" height=\"17\">MOQ<\/td>\n<td class=\"et3\">20pcs<\/td>\n<\/tr>\n<tr style=\"height: 17.60pt;\">\n<td class=\"et3\" style=\"height: 17.60pt;\" height=\"17\">Option personnalis\u00e9e<\/td>\n<td class=\"et3\">Couleur\/Pattenue\/Taille\/Logo\/Emballage<\/td>\n<\/tr>\n<\/tbody>\n<\/table>","protected":false},"featured_media":7924,"comment_status":"closed","ping_status":"closed","template":"","meta":{"_acf_changed":false},"product_brand":[],"product_cat":[50],"product_tag":[],"class_list":{"0":"post-7902","1":"product","2":"type-product","3":"status-publish","4":"has-post-thumbnail","6":"product_cat-wholesale-countertop-sinks","8":"first","9":"instock","10":"shipping-taxable","11":"product-type-simple"},"acf":[],"_links":{"self":[{"href":"https:\/\/www.ceramicbasin.com\/fr\/wp-json\/wp\/v2\/product\/7902","targetHints":{"allow":["GET"]}}],"collection":[{"href":"https:\/\/www.ceramicbasin.com\/fr\/wp-json\/wp\/v2\/product"}],"about":[{"href":"https:\/\/www.ceramicbasin.com\/fr\/wp-json\/wp\/v2\/types\/product"}],"replies":[{"embeddable":true,"href":"https:\/\/www.ceramicbasin.com\/fr\/wp-json\/wp\/v2\/comments?post=7902"}],"wp:featuredmedia":[{"embeddable":true,"href":"https:\/\/www.ceramicbasin.com\/fr\/wp-json\/wp\/v2\/media\/7924"}],"wp:attachment":[{"href":"https:\/\/www.ceramicbasin.com\/fr\/wp-json\/wp\/v2\/media?parent=7902"}],"wp:term":[{"taxonomy":"product_brand","embeddable":true,"href":"https:\/\/www.ceramicbasin.com\/fr\/wp-json\/wp\/v2\/product_brand?post=7902"},{"taxonomy":"product_cat","embeddable":true,"href":"https:\/\/www.ceramicbasin.com\/fr\/wp-json\/wp\/v2\/product_cat?post=7902"},{"taxonomy":"product_tag","embeddable":true,"href":"https:\/\/www.ceramicbasin.com\/fr\/wp-json\/wp\/v2\/product_tag?post=7902"}],"curies":[{"name":"wp","href":"https:\/\/api.w.org\/{rel}","templated":true}]}}