{"id":7905,"date":"2025-09-24T07:51:09","date_gmt":"2025-09-24T07:51:09","guid":{"rendered":"https:\/\/www.ceramicbasin.com\/?post_type=product&#038;p=7905"},"modified":"2025-09-26T02:21:51","modified_gmt":"2025-09-26T02:21:51","slug":"wholesale-table-top-bathroom-sinks","status":"publish","type":"product","link":"https:\/\/www.ceramicbasin.com\/fr\/produit\/wholesale-table-top-bathroom-sinks\/","title":{"rendered":"Wholesale Table Top Bathroom Sinks, Custom Ceramic Sinks (lavabos en c\u00e9ramique sur mesure)"},"content":{"rendered":"<div class=\"wp-block-columns is-layout-flex wp-container-core-columns-is-layout-9d6595d7 wp-block-columns-is-layout-flex\">\n<div class=\"wp-block-column is-layout-flow wp-block-column-is-layout-flow\">\n<h2 class=\"wp-block-heading\">Premium Modern Wholesale Table Top Bathroom Sinks Caract\u00e9ristiques :<\/h2>\n\n\n\n<ul class=\"wp-block-list\">\n<li><strong>Style contemporain : <\/strong>Le bassin simple de forme carr\u00e9e de ces lavabos de table est id\u00e9al pour les salles de bains modernes, les h\u00f4tels et les maisons de luxe. Il pr\u00e9sente un \u00e9clat et une texture subtils, cr\u00e9ant un sentiment de noblesse et d'\u00e9l\u00e9gance dans la salle de bains.<\/li>\n\n\n\n<li><strong>C\u00e9ramique durable :<\/strong> Ces \u00e9viers de table pour salle de bains sont fabriqu\u00e9s en c\u00e9ramique durable cuite \u00e0 haute temp\u00e9rature, ce qui conf\u00e8re \u00e0 cette c\u00e9ramique de qualit\u00e9 une surface lisse et plus dense, r\u00e9sistante aux taches, facile \u00e0 nettoyer et r\u00e9sistante aux rayures.<\/li>\n\n\n\n<li><strong>Dimensions personnalis\u00e9es :<\/strong> Nos \u00e9viers carr\u00e9s en c\u00e9ramique peuvent \u00eatre fabriqu\u00e9s sur commande dans diff\u00e9rentes tailles, couleurs et logos afin de r\u00e9pondre aux besoins de diverses marques et march\u00e9s.<\/li>\n\n\n\n<li><strong>Une production fiable :<\/strong> En tant que fabricant professionnel de lavabo de salle de bain chinois, Hanyu a de fortes capacit\u00e9s d'approvisionnement en vrac et soutient les partenariats OEM\/ODM. Les achats en gros peuvent b\u00e9n\u00e9ficier de remises exceptionnelles, ce qui vous permet de profiter de produits de qualit\u00e9 sup\u00e9rieure tout en respectant votre budget.<\/li>\n<\/ul>\n<\/div>\n\n\n\n<div class=\"wp-block-column is-layout-flow wp-block-column-is-layout-flow\">\n<figure class=\"wp-block-image size-full\"><img fetchpriority=\"high\" decoding=\"async\" width=\"469\" height=\"624\" src=\"https:\/\/www.ceramicbasin.com\/wp-content\/uploads\/2025\/09\/wholesale-table-top-bathroom-sinks-custom-ceramic-sinks\u200b-6.webp\" alt=\"wholesale-table-top-bathroom-sinks-custom-ceramic-sinks-6\" class=\"wp-image-7917\" srcset=\"https:\/\/www.ceramicbasin.com\/wp-content\/uploads\/2025\/09\/wholesale-table-top-bathroom-sinks-custom-ceramic-sinks\u200b-6.webp 469w, https:\/\/www.ceramicbasin.com\/wp-content\/uploads\/2025\/09\/wholesale-table-top-bathroom-sinks-custom-ceramic-sinks\u200b-6-225x300.webp 225w, https:\/\/www.ceramicbasin.com\/wp-content\/uploads\/2025\/09\/wholesale-table-top-bathroom-sinks-custom-ceramic-sinks\u200b-6-9x12.webp 9w, https:\/\/www.ceramicbasin.com\/wp-content\/uploads\/2025\/09\/wholesale-table-top-bathroom-sinks-custom-ceramic-sinks\u200b-6-285x379.webp 285w, https:\/\/www.ceramicbasin.com\/wp-content\/uploads\/2025\/09\/wholesale-table-top-bathroom-sinks-custom-ceramic-sinks\u200b-6-113x150.webp 113w\" sizes=\"(max-width: 469px) 100vw, 469px\" \/><\/figure>\n<\/div>\n<\/div>\n\n\n\n<p><\/p>","protected":false},"excerpt":{"rendered":"<p>Nous vous invitons \u00e0 acheter en gros nos \u00e9viers de salle de bain modernes en c\u00e9ramique de forme carr\u00e9e, fabriqu\u00e9s avec des mat\u00e9riaux durables et une surface facile \u00e0 nettoyer. En tant que fabricant chinois leader d'articles sanitaires, nous proposons une personnalisation flexible et un approvisionnement en vrac fiable, ainsi que des services de livraison rapide pour r\u00e9pondre aux besoins des distributeurs et des projets internationaux.<\/p>\n<table style=\"border-collapse: collapse; width: 311.02pt;\" border=\"0\" width=\"311\" cellspacing=\"0\" cellpadding=\"0\">\n<tbody>\n<tr style=\"height: 17.60pt;\">\n<td class=\"et3\" style=\"height: 17.60pt; width: 108.35pt;\" width=\"108\" height=\"17\">Fabricant<\/td>\n<td class=\"et3\" style=\"width: 202.95pt;\" width=\"202\">HanYu<\/td>\n<\/tr>\n<tr style=\"height: 17.60pt;\">\n<td class=\"et3\" style=\"height: 17.60pt;\" height=\"17\">Num\u00e9ro de mod\u00e8le.<\/td>\n<td class=\"et4\">HY-8022<\/td>\n<\/tr>\n<tr style=\"height: 17.60pt;\">\n<td class=\"et3\" style=\"height: 17.60pt;\" height=\"17\">Type<\/td>\n<td class=\"et3\">Bassin de comptoir<\/td>\n<\/tr>\n<tr style=\"height: 17.60pt;\">\n<td class=\"et3\" style=\"height: 17.60pt;\" height=\"17\">Forme<\/td>\n<td class=\"et3\">Forme rectangulaire<\/td>\n<\/tr>\n<tr style=\"height: 17.60pt;\">\n<td class=\"et4\" style=\"height: 17.60pt;\" height=\"17\">Couleur<\/td>\n<td class=\"et3\">Blanc<\/td>\n<\/tr>\n<tr style=\"height: 18.00pt;\">\n<td class=\"et3\" style=\"height: 18.00pt;\" height=\"18\">Dimension<\/td>\n<td class=\"et5\" style=\"width: 202.95pt;\" width=\"202\">41*41*13.5<\/td>\n<\/tr>\n<tr style=\"height: 17.60pt;\">\n<td class=\"et3\" style=\"height: 17.60pt;\" height=\"17\">N.W \/SET<\/td>\n<td class=\"et3\">9 KGS\/PCS<\/td>\n<\/tr>\n<tr style=\"height: 17.60pt;\">\n<td class=\"et3\" style=\"height: 17.60pt;\" height=\"17\">MOQ<\/td>\n<td class=\"et3\">20pcs<\/td>\n<\/tr>\n<tr style=\"height: 17.60pt;\">\n<td class=\"et3\" style=\"height: 17.60pt;\" height=\"17\">Option personnalis\u00e9e<\/td>\n<td class=\"et3\">Couleur\/Pattenue\/Taille\/Logo\/Emballage<\/td>\n<\/tr>\n<\/tbody>\n<\/table>","protected":false},"featured_media":7913,"comment_status":"closed","ping_status":"closed","template":"","meta":{"_acf_changed":false},"product_brand":[],"product_cat":[50],"product_tag":[],"class_list":{"0":"post-7905","1":"product","2":"type-product","3":"status-publish","4":"has-post-thumbnail","6":"product_cat-wholesale-countertop-sinks","8":"first","9":"instock","10":"shipping-taxable","11":"product-type-simple"},"acf":[],"_links":{"self":[{"href":"https:\/\/www.ceramicbasin.com\/fr\/wp-json\/wp\/v2\/product\/7905","targetHints":{"allow":["GET"]}}],"collection":[{"href":"https:\/\/www.ceramicbasin.com\/fr\/wp-json\/wp\/v2\/product"}],"about":[{"href":"https:\/\/www.ceramicbasin.com\/fr\/wp-json\/wp\/v2\/types\/product"}],"replies":[{"embeddable":true,"href":"https:\/\/www.ceramicbasin.com\/fr\/wp-json\/wp\/v2\/comments?post=7905"}],"wp:featuredmedia":[{"embeddable":true,"href":"https:\/\/www.ceramicbasin.com\/fr\/wp-json\/wp\/v2\/media\/7913"}],"wp:attachment":[{"href":"https:\/\/www.ceramicbasin.com\/fr\/wp-json\/wp\/v2\/media?parent=7905"}],"wp:term":[{"taxonomy":"product_brand","embeddable":true,"href":"https:\/\/www.ceramicbasin.com\/fr\/wp-json\/wp\/v2\/product_brand?post=7905"},{"taxonomy":"product_cat","embeddable":true,"href":"https:\/\/www.ceramicbasin.com\/fr\/wp-json\/wp\/v2\/product_cat?post=7905"},{"taxonomy":"product_tag","embeddable":true,"href":"https:\/\/www.ceramicbasin.com\/fr\/wp-json\/wp\/v2\/product_tag?post=7905"}],"curies":[{"name":"wp","href":"https:\/\/api.w.org\/{rel}","templated":true}]}}