{"id":7963,"date":"2025-10-03T06:57:44","date_gmt":"2025-10-03T06:57:44","guid":{"rendered":"https:\/\/www.ceramicbasin.com\/?post_type=product&#038;p=7963"},"modified":"2025-10-09T08:05:25","modified_gmt":"2025-10-09T08:05:25","slug":"modern-vanity-sinks-wholesale","status":"publish","type":"product","link":"https:\/\/www.ceramicbasin.com\/fr\/produit\/modern-vanity-sinks-wholesale\/","title":{"rendered":"Vasques modernes en gros, vasques ovales en marbre"},"content":{"rendered":"<div class=\"wp-block-columns is-layout-flex wp-container-core-columns-is-layout-9d6595d7 wp-block-columns-is-layout-flex\">\n<div class=\"wp-block-column is-layout-flow wp-block-column-is-layout-flow\">\n<h2 class=\"wp-block-heading\">Premium Modern Vanity Sinks Wholesale Caract\u00e9ristiques :<\/h2>\n\n\n\n<ul class=\"wp-block-list\">\n<li><strong>Design unique en forme de feuille :<\/strong> Le design unique d'une feuille donne \u00e0 ces lavabos modernes une forme plus cr\u00e9ative, combinant l'art et la fonction pour un effet visuel \u00e9poustouflant et une caract\u00e9ristique dans la salle de bains.<\/li>\n\n\n\n<li><strong>Design \u00e9l\u00e9gant : <\/strong>Nos cuvettes d'\u00e9vier de salle de bain en gros ajoutent une touche d'\u00e9l\u00e9gance et de modernit\u00e9 \u00e0 toute salle de bain et en font un point de mire styl\u00e9.<\/li>\n\n\n\n<li><strong>Service sur mesure : <\/strong>Nous offrons un service complet de personnalisation des lavabos modernes en gros, les tailles, les couleurs et les textures sont personnalisables en fonction des demandes des clients pour co\u00efncider parfaitement avec d'autres styles d'espace.<\/li>\n\n\n\n<li><strong>Montage par le haut : <\/strong>Ces cuvettes d'\u00e9vier de salle de bain en gros sont stables et fiables, ce qui permet non seulement d'\u00e9conomiser de l'espace, mais aussi d'ajouter une touche de modernit\u00e9 \u00e0 la salle de bain et de s'adapter \u00e0 diff\u00e9rents styles de d\u00e9coration.<\/li>\n<\/ul>\n<\/div>\n\n\n\n<div class=\"wp-block-column is-layout-flow wp-block-column-is-layout-flow\">\n<figure class=\"wp-block-image size-full\"><img fetchpriority=\"high\" decoding=\"async\" width=\"800\" height=\"800\" src=\"https:\/\/www.ceramicbasin.com\/wp-content\/uploads\/2025\/10\/marble-stone-wash-basinsvessel-ceramic-sinksinks-for-bathroom.webp\" alt=\"\" class=\"wp-image-7964\" srcset=\"https:\/\/www.ceramicbasin.com\/wp-content\/uploads\/2025\/10\/marble-stone-wash-basinsvessel-ceramic-sinksinks-for-bathroom.webp 800w, https:\/\/www.ceramicbasin.com\/wp-content\/uploads\/2025\/10\/marble-stone-wash-basinsvessel-ceramic-sinksinks-for-bathroom-300x300.webp 300w, https:\/\/www.ceramicbasin.com\/wp-content\/uploads\/2025\/10\/marble-stone-wash-basinsvessel-ceramic-sinksinks-for-bathroom-150x150.webp 150w, https:\/\/www.ceramicbasin.com\/wp-content\/uploads\/2025\/10\/marble-stone-wash-basinsvessel-ceramic-sinksinks-for-bathroom-768x768.webp 768w, https:\/\/www.ceramicbasin.com\/wp-content\/uploads\/2025\/10\/marble-stone-wash-basinsvessel-ceramic-sinksinks-for-bathroom-12x12.webp 12w, https:\/\/www.ceramicbasin.com\/wp-content\/uploads\/2025\/10\/marble-stone-wash-basinsvessel-ceramic-sinksinks-for-bathroom-285x285.webp 285w, https:\/\/www.ceramicbasin.com\/wp-content\/uploads\/2025\/10\/marble-stone-wash-basinsvessel-ceramic-sinksinks-for-bathroom-270x270.webp 270w, https:\/\/www.ceramicbasin.com\/wp-content\/uploads\/2025\/10\/marble-stone-wash-basinsvessel-ceramic-sinksinks-for-bathroom-540x540.webp 540w, https:\/\/www.ceramicbasin.com\/wp-content\/uploads\/2025\/10\/marble-stone-wash-basinsvessel-ceramic-sinksinks-for-bathroom-660x660.webp 660w\" sizes=\"(max-width: 800px) 100vw, 800px\" \/><figcaption class=\"wp-element-caption\">Luxury Wholesale Bathroom Vessel Sinks, Ceramic Wash Basin (lavabo en c\u00e9ramique)<\/figcaption><\/figure>\n<\/div>\n<\/div>\n\n\n\n<p><\/p>","protected":false},"excerpt":{"rendered":"<p>Nous vous invitons \u00e0 acheter en gros des lavabos modernes. Nous fournissons une gamme compl\u00e8te d'options de personnalisation pour les cuvettes d'\u00e9vier, dont la taille, la couleur et la texture sont personnalis\u00e9es selon les besoins des clients et peuvent parfaitement s'adapter \u00e0 diff\u00e9rents styles d'espace.<\/p>\n<table width=\"311\">\n<tbody>\n<tr>\n<td width=\"108\">Fabricant<\/td>\n<td width=\"202\">HanYu<\/td>\n<\/tr>\n<tr>\n<td>Num\u00e9ro de mod\u00e8le.<\/td>\n<td>HY-5102D12<\/td>\n<\/tr>\n<tr>\n<td>Type<\/td>\n<td width=\"202\">Cuvette en marbre, cuvette de comptoir<\/td>\n<\/tr>\n<tr>\n<td>Forme<\/td>\n<td>Forme ovale<\/td>\n<\/tr>\n<tr>\n<td>Couleur<\/td>\n<td width=\"202\">Blanc<\/td>\n<\/tr>\n<tr>\n<td>Dimension<\/td>\n<td width=\"202\">73*37*13<\/td>\n<\/tr>\n<tr>\n<td>N.W \/SET<\/td>\n<td>12KGS\/PCS<\/td>\n<\/tr>\n<tr>\n<td>MOQ<\/td>\n<td>20pcs<\/td>\n<\/tr>\n<tr>\n<td>Option personnalis\u00e9e<\/td>\n<td>Couleur\/Pattenue\/Taille\/Logo\/Emballage<\/td>\n<\/tr>\n<\/tbody>\n<\/table>","protected":false},"featured_media":7968,"comment_status":"closed","ping_status":"closed","template":"","meta":{"_acf_changed":false},"product_brand":[],"product_cat":[54,50],"product_tag":[],"class_list":{"0":"post-7963","1":"product","2":"type-product","3":"status-publish","4":"has-post-thumbnail","6":"product_cat-wholesale-marble-sinks","7":"product_cat-wholesale-countertop-sinks","9":"first","10":"instock","11":"shipping-taxable","12":"product-type-simple"},"acf":[],"_links":{"self":[{"href":"https:\/\/www.ceramicbasin.com\/fr\/wp-json\/wp\/v2\/product\/7963","targetHints":{"allow":["GET"]}}],"collection":[{"href":"https:\/\/www.ceramicbasin.com\/fr\/wp-json\/wp\/v2\/product"}],"about":[{"href":"https:\/\/www.ceramicbasin.com\/fr\/wp-json\/wp\/v2\/types\/product"}],"replies":[{"embeddable":true,"href":"https:\/\/www.ceramicbasin.com\/fr\/wp-json\/wp\/v2\/comments?post=7963"}],"wp:featuredmedia":[{"embeddable":true,"href":"https:\/\/www.ceramicbasin.com\/fr\/wp-json\/wp\/v2\/media\/7968"}],"wp:attachment":[{"href":"https:\/\/www.ceramicbasin.com\/fr\/wp-json\/wp\/v2\/media?parent=7963"}],"wp:term":[{"taxonomy":"product_brand","embeddable":true,"href":"https:\/\/www.ceramicbasin.com\/fr\/wp-json\/wp\/v2\/product_brand?post=7963"},{"taxonomy":"product_cat","embeddable":true,"href":"https:\/\/www.ceramicbasin.com\/fr\/wp-json\/wp\/v2\/product_cat?post=7963"},{"taxonomy":"product_tag","embeddable":true,"href":"https:\/\/www.ceramicbasin.com\/fr\/wp-json\/wp\/v2\/product_tag?post=7963"}],"curies":[{"name":"wp","href":"https:\/\/api.w.org\/{rel}","templated":true}]}}