{"id":7970,"date":"2025-10-03T07:29:45","date_gmt":"2025-10-03T07:29:45","guid":{"rendered":"https:\/\/www.ceramicbasin.com\/?post_type=product&#038;p=7970"},"modified":"2025-10-09T08:13:07","modified_gmt":"2025-10-09T08:13:07","slug":"wholesale-bathroom-wash-basin","status":"publish","type":"product","link":"https:\/\/www.ceramicbasin.com\/fr\/produit\/wholesale-bathroom-wash-basin\/","title":{"rendered":"Modern Wholesale Bathroom Wash Basin Countertop Vanity Sink"},"content":{"rendered":"<div class=\"wp-block-columns is-layout-flex wp-container-core-columns-is-layout-9d6595d7 wp-block-columns-is-layout-flex\">\n<div class=\"wp-block-column is-layout-flow wp-block-column-is-layout-flow\">\n<h2 class=\"wp-block-heading\">Premium Wholesale Bathroom Wash Basin Caract\u00e9ristiques :<\/h2>\n\n\n\n<ul class=\"wp-block-list\">\n<li><strong>Avantage de prix : <\/strong>Nous fournissons des services de commande en gros, qui sont non seulement abordables mais aussi livr\u00e9s rapidement. Nos lavabos de salle de bains en gros conviennent aux projets commerciaux et \u00e0 la d\u00e9coration r\u00e9sidentielle \u00e0 grande \u00e9chelle, r\u00e9pondant aux besoins de haute efficacit\u00e9 et de faible co\u00fbt.<\/li>\n\n\n\n<li><strong>Design \u00e9l\u00e9gant : <\/strong>Nos lavabos au-dessus du comptoir ajoutent une touche d'\u00e9l\u00e9gance et de modernit\u00e9 \u00e0 toute salle de bains et en font un point de mire stylis\u00e9.<\/li>\n\n\n\n<li><strong>Technologie d'impression par transfert d'eau : <\/strong>Ces lavabos de salle de bains en gros adoptent une technologie avanc\u00e9e d'impression par transfert d'eau pour garantir que le motif de la surface de chaque lavabo est fin et uniforme, montrant un effet de texture d\u00e9licat, ajoutant un sens artistique moderne \u00e0 la salle de bains.<\/li>\n\n\n\n<li><strong>Montage par le haut : <\/strong>Les lavabos \u00e0 poser sont stables et fiables, ce qui permet non seulement d'\u00e9conomiser de l'espace, mais aussi d'ajouter une touche de modernit\u00e9 \u00e0 la salle de bains et de s'adapter \u00e0 diff\u00e9rents styles de d\u00e9coration.<\/li>\n<\/ul>\n<\/div>\n\n\n\n<div class=\"wp-block-column is-layout-flow wp-block-column-is-layout-flow\">\n<figure class=\"wp-block-image size-full\"><img fetchpriority=\"high\" decoding=\"async\" width=\"800\" height=\"800\" src=\"https:\/\/www.ceramicbasin.com\/wp-content\/uploads\/2025\/10\/vessel-sinks-bathroomporcelain-lavatory-sinkswall-mounted-marble-sink5.webp\" alt=\"\" class=\"wp-image-7976\" srcset=\"https:\/\/www.ceramicbasin.com\/wp-content\/uploads\/2025\/10\/vessel-sinks-bathroomporcelain-lavatory-sinkswall-mounted-marble-sink5.webp 800w, https:\/\/www.ceramicbasin.com\/wp-content\/uploads\/2025\/10\/vessel-sinks-bathroomporcelain-lavatory-sinkswall-mounted-marble-sink5-300x300.webp 300w, https:\/\/www.ceramicbasin.com\/wp-content\/uploads\/2025\/10\/vessel-sinks-bathroomporcelain-lavatory-sinkswall-mounted-marble-sink5-150x150.webp 150w, https:\/\/www.ceramicbasin.com\/wp-content\/uploads\/2025\/10\/vessel-sinks-bathroomporcelain-lavatory-sinkswall-mounted-marble-sink5-768x768.webp 768w, https:\/\/www.ceramicbasin.com\/wp-content\/uploads\/2025\/10\/vessel-sinks-bathroomporcelain-lavatory-sinkswall-mounted-marble-sink5-12x12.webp 12w, https:\/\/www.ceramicbasin.com\/wp-content\/uploads\/2025\/10\/vessel-sinks-bathroomporcelain-lavatory-sinkswall-mounted-marble-sink5-285x285.webp 285w, https:\/\/www.ceramicbasin.com\/wp-content\/uploads\/2025\/10\/vessel-sinks-bathroomporcelain-lavatory-sinkswall-mounted-marble-sink5-270x270.webp 270w, https:\/\/www.ceramicbasin.com\/wp-content\/uploads\/2025\/10\/vessel-sinks-bathroomporcelain-lavatory-sinkswall-mounted-marble-sink5-540x540.webp 540w, https:\/\/www.ceramicbasin.com\/wp-content\/uploads\/2025\/10\/vessel-sinks-bathroomporcelain-lavatory-sinkswall-mounted-marble-sink5-660x660.webp 660w\" sizes=\"(max-width: 800px) 100vw, 800px\" \/><\/figure>\n<\/div>\n<\/div>\n\n\n\n<p><\/p>","protected":false},"excerpt":{"rendered":"<p>Bienvenue sur le site d'achat en gros de lavabos de salle de bains. Les lavabos uniques en marbre noir ajoutent une touche de modernit\u00e9 \u00e0 la salle de bains et s'adaptent \u00e0 diff\u00e9rents styles de d\u00e9coration.<\/p>\n<table width=\"311\">\n<tbody>\n<tr>\n<td width=\"108\">Fabricant<\/td>\n<td width=\"202\">HanYu<\/td>\n<\/tr>\n<tr>\n<td>Num\u00e9ro de mod\u00e8le.<\/td>\n<td>HY-5102D30<\/td>\n<\/tr>\n<tr>\n<td>Type<\/td>\n<td width=\"202\">Cuvette en marbre, cuvette de comptoir<\/td>\n<\/tr>\n<tr>\n<td>Forme<\/td>\n<td>Forme ovale<\/td>\n<\/tr>\n<tr>\n<td>Couleur<\/td>\n<td width=\"202\">Blanc<\/td>\n<\/tr>\n<tr>\n<td>Dimension<\/td>\n<td width=\"202\">73*37*13<\/td>\n<\/tr>\n<tr>\n<td>N.W \/SET<\/td>\n<td>12KGS\/PCS<\/td>\n<\/tr>\n<tr>\n<td>MOQ<\/td>\n<td>20pcs<\/td>\n<\/tr>\n<tr>\n<td>Option personnalis\u00e9e<\/td>\n<td>Couleur\/Pattenue\/Taille\/Logo\/Emballage<\/td>\n<\/tr>\n<\/tbody>\n<\/table>","protected":false},"featured_media":7974,"comment_status":"closed","ping_status":"closed","template":"","meta":{"_acf_changed":false},"product_brand":[],"product_cat":[54,50],"product_tag":[],"class_list":{"0":"post-7970","1":"product","2":"type-product","3":"status-publish","4":"has-post-thumbnail","6":"product_cat-wholesale-marble-sinks","7":"product_cat-wholesale-countertop-sinks","9":"first","10":"instock","11":"shipping-taxable","12":"product-type-simple"},"acf":[],"_links":{"self":[{"href":"https:\/\/www.ceramicbasin.com\/fr\/wp-json\/wp\/v2\/product\/7970","targetHints":{"allow":["GET"]}}],"collection":[{"href":"https:\/\/www.ceramicbasin.com\/fr\/wp-json\/wp\/v2\/product"}],"about":[{"href":"https:\/\/www.ceramicbasin.com\/fr\/wp-json\/wp\/v2\/types\/product"}],"replies":[{"embeddable":true,"href":"https:\/\/www.ceramicbasin.com\/fr\/wp-json\/wp\/v2\/comments?post=7970"}],"wp:featuredmedia":[{"embeddable":true,"href":"https:\/\/www.ceramicbasin.com\/fr\/wp-json\/wp\/v2\/media\/7974"}],"wp:attachment":[{"href":"https:\/\/www.ceramicbasin.com\/fr\/wp-json\/wp\/v2\/media?parent=7970"}],"wp:term":[{"taxonomy":"product_brand","embeddable":true,"href":"https:\/\/www.ceramicbasin.com\/fr\/wp-json\/wp\/v2\/product_brand?post=7970"},{"taxonomy":"product_cat","embeddable":true,"href":"https:\/\/www.ceramicbasin.com\/fr\/wp-json\/wp\/v2\/product_cat?post=7970"},{"taxonomy":"product_tag","embeddable":true,"href":"https:\/\/www.ceramicbasin.com\/fr\/wp-json\/wp\/v2\/product_tag?post=7970"}],"curies":[{"name":"wp","href":"https:\/\/api.w.org\/{rel}","templated":true}]}}