{"id":7978,"date":"2025-10-17T10:38:28","date_gmt":"2025-10-17T10:38:28","guid":{"rendered":"https:\/\/www.ceramicbasin.com\/?post_type=product&#038;p=7978"},"modified":"2025-10-21T08:38:01","modified_gmt":"2025-10-21T08:38:01","slug":"vessel-sink-rectangle-custom","status":"publish","type":"product","link":"https:\/\/www.ceramicbasin.com\/fr\/produit\/vessel-sink-rectangle-custom\/","title":{"rendered":"Cuvette rectangulaire sur mesure, petit lavabo en c\u00e9ramique en vrac"},"content":{"rendered":"<div class=\"wp-block-columns is-layout-flex wp-container-core-columns-is-layout-9d6595d7 wp-block-columns-is-layout-flex\">\n<div class=\"wp-block-column is-layout-flow wp-block-column-is-layout-flow\">\n<h2 class=\"wp-block-heading\">Premium Classical Vessel Sink Rectangle Custom Features :<\/h2>\n\n\n\n<ul class=\"wp-block-list\">\n<li><strong>Design classique :<\/strong>\u00a0Notre lavabo rectangulaire customis\u00e9 pr\u00e9sente un design classique et intemporel avec des lignes \u00e9pur\u00e9es qui s'int\u00e8grent parfaitement \u00e0 tout style de salle de bain moderne ou traditionnel.<\/li>\n\n\n\n<li><strong>Installation facile :<\/strong> Con\u00e7us pour \u00eatre install\u00e9s au-dessus du comptoir, ces \u00e9viers rectangulaires sur mesure sont faciles \u00e0 installer, offrant une solution sans tracas pour les nouvelles constructions et les r\u00e9novations de salles de bains.<\/li>\n\n\n\n<li><strong>Belle surface : <\/strong>La surface de notre lavabo en gros est lisse et peut \u00eatre mate ou brillante selon les besoins. Touchez-le et sentez-le, il est soyeux et exquis.<\/li>\n\n\n\n<li><strong>Conception compacte et peu encombrante :<\/strong> Ce lavabo rectangulaire compact est id\u00e9al pour les petites salles de bains, les toilettes des invit\u00e9s ou les toilettes publiques. Il permet de se laver les mains confortablement dans les espaces restreints.<\/li>\n\n\n\n<li><strong>Grande capacit\u00e9 de production : <\/strong>Notre vaste entrep\u00f4t contient divers types de lavabos de salle de bain en gros. Choisissez les articles qui sont en production, le d\u00e9lai de livraison sera beaucoup plus court.<\/li>\n<\/ul>\n<\/div>\n\n\n\n<div class=\"wp-block-column is-layout-flow wp-block-column-is-layout-flow\">\n<figure class=\"wp-block-image size-full\"><img fetchpriority=\"high\" decoding=\"async\" width=\"1000\" height=\"1000\" src=\"https:\/\/www.ceramicbasin.com\/wp-content\/uploads\/2025\/10\/vessel-sink-rectangle-custom-small-ceramic-wash-basin-bulk-5.webp\" alt=\"r\u00e9cipient-\u00e9vier-rectangle-petit-lavoir-customis\u00e9-en-c\u00e9ramique-bulk-5\" class=\"wp-image-8140\" srcset=\"https:\/\/www.ceramicbasin.com\/wp-content\/uploads\/2025\/10\/vessel-sink-rectangle-custom-small-ceramic-wash-basin-bulk-5.webp 1000w, https:\/\/www.ceramicbasin.com\/wp-content\/uploads\/2025\/10\/vessel-sink-rectangle-custom-small-ceramic-wash-basin-bulk-5-300x300.webp 300w, https:\/\/www.ceramicbasin.com\/wp-content\/uploads\/2025\/10\/vessel-sink-rectangle-custom-small-ceramic-wash-basin-bulk-5-150x150.webp 150w, https:\/\/www.ceramicbasin.com\/wp-content\/uploads\/2025\/10\/vessel-sink-rectangle-custom-small-ceramic-wash-basin-bulk-5-768x768.webp 768w, https:\/\/www.ceramicbasin.com\/wp-content\/uploads\/2025\/10\/vessel-sink-rectangle-custom-small-ceramic-wash-basin-bulk-5-12x12.webp 12w, https:\/\/www.ceramicbasin.com\/wp-content\/uploads\/2025\/10\/vessel-sink-rectangle-custom-small-ceramic-wash-basin-bulk-5-285x285.webp 285w, https:\/\/www.ceramicbasin.com\/wp-content\/uploads\/2025\/10\/vessel-sink-rectangle-custom-small-ceramic-wash-basin-bulk-5-270x270.webp 270w, https:\/\/www.ceramicbasin.com\/wp-content\/uploads\/2025\/10\/vessel-sink-rectangle-custom-small-ceramic-wash-basin-bulk-5-540x540.webp 540w, https:\/\/www.ceramicbasin.com\/wp-content\/uploads\/2025\/10\/vessel-sink-rectangle-custom-small-ceramic-wash-basin-bulk-5-660x660.webp 660w\" sizes=\"(max-width: 1000px) 100vw, 1000px\" \/><\/figure>\n<\/div>\n<\/div>\n\n\n\n<p><\/p>","protected":false},"excerpt":{"rendered":"<p>Bienvenue \u00e0 l'achat de notre \u00e9vier de salle de bain classique rectangle custom, id\u00e9al pour les h\u00f4tels, les appartements et les salles de bain modernes. Ces \u00e9viers en c\u00e9ramique sont directement fournis par notre usine, ce qui r\u00e9duit consid\u00e9rablement vos co\u00fbts d'achat.  Nous offrons des rabais de gros sur ce design populaire pour r\u00e9pondre aux besoins des projets commerciaux ou des grandes r\u00e9novations r\u00e9sidentielles.<\/p>\n<table style=\"border-collapse: collapse; width: 311.02pt;\" border=\"0\" width=\"311\" cellspacing=\"0\" cellpadding=\"0\">\n<tbody>\n<tr style=\"height: 17.60pt;\">\n<td class=\"et3\" style=\"height: 17.60pt; width: 108.35pt;\" width=\"108\" height=\"17\">Fabricant<\/td>\n<td class=\"et3\" style=\"width: 202.95pt;\" width=\"202\">HanYu<\/td>\n<\/tr>\n<tr style=\"height: 17.60pt;\">\n<td class=\"et3\" style=\"height: 17.60pt;\" height=\"17\">Num\u00e9ro de mod\u00e8le.<\/td>\n<td class=\"et4\">HY-401B<\/td>\n<\/tr>\n<tr style=\"height: 17.60pt;\">\n<td class=\"et3\" style=\"height: 17.60pt;\" height=\"17\">Type<\/td>\n<td class=\"et3\">Bassin de comptoir<\/td>\n<\/tr>\n<tr style=\"height: 17.60pt;\">\n<td class=\"et3\" style=\"height: 17.60pt;\" height=\"17\">Forme<\/td>\n<td class=\"et3\">Forme rectangulaire<\/td>\n<\/tr>\n<tr style=\"height: 17.60pt;\">\n<td class=\"et4\" style=\"height: 17.60pt;\" height=\"17\">Couleur<\/td>\n<td class=\"et3\">Blanc<\/td>\n<\/tr>\n<tr style=\"height: 18.00pt;\">\n<td class=\"et3\" style=\"height: 18.00pt;\" height=\"18\">Dimension<\/td>\n<td class=\"et5\" style=\"width: 202.95pt;\" width=\"202\">44*33.5*13<\/td>\n<\/tr>\n<tr style=\"height: 17.60pt;\">\n<td class=\"et3\" style=\"height: 17.60pt;\" height=\"17\">N.W \/SET<\/td>\n<td class=\"et3\">10 KGS\/PCS<\/td>\n<\/tr>\n<tr style=\"height: 17.60pt;\">\n<td class=\"et3\" style=\"height: 17.60pt;\" height=\"17\">MOQ<\/td>\n<td class=\"et3\">20pcs<\/td>\n<\/tr>\n<tr style=\"height: 17.60pt;\">\n<td class=\"et3\" style=\"height: 17.60pt;\" height=\"17\">Option personnalis\u00e9e<\/td>\n<td class=\"et3\">Couleur\/Pattenue\/Taille\/Logo\/Emballage<\/td>\n<\/tr>\n<\/tbody>\n<\/table>\n<p>&nbsp;<\/p>","protected":false},"featured_media":8139,"comment_status":"closed","ping_status":"closed","template":"","meta":{"_acf_changed":false},"product_brand":[],"product_cat":[50,56],"product_tag":[],"class_list":{"0":"post-7978","1":"product","2":"type-product","3":"status-publish","4":"has-post-thumbnail","6":"product_cat-wholesale-countertop-sinks","7":"product_cat-wholesale-small-bathroom-sinks","9":"first","10":"instock","11":"shipping-taxable","12":"product-type-simple"},"acf":[],"_links":{"self":[{"href":"https:\/\/www.ceramicbasin.com\/fr\/wp-json\/wp\/v2\/product\/7978","targetHints":{"allow":["GET"]}}],"collection":[{"href":"https:\/\/www.ceramicbasin.com\/fr\/wp-json\/wp\/v2\/product"}],"about":[{"href":"https:\/\/www.ceramicbasin.com\/fr\/wp-json\/wp\/v2\/types\/product"}],"replies":[{"embeddable":true,"href":"https:\/\/www.ceramicbasin.com\/fr\/wp-json\/wp\/v2\/comments?post=7978"}],"wp:featuredmedia":[{"embeddable":true,"href":"https:\/\/www.ceramicbasin.com\/fr\/wp-json\/wp\/v2\/media\/8139"}],"wp:attachment":[{"href":"https:\/\/www.ceramicbasin.com\/fr\/wp-json\/wp\/v2\/media?parent=7978"}],"wp:term":[{"taxonomy":"product_brand","embeddable":true,"href":"https:\/\/www.ceramicbasin.com\/fr\/wp-json\/wp\/v2\/product_brand?post=7978"},{"taxonomy":"product_cat","embeddable":true,"href":"https:\/\/www.ceramicbasin.com\/fr\/wp-json\/wp\/v2\/product_cat?post=7978"},{"taxonomy":"product_tag","embeddable":true,"href":"https:\/\/www.ceramicbasin.com\/fr\/wp-json\/wp\/v2\/product_tag?post=7978"}],"curies":[{"name":"wp","href":"https:\/\/api.w.org\/{rel}","templated":true}]}}