{"id":7994,"date":"2025-10-17T10:04:14","date_gmt":"2025-10-17T10:04:14","guid":{"rendered":"https:\/\/www.ceramicbasin.com\/?post_type=product&#038;p=7994"},"modified":"2025-10-17T10:04:51","modified_gmt":"2025-10-17T10:04:51","slug":"wholesale-deep-bathroom-sink-bowls","status":"publish","type":"product","link":"https:\/\/www.ceramicbasin.com\/fr\/produit\/wholesale-deep-bathroom-sink-bowls\/","title":{"rendered":"Wholesale Deep Bathroom Sinkls, Art Italian Ceramic Basin Bulk (cuvette en c\u00e9ramique italienne en vrac)"},"content":{"rendered":"<div class=\"wp-block-columns is-layout-flex wp-container-core-columns-is-layout-9d6595d7 wp-block-columns-is-layout-flex\">\n<div class=\"wp-block-column is-layout-flow wp-block-column-is-layout-flow\">\n<h2 class=\"wp-block-heading\">Premium Wholesale Deep Bathroom Sink Bowls Caract\u00e9ristiques :<\/h2>\n\n\n\n<ul class=\"wp-block-list\">\n<li><strong>Style moderne :<\/strong> Le bassin simple de forme rectangulaire de ces \u00e9viers de salle de bains profonds est id\u00e9al pour les salles de bains modernes, les h\u00f4tels et les maisons luxueuses. Il pr\u00e9sente une brillance et une texture douces, qui conf\u00e8rent noblesse et \u00e9l\u00e9gance \u00e0 la salle de bains.<\/li>\n\n\n\n<li><strong>C\u00e9ramique durable :<\/strong> Construite en c\u00e9ramique durable, ce qui permet une cuisson \u00e9lev\u00e9e, la c\u00e9ramique de qualit\u00e9 pr\u00e9sente une surface dense et lisse, r\u00e9sistante aux taches, qui n'est pas sujette aux rayures et qui se nettoie facilement.<\/li>\n\n\n\n<li><strong>Design de la cuvette profonde :<\/strong> La vasque c\u00e9ramique profonde en gros offre une plus grande surface de lavabo sans \u00e9claboussures, ce qui la rend id\u00e9ale pour les projets de salles de bains h\u00f4teli\u00e8res, commerciales et r\u00e9sidentielles haut de gamme.<\/li>\n\n\n\n<li><strong>Style italien Art :<\/strong> Les cuvettes profondes pour \u00e9vier de salle de bain en gros pr\u00e9sentent des lignes de style italien et des finitions \u00e9maill\u00e9es \u00e0 la main, ce qui en fait un beau design qui contribue \u00e0 la d\u00e9coration g\u00e9n\u00e9rale de toute salle de bain.<\/li>\n\n\n\n<li><strong>Production stable :<\/strong> En tant que fournisseur professionnel de lavabo de salle de bain en Chine, Hanyu a un fort approvisionnement en vrac et un soutien de partenariat OEM\/ODM. Les achats en gros peuvent b\u00e9n\u00e9ficier de remises de grande valeur, garantissant que vous pouvez profiter de produits de haute qualit\u00e9 tout en restant dans votre budget.<\/li>\n<\/ul>\n<\/div>\n\n\n\n<div class=\"wp-block-column is-layout-flow wp-block-column-is-layout-flow\">\n<figure class=\"wp-block-image size-full\"><img fetchpriority=\"high\" decoding=\"async\" width=\"1000\" height=\"1000\" src=\"https:\/\/www.ceramicbasin.com\/wp-content\/uploads\/2025\/10\/wholesale-deep-bathroom-sink-bowls-art-italian-ceramic-basin-bulk-2.webp\" alt=\"wholesale-deep-bathroom-sinkls-bowls-art-italian-ceramic-basin-bulk-2\" class=\"wp-image-8119\" srcset=\"https:\/\/www.ceramicbasin.com\/wp-content\/uploads\/2025\/10\/wholesale-deep-bathroom-sink-bowls-art-italian-ceramic-basin-bulk-2.webp 1000w, https:\/\/www.ceramicbasin.com\/wp-content\/uploads\/2025\/10\/wholesale-deep-bathroom-sink-bowls-art-italian-ceramic-basin-bulk-2-300x300.webp 300w, https:\/\/www.ceramicbasin.com\/wp-content\/uploads\/2025\/10\/wholesale-deep-bathroom-sink-bowls-art-italian-ceramic-basin-bulk-2-150x150.webp 150w, https:\/\/www.ceramicbasin.com\/wp-content\/uploads\/2025\/10\/wholesale-deep-bathroom-sink-bowls-art-italian-ceramic-basin-bulk-2-768x768.webp 768w, https:\/\/www.ceramicbasin.com\/wp-content\/uploads\/2025\/10\/wholesale-deep-bathroom-sink-bowls-art-italian-ceramic-basin-bulk-2-12x12.webp 12w, https:\/\/www.ceramicbasin.com\/wp-content\/uploads\/2025\/10\/wholesale-deep-bathroom-sink-bowls-art-italian-ceramic-basin-bulk-2-285x285.webp 285w, https:\/\/www.ceramicbasin.com\/wp-content\/uploads\/2025\/10\/wholesale-deep-bathroom-sink-bowls-art-italian-ceramic-basin-bulk-2-270x270.webp 270w, https:\/\/www.ceramicbasin.com\/wp-content\/uploads\/2025\/10\/wholesale-deep-bathroom-sink-bowls-art-italian-ceramic-basin-bulk-2-540x540.webp 540w, https:\/\/www.ceramicbasin.com\/wp-content\/uploads\/2025\/10\/wholesale-deep-bathroom-sink-bowls-art-italian-ceramic-basin-bulk-2-660x660.webp 660w\" sizes=\"(max-width: 1000px) 100vw, 1000px\" \/><\/figure>\n<\/div>\n<\/div>\n\n\n\n<p><\/p>","protected":false},"excerpt":{"rendered":"<p>Nous sommes heureux d'acheter en gros nos bols d'\u00e9vier de salle de bain profonds au design artistique italien, fabriqu\u00e9s en c\u00e9ramique cuite \u00e0 haute temp\u00e9rature avec un bassin profond et une surface brillante. En tant que fabricant chinois leader d'articles sanitaires, nous offrons une personnalisation flexible et un approvisionnement en vrac fiable, ainsi qu'un service de livraison rapide pour r\u00e9pondre aux distributeurs et aux projets internationaux.<\/p>\n<table style=\"border-collapse: collapse; width: 311.02pt;\" border=\"0\" width=\"311\" cellspacing=\"0\" cellpadding=\"0\">\n<tbody>\n<tr style=\"height: 17.60pt;\">\n<td class=\"et3\" style=\"height: 17.60pt; width: 108.35pt;\" width=\"108\" height=\"17\">Fabricant<\/td>\n<td class=\"et3\" style=\"width: 202.95pt;\" width=\"202\">HanYu<\/td>\n<\/tr>\n<tr style=\"height: 17.60pt;\">\n<td class=\"et3\" style=\"height: 17.60pt;\" height=\"17\">Num\u00e9ro de mod\u00e8le.<\/td>\n<td class=\"et4\">HY-401E<\/td>\n<\/tr>\n<tr style=\"height: 17.60pt;\">\n<td class=\"et3\" style=\"height: 17.60pt;\" height=\"17\">Type<\/td>\n<td class=\"et3\">Bassin de comptoir<\/td>\n<\/tr>\n<tr style=\"height: 17.60pt;\">\n<td class=\"et3\" style=\"height: 17.60pt;\" height=\"17\">Forme<\/td>\n<td class=\"et3\">Forme rectangulaire<\/td>\n<\/tr>\n<tr style=\"height: 17.60pt;\">\n<td class=\"et4\" style=\"height: 17.60pt;\" height=\"17\">Couleur<\/td>\n<td class=\"et3\">Blanc<\/td>\n<\/tr>\n<tr style=\"height: 18.00pt;\">\n<td class=\"et3\" style=\"height: 18.00pt;\" height=\"18\">Dimension<\/td>\n<td class=\"et5\" style=\"width: 202.95pt;\" width=\"202\">40*30*13<\/td>\n<\/tr>\n<tr style=\"height: 17.60pt;\">\n<td class=\"et3\" style=\"height: 17.60pt;\" height=\"17\">N.W \/SET<\/td>\n<td class=\"et3\">7 KGS\/PCS<\/td>\n<\/tr>\n<tr style=\"height: 17.60pt;\">\n<td class=\"et3\" style=\"height: 17.60pt;\" height=\"17\">MOQ<\/td>\n<td class=\"et3\">20pcs<\/td>\n<\/tr>\n<tr style=\"height: 17.60pt;\">\n<td class=\"et3\" style=\"height: 17.60pt;\" height=\"17\">Option personnalis\u00e9e<\/td>\n<td class=\"et3\">Couleur\/Pattenue\/Taille\/Logo\/Emballage<\/td>\n<\/tr>\n<\/tbody>\n<\/table>","protected":false},"featured_media":8124,"comment_status":"closed","ping_status":"closed","template":"","meta":{"_acf_changed":false},"product_brand":[],"product_cat":[50],"product_tag":[],"class_list":{"0":"post-7994","1":"product","2":"type-product","3":"status-publish","4":"has-post-thumbnail","6":"product_cat-wholesale-countertop-sinks","8":"first","9":"instock","10":"shipping-taxable","11":"product-type-simple"},"acf":[],"_links":{"self":[{"href":"https:\/\/www.ceramicbasin.com\/fr\/wp-json\/wp\/v2\/product\/7994","targetHints":{"allow":["GET"]}}],"collection":[{"href":"https:\/\/www.ceramicbasin.com\/fr\/wp-json\/wp\/v2\/product"}],"about":[{"href":"https:\/\/www.ceramicbasin.com\/fr\/wp-json\/wp\/v2\/types\/product"}],"replies":[{"embeddable":true,"href":"https:\/\/www.ceramicbasin.com\/fr\/wp-json\/wp\/v2\/comments?post=7994"}],"wp:featuredmedia":[{"embeddable":true,"href":"https:\/\/www.ceramicbasin.com\/fr\/wp-json\/wp\/v2\/media\/8124"}],"wp:attachment":[{"href":"https:\/\/www.ceramicbasin.com\/fr\/wp-json\/wp\/v2\/media?parent=7994"}],"wp:term":[{"taxonomy":"product_brand","embeddable":true,"href":"https:\/\/www.ceramicbasin.com\/fr\/wp-json\/wp\/v2\/product_brand?post=7994"},{"taxonomy":"product_cat","embeddable":true,"href":"https:\/\/www.ceramicbasin.com\/fr\/wp-json\/wp\/v2\/product_cat?post=7994"},{"taxonomy":"product_tag","embeddable":true,"href":"https:\/\/www.ceramicbasin.com\/fr\/wp-json\/wp\/v2\/product_tag?post=7994"}],"curies":[{"name":"wp","href":"https:\/\/api.w.org\/{rel}","templated":true}]}}