{"id":8002,"date":"2025-10-17T09:21:37","date_gmt":"2025-10-17T09:21:37","guid":{"rendered":"https:\/\/www.ceramicbasin.com\/?post_type=product&#038;p=8002"},"modified":"2025-11-13T07:35:42","modified_gmt":"2025-11-13T07:35:42","slug":"custom-ceramic-basins","status":"publish","type":"product","link":"https:\/\/www.ceramicbasin.com\/fr\/produit\/custom-ceramic-basins\/","title":{"rendered":"Cuvettes en c\u00e9ramique populaires et personnalis\u00e9es, \u00e9vier de comptoir carr\u00e9 en vrac"},"content":{"rendered":"<div class=\"wp-block-columns is-layout-flex wp-container-core-columns-is-layout-9d6595d7 wp-block-columns-is-layout-flex\">\n<div class=\"wp-block-column is-layout-flow wp-block-column-is-layout-flow\">\n<h2 class=\"wp-block-heading\">Premium Popular Custom Ceramic Basins Caract\u00e9ristiques :<\/h2>\n\n\n\n<ul class=\"wp-block-list\">\n<li><strong>Design carr\u00e9 moderne :<\/strong> Ces vasques en c\u00e9ramique personnalis\u00e9es sont de forme carr\u00e9e, avec des lignes minimales, et s'int\u00e8grent sans effort dans les salles de bains modernes en produisant un style unifi\u00e9.<\/li>\n\n\n\n<li><strong>C\u00e9ramique cuite \u00e0 haute temp\u00e9rature :<\/strong> Ces vasques en c\u00e9ramique personnalis\u00e9es sont fabriqu\u00e9es en c\u00e9ramique de haute qualit\u00e9, cuite \u00e0 haute temp\u00e9rature, produisant un toucher solide et soyeux, r\u00e9sistant aux rayures, \u00e0 l'eau et \u00e0 la d\u00e9coloration, cr\u00e9ant ainsi une finition durable et hygi\u00e9nique.<\/li>\n\n\n\n<li><strong>Installation du comptoir :<\/strong> Nos \u00e9viers de salle de bain en gros sont con\u00e7us pour \u00eatre install\u00e9s sur un comptoir, et peuvent donc \u00eatre simplement install\u00e9s et r\u00e9par\u00e9s sans aucun compromis sur leur conception et leur disposition. Ils sont donc optimaux pour les salles de bain de luxe et les utilisations commerciales.<\/li>\n\n\n\n<li><strong>Options personnalisables :<\/strong> Nos \u00e9viers de comptoir en c\u00e9ramique peuvent \u00eatre personnalis\u00e9s en termes de taille, de couleur, de logo, d'\u00e9mail et d'emballage selon les sp\u00e9cifications des projets OEM\/ODM.<\/li>\n\n\n\n<li><strong>Grande capacit\u00e9 de production :<\/strong> Notre grand entrep\u00f4t contient divers types de lavabos en porcelaine pour comptoir de salle de bains. Choisissez les articles qui sont en production, nous avons suffisamment de vasques blanches pour fabriquer des vasques de couleur marbre, ainsi le d\u00e9lai d'exp\u00e9dition serait plus court a lot...<\/li>\n<\/ul>\n<\/div>\n\n\n\n<div class=\"wp-block-column is-layout-flow wp-block-column-is-layout-flow\">\n<figure class=\"wp-block-image size-full\"><img fetchpriority=\"high\" decoding=\"async\" width=\"1000\" height=\"1000\" src=\"https:\/\/www.ceramicbasin.com\/wp-content\/uploads\/2025\/10\/popular-custom-ceramic-basins-square-countertop-sink-bulk-5.webp\" alt=\"popular-custom-ceramic-basins-square-countertop-sink-bulk-5\" class=\"wp-image-8116\" srcset=\"https:\/\/www.ceramicbasin.com\/wp-content\/uploads\/2025\/10\/popular-custom-ceramic-basins-square-countertop-sink-bulk-5.webp 1000w, https:\/\/www.ceramicbasin.com\/wp-content\/uploads\/2025\/10\/popular-custom-ceramic-basins-square-countertop-sink-bulk-5-300x300.webp 300w, https:\/\/www.ceramicbasin.com\/wp-content\/uploads\/2025\/10\/popular-custom-ceramic-basins-square-countertop-sink-bulk-5-150x150.webp 150w, https:\/\/www.ceramicbasin.com\/wp-content\/uploads\/2025\/10\/popular-custom-ceramic-basins-square-countertop-sink-bulk-5-768x768.webp 768w, https:\/\/www.ceramicbasin.com\/wp-content\/uploads\/2025\/10\/popular-custom-ceramic-basins-square-countertop-sink-bulk-5-12x12.webp 12w, https:\/\/www.ceramicbasin.com\/wp-content\/uploads\/2025\/10\/popular-custom-ceramic-basins-square-countertop-sink-bulk-5-285x285.webp 285w, https:\/\/www.ceramicbasin.com\/wp-content\/uploads\/2025\/10\/popular-custom-ceramic-basins-square-countertop-sink-bulk-5-270x270.webp 270w, https:\/\/www.ceramicbasin.com\/wp-content\/uploads\/2025\/10\/popular-custom-ceramic-basins-square-countertop-sink-bulk-5-540x540.webp 540w, https:\/\/www.ceramicbasin.com\/wp-content\/uploads\/2025\/10\/popular-custom-ceramic-basins-square-countertop-sink-bulk-5-660x660.webp 660w\" sizes=\"(max-width: 1000px) 100vw, 1000px\" \/><\/figure>\n<\/div>\n<\/div>","protected":false},"excerpt":{"rendered":"<p>Nos vasques en c\u00e9ramique personnalis\u00e9es en vrac se distinguent par leur design exquis et leurs mat\u00e9riaux en c\u00e9ramique de haute qualit\u00e9, ce qui en fait un choix id\u00e9al pour la d\u00e9coration de la salle de bains. L'aspect a\u00e9rodynamique, le design et le traitement des bords arrondis t\u00e9moignent d'une beaut\u00e9 artistique extraordinaire. Les achats en gros permettent de b\u00e9n\u00e9ficier d'un meilleur rapport qualit\u00e9-prix. Parfait pour les h\u00f4tels, les projets et les distributeurs.<\/p>\n<table style=\"border-collapse: collapse; width: 311.02pt;\" border=\"0\" width=\"311\" cellspacing=\"0\" cellpadding=\"0\">\n<tbody>\n<tr style=\"height: 17.60pt;\">\n<td class=\"et3\" style=\"height: 17.60pt; width: 108.35pt;\" width=\"108\" height=\"17\">Fabricant<\/td>\n<td class=\"et3\" style=\"width: 202.95pt;\" width=\"202\">HanYu<\/td>\n<\/tr>\n<tr style=\"height: 17.60pt;\">\n<td class=\"et3\" style=\"height: 17.60pt;\" height=\"17\">Num\u00e9ro de mod\u00e8le.<\/td>\n<td class=\"et4\">HY-425<\/td>\n<\/tr>\n<tr style=\"height: 17.60pt;\">\n<td class=\"et3\" style=\"height: 17.60pt;\" height=\"17\">Type<\/td>\n<td class=\"et3\">Bassin de comptoir<\/td>\n<\/tr>\n<tr style=\"height: 17.60pt;\">\n<td class=\"et3\" style=\"height: 17.60pt;\" height=\"17\">Forme<\/td>\n<td class=\"et3\">Forme rectangulaire<\/td>\n<\/tr>\n<tr style=\"height: 17.60pt;\">\n<td class=\"et4\" style=\"height: 17.60pt;\" height=\"17\">Couleur<\/td>\n<td class=\"et3\">Blanc<\/td>\n<\/tr>\n<tr style=\"height: 18.00pt;\">\n<td class=\"et3\" style=\"height: 18.00pt;\" height=\"18\">Dimension<\/td>\n<td class=\"et5\" style=\"width: 202.95pt;\" width=\"202\">45*30.5*10.5<\/td>\n<\/tr>\n<tr style=\"height: 17.60pt;\">\n<td class=\"et3\" style=\"height: 17.60pt;\" height=\"17\">N.W \/SET<\/td>\n<td class=\"et3\">7,5 KGS\/PCS<\/td>\n<\/tr>\n<tr style=\"height: 17.60pt;\">\n<td class=\"et3\" style=\"height: 17.60pt;\" height=\"17\">MOQ<\/td>\n<td class=\"et3\">20pcs<\/td>\n<\/tr>\n<tr style=\"height: 17.60pt;\">\n<td class=\"et3\" style=\"height: 17.60pt;\" height=\"17\">Option personnalis\u00e9e<\/td>\n<td class=\"et3\">Couleur\/Pattenue\/Taille\/Logo\/Emballage<\/td>\n<\/tr>\n<\/tbody>\n<\/table>","protected":false},"featured_media":8112,"comment_status":"closed","ping_status":"closed","template":"","meta":{"_acf_changed":false},"product_brand":[],"product_cat":[50],"product_tag":[],"class_list":{"0":"post-8002","1":"product","2":"type-product","3":"status-publish","4":"has-post-thumbnail","6":"product_cat-wholesale-countertop-sinks","8":"first","9":"instock","10":"shipping-taxable","11":"product-type-simple"},"acf":[],"_links":{"self":[{"href":"https:\/\/www.ceramicbasin.com\/fr\/wp-json\/wp\/v2\/product\/8002","targetHints":{"allow":["GET"]}}],"collection":[{"href":"https:\/\/www.ceramicbasin.com\/fr\/wp-json\/wp\/v2\/product"}],"about":[{"href":"https:\/\/www.ceramicbasin.com\/fr\/wp-json\/wp\/v2\/types\/product"}],"replies":[{"embeddable":true,"href":"https:\/\/www.ceramicbasin.com\/fr\/wp-json\/wp\/v2\/comments?post=8002"}],"wp:featuredmedia":[{"embeddable":true,"href":"https:\/\/www.ceramicbasin.com\/fr\/wp-json\/wp\/v2\/media\/8112"}],"wp:attachment":[{"href":"https:\/\/www.ceramicbasin.com\/fr\/wp-json\/wp\/v2\/media?parent=8002"}],"wp:term":[{"taxonomy":"product_brand","embeddable":true,"href":"https:\/\/www.ceramicbasin.com\/fr\/wp-json\/wp\/v2\/product_brand?post=8002"},{"taxonomy":"product_cat","embeddable":true,"href":"https:\/\/www.ceramicbasin.com\/fr\/wp-json\/wp\/v2\/product_cat?post=8002"},{"taxonomy":"product_tag","embeddable":true,"href":"https:\/\/www.ceramicbasin.com\/fr\/wp-json\/wp\/v2\/product_tag?post=8002"}],"curies":[{"name":"wp","href":"https:\/\/api.w.org\/{rel}","templated":true}]}}