{"id":8043,"date":"2025-10-16T01:58:56","date_gmt":"2025-10-16T01:58:56","guid":{"rendered":"https:\/\/www.ceramicbasin.com\/?post_type=product&#038;p=8043"},"modified":"2025-10-17T08:24:20","modified_gmt":"2025-10-17T08:24:20","slug":"ceramic-countertop-basin-wholesale","status":"publish","type":"product","link":"https:\/\/www.ceramicbasin.com\/fr\/produit\/ceramic-countertop-basin-wholesale\/","title":{"rendered":"Ceramic Countertop Basin Wholesale, No Hole Faucet Mount Bathroom Sink"},"content":{"rendered":"<div class=\"wp-block-columns is-layout-flex wp-container-core-columns-is-layout-9d6595d7 wp-block-columns-is-layout-flex\">\n<div class=\"wp-block-column is-layout-flow wp-block-column-is-layout-flow\">\n<h2 class=\"wp-block-heading\">Cuvette de comptoir en c\u00e9ramique de premi\u00e8re qualit\u00e9 Caract\u00e9ristiques en gros :<\/h2>\n\n\n\n<ul class=\"wp-block-list\">\n<li><strong>Un design saisissant : <\/strong>Nos vasques \u00e0 poser en c\u00e9ramique se caract\u00e9risent par un design moderne frappant dans chaque produit, un summum de beaut\u00e9, avec l'intention d'ajouter de la classe et de la sophistication \u00e0 l'espace de la salle de bains.<\/li>\n\n\n\n<li><strong>Mat\u00e9riau c\u00e9ramique de haute qualit\u00e9 :<\/strong> Ce r\u00e9cipient de comptoir en c\u00e9ramique de gros est fabriqu\u00e9 en c\u00e9ramique de haute qualit\u00e9 cuite \u00e0 haute temp\u00e9rature qui forme une surface dense et lisse, r\u00e9sistante aux rayures, \u00e0 l'usure et au jaunissement, ce qui lui permet de conserver son aspect immacul\u00e9 pendant des ann\u00e9es d'utilisation.<\/li>\n\n\n\n<li><strong>Sans trou Monture de robinet : <\/strong>Cette vasque en c\u00e9ramique pour comptoir offre un aspect propre et moderne, parfait pour les robinets muraux ou de comptoir, avec la possibilit\u00e9 de plusieurs options d'installation pour les h\u00f4tels ou les projets commerciaux.<\/li>\n\n\n\n<li><strong>Rectangulaire Design solide :<\/strong> Ces \u00e9viers de salle de bains en c\u00e9ramique sont solides et pr\u00e9sentent des lignes \u00e9pur\u00e9es, soulignant un design moderne et minimaliste, parfait pour les h\u00f4tels haut de gamme et les utilisations commerciales.<\/li>\n\n\n\n<li><strong>Personnalisation illimit\u00e9e :<\/strong> En tant que fabricant professionnel d'\u00e9viers sur mesure, HanYu offre une gamme compl\u00e8te d'options d'\u00e9viers de salle de bain sur mesure en ce qui concerne la forme, la taille, la couleur, et bien d'autres choses encore, \u00e0 des fins commerciales.<\/li>\n<\/ul>\n<\/div>\n\n\n\n<div class=\"wp-block-column is-layout-flow wp-block-column-is-layout-flow\">\n<figure class=\"wp-block-image size-full\"><img fetchpriority=\"high\" decoding=\"async\" width=\"602\" height=\"820\" src=\"https:\/\/www.ceramicbasin.com\/wp-content\/uploads\/2025\/10\/ceramic-countertop-basin-wholesale-no-hole-bathroom-sinks-6.webp\" alt=\"lavabo en c\u00e9ramique-plan de travail-bassin en gros-sans-trou-lavabo-de-salle-de-bain-6\" class=\"wp-image-8110\" srcset=\"https:\/\/www.ceramicbasin.com\/wp-content\/uploads\/2025\/10\/ceramic-countertop-basin-wholesale-no-hole-bathroom-sinks-6.webp 602w, https:\/\/www.ceramicbasin.com\/wp-content\/uploads\/2025\/10\/ceramic-countertop-basin-wholesale-no-hole-bathroom-sinks-6-220x300.webp 220w, https:\/\/www.ceramicbasin.com\/wp-content\/uploads\/2025\/10\/ceramic-countertop-basin-wholesale-no-hole-bathroom-sinks-6-9x12.webp 9w, https:\/\/www.ceramicbasin.com\/wp-content\/uploads\/2025\/10\/ceramic-countertop-basin-wholesale-no-hole-bathroom-sinks-6-285x388.webp 285w, https:\/\/www.ceramicbasin.com\/wp-content\/uploads\/2025\/10\/ceramic-countertop-basin-wholesale-no-hole-bathroom-sinks-6-485x660.webp 485w, https:\/\/www.ceramicbasin.com\/wp-content\/uploads\/2025\/10\/ceramic-countertop-basin-wholesale-no-hole-bathroom-sinks-6-110x150.webp 110w\" sizes=\"(max-width: 602px) 100vw, 602px\" \/><\/figure>\n<\/div>\n<\/div>","protected":false},"excerpt":{"rendered":"<p>Nous vous invitons \u00e0 acheter en gros notre bassin en c\u00e9ramique pour comptoir. En tant que fabricant professionnel d'\u00e9viers sur mesure, HanYu fournit des \u00e9viers en c\u00e9ramique en gros avec un montage de robinet sans trou et un design rectangulaire solide, id\u00e9al pour les projets de salle de bain d'h\u00f4tel et commerciaux. Durable, facile \u00e0 nettoyer, et supporte la personnalisation OEM\/ODM pour les commandes en gros.<\/p>\n<table style=\"border-collapse: collapse; width: 311.02pt;\" border=\"0\" width=\"311\" cellspacing=\"0\" cellpadding=\"0\">\n<tbody>\n<tr style=\"height: 17.60pt;\">\n<td class=\"et3\" style=\"height: 17.60pt; width: 108.35pt;\" width=\"108\" height=\"17\">Fabricant<\/td>\n<td class=\"et3\" style=\"width: 202.95pt;\" width=\"202\">HanYu<\/td>\n<\/tr>\n<tr style=\"height: 17.60pt;\">\n<td class=\"et3\" style=\"height: 17.60pt;\" height=\"17\">Num\u00e9ro de mod\u00e8le.<\/td>\n<td class=\"et4\">HY-8092<\/td>\n<\/tr>\n<tr style=\"height: 17.60pt;\">\n<td class=\"et3\" style=\"height: 17.60pt;\" height=\"17\">Type<\/td>\n<td class=\"et3\">Bassin de comptoir<\/td>\n<\/tr>\n<tr style=\"height: 17.60pt;\">\n<td class=\"et3\" style=\"height: 17.60pt;\" height=\"17\">Forme<\/td>\n<td class=\"et3\">Forme rectangulaire<\/td>\n<\/tr>\n<tr style=\"height: 17.60pt;\">\n<td class=\"et4\" style=\"height: 17.60pt;\" height=\"17\">Couleur<\/td>\n<td class=\"et3\">Blanc<\/td>\n<\/tr>\n<tr style=\"height: 18.00pt;\">\n<td class=\"et3\" style=\"height: 18.00pt;\" height=\"18\">Dimension<\/td>\n<td class=\"et5\" style=\"width: 202.95pt;\" width=\"202\">50.2*36*11<\/td>\n<\/tr>\n<tr style=\"height: 17.60pt;\">\n<td class=\"et3\" style=\"height: 17.60pt;\" height=\"17\">N.W \/SET<\/td>\n<td class=\"et3\">11KGS\/PCS<\/td>\n<\/tr>\n<tr style=\"height: 17.60pt;\">\n<td class=\"et3\" style=\"height: 17.60pt;\" height=\"17\">MOQ<\/td>\n<td class=\"et3\">20pcs<\/td>\n<\/tr>\n<tr style=\"height: 17.60pt;\">\n<td class=\"et3\" style=\"height: 17.60pt;\" height=\"17\">Option personnalis\u00e9e<\/td>\n<td class=\"et3\">Couleur\/Pattenue\/Taille\/Logo\/Emballage<\/td>\n<\/tr>\n<\/tbody>\n<\/table>","protected":false},"featured_media":8105,"comment_status":"closed","ping_status":"closed","template":"","meta":{"_acf_changed":false},"product_brand":[],"product_cat":[50],"product_tag":[],"class_list":{"0":"post-8043","1":"product","2":"type-product","3":"status-publish","4":"has-post-thumbnail","6":"product_cat-wholesale-countertop-sinks","8":"first","9":"instock","10":"shipping-taxable","11":"product-type-simple"},"acf":[],"_links":{"self":[{"href":"https:\/\/www.ceramicbasin.com\/fr\/wp-json\/wp\/v2\/product\/8043","targetHints":{"allow":["GET"]}}],"collection":[{"href":"https:\/\/www.ceramicbasin.com\/fr\/wp-json\/wp\/v2\/product"}],"about":[{"href":"https:\/\/www.ceramicbasin.com\/fr\/wp-json\/wp\/v2\/types\/product"}],"replies":[{"embeddable":true,"href":"https:\/\/www.ceramicbasin.com\/fr\/wp-json\/wp\/v2\/comments?post=8043"}],"wp:featuredmedia":[{"embeddable":true,"href":"https:\/\/www.ceramicbasin.com\/fr\/wp-json\/wp\/v2\/media\/8105"}],"wp:attachment":[{"href":"https:\/\/www.ceramicbasin.com\/fr\/wp-json\/wp\/v2\/media?parent=8043"}],"wp:term":[{"taxonomy":"product_brand","embeddable":true,"href":"https:\/\/www.ceramicbasin.com\/fr\/wp-json\/wp\/v2\/product_brand?post=8043"},{"taxonomy":"product_cat","embeddable":true,"href":"https:\/\/www.ceramicbasin.com\/fr\/wp-json\/wp\/v2\/product_cat?post=8043"},{"taxonomy":"product_tag","embeddable":true,"href":"https:\/\/www.ceramicbasin.com\/fr\/wp-json\/wp\/v2\/product_tag?post=8043"}],"curies":[{"name":"wp","href":"https:\/\/api.w.org\/{rel}","templated":true}]}}