{"id":8073,"date":"2025-10-16T06:48:08","date_gmt":"2025-10-16T06:48:08","guid":{"rendered":"https:\/\/www.ceramicbasin.com\/?post_type=product&#038;p=8073"},"modified":"2025-10-17T06:25:09","modified_gmt":"2025-10-17T06:25:09","slug":"wholesale-oval-bathroom-sink-bowl","status":"publish","type":"product","link":"https:\/\/www.ceramicbasin.com\/fr\/produit\/wholesale-oval-bathroom-sink-bowl\/","title":{"rendered":"HANYU Factory Supply Wholesale Oval Bathroom Sinkl Bulk Bulk"},"content":{"rendered":"<div class=\"wp-block-columns is-layout-flex wp-container-core-columns-is-layout-9d6595d7 wp-block-columns-is-layout-flex\">\n<div class=\"wp-block-column is-layout-flow wp-block-column-is-layout-flow\">\n<h2 class=\"wp-block-heading\">Premium Wholesale Oval Bathroom Sinkl Features :<\/h2>\n\n\n\n<ul class=\"wp-block-list\">\n<li><strong>Magnifique design ovale : <\/strong>Cette cuve ovale pour lavabo de salle de bains a des courbes \u00e9l\u00e9gantes et magnifiques qui contribuent au style g\u00e9n\u00e9ral de la salle de bains et s'adaptent \u00e0 une vari\u00e9t\u00e9 de conceptions de salle de bains.<\/li>\n\n\n\n<li><strong>Cuisson \u00e0 haute temp\u00e9rature :<\/strong> Cette cuve ovale pour \u00e9vier de salle de bains est fabriqu\u00e9e en c\u00e9ramique de qualit\u00e9. Elle est cuite \u00e0 haute temp\u00e9rature pour cr\u00e9er une structure dense, imperm\u00e9able aux infiltrations d'eau et aux fissures. Le montage simple sur le comptoir permet une installation sans probl\u00e8me et un entretien simplifi\u00e9.<\/li>\n\n\n\n<li><strong>Gla\u00e7age lisse et durable : <\/strong>La vasque en c\u00e9ramique fabriqu\u00e9e sur mesure pr\u00e9sente une finition miroir avec une surface r\u00e9sistante aux rayures, \u00e0 la d\u00e9coloration et facile \u00e0 nettoyer.<\/li>\n\n\n\n<li><strong>Personnalisation possible :<\/strong> En provenance directe de l'usine HANYU, \u00e9viers en c\u00e9ramique de haute qualit\u00e9 \u00e0 des prix comp\u00e9titifs et avec une garantie d'approvisionnement. La taille, la couleur et le logo peuvent \u00eatre personnalis\u00e9s pour r\u00e9pondre aux diff\u00e9rents besoins du march\u00e9 et aux demandes de style.<\/li>\n<\/ul>\n<\/div>\n\n\n\n<div class=\"wp-block-column is-layout-flow wp-block-column-is-layout-flow\">\n<figure class=\"wp-block-image size-full\"><img fetchpriority=\"high\" decoding=\"async\" width=\"827\" height=\"1248\" src=\"https:\/\/www.ceramicbasin.com\/wp-content\/uploads\/2025\/10\/hanyu-factory-supply-wholesale-oval-bathroom-sink-bowl\u200b-bulk-6.webp\" alt=\"hanyu-factory-supply-wholesale-oval-bathroom-sink-bowl-bulk-6\" class=\"wp-image-8089\" srcset=\"https:\/\/www.ceramicbasin.com\/wp-content\/uploads\/2025\/10\/hanyu-factory-supply-wholesale-oval-bathroom-sink-bowl\u200b-bulk-6.webp 827w, https:\/\/www.ceramicbasin.com\/wp-content\/uploads\/2025\/10\/hanyu-factory-supply-wholesale-oval-bathroom-sink-bowl\u200b-bulk-6-199x300.webp 199w, https:\/\/www.ceramicbasin.com\/wp-content\/uploads\/2025\/10\/hanyu-factory-supply-wholesale-oval-bathroom-sink-bowl\u200b-bulk-6-768x1159.webp 768w, https:\/\/www.ceramicbasin.com\/wp-content\/uploads\/2025\/10\/hanyu-factory-supply-wholesale-oval-bathroom-sink-bowl\u200b-bulk-6-8x12.webp 8w, https:\/\/www.ceramicbasin.com\/wp-content\/uploads\/2025\/10\/hanyu-factory-supply-wholesale-oval-bathroom-sink-bowl\u200b-bulk-6-285x430.webp 285w, https:\/\/www.ceramicbasin.com\/wp-content\/uploads\/2025\/10\/hanyu-factory-supply-wholesale-oval-bathroom-sink-bowl\u200b-bulk-6-437x660.webp 437w, https:\/\/www.ceramicbasin.com\/wp-content\/uploads\/2025\/10\/hanyu-factory-supply-wholesale-oval-bathroom-sink-bowl\u200b-bulk-6-99x150.webp 99w\" sizes=\"(max-width: 827px) 100vw, 827px\" \/><\/figure>\n<\/div>\n<\/div>\n\n\n\n<p><\/p>","protected":false},"excerpt":{"rendered":"<p>HANYU fabrique des vasques ovales en c\u00e9ramique pour \u00e9vier de salle de bain avec un design \u00e9l\u00e9gant et une finition glac\u00e9e durable. Les options de bassin de comptoir en c\u00e9ramique sont personnalis\u00e9es, y compris la taille, la couleur et le logo pour les projets d'h\u00f4tel et de maison. M\u00e9lange parfait de style, de qualit\u00e9 et de fonctionnalit\u00e9 dans diff\u00e9rents styles de salle de bain.<\/p>\n<table width=\"311\">\n<tbody>\n<tr>\n<td width=\"108\">Fabricant<\/td>\n<td width=\"202\">HanYu<\/td>\n<\/tr>\n<tr>\n<td>Num\u00e9ro de mod\u00e8le.<\/td>\n<td>HY-3020A<\/td>\n<\/tr>\n<tr>\n<td>Type<\/td>\n<td>Bassin de comptoir<\/td>\n<\/tr>\n<tr>\n<td>Forme<\/td>\n<td>Ovale\u00a0<\/td>\n<\/tr>\n<tr>\n<td>Couleur<\/td>\n<td>Blanc<\/td>\n<\/tr>\n<tr>\n<td>Dimension<\/td>\n<td width=\"202\">36*29.5*12.5<\/td>\n<\/tr>\n<tr>\n<td>N.W \/SET<\/td>\n<td>6KG\/PCS<\/td>\n<\/tr>\n<tr>\n<td>MOQ<\/td>\n<td>20pcs<\/td>\n<\/tr>\n<tr>\n<td>Option personnalis\u00e9e<\/td>\n<td>Couleur\/Pattenue\/Taille\/Logo\/Emballage<\/td>\n<\/tr>\n<\/tbody>\n<\/table>","protected":false},"featured_media":8084,"comment_status":"closed","ping_status":"closed","template":"","meta":{"_acf_changed":false},"product_brand":[],"product_cat":[50],"product_tag":[],"class_list":{"0":"post-8073","1":"product","2":"type-product","3":"status-publish","4":"has-post-thumbnail","6":"product_cat-wholesale-countertop-sinks","8":"first","9":"instock","10":"shipping-taxable","11":"product-type-simple"},"acf":[],"_links":{"self":[{"href":"https:\/\/www.ceramicbasin.com\/fr\/wp-json\/wp\/v2\/product\/8073","targetHints":{"allow":["GET"]}}],"collection":[{"href":"https:\/\/www.ceramicbasin.com\/fr\/wp-json\/wp\/v2\/product"}],"about":[{"href":"https:\/\/www.ceramicbasin.com\/fr\/wp-json\/wp\/v2\/types\/product"}],"replies":[{"embeddable":true,"href":"https:\/\/www.ceramicbasin.com\/fr\/wp-json\/wp\/v2\/comments?post=8073"}],"wp:featuredmedia":[{"embeddable":true,"href":"https:\/\/www.ceramicbasin.com\/fr\/wp-json\/wp\/v2\/media\/8084"}],"wp:attachment":[{"href":"https:\/\/www.ceramicbasin.com\/fr\/wp-json\/wp\/v2\/media?parent=8073"}],"wp:term":[{"taxonomy":"product_brand","embeddable":true,"href":"https:\/\/www.ceramicbasin.com\/fr\/wp-json\/wp\/v2\/product_brand?post=8073"},{"taxonomy":"product_cat","embeddable":true,"href":"https:\/\/www.ceramicbasin.com\/fr\/wp-json\/wp\/v2\/product_cat?post=8073"},{"taxonomy":"product_tag","embeddable":true,"href":"https:\/\/www.ceramicbasin.com\/fr\/wp-json\/wp\/v2\/product_tag?post=8073"}],"curies":[{"name":"wp","href":"https:\/\/api.w.org\/{rel}","templated":true}]}}