{"id":8156,"date":"2025-10-24T08:18:12","date_gmt":"2025-10-24T08:18:12","guid":{"rendered":"https:\/\/www.ceramicbasin.com\/?post_type=product&#038;p=8156"},"modified":"2025-11-07T03:14:27","modified_gmt":"2025-11-07T03:14:27","slug":"wholesale-drop-in-lavatory-sink","status":"publish","type":"product","link":"https:\/\/www.ceramicbasin.com\/fr\/produit\/wholesale-drop-in-lavatory-sink\/","title":{"rendered":"New Wholesale Drop In Lavatory Sink, Oval Ceramic Washbasin"},"content":{"rendered":"<div class=\"wp-block-columns is-layout-flex wp-container-core-columns-is-layout-9d6595d7 wp-block-columns-is-layout-flex\">\n<div class=\"wp-block-column is-layout-flow wp-block-column-is-layout-flow\">\n<h2 class=\"wp-block-heading\">Premium Wholesale Drop In Lavatory Sink Features (Caract\u00e9ristiques de l'\u00e9vier de lavabo \u00e0 poser)<\/h2>\n\n\n\n<ul class=\"wp-block-list\">\n<li><strong>Largement adaptable :&nbsp;<\/strong>Le lavabo \u00e0 poser est disponible en diff\u00e9rentes couleurs et tailles, et peut \u00eatre modifi\u00e9 en fonction des exigences de d\u00e9coration de la salle de bain. Qu'il s'agisse d'une salle de bains moderne et minimaliste ou d'une salle de bains artistique, ce lavabo peut \u00eatre facilement incorpor\u00e9.<\/li>\n\n\n\n<li><strong>Forme ovale tr\u00e8s tendance :<\/strong> L'\u00e9vier de lavabo \u00e0 poser en gros pr\u00e9sente une forme ovale frappante qui est contemporaine et \u00e9l\u00e9gante dans le cadre de la d\u00e9coration de votre salle de bains.<\/li>\n\n\n\n<li><strong>R\u00e9sistant \u00e0 l'eau et aux taches :<\/strong> La vasque ovale en c\u00e9ramique est dot\u00e9e d'une surface stratifi\u00e9e r\u00e9sistante aux taches pour pr\u00e9venir et bloquer les taches d'eau tenaces.<\/li>\n\n\n\n<li><strong>Facile \u00e0 installer : <\/strong>le bassin c\u00e9ramique ovale de gros peut \u00eatre encastr\u00e9 ou mont\u00e9 sur un plan de travail, selon diff\u00e9rentes configurations.<\/li>\n\n\n\n<li><strong>Prix abordable : <\/strong>HanYu propose des prix d'achat en gros tr\u00e8s comp\u00e9titifs, ce qui signifie que vous pourrez acheter un bassin en c\u00e9ramique de qualit\u00e9 \u00e0 un prix abordable.<\/li>\n<\/ul>\n<\/div>\n\n\n\n<div class=\"wp-block-column is-layout-flow wp-block-column-is-layout-flow\">\n<figure class=\"wp-block-image size-full\"><img fetchpriority=\"high\" decoding=\"async\" width=\"800\" height=\"800\" src=\"https:\/\/www.ceramicbasin.com\/wp-content\/uploads\/2025\/10\/new-wholesale-drop-in-lavatory-sink-oval-ceramic-washbasin-1.webp\" alt=\"new-wholesale-drop-in-lavatory-sink-oval-ceramic-washbasin-1\" class=\"wp-image-8455\" srcset=\"https:\/\/www.ceramicbasin.com\/wp-content\/uploads\/2025\/10\/new-wholesale-drop-in-lavatory-sink-oval-ceramic-washbasin-1.webp 800w, https:\/\/www.ceramicbasin.com\/wp-content\/uploads\/2025\/10\/new-wholesale-drop-in-lavatory-sink-oval-ceramic-washbasin-1-300x300.webp 300w, https:\/\/www.ceramicbasin.com\/wp-content\/uploads\/2025\/10\/new-wholesale-drop-in-lavatory-sink-oval-ceramic-washbasin-1-150x150.webp 150w, https:\/\/www.ceramicbasin.com\/wp-content\/uploads\/2025\/10\/new-wholesale-drop-in-lavatory-sink-oval-ceramic-washbasin-1-768x768.webp 768w, https:\/\/www.ceramicbasin.com\/wp-content\/uploads\/2025\/10\/new-wholesale-drop-in-lavatory-sink-oval-ceramic-washbasin-1-12x12.webp 12w, https:\/\/www.ceramicbasin.com\/wp-content\/uploads\/2025\/10\/new-wholesale-drop-in-lavatory-sink-oval-ceramic-washbasin-1-285x285.webp 285w, https:\/\/www.ceramicbasin.com\/wp-content\/uploads\/2025\/10\/new-wholesale-drop-in-lavatory-sink-oval-ceramic-washbasin-1-270x270.webp 270w, https:\/\/www.ceramicbasin.com\/wp-content\/uploads\/2025\/10\/new-wholesale-drop-in-lavatory-sink-oval-ceramic-washbasin-1-540x540.webp 540w, https:\/\/www.ceramicbasin.com\/wp-content\/uploads\/2025\/10\/new-wholesale-drop-in-lavatory-sink-oval-ceramic-washbasin-1-660x660.webp 660w\" sizes=\"(max-width: 800px) 100vw, 800px\" \/><\/figure>\n<\/div>\n<\/div>","protected":false},"excerpt":{"rendered":"<p>Cet \u00e9vier de lavabo \u00e0 poser de conception nouvelle est fabriqu\u00e9 en c\u00e9ramique de haute qualit\u00e9, avec une surface lisse, r\u00e9sistante aux taches et \u00e9tanche, facile \u00e0 nettoyer et \u00e0 entretenir. Son design ovale minimaliste rehausse non seulement l'aspect moderne de la salle de bains, mais offre \u00e9galement un espace de lavage spacieux. Il s'adapte facilement aux diff\u00e9rents plans de travail de la salle de bains, alliant parfaitement praticit\u00e9 et esth\u00e9tique.<\/p>\n<table style=\"border-collapse: collapse; width: 358.52pt;\" border=\"0\" width=\"478\" cellspacing=\"0\" cellpadding=\"0\">\n<tbody>\n<tr style=\"height: 17.25pt;\">\n<td class=\"et3\" style=\"height: 17.25pt; width: 125.00pt;\" width=\"166\" height=\"23\">Fabricant<\/td>\n<td class=\"et3\" style=\"width: 234.15pt;\" width=\"312\">HanYu<\/td>\n<\/tr>\n<tr style=\"height: 17.25pt;\">\n<td class=\"et3\" style=\"height: 17.25pt;\" height=\"23\">Num\u00e9ro de mod\u00e8le.<\/td>\n<td class=\"et4\">HY-5064<\/td>\n<\/tr>\n<tr style=\"height: 17.25pt;\">\n<td class=\"et3\" style=\"height: 17.25pt;\" height=\"23\">Type<\/td>\n<td class=\"et5\" style=\"width: 234.15pt;\" width=\"312\">Eviers \u00e0 poser<\/td>\n<\/tr>\n<tr style=\"height: 18.00pt;\">\n<td class=\"et3\" style=\"height: 18.00pt;\" height=\"24\">Forme<\/td>\n<td class=\"et3\">Forme ovale<\/td>\n<\/tr>\n<tr style=\"height: 34.50pt;\">\n<td class=\"et4\" style=\"height: 34.50pt;\" height=\"46\">Couleur<\/td>\n<td class=\"et5\" style=\"width: 234.15pt;\" width=\"312\">noir\/blanc\/bleu\/gris\/rose\/vert\/marron\/kaki<\/td>\n<\/tr>\n<tr style=\"height: 18.00pt;\">\n<td class=\"et3\" style=\"height: 18.00pt;\" height=\"24\">Dimension<\/td>\n<td class=\"et5\" style=\"width: 234.15pt;\" width=\"312\">60*46*20<\/td>\n<\/tr>\n<tr style=\"height: 17.25pt;\">\n<td class=\"et3\" style=\"height: 17.25pt;\" height=\"23\">N.W \/SET<\/td>\n<td class=\"et3\">16KGS\/PCS<\/td>\n<\/tr>\n<tr style=\"height: 17.25pt;\">\n<td class=\"et3\" style=\"height: 17.25pt;\" height=\"23\">MOQ<\/td>\n<td class=\"et3\">20pcs<\/td>\n<\/tr>\n<tr style=\"height: 17.25pt;\">\n<td class=\"et3\" style=\"height: 17.25pt;\" height=\"23\">Option personnalis\u00e9e<\/td>\n<td class=\"et3\">Couleur\/Pattenue\/Taille\/Logo\/Emballage<\/td>\n<\/tr>\n<\/tbody>\n<\/table>","protected":false},"featured_media":8456,"comment_status":"closed","ping_status":"closed","template":"","meta":{"_acf_changed":false},"product_brand":[],"product_cat":[51],"product_tag":[],"class_list":{"0":"post-8156","1":"product","2":"type-product","3":"status-publish","4":"has-post-thumbnail","6":"product_cat-wholesale-drop-in-sinks","8":"first","9":"instock","10":"shipping-taxable","11":"product-type-simple"},"acf":[],"_links":{"self":[{"href":"https:\/\/www.ceramicbasin.com\/fr\/wp-json\/wp\/v2\/product\/8156","targetHints":{"allow":["GET"]}}],"collection":[{"href":"https:\/\/www.ceramicbasin.com\/fr\/wp-json\/wp\/v2\/product"}],"about":[{"href":"https:\/\/www.ceramicbasin.com\/fr\/wp-json\/wp\/v2\/types\/product"}],"replies":[{"embeddable":true,"href":"https:\/\/www.ceramicbasin.com\/fr\/wp-json\/wp\/v2\/comments?post=8156"}],"wp:featuredmedia":[{"embeddable":true,"href":"https:\/\/www.ceramicbasin.com\/fr\/wp-json\/wp\/v2\/media\/8456"}],"wp:attachment":[{"href":"https:\/\/www.ceramicbasin.com\/fr\/wp-json\/wp\/v2\/media?parent=8156"}],"wp:term":[{"taxonomy":"product_brand","embeddable":true,"href":"https:\/\/www.ceramicbasin.com\/fr\/wp-json\/wp\/v2\/product_brand?post=8156"},{"taxonomy":"product_cat","embeddable":true,"href":"https:\/\/www.ceramicbasin.com\/fr\/wp-json\/wp\/v2\/product_cat?post=8156"},{"taxonomy":"product_tag","embeddable":true,"href":"https:\/\/www.ceramicbasin.com\/fr\/wp-json\/wp\/v2\/product_tag?post=8156"}],"curies":[{"name":"wp","href":"https:\/\/api.w.org\/{rel}","templated":true}]}}