{"id":8163,"date":"2025-10-24T08:28:16","date_gmt":"2025-10-24T08:28:16","guid":{"rendered":"https:\/\/www.ceramicbasin.com\/?post_type=product&#038;p=8163"},"modified":"2025-11-07T03:09:44","modified_gmt":"2025-11-07T03:09:44","slug":"drop-in-bathroom-sink-wholesale","status":"publish","type":"product","link":"https:\/\/www.ceramicbasin.com\/fr\/produit\/drop-in-bathroom-sink-wholesale\/","title":{"rendered":"Evier de salle de bain \u00e0 encastrer Wholesale, Europe Style Ceramic Basins"},"content":{"rendered":"<div class=\"wp-block-columns is-layout-flex wp-container-core-columns-is-layout-9d6595d7 wp-block-columns-is-layout-flex\">\n<div class=\"wp-block-column is-layout-flow wp-block-column-is-layout-flow\">\n<h2 class=\"wp-block-heading\">Premium Art Drop In Bathroom Sink Wholesale Features<\/h2>\n\n\n\n<ul class=\"wp-block-list\">\n<li><strong>Mat\u00e9riau c\u00e9ramique de haute qualit\u00e9 :<\/strong>&nbsp;Les \u00e9viers de salle de bain de HanYu sont fabriqu\u00e9s \u00e0 partir de mati\u00e8res premi\u00e8res c\u00e9ramiques de haute qualit\u00e9, cuites \u00e0 haute temp\u00e9rature, avec une texture solide et une surface lisse, emp\u00eachant efficacement la salet\u00e9 d'adh\u00e9rer.<\/li>\n\n\n\n<li><strong>Ventes \u00e0 chaud :<\/strong> Cet \u00e9vier de salle de bain est bien accueilli par le march\u00e9 en raison de sa durabilit\u00e9, de sa couleur uniforme, de sa facilit\u00e9 de nettoyage et d'entretien, et de son co\u00fbt \u00e9lev\u00e9.<\/li>\n\n\n\n<li><strong>Options personnalis\u00e9es :<\/strong> Disponibles dans une vari\u00e9t\u00e9 de couleurs, de finitions de surface et d'options d'emballage personnalis\u00e9es, vous pouvez adapter la commande \u00e0 votre marque de distributeur et \u00e0 votre march\u00e9 sp\u00e9cifique.<\/li>\n\n\n\n<li><strong>Grand \u00e9vier : <\/strong>L'\u00e9vier en c\u00e9ramique personnalis\u00e9 est exceptionnellement bien con\u00e7u pour offrir beaucoup d'espace pour le lavage quotidien. La surface a \u00e9t\u00e9 sp\u00e9cialement trait\u00e9e pour la rendre tr\u00e8s r\u00e9sistante aux taches, avec une faible adh\u00e9rence des taches d'eau.<\/li>\n<\/ul>\n<\/div>\n\n\n\n<div class=\"wp-block-column is-layout-flow wp-block-column-is-layout-flow\">\n<figure class=\"wp-block-image size-full\"><img fetchpriority=\"high\" decoding=\"async\" width=\"800\" height=\"800\" src=\"https:\/\/www.ceramicbasin.com\/wp-content\/uploads\/2025\/10\/drop-in-bathroom-sink-wholesale-ceramic-basins-custom-2.webp\" alt=\"drop-in-bathroom-sink-wholesale-ceramic-basins-custom-2\" class=\"wp-image-8463\" srcset=\"https:\/\/www.ceramicbasin.com\/wp-content\/uploads\/2025\/10\/drop-in-bathroom-sink-wholesale-ceramic-basins-custom-2.webp 800w, https:\/\/www.ceramicbasin.com\/wp-content\/uploads\/2025\/10\/drop-in-bathroom-sink-wholesale-ceramic-basins-custom-2-300x300.webp 300w, https:\/\/www.ceramicbasin.com\/wp-content\/uploads\/2025\/10\/drop-in-bathroom-sink-wholesale-ceramic-basins-custom-2-150x150.webp 150w, https:\/\/www.ceramicbasin.com\/wp-content\/uploads\/2025\/10\/drop-in-bathroom-sink-wholesale-ceramic-basins-custom-2-768x768.webp 768w, https:\/\/www.ceramicbasin.com\/wp-content\/uploads\/2025\/10\/drop-in-bathroom-sink-wholesale-ceramic-basins-custom-2-12x12.webp 12w, https:\/\/www.ceramicbasin.com\/wp-content\/uploads\/2025\/10\/drop-in-bathroom-sink-wholesale-ceramic-basins-custom-2-285x285.webp 285w, https:\/\/www.ceramicbasin.com\/wp-content\/uploads\/2025\/10\/drop-in-bathroom-sink-wholesale-ceramic-basins-custom-2-270x270.webp 270w, https:\/\/www.ceramicbasin.com\/wp-content\/uploads\/2025\/10\/drop-in-bathroom-sink-wholesale-ceramic-basins-custom-2-540x540.webp 540w, https:\/\/www.ceramicbasin.com\/wp-content\/uploads\/2025\/10\/drop-in-bathroom-sink-wholesale-ceramic-basins-custom-2-660x660.webp 660w\" sizes=\"(max-width: 800px) 100vw, 800px\" \/><\/figure>\n<\/div>\n<\/div>","protected":false},"excerpt":{"rendered":"<p>Bienvenue \u00e0 l'achat de ce lavabo en c\u00e9ramique de style europ\u00e9en qui met en valeur le go\u00fbt haut de gamme avec son design exquis et son gla\u00e7age \u00e9l\u00e9gant. Ce lavabo de salle de bain est fabriqu\u00e9 en c\u00e9ramique de haute qualit\u00e9 ; sa surface lisse et d\u00e9licate est r\u00e9sistante aux taches et \u00e0 l'usure, et facile \u00e0 nettoyer et \u00e0 entretenir. Il convient aux h\u00f4tels, aux r\u00e9sidences haut de gamme et aux projets de salle de bain personnalis\u00e9s. Et HanYu offre un prix d'achat en gros comp\u00e9titif !<\/p>\n<table style=\"border-collapse: collapse; width: 358.52pt;\" border=\"0\" width=\"478\" cellspacing=\"0\" cellpadding=\"0\">\n<tbody>\n<tr style=\"height: 17.25pt;\">\n<td class=\"et3\" style=\"height: 17.25pt; width: 125.00pt;\" width=\"166\" height=\"23\">Fabricant<\/td>\n<td class=\"et3\" style=\"width: 234.15pt;\" width=\"312\">HanYu<\/td>\n<\/tr>\n<tr style=\"height: 17.25pt;\">\n<td class=\"et3\" style=\"height: 17.25pt;\" height=\"23\">Num\u00e9ro de mod\u00e8le.<\/td>\n<td class=\"et4\">HY-5073<\/td>\n<\/tr>\n<tr style=\"height: 17.25pt;\">\n<td class=\"et3\" style=\"height: 17.25pt;\" height=\"23\">Type<\/td>\n<td class=\"et5\" style=\"width: 234.15pt;\" width=\"312\">Eviers \u00e0 poser<\/td>\n<\/tr>\n<tr style=\"height: 18.00pt;\">\n<td class=\"et3\" style=\"height: 18.00pt;\" height=\"24\">Forme<\/td>\n<td class=\"et3\">Forme ovale<\/td>\n<\/tr>\n<tr style=\"height: 34.50pt;\">\n<td class=\"et4\" style=\"height: 34.50pt;\" height=\"46\">Couleur<\/td>\n<td class=\"et5\" style=\"width: 234.15pt;\" width=\"312\">noir\/blanc\/bleu\/gris\/rose\/vert\/marron\/kaki<\/td>\n<\/tr>\n<tr style=\"height: 18.00pt;\">\n<td class=\"et3\" style=\"height: 18.00pt;\" height=\"24\">Dimension<\/td>\n<td class=\"et5\" style=\"width: 234.15pt;\" width=\"312\">60*38*21<\/td>\n<\/tr>\n<tr style=\"height: 17.25pt;\">\n<td class=\"et3\" style=\"height: 17.25pt;\" height=\"23\">N.W \/SET<\/td>\n<td class=\"et3\">16KGS\/PCS<\/td>\n<\/tr>\n<tr style=\"height: 17.25pt;\">\n<td class=\"et3\" style=\"height: 17.25pt;\" height=\"23\">MOQ<\/td>\n<td class=\"et3\">20pcs<\/td>\n<\/tr>\n<tr style=\"height: 17.25pt;\">\n<td class=\"et3\" style=\"height: 17.25pt;\" height=\"23\">Option personnalis\u00e9e<\/td>\n<td class=\"et3\">Couleur\/Pattenue\/Taille\/Logo\/Emballage<\/td>\n<\/tr>\n<\/tbody>\n<\/table>","protected":false},"featured_media":8464,"comment_status":"closed","ping_status":"closed","template":"","meta":{"_acf_changed":false},"product_brand":[],"product_cat":[51],"product_tag":[],"class_list":{"0":"post-8163","1":"product","2":"type-product","3":"status-publish","4":"has-post-thumbnail","6":"product_cat-wholesale-drop-in-sinks","8":"first","9":"instock","10":"shipping-taxable","11":"product-type-simple"},"acf":[],"_links":{"self":[{"href":"https:\/\/www.ceramicbasin.com\/fr\/wp-json\/wp\/v2\/product\/8163","targetHints":{"allow":["GET"]}}],"collection":[{"href":"https:\/\/www.ceramicbasin.com\/fr\/wp-json\/wp\/v2\/product"}],"about":[{"href":"https:\/\/www.ceramicbasin.com\/fr\/wp-json\/wp\/v2\/types\/product"}],"replies":[{"embeddable":true,"href":"https:\/\/www.ceramicbasin.com\/fr\/wp-json\/wp\/v2\/comments?post=8163"}],"wp:featuredmedia":[{"embeddable":true,"href":"https:\/\/www.ceramicbasin.com\/fr\/wp-json\/wp\/v2\/media\/8464"}],"wp:attachment":[{"href":"https:\/\/www.ceramicbasin.com\/fr\/wp-json\/wp\/v2\/media?parent=8163"}],"wp:term":[{"taxonomy":"product_brand","embeddable":true,"href":"https:\/\/www.ceramicbasin.com\/fr\/wp-json\/wp\/v2\/product_brand?post=8163"},{"taxonomy":"product_cat","embeddable":true,"href":"https:\/\/www.ceramicbasin.com\/fr\/wp-json\/wp\/v2\/product_cat?post=8163"},{"taxonomy":"product_tag","embeddable":true,"href":"https:\/\/www.ceramicbasin.com\/fr\/wp-json\/wp\/v2\/product_tag?post=8163"}],"curies":[{"name":"wp","href":"https:\/\/api.w.org\/{rel}","templated":true}]}}