{"id":8170,"date":"2025-10-24T08:33:06","date_gmt":"2025-10-24T08:33:06","guid":{"rendered":"https:\/\/www.ceramicbasin.com\/?post_type=product&#038;p=8170"},"modified":"2025-11-07T03:06:12","modified_gmt":"2025-11-07T03:06:12","slug":"round-drop-in-sink-wholesale","status":"publish","type":"product","link":"https:\/\/www.ceramicbasin.com\/fr\/produit\/round-drop-in-sink-wholesale\/","title":{"rendered":"Evier \u00e0 encastrer rond Wholesale, Pure White Ceramic Basin Supply"},"content":{"rendered":"<div class=\"wp-block-columns is-layout-flex wp-container-core-columns-is-layout-9d6595d7 wp-block-columns-is-layout-flex\">\n<div class=\"wp-block-column is-layout-flow wp-block-column-is-layout-flow\">\n<h2 class=\"wp-block-heading\">Premium Round Drop In Sink Wholesale Features :<\/h2>\n\n\n\n<ul class=\"wp-block-list\">\n<li><strong>Design exquis :&nbsp;<\/strong>Notre \u00e9vier rond \u00e0 encastrer adopte un design moderne et exquis. Chaque pi\u00e8ce est un hommage \u00e0 l'esth\u00e9tique et vise \u00e0 ajouter de l'\u00e9l\u00e9gance et du go\u00fbt \u00e0 l'espace de la salle de bains.<\/li>\n\n\n\n<li><strong>Prix de gros Avantage : <\/strong>En tant que fabricant de lavabos sur mesure, HanYu propose des prix de gros tr\u00e8s comp\u00e9titifs, et les achats en gros vous permettront d'obtenir des remises plus importantes, ce qui fait de nos accessoires de salle de bain de haute qualit\u00e9 votre meilleure option en mati\u00e8re de contr\u00f4le des co\u00fbts.<\/li>\n\n\n\n<li><strong>Design arrondi et encastr\u00e9 : <\/strong>Notre vasque en c\u00e9ramique personnalis\u00e9e est de forme ronde classique et son \u00e9mail blanc brillant s'harmonise facilement avec presque tous les styles de plans de travail. L'installation encastr\u00e9e permet de gagner de la place et de la stabilit\u00e9 tout en d\u00e9gageant beaut\u00e9 et \u00e9l\u00e9gance. Que vous envisagiez d'installer un lavabo dans une salle de bains r\u00e9sidentielle, une salle de bains d'h\u00f4tel, un local commercial ou un autre environnement, ces meubles-lavabos conviendront parfaitement.<\/li>\n\n\n\n<li><strong>Conception personnalis\u00e9e :&nbsp;<\/strong>Notre \u00e9vier rond \u00e0 poser en gros est con\u00e7u dans diff\u00e9rents types de styles et de tailles pour une personnalisation, ce qui nous permet de r\u00e9pondre aux besoins des diff\u00e9rents clients. Cela permet d'ajuster la couleur, la forme et la texture en fonction de vos besoins sp\u00e9cifiques et de l'int\u00e9grer dans une vari\u00e9t\u00e9 de conceptions de salle de bains.<\/li>\n<\/ul>\n<\/div>\n\n\n\n<div class=\"wp-block-column is-layout-flow wp-block-column-is-layout-flow\">\n<figure class=\"wp-block-image size-full\"><img fetchpriority=\"high\" decoding=\"async\" width=\"800\" height=\"800\" src=\"https:\/\/www.ceramicbasin.com\/wp-content\/uploads\/2025\/10\/round-drop-in-sink\u200b-wholesale-white-ceramic-basin-supply-1.webp\" alt=\"rond-drop-in-sink-wholesale-white-ceramic-basin-supply-1\" class=\"wp-image-8449\" srcset=\"https:\/\/www.ceramicbasin.com\/wp-content\/uploads\/2025\/10\/round-drop-in-sink\u200b-wholesale-white-ceramic-basin-supply-1.webp 800w, https:\/\/www.ceramicbasin.com\/wp-content\/uploads\/2025\/10\/round-drop-in-sink\u200b-wholesale-white-ceramic-basin-supply-1-300x300.webp 300w, https:\/\/www.ceramicbasin.com\/wp-content\/uploads\/2025\/10\/round-drop-in-sink\u200b-wholesale-white-ceramic-basin-supply-1-150x150.webp 150w, https:\/\/www.ceramicbasin.com\/wp-content\/uploads\/2025\/10\/round-drop-in-sink\u200b-wholesale-white-ceramic-basin-supply-1-768x768.webp 768w, https:\/\/www.ceramicbasin.com\/wp-content\/uploads\/2025\/10\/round-drop-in-sink\u200b-wholesale-white-ceramic-basin-supply-1-12x12.webp 12w, https:\/\/www.ceramicbasin.com\/wp-content\/uploads\/2025\/10\/round-drop-in-sink\u200b-wholesale-white-ceramic-basin-supply-1-285x285.webp 285w, https:\/\/www.ceramicbasin.com\/wp-content\/uploads\/2025\/10\/round-drop-in-sink\u200b-wholesale-white-ceramic-basin-supply-1-270x270.webp 270w, https:\/\/www.ceramicbasin.com\/wp-content\/uploads\/2025\/10\/round-drop-in-sink\u200b-wholesale-white-ceramic-basin-supply-1-540x540.webp 540w, https:\/\/www.ceramicbasin.com\/wp-content\/uploads\/2025\/10\/round-drop-in-sink\u200b-wholesale-white-ceramic-basin-supply-1-660x660.webp 660w\" sizes=\"(max-width: 800px) 100vw, 800px\" \/><\/figure>\n<\/div>\n<\/div>\n\n\n\n<p><\/p>","protected":false},"excerpt":{"rendered":"<p>Nous vous invitons \u00e0 acheter en gros notre \u00e9vier rond \u00e0 encastrer. Utilisant un processus de gla\u00e7age \u00e0 haute temp\u00e9rature d'un blanc pur, la surface est lisse et facile \u00e0 nettoyer, convenant aux espaces de salle de bain r\u00e9sidentiels et commerciaux. Hanyu fournit des services de grossiste de bassin c\u00e9ramique personnalis\u00e9 de haute qualit\u00e9 pour r\u00e9pondre aux besoins de diff\u00e9rentes marques et projets.<\/p>\n<table style=\"border-collapse: collapse; width: 311.02pt;\" border=\"0\" width=\"311\" cellspacing=\"0\" cellpadding=\"0\">\n<tbody>\n<tr style=\"height: 17.60pt;\">\n<td class=\"et3\" style=\"height: 17.60pt; width: 108.35pt;\" width=\"108\" height=\"17\">Fabricant<\/td>\n<td class=\"et3\" style=\"width: 202.95pt;\" width=\"202\">HanYu<\/td>\n<\/tr>\n<tr style=\"height: 17.60pt;\">\n<td class=\"et3\" style=\"height: 17.60pt;\" height=\"17\">Num\u00e9ro de mod\u00e8le.<\/td>\n<td class=\"et4\">HY-5074<\/td>\n<\/tr>\n<tr style=\"height: 18.00pt;\">\n<td class=\"et3\" style=\"height: 18.00pt;\" height=\"18\">Type<\/td>\n<td class=\"et5\" style=\"width: 202.95pt;\" width=\"202\">Bassin d'abaissement<\/td>\n<\/tr>\n<tr style=\"height: 17.60pt;\">\n<td class=\"et3\" style=\"height: 17.60pt;\" height=\"17\">Forme<\/td>\n<td class=\"et3\">Forme ronde<\/td>\n<\/tr>\n<tr style=\"height: 18.00pt;\">\n<td class=\"et4\" style=\"height: 18.00pt;\" height=\"18\">Couleur<\/td>\n<td class=\"et5\" style=\"width: 202.95pt;\" width=\"202\">Blanc<\/td>\n<\/tr>\n<tr style=\"height: 18.00pt;\">\n<td class=\"et3\" style=\"height: 18.00pt;\" height=\"18\">Dimension<\/td>\n<td class=\"et5\" style=\"width: 202.95pt;\" width=\"202\">43*43*22<\/td>\n<\/tr>\n<tr style=\"height: 17.60pt;\">\n<td class=\"et3\" style=\"height: 17.60pt;\" height=\"17\">N.W \/SET<\/td>\n<td class=\"et3\">\u00a012KGS\/PCS<\/td>\n<\/tr>\n<tr style=\"height: 17.60pt;\">\n<td class=\"et3\" style=\"height: 17.60pt;\" height=\"17\">MOQ<\/td>\n<td class=\"et3\">20pcs<\/td>\n<\/tr>\n<tr style=\"height: 17.60pt;\">\n<td class=\"et3\" style=\"height: 17.60pt;\" height=\"17\">Option personnalis\u00e9e<\/td>\n<td class=\"et3\">Couleur\/Pattenue\/Taille\/Logo\/Emballage<\/td>\n<\/tr>\n<\/tbody>\n<\/table>","protected":false},"featured_media":8452,"comment_status":"closed","ping_status":"closed","template":"","meta":{"_acf_changed":false},"product_brand":[],"product_cat":[51],"product_tag":[],"class_list":{"0":"post-8170","1":"product","2":"type-product","3":"status-publish","4":"has-post-thumbnail","6":"product_cat-wholesale-drop-in-sinks","8":"first","9":"instock","10":"shipping-taxable","11":"product-type-simple"},"acf":[],"_links":{"self":[{"href":"https:\/\/www.ceramicbasin.com\/fr\/wp-json\/wp\/v2\/product\/8170","targetHints":{"allow":["GET"]}}],"collection":[{"href":"https:\/\/www.ceramicbasin.com\/fr\/wp-json\/wp\/v2\/product"}],"about":[{"href":"https:\/\/www.ceramicbasin.com\/fr\/wp-json\/wp\/v2\/types\/product"}],"replies":[{"embeddable":true,"href":"https:\/\/www.ceramicbasin.com\/fr\/wp-json\/wp\/v2\/comments?post=8170"}],"wp:featuredmedia":[{"embeddable":true,"href":"https:\/\/www.ceramicbasin.com\/fr\/wp-json\/wp\/v2\/media\/8452"}],"wp:attachment":[{"href":"https:\/\/www.ceramicbasin.com\/fr\/wp-json\/wp\/v2\/media?parent=8170"}],"wp:term":[{"taxonomy":"product_brand","embeddable":true,"href":"https:\/\/www.ceramicbasin.com\/fr\/wp-json\/wp\/v2\/product_brand?post=8170"},{"taxonomy":"product_cat","embeddable":true,"href":"https:\/\/www.ceramicbasin.com\/fr\/wp-json\/wp\/v2\/product_cat?post=8170"},{"taxonomy":"product_tag","embeddable":true,"href":"https:\/\/www.ceramicbasin.com\/fr\/wp-json\/wp\/v2\/product_tag?post=8170"}],"curies":[{"name":"wp","href":"https:\/\/api.w.org\/{rel}","templated":true}]}}