{"id":8177,"date":"2025-10-24T08:39:35","date_gmt":"2025-10-24T08:39:35","guid":{"rendered":"https:\/\/www.ceramicbasin.com\/?post_type=product&#038;p=8177"},"modified":"2025-11-07T03:01:28","modified_gmt":"2025-11-07T03:01:28","slug":"custom-drop-in-bathroom-sink","status":"publish","type":"product","link":"https:\/\/www.ceramicbasin.com\/fr\/produit\/custom-drop-in-bathroom-sink\/","title":{"rendered":"Evier de salle de bain \u00e0 poser, vasque en c\u00e9ramique en vrac"},"content":{"rendered":"<div class=\"wp-block-columns is-layout-flex wp-container-core-columns-is-layout-9d6595d7 wp-block-columns-is-layout-flex\">\n<div class=\"wp-block-column is-layout-flow wp-block-column-is-layout-flow\">\n<h2 class=\"wp-block-heading\">Premium Custom Drop In Bathroom Sinks Features :<\/h2>\n\n\n\n<ul class=\"wp-block-list\">\n<li><strong>Choix personnalis\u00e9s :<\/strong> Le lavabo rectangulaire \u00e0 poser est disponible en diff\u00e9rentes couleurs, traitements de surface et emballages personnalis\u00e9s afin que vous puissiez choisir et personnaliser le lavabo de salle de bain en fonction de votre marque sp\u00e9cifique et des exigences du march\u00e9.<\/li>\n\n\n\n<li><strong>Durable et n\u00e9cessitant peu d'entretien :<\/strong> Ces \u00e9viers de salle de bains \u00e0 poser sont fabriqu\u00e9s \u00e0 partir de mati\u00e8res premi\u00e8res c\u00e9ramiques de haute qualit\u00e9 et cuits \u00e0 haute temp\u00e9rature. La surface est lisse et dure, r\u00e9sistante aux rayures et aux fissures. L'\u00e9mail poss\u00e8de un excellent effet antisalissure ; le calcaire et les taches adh\u00e8rent \u00e0 peine.<\/li>\n\n\n\n<li><strong>Style rectangulaire minimaliste europ\u00e9en :<\/strong> Ce lavabo rectangulaire \u00e0 encastrer a \u00e9t\u00e9 choisi pour ses lignes pures et agr\u00e9ables. Ces lavabos \u00e0 encastrer sont parfaits pour les salles de bains de style moderne\/nordique\/europ\u00e9en. Leur installation encastr\u00e9e permet d'\u00e9conomiser de l'espace, d'\u00eatre stable et d'avoir une belle apparence en m\u00eame temps.<\/li>\n\n\n\n<li><strong>Finition en gla\u00e7age blanc brillant :<\/strong> L'\u00e9mail blanc brillant des bassins en c\u00e9ramique de gros est r\u00e9sistant aux taches, aux fissures et se nettoie facilement pour rester d'un blanc brillant pendant longtemps. Parfait pour les distributeurs en gros pour les projets h\u00f4teliers, les projets de construction ou d'autres achats en gros \u00e0 des prix comp\u00e9titifs.<\/li>\n<\/ul>\n<\/div>\n\n\n\n<div class=\"wp-block-column is-layout-flow wp-block-column-is-layout-flow\">\n<figure class=\"wp-block-image size-full\"><img fetchpriority=\"high\" decoding=\"async\" width=\"800\" height=\"800\" src=\"https:\/\/www.ceramicbasin.com\/wp-content\/uploads\/2025\/10\/european-custom-drop-in-bathroom-sinks-ceramic-basin-bulk-5.webp\" alt=\"european-custom-drop-in-bathroom-sinks-ceramic-basin-bulk-5\" class=\"wp-image-8445\" srcset=\"https:\/\/www.ceramicbasin.com\/wp-content\/uploads\/2025\/10\/european-custom-drop-in-bathroom-sinks-ceramic-basin-bulk-5.webp 800w, https:\/\/www.ceramicbasin.com\/wp-content\/uploads\/2025\/10\/european-custom-drop-in-bathroom-sinks-ceramic-basin-bulk-5-300x300.webp 300w, https:\/\/www.ceramicbasin.com\/wp-content\/uploads\/2025\/10\/european-custom-drop-in-bathroom-sinks-ceramic-basin-bulk-5-150x150.webp 150w, https:\/\/www.ceramicbasin.com\/wp-content\/uploads\/2025\/10\/european-custom-drop-in-bathroom-sinks-ceramic-basin-bulk-5-768x768.webp 768w, https:\/\/www.ceramicbasin.com\/wp-content\/uploads\/2025\/10\/european-custom-drop-in-bathroom-sinks-ceramic-basin-bulk-5-12x12.webp 12w, https:\/\/www.ceramicbasin.com\/wp-content\/uploads\/2025\/10\/european-custom-drop-in-bathroom-sinks-ceramic-basin-bulk-5-285x285.webp 285w, https:\/\/www.ceramicbasin.com\/wp-content\/uploads\/2025\/10\/european-custom-drop-in-bathroom-sinks-ceramic-basin-bulk-5-270x270.webp 270w, https:\/\/www.ceramicbasin.com\/wp-content\/uploads\/2025\/10\/european-custom-drop-in-bathroom-sinks-ceramic-basin-bulk-5-540x540.webp 540w, https:\/\/www.ceramicbasin.com\/wp-content\/uploads\/2025\/10\/european-custom-drop-in-bathroom-sinks-ceramic-basin-bulk-5-660x660.webp 660w\" sizes=\"(max-width: 800px) 100vw, 800px\" \/><\/figure>\n<\/div>\n<\/div>","protected":false},"excerpt":{"rendered":"<p>Bienvenue dans l'achat de ces \u00e9viers de salle de bain \u00e0 poser au design europ\u00e9en rectangulaire, fabriqu\u00e9s en c\u00e9ramique de haute qualit\u00e9 pour la durabilit\u00e9 et l'\u00e9l\u00e9gance. Il est facile \u00e0 installer, sans tache, et convient aux h\u00f4tels, aux maisons et \u00e0 toutes les salles de bains commerciales. Achetez en vrac et en OEM, le vendeur peut vous fournir le produit sous votre propre marque pour votre march\u00e9.<\/p>\n<table style=\"border-collapse: collapse; width: 311.02pt;\" border=\"0\" width=\"311\" cellspacing=\"0\" cellpadding=\"0\">\n<tbody>\n<tr style=\"height: 17.60pt;\">\n<td class=\"et3\" style=\"height: 17.60pt; width: 108.35pt;\" width=\"108\" height=\"17\">Fabricant<\/td>\n<td class=\"et3\" style=\"width: 202.95pt;\" width=\"202\">HanYu<\/td>\n<\/tr>\n<tr style=\"height: 17.60pt;\">\n<td class=\"et3\" style=\"height: 17.60pt;\" height=\"17\">Num\u00e9ro de mod\u00e8le.<\/td>\n<td class=\"et4\">HY-5075<\/td>\n<\/tr>\n<tr style=\"height: 18.00pt;\">\n<td class=\"et3\" style=\"height: 18.00pt;\" height=\"18\">Type<\/td>\n<td class=\"et5\" style=\"width: 202.95pt;\" width=\"202\">Bassin d'abaissement<\/td>\n<\/tr>\n<tr style=\"height: 17.60pt;\">\n<td class=\"et3\" style=\"height: 17.60pt;\" height=\"17\">Forme<\/td>\n<td class=\"et3\">Forme rectangulaire<\/td>\n<\/tr>\n<tr style=\"height: 18.00pt;\">\n<td class=\"et4\" style=\"height: 18.00pt;\" height=\"18\">Couleur<\/td>\n<td class=\"et5\" style=\"width: 202.95pt;\" width=\"202\">Blanc<\/td>\n<\/tr>\n<tr style=\"height: 18.00pt;\">\n<td class=\"et3\" style=\"height: 18.00pt;\" height=\"18\">Dimension<\/td>\n<td class=\"et5\" style=\"width: 202.95pt;\" width=\"202\">60*40.5*15<\/td>\n<\/tr>\n<tr style=\"height: 17.60pt;\">\n<td class=\"et3\" style=\"height: 17.60pt;\" height=\"17\">N.W \/SET<\/td>\n<td class=\"et3\">\u00a018KGS\/PCS<\/td>\n<\/tr>\n<tr style=\"height: 17.60pt;\">\n<td class=\"et3\" style=\"height: 17.60pt;\" height=\"17\">MOQ<\/td>\n<td class=\"et3\">20pcs<\/td>\n<\/tr>\n<tr style=\"height: 17.60pt;\">\n<td class=\"et3\" style=\"height: 17.60pt;\" height=\"17\">Option personnalis\u00e9e<\/td>\n<td class=\"et3\">Couleur\/Pattenue\/Taille\/Logo\/Emballage<\/td>\n<\/tr>\n<\/tbody>\n<\/table>","protected":false},"featured_media":8446,"comment_status":"closed","ping_status":"closed","template":"","meta":{"_acf_changed":false},"product_brand":[],"product_cat":[51],"product_tag":[],"class_list":{"0":"post-8177","1":"product","2":"type-product","3":"status-publish","4":"has-post-thumbnail","6":"product_cat-wholesale-drop-in-sinks","8":"first","9":"instock","10":"shipping-taxable","11":"product-type-simple"},"acf":[],"_links":{"self":[{"href":"https:\/\/www.ceramicbasin.com\/fr\/wp-json\/wp\/v2\/product\/8177","targetHints":{"allow":["GET"]}}],"collection":[{"href":"https:\/\/www.ceramicbasin.com\/fr\/wp-json\/wp\/v2\/product"}],"about":[{"href":"https:\/\/www.ceramicbasin.com\/fr\/wp-json\/wp\/v2\/types\/product"}],"replies":[{"embeddable":true,"href":"https:\/\/www.ceramicbasin.com\/fr\/wp-json\/wp\/v2\/comments?post=8177"}],"wp:featuredmedia":[{"embeddable":true,"href":"https:\/\/www.ceramicbasin.com\/fr\/wp-json\/wp\/v2\/media\/8446"}],"wp:attachment":[{"href":"https:\/\/www.ceramicbasin.com\/fr\/wp-json\/wp\/v2\/media?parent=8177"}],"wp:term":[{"taxonomy":"product_brand","embeddable":true,"href":"https:\/\/www.ceramicbasin.com\/fr\/wp-json\/wp\/v2\/product_brand?post=8177"},{"taxonomy":"product_cat","embeddable":true,"href":"https:\/\/www.ceramicbasin.com\/fr\/wp-json\/wp\/v2\/product_cat?post=8177"},{"taxonomy":"product_tag","embeddable":true,"href":"https:\/\/www.ceramicbasin.com\/fr\/wp-json\/wp\/v2\/product_tag?post=8177"}],"curies":[{"name":"wp","href":"https:\/\/api.w.org\/{rel}","templated":true}]}}