{"id":8217,"date":"2025-11-01T03:30:13","date_gmt":"2025-11-01T03:30:13","guid":{"rendered":"https:\/\/www.ceramicbasin.com\/?post_type=product&#038;p=8217"},"modified":"2025-11-07T02:55:31","modified_gmt":"2025-11-07T02:55:31","slug":"wholesale-ceramic-art-basin","status":"publish","type":"product","link":"https:\/\/www.ceramicbasin.com\/fr\/produit\/wholesale-ceramic-art-basin\/","title":{"rendered":"Wholesale Ceramic Art Basin, Luxury Galaxy Purple Sink Bowls (cuvette d'\u00e9vier de luxe en c\u00e9ramique violette)"},"content":{"rendered":"<div class=\"wp-block-columns is-layout-flex wp-container-core-columns-is-layout-9d6595d7 wp-block-columns-is-layout-flex\">\n<div class=\"wp-block-column is-layout-flow wp-block-column-is-layout-flow\">\n<h2 class=\"wp-block-heading\">Bassin d'art en c\u00e9ramique de premi\u00e8re qualit\u00e9 en gros Caract\u00e9ristiques :<\/h2>\n\n\n\n<ul class=\"wp-block-list\">\n<li><strong>Esth\u00e9tique luxueuse du ciel \u00e9toil\u00e9 :<\/strong> L'\u00e9mail unique \u201cGalaxy Purple\u201d de cette vasque en c\u00e9ramique d'art en gros pr\u00e9sente un d\u00e9licat chatoiement nacr\u00e9 et de l\u00e9g\u00e8res variations de couleur qui imitent l'apparence d'une galaxie scell\u00e9e et \u00e9blouissante \u00e0 l'int\u00e9rieur de la c\u00e9ramique. Cela rehausse consid\u00e9rablement le style artistique et le luxe de la salle de bains.<\/li>\n\n\n\n<li><strong>Mat\u00e9riau c\u00e9ramique de haute qualit\u00e9 : <\/strong>Nos cuvettes d'\u00e9vier de salle de bains sont fabriqu\u00e9es \u00e0 partir de mati\u00e8res premi\u00e8res c\u00e9ramiques de qualit\u00e9 et cuites \u00e0 haute temp\u00e9rature. Il en r\u00e9sulte une texture dense, une gla\u00e7ure r\u00e9sistante \u00e0 l'usure et une r\u00e9sistance aux taches facile \u00e0 nettoyer.<\/li>\n\n\n\n<li><strong>Service de personnalisation flexible : <\/strong>Notre bassin d'art c\u00e9ramique en gros n'offre pas seulement des tailles standard, mais permet \u00e9galement une personnalisation bas\u00e9e sur vos plans de conception, y compris la forme, la taille ou l'effet de gla\u00e7age, r\u00e9alisant parfaitement vos id\u00e9es cr\u00e9atives uniques.<\/li>\n\n\n\n<li><strong>Livraison stable et rapide :<\/strong> Gr\u00e2ce \u00e0 une cha\u00eene d'approvisionnement efficace et \u00e0 des stocks suffisants, nous pouvons fournir un service de livraison stable et rapide pour nos bols d'\u00e9vier de salle de bain en gros, sans perturber le travail des grands projets.<\/li>\n<\/ul>\n<\/div>\n\n\n\n<div class=\"wp-block-column is-layout-flow wp-block-column-is-layout-flow\">\n<figure class=\"wp-block-image size-full\"><img fetchpriority=\"high\" decoding=\"async\" width=\"1024\" height=\"1024\" src=\"https:\/\/www.ceramicbasin.com\/wp-content\/uploads\/2025\/11\/wholesale-ceramic-art-basin-luxury-galaxy-purple-sink-bowls-2.webp\" alt=\"wholesale-ceramic-art-basin-luxury-galaxy-purple-sink-bowls-2\" class=\"wp-image-8433\" srcset=\"https:\/\/www.ceramicbasin.com\/wp-content\/uploads\/2025\/11\/wholesale-ceramic-art-basin-luxury-galaxy-purple-sink-bowls-2.webp 1024w, https:\/\/www.ceramicbasin.com\/wp-content\/uploads\/2025\/11\/wholesale-ceramic-art-basin-luxury-galaxy-purple-sink-bowls-2-300x300.webp 300w, https:\/\/www.ceramicbasin.com\/wp-content\/uploads\/2025\/11\/wholesale-ceramic-art-basin-luxury-galaxy-purple-sink-bowls-2-150x150.webp 150w, https:\/\/www.ceramicbasin.com\/wp-content\/uploads\/2025\/11\/wholesale-ceramic-art-basin-luxury-galaxy-purple-sink-bowls-2-768x768.webp 768w, https:\/\/www.ceramicbasin.com\/wp-content\/uploads\/2025\/11\/wholesale-ceramic-art-basin-luxury-galaxy-purple-sink-bowls-2-12x12.webp 12w, https:\/\/www.ceramicbasin.com\/wp-content\/uploads\/2025\/11\/wholesale-ceramic-art-basin-luxury-galaxy-purple-sink-bowls-2-285x285.webp 285w, https:\/\/www.ceramicbasin.com\/wp-content\/uploads\/2025\/11\/wholesale-ceramic-art-basin-luxury-galaxy-purple-sink-bowls-2-270x270.webp 270w, https:\/\/www.ceramicbasin.com\/wp-content\/uploads\/2025\/11\/wholesale-ceramic-art-basin-luxury-galaxy-purple-sink-bowls-2-540x540.webp 540w, https:\/\/www.ceramicbasin.com\/wp-content\/uploads\/2025\/11\/wholesale-ceramic-art-basin-luxury-galaxy-purple-sink-bowls-2-660x660.webp 660w\" sizes=\"(max-width: 1024px) 100vw, 1024px\" \/><\/figure>\n<\/div>\n<\/div>","protected":false},"excerpt":{"rendered":"<p>Bienvenue sur le site d'achat de vasques d'\u00e9vier de salle de bains. Notre vasque d'art en c\u00e9ramique est con\u00e7ue avec une gla\u00e7ure unique \u201cGalaxy Purple\u201d, ajoutant le romantisme et le myst\u00e8re de l'immense ciel \u00e9toil\u00e9 au contexte de la salle de bains.<\/p>\n<table style=\"border-collapse: collapse; width: 311.02pt;\" border=\"0\" width=\"311\" cellspacing=\"0\" cellpadding=\"0\">\n<tbody>\n<tr style=\"height: 17.60pt;\">\n<td class=\"et3\" style=\"height: 17.60pt; width: 108.35pt;\" width=\"108\" height=\"17\">Fabricant<\/td>\n<td class=\"et3\" style=\"width: 202.95pt;\" width=\"202\">HanYu<\/td>\n<\/tr>\n<tr style=\"height: 17.60pt;\">\n<td class=\"et3\" style=\"height: 17.60pt;\" height=\"17\">Num\u00e9ro de mod\u00e8le.<\/td>\n<td class=\"et4\">HY-8069D36<\/td>\n<\/tr>\n<tr style=\"height: 36.00pt;\">\n<td class=\"et3\" style=\"height: 36.00pt;\" height=\"36\">Type<\/td>\n<td class=\"et5\" style=\"width: 202.95pt;\" width=\"202\">Cuvette en marbre, cuvette de comptoir<\/td>\n<\/tr>\n<tr style=\"height: 17.60pt;\">\n<td class=\"et3\" style=\"height: 17.60pt;\" height=\"17\">Forme<\/td>\n<td class=\"et3\">Forme ronde<\/td>\n<\/tr>\n<tr style=\"height: 18.00pt;\">\n<td class=\"et4\" style=\"height: 18.00pt;\" height=\"18\">Couleur<\/td>\n<td class=\"et5\" style=\"width: 202.95pt;\" width=\"202\">marbre<\/td>\n<\/tr>\n<tr style=\"height: 18.00pt;\">\n<td class=\"et3\" style=\"height: 18.00pt;\" height=\"18\">Dimension<\/td>\n<td class=\"et5\" style=\"width: 202.95pt;\" width=\"202\">41.5*41.5*13.5<\/td>\n<\/tr>\n<tr style=\"height: 17.60pt;\">\n<td class=\"et3\" style=\"height: 17.60pt;\" height=\"17\">N.W \/SET<\/td>\n<td class=\"et3\">8 KGS\/PCS<\/td>\n<\/tr>\n<tr style=\"height: 17.60pt;\">\n<td class=\"et3\" style=\"height: 17.60pt;\" height=\"17\">MOQ<\/td>\n<td class=\"et3\">20pcs<\/td>\n<\/tr>\n<tr style=\"height: 17.60pt;\">\n<td class=\"et3\" style=\"height: 17.60pt;\" height=\"17\">Option personnalis\u00e9e<\/td>\n<td class=\"et3\">Couleur\/Pattenue\/Taille\/Logo\/Emballage<\/td>\n<\/tr>\n<\/tbody>\n<\/table>","protected":false},"featured_media":8435,"comment_status":"closed","ping_status":"closed","template":"","meta":{"_acf_changed":false},"product_brand":[],"product_cat":[50],"product_tag":[],"class_list":{"0":"post-8217","1":"product","2":"type-product","3":"status-publish","4":"has-post-thumbnail","6":"product_cat-wholesale-countertop-sinks","8":"first","9":"instock","10":"shipping-taxable","11":"product-type-simple"},"acf":[],"_links":{"self":[{"href":"https:\/\/www.ceramicbasin.com\/fr\/wp-json\/wp\/v2\/product\/8217","targetHints":{"allow":["GET"]}}],"collection":[{"href":"https:\/\/www.ceramicbasin.com\/fr\/wp-json\/wp\/v2\/product"}],"about":[{"href":"https:\/\/www.ceramicbasin.com\/fr\/wp-json\/wp\/v2\/types\/product"}],"replies":[{"embeddable":true,"href":"https:\/\/www.ceramicbasin.com\/fr\/wp-json\/wp\/v2\/comments?post=8217"}],"wp:featuredmedia":[{"embeddable":true,"href":"https:\/\/www.ceramicbasin.com\/fr\/wp-json\/wp\/v2\/media\/8435"}],"wp:attachment":[{"href":"https:\/\/www.ceramicbasin.com\/fr\/wp-json\/wp\/v2\/media?parent=8217"}],"wp:term":[{"taxonomy":"product_brand","embeddable":true,"href":"https:\/\/www.ceramicbasin.com\/fr\/wp-json\/wp\/v2\/product_brand?post=8217"},{"taxonomy":"product_cat","embeddable":true,"href":"https:\/\/www.ceramicbasin.com\/fr\/wp-json\/wp\/v2\/product_cat?post=8217"},{"taxonomy":"product_tag","embeddable":true,"href":"https:\/\/www.ceramicbasin.com\/fr\/wp-json\/wp\/v2\/product_tag?post=8217"}],"curies":[{"name":"wp","href":"https:\/\/api.w.org\/{rel}","templated":true}]}}