{"id":8227,"date":"2025-11-01T02:57:06","date_gmt":"2025-11-01T02:57:06","guid":{"rendered":"https:\/\/www.ceramicbasin.com\/?post_type=product&#038;p=8227"},"modified":"2025-11-01T02:57:12","modified_gmt":"2025-11-01T02:57:12","slug":"wholesale-bathroom-lavatory-sink","status":"publish","type":"product","link":"https:\/\/www.ceramicbasin.com\/fr\/produit\/wholesale-bathroom-lavatory-sink\/","title":{"rendered":"Wholesale Bathroom Lavatory Sink, Tiffany Blue Wash Basins"},"content":{"rendered":"<div class=\"wp-block-columns is-layout-flex wp-container-core-columns-is-layout-9d6595d7 wp-block-columns-is-layout-flex\">\n<div class=\"wp-block-column is-layout-flow wp-block-column-is-layout-flow\">\n<h2 class=\"wp-block-heading\">Premium Wholesale Bathroom Lavatory Sink Caract\u00e9ristiques :<\/h2>\n\n\n\n<ul class=\"wp-block-list\">\n<li><strong>Design bicolore frappant : <\/strong>Ce lavabo de salle de bain en gros a un int\u00e9rieur bleu Tiffany vibrant et un ext\u00e9rieur en marbre qui se compl\u00e8tent parfaitement pour des touches artistiques et une sensation haut de gamme, am\u00e9liorant le style des salles de bain.<\/li>\n\n\n\n<li><strong>Mat\u00e9riaux de haute qualit\u00e9 :<\/strong> Le gla\u00e7age int\u00e9rieur de ces lavabos en vrac est lisse, facile \u00e0 nettoyer et r\u00e9sistera \u00e0 des lavages r\u00e9p\u00e9t\u00e9s tout en conservant la couleur d\u00e9corative. L'ext\u00e9rieur est en marbre, durable, facile \u00e0 nettoyer, r\u00e9sistant aux taches et \u00e0 l'usure, alliant la beaut\u00e9 \u00e0 ses aspects fonctionnels.<\/li>\n\n\n\n<li><strong>Service de personnalisation flexible :<\/strong> Nos lavabos de salle de bain en gros peuvent \u00eatre personnalis\u00e9s en fonction des besoins de votre projet, tels que les dimensions, les modes d'installation et les d\u00e9tails de couleur jug\u00e9s par diff\u00e9rents sc\u00e9narios commerciaux et r\u00e9sidentiels.<\/li>\n\n\n\n<li><strong>Logistique et livraison efficaces :<\/strong> En achetant nos lavabos en gros, vous pourrez mieux optimiser votre cha\u00eene d'approvisionnement et la gestion de vos stocks, car vos commandes seront trait\u00e9es rapidement pour une livraison rapide, ce qui raccourcira le cycle d'approvisionnement et permettra d'achever le projet en temps voulu.<\/li>\n<\/ul>\n<\/div>\n\n\n\n<div class=\"wp-block-column is-layout-flow wp-block-column-is-layout-flow\">\n<figure class=\"wp-block-image size-full\"><img fetchpriority=\"high\" decoding=\"async\" width=\"1024\" height=\"1024\" src=\"https:\/\/www.ceramicbasin.com\/wp-content\/uploads\/2025\/10\/Custom-Ceramic-Lavabo-Sink-Washbasin-Marble-Porcelain-Art-Sink-4.webp\" alt=\"Lavabo en c\u00e9ramique sur mesure, Lavabo Marbre Porcelaine Art Sink\" class=\"wp-image-8231\" srcset=\"https:\/\/www.ceramicbasin.com\/wp-content\/uploads\/2025\/10\/Custom-Ceramic-Lavabo-Sink-Washbasin-Marble-Porcelain-Art-Sink-4.webp 1024w, https:\/\/www.ceramicbasin.com\/wp-content\/uploads\/2025\/10\/Custom-Ceramic-Lavabo-Sink-Washbasin-Marble-Porcelain-Art-Sink-4-300x300.webp 300w, https:\/\/www.ceramicbasin.com\/wp-content\/uploads\/2025\/10\/Custom-Ceramic-Lavabo-Sink-Washbasin-Marble-Porcelain-Art-Sink-4-150x150.webp 150w, https:\/\/www.ceramicbasin.com\/wp-content\/uploads\/2025\/10\/Custom-Ceramic-Lavabo-Sink-Washbasin-Marble-Porcelain-Art-Sink-4-768x768.webp 768w, https:\/\/www.ceramicbasin.com\/wp-content\/uploads\/2025\/10\/Custom-Ceramic-Lavabo-Sink-Washbasin-Marble-Porcelain-Art-Sink-4-12x12.webp 12w, https:\/\/www.ceramicbasin.com\/wp-content\/uploads\/2025\/10\/Custom-Ceramic-Lavabo-Sink-Washbasin-Marble-Porcelain-Art-Sink-4-285x285.webp 285w, https:\/\/www.ceramicbasin.com\/wp-content\/uploads\/2025\/10\/Custom-Ceramic-Lavabo-Sink-Washbasin-Marble-Porcelain-Art-Sink-4-270x270.webp 270w, https:\/\/www.ceramicbasin.com\/wp-content\/uploads\/2025\/10\/Custom-Ceramic-Lavabo-Sink-Washbasin-Marble-Porcelain-Art-Sink-4-540x540.webp 540w, https:\/\/www.ceramicbasin.com\/wp-content\/uploads\/2025\/10\/Custom-Ceramic-Lavabo-Sink-Washbasin-Marble-Porcelain-Art-Sink-4-660x660.webp 660w\" sizes=\"(max-width: 1024px) 100vw, 1024px\" \/><\/figure>\n<\/div>\n<\/div>","protected":false},"excerpt":{"rendered":"<p>Bienvenue sur le site d'achat en gros de lavabos de salle de bains. Notre lavabo en gros pr\u00e9sente un style bicolore attrayant, avec un gla\u00e7age bleu Tiffany brillant \u00e0 l'int\u00e9rieur, et un ext\u00e9rieur con\u00e7u pour imiter l'aspect naturel du marbre, pour lui donner une sensation de luxe et de sportivit\u00e9.<\/p>\n<table style=\"border-collapse: collapse; width: 311.02pt;\" border=\"0\" width=\"311\" cellspacing=\"0\" cellpadding=\"0\">\n<tbody>\n<tr style=\"height: 17.60pt;\">\n<td class=\"et3\" style=\"height: 17.60pt; width: 108.35pt;\" width=\"108\" height=\"17\">Fabricant<\/td>\n<td class=\"et3\" style=\"width: 202.95pt;\" width=\"202\">HanYu<\/td>\n<\/tr>\n<tr style=\"height: 17.60pt;\">\n<td class=\"et3\" style=\"height: 17.60pt;\" height=\"17\">Num\u00e9ro de mod\u00e8le.<\/td>\n<td class=\"et4\">HY-8069D40<\/td>\n<\/tr>\n<tr style=\"height: 36.00pt;\">\n<td class=\"et3\" style=\"height: 36.00pt;\" height=\"36\">Type<\/td>\n<td class=\"et5\" style=\"width: 202.95pt;\" width=\"202\">Cuvette en marbre, cuvette de comptoir<\/td>\n<\/tr>\n<tr style=\"height: 17.60pt;\">\n<td class=\"et3\" style=\"height: 17.60pt;\" height=\"17\">Forme<\/td>\n<td class=\"et3\">Forme ronde<\/td>\n<\/tr>\n<tr style=\"height: 18.00pt;\">\n<td class=\"et4\" style=\"height: 18.00pt;\" height=\"18\">Couleur<\/td>\n<td class=\"et5\" style=\"width: 202.95pt;\" width=\"202\">marbre<\/td>\n<\/tr>\n<tr style=\"height: 18.00pt;\">\n<td class=\"et3\" style=\"height: 18.00pt;\" height=\"18\">Dimension<\/td>\n<td class=\"et5\" style=\"width: 202.95pt;\" width=\"202\">41.5*41.5*13.5<\/td>\n<\/tr>\n<tr style=\"height: 17.60pt;\">\n<td class=\"et3\" style=\"height: 17.60pt;\" height=\"17\">N.W \/SET<\/td>\n<td class=\"et3\">8 KGS\/PCS<\/td>\n<\/tr>\n<tr style=\"height: 17.60pt;\">\n<td class=\"et3\" style=\"height: 17.60pt;\" height=\"17\">MOQ<\/td>\n<td class=\"et3\">20pcs<\/td>\n<\/tr>\n<tr style=\"height: 17.60pt;\">\n<td class=\"et3\" style=\"height: 17.60pt;\" height=\"17\">Option personnalis\u00e9e<\/td>\n<td class=\"et3\">Couleur\/Pattenue\/Taille\/Logo\/Emballage<\/td>\n<\/tr>\n<\/tbody>\n<\/table>","protected":false},"featured_media":8230,"comment_status":"closed","ping_status":"closed","template":"","meta":{"_acf_changed":false},"product_brand":[],"product_cat":[50],"product_tag":[],"class_list":{"0":"post-8227","1":"product","2":"type-product","3":"status-publish","4":"has-post-thumbnail","6":"product_cat-wholesale-countertop-sinks","8":"first","9":"instock","10":"shipping-taxable","11":"product-type-simple"},"acf":[],"_links":{"self":[{"href":"https:\/\/www.ceramicbasin.com\/fr\/wp-json\/wp\/v2\/product\/8227","targetHints":{"allow":["GET"]}}],"collection":[{"href":"https:\/\/www.ceramicbasin.com\/fr\/wp-json\/wp\/v2\/product"}],"about":[{"href":"https:\/\/www.ceramicbasin.com\/fr\/wp-json\/wp\/v2\/types\/product"}],"replies":[{"embeddable":true,"href":"https:\/\/www.ceramicbasin.com\/fr\/wp-json\/wp\/v2\/comments?post=8227"}],"wp:featuredmedia":[{"embeddable":true,"href":"https:\/\/www.ceramicbasin.com\/fr\/wp-json\/wp\/v2\/media\/8230"}],"wp:attachment":[{"href":"https:\/\/www.ceramicbasin.com\/fr\/wp-json\/wp\/v2\/media?parent=8227"}],"wp:term":[{"taxonomy":"product_brand","embeddable":true,"href":"https:\/\/www.ceramicbasin.com\/fr\/wp-json\/wp\/v2\/product_brand?post=8227"},{"taxonomy":"product_cat","embeddable":true,"href":"https:\/\/www.ceramicbasin.com\/fr\/wp-json\/wp\/v2\/product_cat?post=8227"},{"taxonomy":"product_tag","embeddable":true,"href":"https:\/\/www.ceramicbasin.com\/fr\/wp-json\/wp\/v2\/product_tag?post=8227"}],"curies":[{"name":"wp","href":"https:\/\/api.w.org\/{rel}","templated":true}]}}