{"id":8362,"date":"2025-11-06T01:26:15","date_gmt":"2025-11-06T01:26:15","guid":{"rendered":"https:\/\/www.ceramicbasin.com\/?post_type=product&#038;p=8362"},"modified":"2025-11-07T02:46:50","modified_gmt":"2025-11-07T02:46:50","slug":"oval-bathroom-basin-wholesale","status":"publish","type":"product","link":"https:\/\/www.ceramicbasin.com\/fr\/produit\/oval-bathroom-basin-wholesale\/","title":{"rendered":"Bassin de salle de bain ovale Wholesale, Ceramic Countertop Sink Bulk (\u00e9vier de comptoir en c\u00e9ramique en vrac)"},"content":{"rendered":"<div class=\"wp-block-columns is-layout-flex wp-container-core-columns-is-layout-9d6595d7 wp-block-columns-is-layout-flex\">\n<div class=\"wp-block-column is-layout-flow wp-block-column-is-layout-flow\">\n<h2 class=\"wp-block-heading\">Premium Oval Bathroom Basin Wholesale Caract\u00e9ristiques :<\/h2>\n\n\n\n<ul class=\"wp-block-list\">\n<li><strong>De haute qualit\u00e9 et durable :<\/strong> Cette vasque de salle de bains ovale en gros est fabriqu\u00e9e en c\u00e9ramique de haute qualit\u00e9 et a fait l'objet d'un processus de fabrication rigoureux afin de garantir que le produit est durable, r\u00e9sistant aux taches et aux rayures.<\/li>\n\n\n\n<li><strong>Forme ovale :<\/strong> La forme de nos \u00e9viers de comptoir en c\u00e9ramique en gros est une forme ovale sans effort. Cette forme ovale simple est classique et \u00e9l\u00e9gante, ajoutant au style g\u00e9n\u00e9ral de l'environnement de la salle de bains et peut \u00eatre parfaitement assortie \u00e0 tout style de d\u00e9coration de salle de bains.<\/li>\n\n\n\n<li><strong>Fourniture directe par l'usine : <\/strong>Nos vasques de comptoir de salle de bain personnalis\u00e9es proviennent directement de l'usine et vous fourniront des produits de bonne qualit\u00e9 au prix le plus comp\u00e9titif. De plus, pour les commandes en gros, vous obtenez des prix de gros ; cela vous aide \u00e0 \u00e9conomiser sur les co\u00fbts des produits et \u00e0 augmenter votre marge de profit.<\/li>\n\n\n\n<li><strong>Possibilit\u00e9 de vente en gros et de personnalisation : <\/strong>La vasque de salle de bains ovale en gros est con\u00e7ue pour \u00eatre install\u00e9e sur un comptoir et offre un choix de plusieurs tailles et couleurs. La personnalisation OEM\/ODM est possible pour r\u00e9pondre aux besoins des projets h\u00f4teliers et commerciaux.<\/li>\n<\/ul>\n<\/div>\n\n\n\n<div class=\"wp-block-column is-layout-flow wp-block-column-is-layout-flow\">\n<figure class=\"wp-block-image size-full\"><img fetchpriority=\"high\" decoding=\"async\" width=\"656\" height=\"928\" src=\"https:\/\/www.ceramicbasin.com\/wp-content\/uploads\/2025\/11\/oval-bathroom-basin-wholesale-ceramic-countertop-sink-bulk-6.webp\" alt=\"oval-bathroom-basin-wholesale-ceramic-countertop-sink-bulk-6\" class=\"wp-image-8426\" srcset=\"https:\/\/www.ceramicbasin.com\/wp-content\/uploads\/2025\/11\/oval-bathroom-basin-wholesale-ceramic-countertop-sink-bulk-6.webp 656w, https:\/\/www.ceramicbasin.com\/wp-content\/uploads\/2025\/11\/oval-bathroom-basin-wholesale-ceramic-countertop-sink-bulk-6-212x300.webp 212w, https:\/\/www.ceramicbasin.com\/wp-content\/uploads\/2025\/11\/oval-bathroom-basin-wholesale-ceramic-countertop-sink-bulk-6-8x12.webp 8w, https:\/\/www.ceramicbasin.com\/wp-content\/uploads\/2025\/11\/oval-bathroom-basin-wholesale-ceramic-countertop-sink-bulk-6-285x403.webp 285w, https:\/\/www.ceramicbasin.com\/wp-content\/uploads\/2025\/11\/oval-bathroom-basin-wholesale-ceramic-countertop-sink-bulk-6-467x660.webp 467w, https:\/\/www.ceramicbasin.com\/wp-content\/uploads\/2025\/11\/oval-bathroom-basin-wholesale-ceramic-countertop-sink-bulk-6-106x150.webp 106w\" sizes=\"(max-width: 656px) 100vw, 656px\" \/><\/figure>\n<\/div>\n<\/div>\n\n\n\n<p><\/p>","protected":false},"excerpt":{"rendered":"<p>Nous vous invitons \u00e0 acheter en gros cette vasque de salle de bains ovale. HanYu fournit des vasques de salle de bain personnalis\u00e9es de haute qualit\u00e9 en vrac directement depuis notre usine, et propose un service personnalis\u00e9 au prix le plus comp\u00e9titif. Le design \u00e9l\u00e9gant et rationalis\u00e9 de nos vasques en gros s'int\u00e8gre dans diff\u00e9rents styles de salle de bain, id\u00e9al pour les salles de bain d'h\u00f4tel, les projets commerciaux et la personnalisation en gros.<\/p>\n<table width=\"311\">\n<tbody>\n<tr>\n<td width=\"108\">Fabricant<\/td>\n<td width=\"202\">HanYu<\/td>\n<\/tr>\n<tr>\n<td>Num\u00e9ro de mod\u00e8le.<\/td>\n<td>HY-8171A<\/td>\n<\/tr>\n<tr>\n<td>Type<\/td>\n<td>Bassin de comptoir<\/td>\n<\/tr>\n<tr>\n<td>Forme<\/td>\n<td>Ovale\u00a0<\/td>\n<\/tr>\n<tr>\n<td>Couleur<\/td>\n<td>Blanc<\/td>\n<\/tr>\n<tr>\n<td>Dimension<\/td>\n<td width=\"202\">42*30*12<\/td>\n<\/tr>\n<tr>\n<td>N.W \/SET<\/td>\n<td>11KG\/PCS<\/td>\n<\/tr>\n<tr>\n<td>MOQ<\/td>\n<td>20pcs<\/td>\n<\/tr>\n<tr>\n<td>Option personnalis\u00e9e<\/td>\n<td>Couleur\/Pattenue\/Taille\/Logo\/Emballage<\/td>\n<\/tr>\n<\/tbody>\n<\/table>","protected":false},"featured_media":8421,"comment_status":"closed","ping_status":"closed","template":"","meta":{"_acf_changed":false},"product_brand":[],"product_cat":[50],"product_tag":[],"class_list":{"0":"post-8362","1":"product","2":"type-product","3":"status-publish","4":"has-post-thumbnail","6":"product_cat-wholesale-countertop-sinks","8":"first","9":"instock","10":"shipping-taxable","11":"product-type-simple"},"acf":[],"_links":{"self":[{"href":"https:\/\/www.ceramicbasin.com\/fr\/wp-json\/wp\/v2\/product\/8362","targetHints":{"allow":["GET"]}}],"collection":[{"href":"https:\/\/www.ceramicbasin.com\/fr\/wp-json\/wp\/v2\/product"}],"about":[{"href":"https:\/\/www.ceramicbasin.com\/fr\/wp-json\/wp\/v2\/types\/product"}],"replies":[{"embeddable":true,"href":"https:\/\/www.ceramicbasin.com\/fr\/wp-json\/wp\/v2\/comments?post=8362"}],"wp:featuredmedia":[{"embeddable":true,"href":"https:\/\/www.ceramicbasin.com\/fr\/wp-json\/wp\/v2\/media\/8421"}],"wp:attachment":[{"href":"https:\/\/www.ceramicbasin.com\/fr\/wp-json\/wp\/v2\/media?parent=8362"}],"wp:term":[{"taxonomy":"product_brand","embeddable":true,"href":"https:\/\/www.ceramicbasin.com\/fr\/wp-json\/wp\/v2\/product_brand?post=8362"},{"taxonomy":"product_cat","embeddable":true,"href":"https:\/\/www.ceramicbasin.com\/fr\/wp-json\/wp\/v2\/product_cat?post=8362"},{"taxonomy":"product_tag","embeddable":true,"href":"https:\/\/www.ceramicbasin.com\/fr\/wp-json\/wp\/v2\/product_tag?post=8362"}],"curies":[{"name":"wp","href":"https:\/\/api.w.org\/{rel}","templated":true}]}}