{"id":8380,"date":"2025-11-06T02:30:40","date_gmt":"2025-11-06T02:30:40","guid":{"rendered":"https:\/\/www.ceramicbasin.com\/?post_type=product&#038;p=8380"},"modified":"2025-11-07T01:49:02","modified_gmt":"2025-11-07T01:49:02","slug":"wholesale-round-bathroom-sink","status":"publish","type":"product","link":"https:\/\/www.ceramicbasin.com\/fr\/produit\/wholesale-round-bathroom-sink\/","title":{"rendered":"Factory Wholesale Round Bathroom Sink for the Cabinet"},"content":{"rendered":"<div class=\"wp-block-columns is-layout-flex wp-container-core-columns-is-layout-9d6595d7 wp-block-columns-is-layout-flex\">\n<div class=\"wp-block-column is-layout-flow wp-block-column-is-layout-flow\">\n<h2 class=\"wp-block-heading\">Premium Factory Wholesale Round Bathroom Sink Caract\u00e9ristiques :<\/h2>\n\n\n\n<ul class=\"wp-block-list\">\n<li><strong>Vente directe \u00e0 l'usine :\u00a0<\/strong>Les \u00e9viers de salle de bain ronds de HanYu sont vendus en gros directement par l'usine, ce qui \u00e9limine la diff\u00e9rence de prix des interm\u00e9diaires. L'achat en gros d'\u00e9viers de salle de bain garantit que vous achetez des \u00e9viers de salle de bain de haute qualit\u00e9 en gros au prix le plus bas.<\/li>\n\n\n\n<li><strong>Conception circulaire, simple et \u00e9l\u00e9gante : <\/strong>L'\u00e9vier de salle de bain en c\u00e9ramique de forme ronde avec des lignes douces s'adaptera \u00e0 d'autres styles de vanit\u00e9s de salle de bain et rendra votre salle de bain compl\u00e8te. Disponible en diff\u00e9rentes tailles, couleurs, finitions de surface et personnalisation en vrac OEM\/ODM.<\/li>\n\n\n\n<li><strong>Installation facile :<\/strong> Nos lavabos et \u00e9viers de salle de bains ronds en gros sont con\u00e7us pour \u00eatre install\u00e9s sur un comptoir, ce qui permet de les monter sur un meuble. La structure est robuste et l'installation est simple.<\/li>\n\n\n\n<li><strong>Mat\u00e9riau c\u00e9ramique de haute qualit\u00e9 : <\/strong>Nos vasques de comptoir en gros sont fabriqu\u00e9es en c\u00e9ramique cuite \u00e0 haute temp\u00e9rature, l'\u00e9mail de la surface est lisse et dense, r\u00e9sistant aux rayures, aux taches, facile \u00e0 nettoyer et imperm\u00e9able, conservant son \u00e9clat m\u00eame apr\u00e8s une utilisation prolong\u00e9e.<\/li>\n<\/ul>\n<\/div>\n\n\n\n<div class=\"wp-block-column is-layout-flow wp-block-column-is-layout-flow\">\n<figure class=\"wp-block-image size-full\"><img fetchpriority=\"high\" decoding=\"async\" width=\"660\" height=\"936\" src=\"https:\/\/www.ceramicbasin.com\/wp-content\/uploads\/2025\/11\/Factory-Price-Wholesales-Round-Sinks-6.webp\" alt=\"factory-wholesale-round-bathroom-sink-for-the-cabinet-6\" class=\"wp-image-8381\" srcset=\"https:\/\/www.ceramicbasin.com\/wp-content\/uploads\/2025\/11\/Factory-Price-Wholesales-Round-Sinks-6.webp 660w, https:\/\/www.ceramicbasin.com\/wp-content\/uploads\/2025\/11\/Factory-Price-Wholesales-Round-Sinks-6-212x300.webp 212w, https:\/\/www.ceramicbasin.com\/wp-content\/uploads\/2025\/11\/Factory-Price-Wholesales-Round-Sinks-6-8x12.webp 8w, https:\/\/www.ceramicbasin.com\/wp-content\/uploads\/2025\/11\/Factory-Price-Wholesales-Round-Sinks-6-285x404.webp 285w, https:\/\/www.ceramicbasin.com\/wp-content\/uploads\/2025\/11\/Factory-Price-Wholesales-Round-Sinks-6-465x660.webp 465w, https:\/\/www.ceramicbasin.com\/wp-content\/uploads\/2025\/11\/Factory-Price-Wholesales-Round-Sinks-6-106x150.webp 106w\" sizes=\"(max-width: 660px) 100vw, 660px\" \/><\/figure>\n<\/div>\n<\/div>","protected":false},"excerpt":{"rendered":"<p>Bienvenue sur notre site de vente en gros d'\u00e9viers de salle de bain ronds. Ces lavabos de comptoir personnalis\u00e9s sont con\u00e7us pour une installation en armoire, combinant une finition glac\u00e9e lisse avec une c\u00e9ramique durable \u00e0 haute temp\u00e9rature. Ils sont vendus directement en usine pour les lavabos les plus performants au plus bas prix. Notre s\u00e9lection vari\u00e9e comprend une vari\u00e9t\u00e9 de styles, de tailles et de couleurs qui s'adapteront \u00e0 n'importe quel design dans la salle de bain pour les projets de salle de bain en gros et OEM.<\/p>\n<table style=\"border-collapse: collapse; width: 358.52pt;\" border=\"0\" width=\"478\" cellspacing=\"0\" cellpadding=\"0\">\n<tbody>\n<tr style=\"height: 17.25pt;\">\n<td class=\"et3\" style=\"height: 17.25pt; width: 125.00pt;\" width=\"166\" height=\"23\">Fabricant<\/td>\n<td class=\"et3\" style=\"width: 234.15pt;\" width=\"312\">HanYu<\/td>\n<\/tr>\n<tr style=\"height: 17.25pt;\">\n<td class=\"et3\" style=\"height: 17.25pt;\" height=\"23\">Num\u00e9ro de mod\u00e8le.<\/td>\n<td class=\"et4\">HY-8070B<\/td>\n<\/tr>\n<tr style=\"height: 17.25pt;\">\n<td class=\"et3\" style=\"height: 17.25pt;\" height=\"23\">Type<\/td>\n<td class=\"et5\" style=\"width: 234.15pt;\" width=\"312\">Bassins de comptoir<\/td>\n<\/tr>\n<tr style=\"height: 18.00pt;\">\n<td class=\"et3\" style=\"height: 18.00pt;\" height=\"24\">Forme<\/td>\n<td class=\"et3\">Forme ronde<\/td>\n<\/tr>\n<tr style=\"height: 34.50pt;\">\n<td class=\"et4\" style=\"height: 34.50pt;\" height=\"46\">Couleur<\/td>\n<td class=\"et5\" style=\"width: 234.15pt;\" width=\"312\">noir\/blanc\/bleu\/gris\/rose\/vert\/marron\/kaki<\/td>\n<\/tr>\n<tr style=\"height: 18.00pt;\">\n<td class=\"et3\" style=\"height: 18.00pt;\" height=\"24\">Dimension<\/td>\n<td class=\"et5\" style=\"width: 234.15pt;\" width=\"312\">31*31*11<\/td>\n<\/tr>\n<tr style=\"height: 17.25pt;\">\n<td class=\"et3\" style=\"height: 17.25pt;\" height=\"23\">N.W \/SET<\/td>\n<td class=\"et3\">9 KGS\/PCS<\/td>\n<\/tr>\n<tr style=\"height: 17.25pt;\">\n<td class=\"et3\" style=\"height: 17.25pt;\" height=\"23\">MOQ<\/td>\n<td class=\"et3\">20pcs<\/td>\n<\/tr>\n<tr style=\"height: 17.25pt;\">\n<td class=\"et3\" style=\"height: 17.25pt;\" height=\"23\">Option personnalis\u00e9e<\/td>\n<td class=\"et3\">Couleur\/Pattenue\/Taille\/Logo\/Emballage<\/td>\n<\/tr>\n<\/tbody>\n<\/table>","protected":false},"featured_media":8382,"comment_status":"closed","ping_status":"closed","template":"","meta":{"_acf_changed":false},"product_brand":[],"product_cat":[50],"product_tag":[],"class_list":{"0":"post-8380","1":"product","2":"type-product","3":"status-publish","4":"has-post-thumbnail","6":"product_cat-wholesale-countertop-sinks","8":"first","9":"instock","10":"shipping-taxable","11":"product-type-simple"},"acf":[],"_links":{"self":[{"href":"https:\/\/www.ceramicbasin.com\/fr\/wp-json\/wp\/v2\/product\/8380","targetHints":{"allow":["GET"]}}],"collection":[{"href":"https:\/\/www.ceramicbasin.com\/fr\/wp-json\/wp\/v2\/product"}],"about":[{"href":"https:\/\/www.ceramicbasin.com\/fr\/wp-json\/wp\/v2\/types\/product"}],"replies":[{"embeddable":true,"href":"https:\/\/www.ceramicbasin.com\/fr\/wp-json\/wp\/v2\/comments?post=8380"}],"wp:featuredmedia":[{"embeddable":true,"href":"https:\/\/www.ceramicbasin.com\/fr\/wp-json\/wp\/v2\/media\/8382"}],"wp:attachment":[{"href":"https:\/\/www.ceramicbasin.com\/fr\/wp-json\/wp\/v2\/media?parent=8380"}],"wp:term":[{"taxonomy":"product_brand","embeddable":true,"href":"https:\/\/www.ceramicbasin.com\/fr\/wp-json\/wp\/v2\/product_brand?post=8380"},{"taxonomy":"product_cat","embeddable":true,"href":"https:\/\/www.ceramicbasin.com\/fr\/wp-json\/wp\/v2\/product_cat?post=8380"},{"taxonomy":"product_tag","embeddable":true,"href":"https:\/\/www.ceramicbasin.com\/fr\/wp-json\/wp\/v2\/product_tag?post=8380"}],"curies":[{"name":"wp","href":"https:\/\/api.w.org\/{rel}","templated":true}]}}