{"id":8395,"date":"2025-11-06T02:37:26","date_gmt":"2025-11-06T02:37:26","guid":{"rendered":"https:\/\/www.ceramicbasin.com\/?post_type=product&#038;p=8395"},"modified":"2025-11-07T01:22:21","modified_gmt":"2025-11-07T01:22:21","slug":"wholesale-round-lavatory-sink","status":"publish","type":"product","link":"https:\/\/www.ceramicbasin.com\/fr\/produit\/wholesale-round-lavatory-sink\/","title":{"rendered":"Modern Wholesale Round Lavatory Sink for Bathroom and Hotel (Lavabo rond moderne en gros pour la salle de bains et l'h\u00f4tel)"},"content":{"rendered":"<div class=\"wp-block-columns is-layout-flex wp-container-core-columns-is-layout-9d6595d7 wp-block-columns-is-layout-flex\">\n<div class=\"wp-block-column is-layout-flow wp-block-column-is-layout-flow\">\n<h2 class=\"wp-block-heading\">Premium Europe Wholesale Round Lavatory Sink Caract\u00e9ristiques :<\/h2>\n\n\n\n<ul class=\"wp-block-list\">\n<li><strong>Conception noble : <\/strong>Les lavabos de comptoir pr\u00e9sentent une forme ronde. Pour le design int\u00e9rieur, il s'agit d'une texture exquise de coupe de briques, qui rompt avec le mur int\u00e9rieur lisse traditionnel et ajoute une hi\u00e9rarchie visuelle unique pour le rendre beaucoup plus \u00e9l\u00e9gant et luxueux.<\/li>\n\n\n\n<li><strong>Gla\u00e7age :<\/strong> Un traitement de gla\u00e7age \u00e0 haute temp\u00e9rature est effectu\u00e9 sur la surface de cet \u00e9vier de lavabo rond en gros pour garantir un toucher lisse, un nettoyage facile et d'excellentes performances anti-salissures et antisalissures. Le gla\u00e7age lisse r\u00e9duit l'accumulation des taches d'eau et de la salet\u00e9 ; il peut conserver son \u00e9clat pendant longtemps, m\u00eame en cas d'utilisation fr\u00e9quente.<\/li>\n\n\n\n<li><strong>Couleurs : <\/strong>Ces lavabos ronds en gros offrent diff\u00e9rents types de couleurs, qui peuvent facilement s'adapter aux diff\u00e9rents th\u00e8mes de la conception de la salle de bains. Qu'il s'agisse d'un style simple et moderne ou d'un style r\u00e9tro et classique, il peut \u00eatre parfaitement int\u00e9gr\u00e9 gr\u00e2ce \u00e0 des couleurs personnalis\u00e9es.<\/li>\n\n\n\n<li><strong>Durable : <\/strong>Nos \u00e9viers de comptoir en c\u00e9ramique sont fabriqu\u00e9s en c\u00e9ramique de haute qualit\u00e9. Ils ont une structure solide et une r\u00e9sistance exceptionnelle aux rayures et aux fissures. Nos \u00e9viers en c\u00e9ramique sont cuits \u00e0 haute temp\u00e9rature, ce qui leur conf\u00e8re une plus grande durabilit\u00e9 et une meilleure r\u00e9sistance aux d\u00e9formations lors d'une utilisation quotidienne. Ils r\u00e9sistent \u00e0 diff\u00e9rents types de d\u00e9fis dans l'utilisation quotidienne, et ils serviront une grande vari\u00e9t\u00e9 d'objectifs dans la d\u00e9coration commerciale et domestique.<\/li>\n<\/ul>\n<\/div>\n\n\n\n<div class=\"wp-block-column is-layout-flow wp-block-column-is-layout-flow\">\n<figure class=\"wp-block-image size-full\"><img fetchpriority=\"high\" decoding=\"async\" width=\"550\" height=\"900\" src=\"https:\/\/www.ceramicbasin.com\/wp-content\/uploads\/2025\/11\/modern-wholesale-round-lavatory-sink-for-bathroom-and-hotel-6.webp\" alt=\"modern-wholesale-round-lavatory-sink-for-bathroom-and-hotel-6\" class=\"wp-image-8410\" srcset=\"https:\/\/www.ceramicbasin.com\/wp-content\/uploads\/2025\/11\/modern-wholesale-round-lavatory-sink-for-bathroom-and-hotel-6.webp 550w, https:\/\/www.ceramicbasin.com\/wp-content\/uploads\/2025\/11\/modern-wholesale-round-lavatory-sink-for-bathroom-and-hotel-6-183x300.webp 183w, https:\/\/www.ceramicbasin.com\/wp-content\/uploads\/2025\/11\/modern-wholesale-round-lavatory-sink-for-bathroom-and-hotel-6-7x12.webp 7w, https:\/\/www.ceramicbasin.com\/wp-content\/uploads\/2025\/11\/modern-wholesale-round-lavatory-sink-for-bathroom-and-hotel-6-285x466.webp 285w, https:\/\/www.ceramicbasin.com\/wp-content\/uploads\/2025\/11\/modern-wholesale-round-lavatory-sink-for-bathroom-and-hotel-6-403x660.webp 403w, https:\/\/www.ceramicbasin.com\/wp-content\/uploads\/2025\/11\/modern-wholesale-round-lavatory-sink-for-bathroom-and-hotel-6-92x150.webp 92w\" sizes=\"(max-width: 550px) 100vw, 550px\" \/><\/figure>\n<\/div>\n<\/div>\n\n\n\n<p><\/p>","protected":false},"excerpt":{"rendered":"<p>Nous vous invitons \u00e0 vous renseigner sur nos lavabos ronds en gros. Cette vasque en c\u00e9ramique de style europ\u00e9en pr\u00e9sente un design \u00e9pur\u00e9 et minimaliste qui convient parfaitement aux salles de bains modernes et aux h\u00f4tels. Il est fabriqu\u00e9 en c\u00e9ramique durable et brillante, avec une finition lisse qui facilite le nettoyage. Ces lavabos sont id\u00e9aux pour les projets de salles de bains en gros et sur mesure.<\/p>\n<table style=\"border-collapse: collapse; width: 311.02pt;\" border=\"0\" width=\"311\" cellspacing=\"0\" cellpadding=\"0\">\n<tbody>\n<tr style=\"height: 17.60pt;\">\n<td class=\"et3\" style=\"height: 17.60pt; width: 108.35pt;\" width=\"108\" height=\"17\">Fabricant<\/td>\n<td class=\"et3\" style=\"width: 202.95pt;\" width=\"202\">HanYu<\/td>\n<\/tr>\n<tr style=\"height: 17.60pt;\">\n<td class=\"et3\" style=\"height: 17.60pt;\" height=\"17\">Num\u00e9ro de mod\u00e8le.<\/td>\n<td class=\"et4\">HY-8257<\/td>\n<\/tr>\n<tr style=\"height: 18.00pt;\">\n<td class=\"et3\" style=\"height: 18.00pt;\" height=\"18\">Type<\/td>\n<td class=\"et5\" style=\"width: 202.95pt;\" width=\"202\">Bassin de comptoir<\/td>\n<\/tr>\n<tr style=\"height: 17.60pt;\">\n<td class=\"et3\" style=\"height: 17.60pt;\" height=\"17\">Forme<\/td>\n<td class=\"et3\">Forme ronde<\/td>\n<\/tr>\n<tr style=\"height: 18.00pt;\">\n<td class=\"et4\" style=\"height: 18.00pt;\" height=\"18\">Couleur<\/td>\n<td class=\"et5\" style=\"width: 202.95pt;\" width=\"202\">Blanc<\/td>\n<\/tr>\n<tr style=\"height: 18.00pt;\">\n<td class=\"et3\" style=\"height: 18.00pt;\" height=\"18\">Dimension<\/td>\n<td class=\"et5\" style=\"width: 202.95pt;\" width=\"202\">38*38*15.5<\/td>\n<\/tr>\n<tr style=\"height: 17.60pt;\">\n<td class=\"et3\" style=\"height: 17.60pt;\" height=\"17\">N.W \/SET<\/td>\n<td class=\"et3\">10 KGS\/PCS<\/td>\n<\/tr>\n<tr style=\"height: 17.60pt;\">\n<td class=\"et3\" style=\"height: 17.60pt;\" height=\"17\">MOQ<\/td>\n<td class=\"et3\">20pcs<\/td>\n<\/tr>\n<tr style=\"height: 17.60pt;\">\n<td class=\"et3\" style=\"height: 17.60pt;\" height=\"17\">Option personnalis\u00e9e<\/td>\n<td class=\"et3\">Couleur\/Pattenue\/Taille\/Logo\/Emballage<\/td>\n<\/tr>\n<\/tbody>\n<\/table>","protected":false},"featured_media":8405,"comment_status":"closed","ping_status":"closed","template":"","meta":{"_acf_changed":false},"product_brand":[],"product_cat":[50],"product_tag":[],"class_list":{"0":"post-8395","1":"product","2":"type-product","3":"status-publish","4":"has-post-thumbnail","6":"product_cat-wholesale-countertop-sinks","8":"first","9":"instock","10":"shipping-taxable","11":"product-type-simple"},"acf":[],"_links":{"self":[{"href":"https:\/\/www.ceramicbasin.com\/fr\/wp-json\/wp\/v2\/product\/8395","targetHints":{"allow":["GET"]}}],"collection":[{"href":"https:\/\/www.ceramicbasin.com\/fr\/wp-json\/wp\/v2\/product"}],"about":[{"href":"https:\/\/www.ceramicbasin.com\/fr\/wp-json\/wp\/v2\/types\/product"}],"replies":[{"embeddable":true,"href":"https:\/\/www.ceramicbasin.com\/fr\/wp-json\/wp\/v2\/comments?post=8395"}],"wp:featuredmedia":[{"embeddable":true,"href":"https:\/\/www.ceramicbasin.com\/fr\/wp-json\/wp\/v2\/media\/8405"}],"wp:attachment":[{"href":"https:\/\/www.ceramicbasin.com\/fr\/wp-json\/wp\/v2\/media?parent=8395"}],"wp:term":[{"taxonomy":"product_brand","embeddable":true,"href":"https:\/\/www.ceramicbasin.com\/fr\/wp-json\/wp\/v2\/product_brand?post=8395"},{"taxonomy":"product_cat","embeddable":true,"href":"https:\/\/www.ceramicbasin.com\/fr\/wp-json\/wp\/v2\/product_cat?post=8395"},{"taxonomy":"product_tag","embeddable":true,"href":"https:\/\/www.ceramicbasin.com\/fr\/wp-json\/wp\/v2\/product_tag?post=8395"}],"curies":[{"name":"wp","href":"https:\/\/api.w.org\/{rel}","templated":true}]}}