{"id":8521,"date":"2025-11-15T09:19:53","date_gmt":"2025-11-15T09:19:53","guid":{"rendered":"https:\/\/www.ceramicbasin.com\/?post_type=product&#038;p=8521"},"modified":"2025-11-15T09:19:56","modified_gmt":"2025-11-15T09:19:56","slug":"wholesale-rectangle-basins","status":"publish","type":"product","link":"https:\/\/www.ceramicbasin.com\/fr\/produit\/wholesale-rectangle-basins\/","title":{"rendered":"Factory Wholesale Rectangle Basins, Porcelain Bathroom Sinks (lavabos en porcelaine)"},"content":{"rendered":"<div class=\"wp-block-columns is-layout-flex wp-container-core-columns-is-layout-9d6595d7 wp-block-columns-is-layout-flex\">\n<div class=\"wp-block-column is-layout-flow wp-block-column-is-layout-flow\">\n<h2 class=\"wp-block-heading\">Bassins rectangulaires Premium Wholesale Caract\u00e9ristiques :<\/h2>\n\n\n\n<ul class=\"wp-block-list\">\n<li><strong>Design rectangulaire contemporain :\u00a0<\/strong>Nos lavabos rectangulaires en gros ont un design rectangulaire simple et \u00e9l\u00e9gant, des lignes douces et un style moderne. Ils s'int\u00e8grent parfaitement \u00e0 tous les styles de d\u00e9coration de la salle de bains, ajoutant \u00e9l\u00e9gance et modernit\u00e9 \u00e0 la salle de bains.<\/li>\n\n\n\n<li><strong>Conception de taille g\u00e9n\u00e9reuse :\u00a0<\/strong>L'\u00e9vier de salle de bain de comptoir factory-direct avec une vasque de taille g\u00e9n\u00e9reuse r\u00e9pond au besoin d'espace d'un lavabo. Il n'est pas seulement pratique, mais il peut aussi am\u00e9liorer la qualit\u00e9 et le confort de la salle de bains. Il convient aux maisons et aux h\u00f4tels de luxe.<\/li>\n\n\n\n<li><strong>Stock en vrac :\u00a0<\/strong>Ces bassins rectangulaires en gros peuvent \u00eatre achet\u00e9s en gros ou dans le cadre de projets, r\u00e9pondant ainsi aux besoins de livraison rapide des d\u00e9taillants, des distributeurs et des clients de projets.<\/li>\n\n\n\n<li><strong>Polyvalent :<\/strong>\u00a0Ces lavabos de comptoir sont adapt\u00e9s aux vanit\u00e9s de salle de bains, aux h\u00f4tels, aux salles de bains commerciales et aux r\u00e9novations r\u00e9sidentielles, offrant \u00e0 la fois esth\u00e9tique et praticit\u00e9.<\/li>\n<\/ul>\n<\/div>\n\n\n\n<div class=\"wp-block-column is-layout-flow wp-block-column-is-layout-flow\">\n<figure class=\"wp-block-image size-full\"><img fetchpriority=\"high\" decoding=\"async\" width=\"645\" height=\"912\" src=\"https:\/\/www.ceramicbasin.com\/wp-content\/uploads\/2025\/11\/Rectangle-shape-ceramic-white-basin-sink-bowl-for-bathroom-5.webp\" alt=\"\" class=\"wp-image-8504\" srcset=\"https:\/\/www.ceramicbasin.com\/wp-content\/uploads\/2025\/11\/Rectangle-shape-ceramic-white-basin-sink-bowl-for-bathroom-5.webp 645w, https:\/\/www.ceramicbasin.com\/wp-content\/uploads\/2025\/11\/Rectangle-shape-ceramic-white-basin-sink-bowl-for-bathroom-5-212x300.webp 212w, https:\/\/www.ceramicbasin.com\/wp-content\/uploads\/2025\/11\/Rectangle-shape-ceramic-white-basin-sink-bowl-for-bathroom-5-8x12.webp 8w, https:\/\/www.ceramicbasin.com\/wp-content\/uploads\/2025\/11\/Rectangle-shape-ceramic-white-basin-sink-bowl-for-bathroom-5-285x403.webp 285w, https:\/\/www.ceramicbasin.com\/wp-content\/uploads\/2025\/11\/Rectangle-shape-ceramic-white-basin-sink-bowl-for-bathroom-5-467x660.webp 467w, https:\/\/www.ceramicbasin.com\/wp-content\/uploads\/2025\/11\/Rectangle-shape-ceramic-white-basin-sink-bowl-for-bathroom-5-106x150.webp 106w\" sizes=\"(max-width: 645px) 100vw, 645px\" \/><\/figure>\n<\/div>\n<\/div>","protected":false},"excerpt":{"rendered":"<p>Bienvenue pour commander en gros des lavabos rectangulaires. Notre lavabo de salle de bain \u00e0 poser en direct d'usine pr\u00e9sente un design rectangulaire simple et \u00e9l\u00e9gant avec des lignes douces et un caract\u00e8re moderne. Il s'int\u00e8gre parfaitement \u00e0 tout style de d\u00e9coration de salle de bain tout en ajoutant de l'\u00e9l\u00e9gance et une touche contemporaine \u00e0 la zone de lavage.<\/p>\n<table style=\"border-collapse: collapse; width: 358.52pt;\" border=\"0\" width=\"478\" cellspacing=\"0\" cellpadding=\"0\">\n<tbody>\n<tr style=\"height: 17.25pt;\">\n<td class=\"et3\" style=\"height: 17.25pt; width: 125.00pt;\" width=\"166\" height=\"23\">Fabricant<\/td>\n<td class=\"et3\" style=\"width: 234.15pt;\" width=\"312\">HanYu<\/td>\n<\/tr>\n<tr style=\"height: 17.25pt;\">\n<td class=\"et3\" style=\"height: 17.25pt;\" height=\"23\">Num\u00e9ro de mod\u00e8le.<\/td>\n<td class=\"et4\">HY-8255B<\/td>\n<\/tr>\n<tr style=\"height: 17.25pt;\">\n<td class=\"et3\" style=\"height: 17.25pt;\" height=\"23\">Type<\/td>\n<td class=\"et5\" style=\"width: 234.15pt;\" width=\"312\">Eviers de comptoir<\/td>\n<\/tr>\n<tr style=\"height: 18.00pt;\">\n<td class=\"et3\" style=\"height: 18.00pt;\" height=\"24\">Forme<\/td>\n<td class=\"et3\">Forme rectangulaire<\/td>\n<\/tr>\n<tr style=\"height: 34.50pt;\">\n<td class=\"et4\" style=\"height: 34.50pt;\" height=\"46\">Couleur<\/td>\n<td class=\"et5\" style=\"width: 234.15pt;\" width=\"312\">noir\/blanc\/bleu\/gris\/rose\/vert\/marron\/kaki<\/td>\n<\/tr>\n<tr style=\"height: 18.00pt;\">\n<td class=\"et3\" style=\"height: 18.00pt;\" height=\"24\">Dimension<\/td>\n<td class=\"et5\" style=\"width: 234.15pt;\" width=\"312\">75*45*14<\/td>\n<\/tr>\n<tr style=\"height: 17.25pt;\">\n<td class=\"et3\" style=\"height: 17.25pt;\" height=\"23\">N.W \/SET<\/td>\n<td class=\"et3\">18KGS\/PCS<\/td>\n<\/tr>\n<tr style=\"height: 17.25pt;\">\n<td class=\"et3\" style=\"height: 17.25pt;\" height=\"23\">MOQ<\/td>\n<td class=\"et3\">20pcs<\/td>\n<\/tr>\n<tr style=\"height: 17.25pt;\">\n<td class=\"et3\" style=\"height: 17.25pt;\" height=\"23\">Option personnalis\u00e9e<\/td>\n<td class=\"et3\">Couleur\/Pattenue\/Taille\/Logo\/Emballage<\/td>\n<\/tr>\n<\/tbody>\n<\/table>","protected":false},"featured_media":8500,"comment_status":"closed","ping_status":"closed","template":"","meta":{"_acf_changed":false},"product_brand":[],"product_cat":[50],"product_tag":[],"class_list":{"0":"post-8521","1":"product","2":"type-product","3":"status-publish","4":"has-post-thumbnail","6":"product_cat-wholesale-countertop-sinks","8":"first","9":"instock","10":"shipping-taxable","11":"product-type-simple"},"acf":[],"_links":{"self":[{"href":"https:\/\/www.ceramicbasin.com\/fr\/wp-json\/wp\/v2\/product\/8521","targetHints":{"allow":["GET"]}}],"collection":[{"href":"https:\/\/www.ceramicbasin.com\/fr\/wp-json\/wp\/v2\/product"}],"about":[{"href":"https:\/\/www.ceramicbasin.com\/fr\/wp-json\/wp\/v2\/types\/product"}],"replies":[{"embeddable":true,"href":"https:\/\/www.ceramicbasin.com\/fr\/wp-json\/wp\/v2\/comments?post=8521"}],"wp:featuredmedia":[{"embeddable":true,"href":"https:\/\/www.ceramicbasin.com\/fr\/wp-json\/wp\/v2\/media\/8500"}],"wp:attachment":[{"href":"https:\/\/www.ceramicbasin.com\/fr\/wp-json\/wp\/v2\/media?parent=8521"}],"wp:term":[{"taxonomy":"product_brand","embeddable":true,"href":"https:\/\/www.ceramicbasin.com\/fr\/wp-json\/wp\/v2\/product_brand?post=8521"},{"taxonomy":"product_cat","embeddable":true,"href":"https:\/\/www.ceramicbasin.com\/fr\/wp-json\/wp\/v2\/product_cat?post=8521"},{"taxonomy":"product_tag","embeddable":true,"href":"https:\/\/www.ceramicbasin.com\/fr\/wp-json\/wp\/v2\/product_tag?post=8521"}],"curies":[{"name":"wp","href":"https:\/\/api.w.org\/{rel}","templated":true}]}}