{"id":8527,"date":"2025-11-18T06:59:35","date_gmt":"2025-11-18T06:59:35","guid":{"rendered":"https:\/\/www.ceramicbasin.com\/?post_type=product&#038;p=8527"},"modified":"2025-11-20T07:47:49","modified_gmt":"2025-11-20T07:47:49","slug":"wholesale-wall-mounted-wash-basin","status":"publish","type":"product","link":"https:\/\/www.ceramicbasin.com\/fr\/produit\/wholesale-wall-mounted-wash-basin\/","title":{"rendered":"Wholesale Wall Mounted Wash Basin, Custom Ceramic sinks (lavabos en c\u00e9ramique sur mesure)"},"content":{"rendered":"<div class=\"wp-block-columns is-layout-flex wp-container-core-columns-is-layout-9d6595d7 wp-block-columns-is-layout-flex\">\n<div class=\"wp-block-column is-layout-flow wp-block-column-is-layout-flow\">\n<h2 class=\"wp-block-heading\">Premium Wholesale Wall Mounted Wash Basin Features :<\/h2>\n\n\n\n<ul class=\"wp-block-list\">\n<li><strong>Conception murale peu encombrante : <\/strong>Ces \u00e9viers en c\u00e9ramique personnalis\u00e9s se montent au mur et peuvent donc \u00eatre utilis\u00e9s dans les petites salles de bains, les toilettes commerciales, les h\u00f4tels et les appartements. La conception murale est facile \u00e0 installer et n'occupe pas d'espace au sol.<\/li>\n\n\n\n<li><strong>Bassin en c\u00e9ramique durable :<\/strong> Ce lavabo mural en gros est fabriqu\u00e9 en c\u00e9ramique cuite \u00e0 haute temp\u00e9rature ; l'\u00e9mail lisse est tr\u00e8s r\u00e9sistant aux taches, aux rayures et \u00e0 l'usure, il est facile \u00e0 nettoyer r\u00e9guli\u00e8rement et restera propre et d'un blanc \u00e9clatant pendant longtemps.<\/li>\n\n\n\n<li><strong>Conception d'installation facile :<\/strong> Ces interfaces standardis\u00e9es de lavabos muraux en gros facilitent l'installation rapide par les \u00e9quipes de construction, am\u00e9liorant ainsi l'efficacit\u00e9 des projets et r\u00e9duisant les co\u00fbts d'entretien. Il convient aux environnements \u00e0 usage fr\u00e9quent tels que les salles de bains r\u00e9sidentielles, les chambres d'h\u00f4tel, les immeubles de bureaux commerciaux, les zones publiques de lavage des mains et les \u00e9coles.<\/li>\n\n\n\n<li><strong>Avantage du prix de gros :<\/strong> En tant que fabricant de lavabos personnalis\u00e9s, HanYu propose des prix de gros tr\u00e8s comp\u00e9titifs, et les achats en gros b\u00e9n\u00e9ficient de remises plus importantes, faisant des accessoires de salle de bain de haute qualit\u00e9 votre choix id\u00e9al sous contr\u00f4le des co\u00fbts.<\/li>\n<\/ul>\n<\/div>\n\n\n\n<div class=\"wp-block-column is-layout-flow wp-block-column-is-layout-flow\">\n<figure class=\"wp-block-image size-full\"><img fetchpriority=\"high\" decoding=\"async\" width=\"800\" height=\"800\" src=\"https:\/\/www.ceramicbasin.com\/wp-content\/uploads\/2025\/11\/wholesale-wall-mounted-wash-basin-custom-ceramic-sinks-6.webp\" alt=\"wholesale-wall-mounted-wash-basin-customeramic-sinks-6\" class=\"wp-image-8561\" srcset=\"https:\/\/www.ceramicbasin.com\/wp-content\/uploads\/2025\/11\/wholesale-wall-mounted-wash-basin-custom-ceramic-sinks-6.webp 800w, https:\/\/www.ceramicbasin.com\/wp-content\/uploads\/2025\/11\/wholesale-wall-mounted-wash-basin-custom-ceramic-sinks-6-300x300.webp 300w, https:\/\/www.ceramicbasin.com\/wp-content\/uploads\/2025\/11\/wholesale-wall-mounted-wash-basin-custom-ceramic-sinks-6-150x150.webp 150w, https:\/\/www.ceramicbasin.com\/wp-content\/uploads\/2025\/11\/wholesale-wall-mounted-wash-basin-custom-ceramic-sinks-6-768x768.webp 768w, https:\/\/www.ceramicbasin.com\/wp-content\/uploads\/2025\/11\/wholesale-wall-mounted-wash-basin-custom-ceramic-sinks-6-12x12.webp 12w, https:\/\/www.ceramicbasin.com\/wp-content\/uploads\/2025\/11\/wholesale-wall-mounted-wash-basin-custom-ceramic-sinks-6-285x285.webp 285w, https:\/\/www.ceramicbasin.com\/wp-content\/uploads\/2025\/11\/wholesale-wall-mounted-wash-basin-custom-ceramic-sinks-6-270x270.webp 270w, https:\/\/www.ceramicbasin.com\/wp-content\/uploads\/2025\/11\/wholesale-wall-mounted-wash-basin-custom-ceramic-sinks-6-540x540.webp 540w, https:\/\/www.ceramicbasin.com\/wp-content\/uploads\/2025\/11\/wholesale-wall-mounted-wash-basin-custom-ceramic-sinks-6-660x660.webp 660w\" sizes=\"(max-width: 800px) 100vw, 800px\" \/><\/figure>\n<\/div>\n<\/div>","protected":false},"excerpt":{"rendered":"<p>Nous vous invitons \u00e0 acheter notre lavabo mural avec un support en aluminium durable, pour une performance stable et une utilisation durable tout en \u00e9conomisant de l'espace. La c\u00e9ramique \u00e9maill\u00e9e de haute qualit\u00e9, le support en aluminium r\u00e9sistant \u00e0 la corrosion et l'aspect propre et moderne font de ce lavabo une solution id\u00e9ale pour les salles de bains r\u00e9sidentielles, les h\u00f4tels, les salles de bains commerciales et les r\u00e9novations. Cette vasque est disponible pour les commandes en gros, les OEM et les ODM.<\/p>\n<table border=\"0\" width=\"478\" cellspacing=\"0\" cellpadding=\"0\">\n<tbody>\n<tr>\n<td width=\"166\" height=\"23\">Fabricant<\/td>\n<td width=\"312\">HanYu<\/td>\n<\/tr>\n<tr>\n<td height=\"23\">Num\u00e9ro de mod\u00e8le.<\/td>\n<td>HY-3115<\/td>\n<\/tr>\n<tr>\n<td height=\"23\">Type<\/td>\n<td width=\"312\">Eviers suspendus<\/td>\n<\/tr>\n<tr>\n<td height=\"24\">Forme<\/td>\n<td>Forme rectangulaire<\/td>\n<\/tr>\n<tr>\n<td height=\"46\">Couleur<\/td>\n<td width=\"312\">noir\/blanc\/bleu\/gris\/rose\/vert\/marron\/kaki<\/td>\n<\/tr>\n<tr>\n<td height=\"24\">Dimension<\/td>\n<td width=\"312\">50.5*41*20.5<\/td>\n<\/tr>\n<tr>\n<td height=\"23\">N.W \/SET<\/td>\n<td>15KGS\/PCS<\/td>\n<\/tr>\n<tr>\n<td height=\"23\">MOQ<\/td>\n<td>20pcs<\/td>\n<\/tr>\n<tr>\n<td height=\"23\">Option personnalis\u00e9e<\/td>\n<td>Couleur\/Pattenue\/Taille\/Logo\/Emballage<\/td>\n<\/tr>\n<\/tbody>\n<\/table>","protected":false},"featured_media":8559,"comment_status":"closed","ping_status":"closed","template":"","meta":{"_acf_changed":false},"product_brand":[],"product_cat":[57],"product_tag":[],"class_list":{"0":"post-8527","1":"product","2":"type-product","3":"status-publish","4":"has-post-thumbnail","6":"product_cat-wholesale-wall-mounted-sinks","8":"first","9":"instock","10":"shipping-taxable","11":"product-type-simple"},"acf":[],"_links":{"self":[{"href":"https:\/\/www.ceramicbasin.com\/fr\/wp-json\/wp\/v2\/product\/8527","targetHints":{"allow":["GET"]}}],"collection":[{"href":"https:\/\/www.ceramicbasin.com\/fr\/wp-json\/wp\/v2\/product"}],"about":[{"href":"https:\/\/www.ceramicbasin.com\/fr\/wp-json\/wp\/v2\/types\/product"}],"replies":[{"embeddable":true,"href":"https:\/\/www.ceramicbasin.com\/fr\/wp-json\/wp\/v2\/comments?post=8527"}],"wp:featuredmedia":[{"embeddable":true,"href":"https:\/\/www.ceramicbasin.com\/fr\/wp-json\/wp\/v2\/media\/8559"}],"wp:attachment":[{"href":"https:\/\/www.ceramicbasin.com\/fr\/wp-json\/wp\/v2\/media?parent=8527"}],"wp:term":[{"taxonomy":"product_brand","embeddable":true,"href":"https:\/\/www.ceramicbasin.com\/fr\/wp-json\/wp\/v2\/product_brand?post=8527"},{"taxonomy":"product_cat","embeddable":true,"href":"https:\/\/www.ceramicbasin.com\/fr\/wp-json\/wp\/v2\/product_cat?post=8527"},{"taxonomy":"product_tag","embeddable":true,"href":"https:\/\/www.ceramicbasin.com\/fr\/wp-json\/wp\/v2\/product_tag?post=8527"}],"curies":[{"name":"wp","href":"https:\/\/api.w.org\/{rel}","templated":true}]}}